{"id":19355,"date":"2024-08-23T07:43:38","date_gmt":"2024-08-23T05:43:38","guid":{"rendered":"https:\/\/comunitamagnificat.org\/fraternitate\/"},"modified":"2024-10-24T12:27:33","modified_gmt":"2024-10-24T10:27:33","slug":"fraternitate","status":"publish","type":"page","link":"https:\/\/comunitamagnificat.org\/ro\/fraternitate\/","title":{"rendered":"Fraternitate"},"content":{"rendered":"\n<div style=\"height:30px\" aria-hidden=\"true\" class=\"wp-block-spacer\"><\/div>\n\n<blockquote class=\"wp-block-quote is-layout-flow wp-block-quote-is-layout-flow\">\n<p><em><strong>Mul\u021bimea celor care au crezut era o singur\u0103 inim\u0103 \u0219i un singur suflet<\/strong><\/em><\/p>\n<cite><em>Faptele Apostolilor<\/em> 4:32<\/cite><\/blockquote>\n\n<div style=\"height:30px\" aria-hidden=\"true\" class=\"wp-block-spacer\"><\/div>\n\n<p>Despre primii cre\u0219tini, cu o expresie foarte simpl\u0103, dar semnificativ\u0103, <em>Faptele Apostolilor<\/em> ne spun <em>c\u0103 \u201eerau \u00eempreun\u0103\u201d<\/em>. Comunitatea Magnificat a experimentat spontan acest lucru \u00eenc\u0103 de la \u00eenceput: dac\u0103 Isus este \u00een centrul pentru to\u021bi, apropierea de El ne apropie inevitabil unii de al\u021bii, \u00eemp\u0103r\u021bim acela\u0219i spa\u021biu \u0219i via\u021ba devine comun\u0103; suflarea Duhului formeaz\u0103 \u0219i anim\u0103 apoi Comunitatea. <\/p>\n\n<div style=\"height:30px\" aria-hidden=\"true\" class=\"wp-block-spacer\"><\/div>\n\n<p>Forma pe care a luat-o via\u021ba comunitar\u0103 se concretizeaz\u0103 \u00een <strong>Fraternit\u0103\u021bi<\/strong> de persoane, care tr\u0103iesc \u00eentr-un teritoriu nu este prea vast. \u00centinderea poate corespunde unei parohii, unui ora\u0219 sau unei comune; mai ales \u00een primele momente c\u00e2nd se formeaz\u0103 o Fraternitate, zona din care provin persoanele poate fi chiar mai mare. <\/p>\n\n<div style=\"height:30px\" aria-hidden=\"true\" class=\"wp-block-spacer\"><\/div>\n\n<p>Pentru ca o Fraternitate s\u0103 existe, trebuie s\u0103 fie cel pu\u021bin trei alia\u021bi care au posibilitatea concret\u0103 de a se frecventa asiduu \u0219i de a-\u0219i comunica reciproc experien\u021ba lui Dumnezeu.<\/p>\n\n<div style=\"height:30px\" aria-hidden=\"true\" class=\"wp-block-spacer\"><\/div>\n\n<p>Experien\u021ba comunitar\u0103 \u00eentr-o Fraternitate are anumite elemente indispensabile care o caracterizeaz\u0103:<\/p>\n\n<div style=\"height:30px\" aria-hidden=\"true\" class=\"wp-block-spacer\"><\/div>\n\n<p><strong><em>\u00eent\u00e2lnirea s\u0103pt\u0103m\u00e2nal\u0103 de rug\u0103ciune a comunitar\u0103 carismatic\u0103<\/em><\/strong>;<br\/><em><strong>drumul de cre\u0219tere<\/strong><\/em>;<br\/><strong><em>participarea \u00eempreun\u0103 la Sf\u00e2nta Liturghie \u0219i la Adora\u021bia euharistic\u0103<\/em><\/strong>;<br\/><strong><em>zile comunitare \u0219i seminarii<\/em><\/strong>; <em><strong>evanghelizare<\/strong><\/em>;<br\/><strong><em>slujire<\/em><\/strong>.<\/p>\n\n<div style=\"height:30px\" aria-hidden=\"true\" class=\"wp-block-spacer\"><\/div>\n\n<div class=\"wp-block-columns is-layout-flex wp-container-core-columns-is-layout-9d6595d7 wp-block-columns-is-layout-flex\">\n<div class=\"wp-block-column is-layout-flow wp-block-column-is-layout-flow\"><\/div>\n\n\n\n<div class=\"wp-block-column is-layout-flow wp-block-column-is-layout-flow\">\n<figure class=\"wp-block-image size-large\"><picture data-lightbox=\"https:\/\/comunitamagnificat.org\/wp-content\/uploads\/2021\/04\/Gaudenzio-Ferrari-Il-concerto-degli-angeli-Santuario-di-Santa-Maria-delle-Grazie-Saronno-Milano.jpg\"><source type='image\/jpeg' srcset='https:\/\/comunitamagnificat.org\/wp-content\/uploads\/2021\/04\/Gaudenzio-Ferrari-Il-concerto-degli-angeli-Santuario-di-Santa-Maria-delle-Grazie-Saronno-Milano.jpg 1024w, https:\/\/comunitamagnificat.org\/wp-content\/uploads\/2021\/04\/Gaudenzio-Ferrari-Il-concerto-degli-angeli-Santuario-di-Santa-Maria-delle-Grazie-Saronno-Milano-300x200.jpg 300w, https:\/\/comunitamagnificat.org\/wp-content\/uploads\/2021\/04\/Gaudenzio-Ferrari-Il-concerto-degli-angeli-Santuario-di-Santa-Maria-delle-Grazie-Saronno-Milano-768x512.jpg 768w' sizes='(max-width: 1024px) 100vw, 1024px' \/><img loading=\"lazy\" decoding=\"async\" width=\"1024\" height=\"683\" src=\"https:\/\/comunitamagnificat.org\/wp-content\/uploads\/2021\/04\/Gaudenzio-Ferrari-Il-concerto-degli-angeli-Santuario-di-Santa-Maria-delle-Grazie-Saronno-Milano.jpg\" alt=\"\" class=\"wp-image-646\"\/><\/picture><\/figure>\n<\/div>\n\n\n\n<div class=\"wp-block-column is-layout-flow wp-block-column-is-layout-flow\"><\/div>\n<\/div>\n\n<p><strong>\u00cent\u00e2lnire s\u0103pt\u0103m\u00e2nal\u0103 de rug\u0103ciune a comunit\u0103\u021bii carismatice<\/strong><\/p>\n\n<p>Acesta este centrul: petrecerea unui timp comunitar \u00een prezen\u021ba lui Dumnezeu pentru a-L l\u0103uda, a-L adora, a-i asculta Cuv\u00e2ntul, a r\u0103spunde \u00eempreun\u0103 invita\u021biilor Sale.<br\/>Este o \u00eent\u00e2lnire deschis\u0103 tuturor \u00een care, \u00een stilul Re\u00eennoirii Carismatice Catolice, se cere Duhului Sf\u00e2nt s\u0103 fie &#8222;regizorul&#8221;: prin urmare, nu exist\u0103 o schem\u0103 prestabilit\u0103, l\u0103s\u00e2ndu-L pe Domnul s\u0103 ac\u021bioneze dup\u0103 cum dore\u0219te \u00een trupul fra\u021bilor \u0219i surorilor aduna\u021bi \u0219i \u00een fiecare dintre ei.<\/p>\n\n<div style=\"height:30px\" aria-hidden=\"true\" class=\"wp-block-spacer\"><\/div>\n\n<p>Aceast\u0103 \u00eent\u00e2lnire este inspirat\u0103 de ceea ce Apostolul Paul descrie \u00een capitolele 12-14 din prima sa scrisoare c\u0103tre Corinteni.<\/p>\n\n<div style=\"height:30px\" aria-hidden=\"true\" class=\"wp-block-spacer\"><\/div>\n\n<p>Cuv\u00e2ntul lui Dumnezeu care caracterizeaz\u0103 \u00eent\u00e2lnirea, primit \u00een simplitate \u0219i citit \u00een succesiune pe parcursul s\u0103pt\u0103m\u00e2nilor, formeaz\u0103 nu de pu\u021bine ori un veritabil \u201ediscurs al lui Dumnezeu\u201d adresat Fraternit\u0103\u021bii, indic\u00e2nd punctul de convertire al comunit\u0103\u021bii sau prioritatea asupra c\u0103reia trebuie s\u0103 se concentreze.<\/p>\n\n<div style=\"height:30px\" aria-hidden=\"true\" class=\"wp-block-spacer\"><\/div>\n\n<p>Experien\u021ba a ar\u0103tat Comunit\u0103\u021bii cum \u00een astfel de \u00eent\u00e2lniri Domnul se las\u0103 \u00eent\u00e2lnit, mai ales de c\u0103tre cei care particip\u0103 pentru prima dat\u0103, sim\u021bind prezen\u021ba vie a lui Dumnezeu care vorbe\u0219te \u0219i ac\u021bioneaza \u00een acea adunare.<\/p>\n\n<div style=\"height:30px\" aria-hidden=\"true\" class=\"wp-block-spacer\"><\/div>\n\n<div class=\"wp-block-columns is-layout-flex wp-container-core-columns-is-layout-9d6595d7 wp-block-columns-is-layout-flex\">\n<div class=\"wp-block-column is-layout-flow wp-block-column-is-layout-flow\"><\/div>\n\n\n\n<div class=\"wp-block-column is-layout-flow wp-block-column-is-layout-flow\">\n<figure class=\"wp-block-image size-large\"><picture data-lightbox=\"https:\/\/comunitamagnificat.org\/wp-content\/uploads\/2021\/04\/Cammino-1.jpg\"><source type='image\/jpeg' srcset='https:\/\/comunitamagnificat.org\/wp-content\/uploads\/2021\/04\/Cammino-1.jpg 1267w, https:\/\/comunitamagnificat.org\/wp-content\/uploads\/2021\/04\/Cammino-1-300x225.jpg 300w, https:\/\/comunitamagnificat.org\/wp-content\/uploads\/2021\/04\/Cammino-1-1024x768.jpg 1024w, https:\/\/comunitamagnificat.org\/wp-content\/uploads\/2021\/04\/Cammino-1-768x576.jpg 768w' sizes='(max-width: 1267px) 100vw, 1267px' \/><img loading=\"lazy\" decoding=\"async\" width=\"1024\" height=\"768\" src=\"https:\/\/comunitamagnificat.org\/wp-content\/uploads\/2021\/04\/Cammino-1-1024x768.jpg\" alt=\"\" class=\"wp-image-1283\"\/><\/picture><\/figure>\n<\/div>\n\n\n\n<div class=\"wp-block-column is-layout-flow wp-block-column-is-layout-flow\"><\/div>\n<\/div>\n\n<p><strong>Drumul de cre\u0219tere<\/strong><\/p>\n\n<p>Drumul de cre\u0219tere este un parcurs anual, marcat de \u00eenv\u0103\u021b\u0103turi preg\u0103tite de Responsabilii generali, care privesc aprofundarea Cuv\u00e2ntului lui Dumnezeu \u0219i care vizeaz\u0103 cre\u0219terea \u00een via\u021ba personal\u0103 \u0219i comunitar\u0103. Drumul de cre\u0219tere se articuleaz\u0103 \u00een \u00eent\u00e2lniri periodice tr\u0103ite fie de \u00eentreaga Fraternitate reunit\u0103, fie \u00een grupuri mai mici, numite Cenacole, formate din maximum opt fra\u021bi \u0219i surori. <\/p>\n\n<div style=\"height:30px\" aria-hidden=\"true\" class=\"wp-block-spacer\"><\/div>\n\n<p>\u00cen cadrul \u00eent\u00e2lnirilor drumului, tema anual\u0103 este aprofundat\u0103 prin schimbul de reflec\u021bii asupra Cuv\u00e2ntului lui Dumnezeu \u0219i reviziunea de via\u021ba, \u00eencuraj\u00e2ndu-se reciproc pe calea convertirii.<\/p>\n\n<div style=\"height:30px\" aria-hidden=\"true\" class=\"wp-block-spacer\"><\/div>\n\n<p>\u00cen astfel de \u00eent\u00e2lniri, mai ales \u00een cele mai restr\u00e2nse, se cre\u0219te \u00een cunoa\u0219terea reciproc\u0103 \u0219i \u00een \u00eencredere, deschiz\u00e2ndu-se \u2013 \u00een confiden\u021bialitate, pe care fiecare membru promite s\u0103 o respecte, cu privire la ceea ce este \u00eencredin\u021bat acolo \u2013 pentru a se l\u0103sa cunoscut din ce \u00een ce mai bine, p\u00e2n\u0103 c\u00e2nd se devine cu adev\u0103rat <em>o inim\u0103 \u0219i un suflet<\/em>, <em>pun\u00e2nd totul \u00een comun<\/em>.<\/p>\n\n<div style=\"height:30px\" aria-hidden=\"true\" class=\"wp-block-spacer\"><\/div>\n\n<p>Pe l\u00e2ng\u0103 \u00eent\u00e2lnirile organizate, membrii Comunit\u0103\u021bii, \u00een func\u021bie de posibilit\u0103\u021bi, caut\u0103 \u00een via\u021ba de zi cu zi alte ocazii de a fraterniza \u0219i de a face via\u021ba comunitar\u0103 mai vesel\u0103, pentru a \u00eenv\u0103\u021ba s\u0103 primeasc\u0103 fiecare persoan\u0103 ca pe o piatr\u0103 vie \u0219i o locuin\u021b\u0103 a lui Cristos.<\/p>\n\n<div style=\"height:30px\" aria-hidden=\"true\" class=\"wp-block-spacer\"><\/div>\n\n<div class=\"wp-block-columns is-layout-flex wp-container-core-columns-is-layout-9d6595d7 wp-block-columns-is-layout-flex\">\n<div class=\"wp-block-column is-layout-flow wp-block-column-is-layout-flow\"><\/div>\n\n\n\n<div class=\"wp-block-column is-layout-flow wp-block-column-is-layout-flow\">\n<figure class=\"wp-block-image size-large\"><picture data-lightbox=\"https:\/\/comunitamagnificat.org\/wp-content\/uploads\/2021\/04\/Messa-scaled.jpg\"><source type='image\/jpeg' srcset='https:\/\/comunitamagnificat.org\/wp-content\/uploads\/2021\/04\/Messa-scaled.jpg 2560w, https:\/\/comunitamagnificat.org\/wp-content\/uploads\/2021\/04\/Messa-300x199.jpg 300w, https:\/\/comunitamagnificat.org\/wp-content\/uploads\/2021\/04\/Messa-1024x681.jpg 1024w, https:\/\/comunitamagnificat.org\/wp-content\/uploads\/2021\/04\/Messa-768x511.jpg 768w, https:\/\/comunitamagnificat.org\/wp-content\/uploads\/2021\/04\/Messa-1536x1021.jpg 1536w, https:\/\/comunitamagnificat.org\/wp-content\/uploads\/2021\/04\/Messa-2048x1362.jpg 2048w' sizes='(max-width: 2560px) 100vw, 2560px' \/><img loading=\"lazy\" decoding=\"async\" width=\"1024\" height=\"681\" src=\"https:\/\/comunitamagnificat.org\/wp-content\/uploads\/2021\/04\/Messa-1024x681.jpg\" alt=\"\" class=\"wp-image-1286\"\/><\/picture><\/figure>\n<\/div>\n\n\n\n<div class=\"wp-block-column is-layout-flow wp-block-column-is-layout-flow\"><\/div>\n<\/div>\n\n<p><strong>Participarea \u00eempreun\u0103 la Sf\u00e2nta Liturghie \u0219i la adora\u021bia euharistic\u0103<\/strong><\/p>\n\n<p>Cei care formeaz\u0103 o Fraternitate \u0219tiu c\u0103 \u00ee\u0219i pot construi via\u021ba personal\u0103 \u0219i comunitar\u0103 <em>cu Isus<\/em> \u0219i <em>pe Isus<\/em>, a\u0219a c\u0103 particip\u0103 zilnic la Liturghie \u0219i, cel pu\u021bin o dat\u0103 pe s\u0103pt\u0103m\u00e2n\u0103, la adora\u021bie euharistic\u0103.<\/p>\n\n<div style=\"height:30px\" aria-hidden=\"true\" class=\"wp-block-spacer\"><\/div>\n\n<p>Atunci c\u00e2nd acest lucru este posibil, datorit\u0103 locului \u00een care se afl\u0103, ei \u00eencearc\u0103 s\u0103 tr\u0103iasc\u0103 aceste dou\u0103 momente nu ca \u201edevo\u021biuni\u201d personale, ci cu con\u0219tiin\u021ba faptului c\u0103 fac parte dintr-un trup mai mare, cel al Fraternit\u0103\u021bii. Prin urmare, ei prefer\u0103 s\u0103 participe la aceea\u0219i Liturghie cu majoritatea fra\u021bilor \u0219i surorilor din Comunitate. <\/p>\n\n<div style=\"height:30px\" aria-hidden=\"true\" class=\"wp-block-spacer\"><\/div>\n\n<p>Fraternitatea \u00eens\u0103\u0219i \u00eencearc\u0103 s\u0103 aib\u0103 propriul s\u0103u timp de adora\u021bie euharistic\u0103 s\u0103pt\u0103m\u00e2nal\u0103, organiz\u00e2ndu-l \u0219i anim\u00e2ndu-l \u00een mod corespunz\u0103tor, deschis tuturor.<\/p>\n\n<div style=\"height:30px\" aria-hidden=\"true\" class=\"wp-block-spacer\"><\/div>\n\n<div class=\"wp-block-columns is-layout-flex wp-container-core-columns-is-layout-9d6595d7 wp-block-columns-is-layout-flex\">\n<div class=\"wp-block-column is-layout-flow wp-block-column-is-layout-flow\"><\/div>\n\n\n\n<div class=\"wp-block-column is-layout-flow wp-block-column-is-layout-flow\">\n<figure class=\"wp-block-image size-large\"><picture data-lightbox=\"https:\/\/comunitamagnificat.org\/wp-content\/uploads\/2021\/04\/Ritiri.jpg\"><source type='image\/jpeg' srcset='https:\/\/comunitamagnificat.org\/wp-content\/uploads\/2021\/04\/Ritiri.jpg 970w, https:\/\/comunitamagnificat.org\/wp-content\/uploads\/2021\/04\/Ritiri-300x111.jpg 300w, https:\/\/comunitamagnificat.org\/wp-content\/uploads\/2021\/04\/Ritiri-768x285.jpg 768w' sizes='(max-width: 970px) 100vw, 970px' \/><img loading=\"lazy\" decoding=\"async\" width=\"970\" height=\"360\" src=\"https:\/\/comunitamagnificat.org\/wp-content\/uploads\/2021\/04\/Ritiri.jpg\" alt=\"\" class=\"wp-image-1287\"\/><\/picture><\/figure>\n<\/div>\n\n\n\n<div class=\"wp-block-column is-layout-flow wp-block-column-is-layout-flow\"><\/div>\n<\/div>\n\n<p><strong>Zile comunitare \u0219i seminarii<\/strong><\/p>\n\n<p>Pentru a promova via\u021ba fratern\u0103 \u0219i primirea, fiecare Fraternitate organizeaz\u0103 frecvent zile comunitare \u0219i, cel pu\u021bin o dat\u0103 pe an, seminarii cu durata de mai multe zile, deschise \u0219i celor care nu sunt membri.<\/p>\n\n<div style=\"height:30px\" aria-hidden=\"true\" class=\"wp-block-spacer\"><\/div>\n\n<p>Cu aceste ocazii participan\u021bii se roag\u0103 \u00eempreun\u0103, ascult\u0103 Cuv\u00e2ntul lui Dumnezeu, celebreaz\u0103 Euharistia, fac \u00eemp\u0103rt\u0103\u0219ire \u0219i m\u00e2n\u00e2nc\u0103 \u00eempreun\u0103, imit\u00e2nd prima comunitate cre\u0219tin\u0103 care persevera \u201e<em>\u00een \u00eenv\u0103\u0163\u0103tura apostolilor \u015fi \u00een comuniunea [fratern\u0103], la fr\u00e2ngerea p\u00e2inii \u015fi la rug\u0103ciune<\/em>\u201d (<em>Fapte<\/em> 2, 42).<\/p>\n\n<div style=\"height:30px\" aria-hidden=\"true\" class=\"wp-block-spacer\"><\/div>\n\n<div class=\"wp-block-columns is-layout-flex wp-container-core-columns-is-layout-9d6595d7 wp-block-columns-is-layout-flex\">\n<div class=\"wp-block-column is-layout-flow wp-block-column-is-layout-flow\"><\/div>\n\n\n\n<div class=\"wp-block-column is-layout-flow wp-block-column-is-layout-flow\">\n<figure class=\"wp-block-image size-large\"><picture data-lightbox=\"https:\/\/comunitamagnificat.org\/wp-content\/uploads\/2021\/04\/Evangelizzazione-scaled.jpg\"><source type='image\/jpeg' srcset='https:\/\/comunitamagnificat.org\/wp-content\/uploads\/2021\/04\/Evangelizzazione-scaled.jpg 2560w, https:\/\/comunitamagnificat.org\/wp-content\/uploads\/2021\/04\/Evangelizzazione-300x169.jpg 300w, https:\/\/comunitamagnificat.org\/wp-content\/uploads\/2021\/04\/Evangelizzazione-1024x576.jpg 1024w, https:\/\/comunitamagnificat.org\/wp-content\/uploads\/2021\/04\/Evangelizzazione-768x432.jpg 768w, https:\/\/comunitamagnificat.org\/wp-content\/uploads\/2021\/04\/Evangelizzazione-1536x864.jpg 1536w, https:\/\/comunitamagnificat.org\/wp-content\/uploads\/2021\/04\/Evangelizzazione-2048x1152.jpg 2048w' sizes='(max-width: 2560px) 100vw, 2560px' \/><img loading=\"lazy\" decoding=\"async\" width=\"1024\" height=\"576\" src=\"https:\/\/comunitamagnificat.org\/wp-content\/uploads\/2021\/04\/Evangelizzazione-1024x576.jpg\" alt=\"\" class=\"wp-image-1288\"\/><\/picture><\/figure>\n<\/div>\n\n\n\n<div class=\"wp-block-column is-layout-flow wp-block-column-is-layout-flow\"><\/div>\n<\/div>\n\n<p><strong>Evanghelizare<\/strong><\/p>\n\n<p>\u201e<em>Comunitatea s-a n\u0103scut pentru noua evanghelizare<\/em>\u201d spune <em>Preambulul<\/em> Statutului Comunit\u0103\u021bii, prin urmare, acolo unde Comunitatea tr\u0103ie\u0219te, \u00een fraternit\u0103\u021bi, acolo evanghelizeaz\u0103: cu m\u0103rturia vie\u021bii fraterne, cu activit\u0103\u021bi specifice, cu proclamarea de la persoan\u0103 la persoan\u0103.<\/p>\n\n<div style=\"height:30px\" aria-hidden=\"true\" class=\"wp-block-spacer\"><\/div>\n\n<p>Evanghelizarea &#8211; \u00een loc s\u0103 fie o \u201eactivitate\u201d a Fraternit\u0103\u021bii &#8211; este&#8230; Fraternitatea \u00eens\u0103\u0219i! <\/p>\n\n<div style=\"height:30px\" aria-hidden=\"true\" class=\"wp-block-spacer\"><\/div>\n\n<div class=\"wp-block-columns is-layout-flex wp-container-core-columns-is-layout-9d6595d7 wp-block-columns-is-layout-flex\">\n<div class=\"wp-block-column is-layout-flow wp-block-column-is-layout-flow\"><\/div>\n\n\n\n<div class=\"wp-block-column is-layout-flow wp-block-column-is-layout-flow\">\n<figure class=\"wp-block-image size-large\"><picture data-lightbox=\"https:\/\/comunitamagnificat.org\/wp-content\/uploads\/2021\/04\/Servizio.jpg\"><source type='image\/jpeg' srcset='https:\/\/comunitamagnificat.org\/wp-content\/uploads\/2021\/04\/Servizio.jpg 628w, https:\/\/comunitamagnificat.org\/wp-content\/uploads\/2021\/04\/Servizio-300x225.jpg 300w' sizes='(max-width: 628px) 100vw, 628px' \/><img loading=\"lazy\" decoding=\"async\" width=\"628\" height=\"471\" src=\"https:\/\/comunitamagnificat.org\/wp-content\/uploads\/2021\/04\/Servizio.jpg\" alt=\"\" class=\"wp-image-1289\"\/><\/picture><\/figure>\n<\/div>\n\n\n\n<div class=\"wp-block-column is-layout-flow wp-block-column-is-layout-flow\"><\/div>\n<\/div>\n\n<p><strong>Slujirea<\/strong><\/p>\n\n<p>Isus a stat \u00een mijlocul semenilor s\u0103i \u201e<em>ca unul care sluje\u0219te<\/em>\u201d (Luca 22, 27). Urm\u00e2nd exemplul s\u0103u, fiecare aliat \u0219i fiecare Fraternitate doresc s\u0103 fie \u00een mijlocul lumii \u00een slujirea tuturor pentru construirea \u00cemp\u0103r\u0103\u021biei lui Dumnezeu. <\/p>\n\n<div style=\"height:30px\" aria-hidden=\"true\" class=\"wp-block-spacer\"><\/div>\n\n<p>Primul loc unde se sluje\u015fte este, \u00een mod natural, Biserica, fa\u021b\u0103 de ai c\u0103rei p\u0103stori Fraternitatea \u00ee\u0219i ofer\u0103 cu generozitate disponibilitatea, \u00een conformitate cu carismele primite, pentru ceea ace\u0219tia au nevoie.<\/p>\n\n<div style=\"height:30px\" aria-hidden=\"true\" class=\"wp-block-spacer\"><\/div>\n\n<p>Apoi, exist\u0103 \u00eentreaga zon\u0103 din cadrul Comunit\u0103\u021bii, \u00een special grija fa\u021b\u0103 de persoanele care se adreseaz\u0103 acesteia pentru a primi evanghelizare, \u00eengrijire pastoral\u0103, iubire. Fiecare aliat, conform angajamentului luat prin Alian\u021b\u0103, se angajeaz\u0103 la cel pu\u021bin o slujire stabil\u0103 care \u00eei este \u00eencredin\u021bat\u0103. <\/p>\n\n<div style=\"height:50px\" aria-hidden=\"true\" class=\"wp-block-spacer\"><\/div>\n\n<div style=\"height:30px\" aria-hidden=\"true\" class=\"wp-block-spacer\"><\/div>\n","protected":false},"excerpt":{"rendered":"<p>Mul\u021bimea celor care au crezut era o singur\u0103 inim\u0103 \u0219i un singur suflet Faptele Apostolilor 4:32 Despre primii cre\u0219tini, cu o expresie foarte simpl\u0103, dar semnificativ\u0103, Faptele Apostolilor ne spun c\u0103 \u201eerau \u00eempreun\u0103\u201d. Comunitatea Magnificat a experimentat spontan acest lucru \u00eenc\u0103 de la \u00eenceput: dac\u0103 Isus este \u00een centrul pentru to\u021bi, apropierea de El ne [&hellip;]<\/p>\n","protected":false},"author":3,"featured_media":10938,"parent":0,"menu_order":0,"comment_status":"closed","ping_status":"closed","template":"","meta":{"om_disable_all_campaigns":false,"_monsterinsights_skip_tracking":false,"_monsterinsights_sitenote_active":false,"_monsterinsights_sitenote_note":"","_monsterinsights_sitenote_category":0,"_uf_show_specific_survey":0,"_uf_disable_surveys":false,"footnotes":""},"class_list":["post-19355","page","type-page","status-publish","has-post-thumbnail","hentry"],"aioseo_notices":[],"_links":{"self":[{"href":"https:\/\/comunitamagnificat.org\/ro\/wp-json\/wp\/v2\/pages\/19355","targetHints":{"allow":["GET"]}}],"collection":[{"href":"https:\/\/comunitamagnificat.org\/ro\/wp-json\/wp\/v2\/pages"}],"about":[{"href":"https:\/\/comunitamagnificat.org\/ro\/wp-json\/wp\/v2\/types\/page"}],"author":[{"embeddable":true,"href":"https:\/\/comunitamagnificat.org\/ro\/wp-json\/wp\/v2\/users\/3"}],"replies":[{"embeddable":true,"href":"https:\/\/comunitamagnificat.org\/ro\/wp-json\/wp\/v2\/comments?post=19355"}],"version-history":[{"count":8,"href":"https:\/\/comunitamagnificat.org\/ro\/wp-json\/wp\/v2\/pages\/19355\/revisions"}],"predecessor-version":[{"id":21574,"href":"https:\/\/comunitamagnificat.org\/ro\/wp-json\/wp\/v2\/pages\/19355\/revisions\/21574"}],"wp:featuredmedia":[{"embeddable":true,"href":"https:\/\/comunitamagnificat.org\/ro\/wp-json\/wp\/v2\/media\/10938"}],"wp:attachment":[{"href":"https:\/\/comunitamagnificat.org\/ro\/wp-json\/wp\/v2\/media?parent=19355"}],"curies":[{"name":"wp","href":"https:\/\/api.w.org\/{rel}","templated":true}]}}