{"id":19360,"date":"2024-08-23T07:43:51","date_gmt":"2024-08-23T05:43:51","guid":{"rendered":"https:\/\/comunitamagnificat.org\/aliati-ai-agnus-dei\/"},"modified":"2024-10-04T17:09:18","modified_gmt":"2024-10-04T15:09:18","slug":"aliati-ai-agnus-dei","status":"publish","type":"page","link":"https:\/\/comunitamagnificat.org\/ro\/aliati-ai-agnus-dei\/","title":{"rendered":"Alia\u021bi ai Agnus Dei"},"content":{"rendered":"\n<div style=\"height:30px\" aria-hidden=\"true\" class=\"wp-block-spacer\"><\/div>\n\n<blockquote class=\"wp-block-quote is-layout-flow wp-block-quote-is-layout-flow\"><p><em><strong>&#8230; \u00eel urmeaz\u0103 pe Miel oriunde ar merge<\/strong><\/em><\/p><cite><em>Apocalips <\/em>14, 4<\/cite><\/blockquote>\n\n<div style=\"height:30px\" aria-hidden=\"true\" class=\"wp-block-spacer\"><\/div>\n\n<p><em>Alia\u021bii <\/em><em>Agnus Dei<\/em> sunt membri alia\u021bi care, \u00een mod liber \u0219i prin vot privat, r\u0103spund chem\u0103rii lui Dumnezeu de a tr\u0103i sfatul evanghelic al castit\u0103\u021bii pentru \u00cemp\u0103r\u0103\u021bie. Ace\u0219tia \u00ee\u0219i ofer\u0103 disponibilitatea pentru misiunea Comunit\u0103\u021bii, sus\u021bin\u00e2ndu-se prin propria munc\u0103. <\/p>\n\n<div style=\"height:50px\" aria-hidden=\"true\" class=\"wp-block-spacer\"><\/div>\n","protected":false},"excerpt":{"rendered":"<p>&#8230; \u00eel urmeaz\u0103 pe Miel oriunde ar merge Apocalips 14, 4 Alia\u021bii Agnus Dei sunt membri alia\u021bi care, \u00een mod liber \u0219i prin vot privat, r\u0103spund chem\u0103rii lui Dumnezeu de a tr\u0103i sfatul evanghelic al castit\u0103\u021bii pentru \u00cemp\u0103r\u0103\u021bie. Ace\u0219tia \u00ee\u0219i ofer\u0103 disponibilitatea pentru misiunea Comunit\u0103\u021bii, sus\u021bin\u00e2ndu-se prin propria munc\u0103.<\/p>\n","protected":false},"author":3,"featured_media":10918,"parent":0,"menu_order":0,"comment_status":"closed","ping_status":"closed","template":"","meta":{"om_disable_all_campaigns":false,"_monsterinsights_skip_tracking":false,"_monsterinsights_sitenote_active":false,"_monsterinsights_sitenote_note":"","_monsterinsights_sitenote_category":0,"_uf_show_specific_survey":0,"_uf_disable_surveys":false,"footnotes":""},"class_list":["post-19360","page","type-page","status-publish","has-post-thumbnail","hentry"],"aioseo_notices":[],"_links":{"self":[{"href":"https:\/\/comunitamagnificat.org\/ro\/wp-json\/wp\/v2\/pages\/19360","targetHints":{"allow":["GET"]}}],"collection":[{"href":"https:\/\/comunitamagnificat.org\/ro\/wp-json\/wp\/v2\/pages"}],"about":[{"href":"https:\/\/comunitamagnificat.org\/ro\/wp-json\/wp\/v2\/types\/page"}],"author":[{"embeddable":true,"href":"https:\/\/comunitamagnificat.org\/ro\/wp-json\/wp\/v2\/users\/3"}],"replies":[{"embeddable":true,"href":"https:\/\/comunitamagnificat.org\/ro\/wp-json\/wp\/v2\/comments?post=19360"}],"version-history":[{"count":3,"href":"https:\/\/comunitamagnificat.org\/ro\/wp-json\/wp\/v2\/pages\/19360\/revisions"}],"predecessor-version":[{"id":21364,"href":"https:\/\/comunitamagnificat.org\/ro\/wp-json\/wp\/v2\/pages\/19360\/revisions\/21364"}],"wp:featuredmedia":[{"embeddable":true,"href":"https:\/\/comunitamagnificat.org\/ro\/wp-json\/wp\/v2\/media\/10918"}],"wp:attachment":[{"href":"https:\/\/comunitamagnificat.org\/ro\/wp-json\/wp\/v2\/media?parent=19360"}],"curies":[{"name":"wp","href":"https:\/\/api.w.org\/{rel}","templated":true}]}}