{"id":19368,"date":"2024-08-23T07:44:03","date_gmt":"2024-08-23T05:44:03","guid":{"rendered":"https:\/\/comunitamagnificat.org\/structura\/"},"modified":"2024-08-23T07:44:20","modified_gmt":"2024-08-23T05:44:20","slug":"structura","status":"publish","type":"page","link":"https:\/\/comunitamagnificat.org\/ro\/structura\/","title":{"rendered":"Structura"},"content":{"rendered":"\n<div style=\"height:30px\" aria-hidden=\"true\" class=\"wp-block-spacer\"><\/div>\n\n<p>Comunitatea, ca orice organism, are un &#8222;cadru&#8221; necesar pentru a sta \u0219i a merge \u00een lume.<\/p>\n\n<div style=\"height:30px\" aria-hidden=\"true\" class=\"wp-block-spacer\"><\/div>\n\n<p>Aceast\u0103 pagin\u0103 ofer\u0103 acces la o serie de con\u021binuturi care \u00eencearc\u0103 s\u0103 ilustreze acest &#8222;schelet comunitar&#8221; necesar.<\/p>\n\n<div style=\"height:30px\" aria-hidden=\"true\" class=\"wp-block-spacer\"><\/div>\n\n<p><strong><span class=\"has-inline-color has-vivid-red-color\"><a href=\"https:\/\/comunitamagnificat.org\/regola-di-vita\/\" data-type=\"page\" data-id=\"638\"><\/a><a href=\"https:\/\/comunitamagnificat.org\/regola-di-vita\/\">Regula de via\u021b\u0103<\/a><\/span><\/strong><\/p>\n\n<div style=\"height:30px\" aria-hidden=\"true\" class=\"wp-block-spacer\"><\/div>\n\n<p><strong><span class=\"has-inline-color has-vivid-red-color\"><a href=\"https:\/\/comunitamagnificat.org\/ro\/fraternitate\/\" data-type=\"page\" data-id=\"645\">Fraternitate<\/a><\/span><\/strong><\/p>\n\n<div style=\"height:30px\" aria-hidden=\"true\" class=\"wp-block-spacer\"><\/div>\n\n<p><strong><span class=\"has-inline-color has-vivid-red-color\"><a href=\"https:\/\/comunitamagnificat.org\/ro\/comunitate-a\/\" data-type=\"page\" data-id=\"661\">Comunitate a<\/a><\/span><\/strong><\/p>\n\n<div style=\"height:30px\" aria-hidden=\"true\" class=\"wp-block-spacer\"><\/div>\n\n<p><strong><span class=\"has-inline-color has-vivid-red-color\"><a href=\"https:\/\/comunitamagnificat.org\/ro\/persoanele-in-varsta-si-profetia\/\" data-type=\"page\" data-id=\"669\">Persoanele \u00een v\u00e2rst\u0103 \u0219i profe\u021bia<\/a><\/span><\/strong><\/p>\n\n<div style=\"height:30px\" aria-hidden=\"true\" class=\"wp-block-spacer\"><\/div>\n\n<p><strong><span class=\"has-inline-color has-vivid-red-color\"><a href=\"https:\/\/comunitamagnificat.org\/ro\/guvern-colegial\/\" data-type=\"page\" data-id=\"675\">Guvern colegial<\/a><\/span><\/strong><\/p>\n\n<div style=\"height:30px\" aria-hidden=\"true\" class=\"wp-block-spacer\"><\/div>\n\n<p><strong><span class=\"has-inline-color has-vivid-red-color\"><a href=\"https:\/\/comunitamagnificat.org\/ro\/ministere-generale\/\" data-type=\"page\" data-id=\"680\">Ministere generale<\/a><\/span><\/strong><\/p>\n\n<div style=\"height:30px\" aria-hidden=\"true\" class=\"wp-block-spacer\"><\/div>\n\n<p><span class=\"has-inline-color has-vivid-red-color\"><a href=\"https:\/\/comunitamagnificat.org\/fondazione-magnificat-o-n-l-u-s\/\" data-type=\"page\" data-id=\"684\"><strong>Funda\u021bie<\/strong> <strong>Magnificat O.N.L.U.S.<\/strong><\/a><\/span><\/p>\n\n<div style=\"height:30px\" aria-hidden=\"true\" class=\"wp-block-spacer\"><\/div>\n\n<p><strong><span class=\"has-inline-color has-vivid-red-color\"><a href=\"https:\/\/comunitamagnificat.org\/ro\/misiuni\/\" data-type=\"page\" data-id=\"691\">Misiuni<\/a><\/span><\/strong><\/p>\n\n<div style=\"height:30px\" aria-hidden=\"true\" class=\"wp-block-spacer\"><\/div>\n\n<p><strong><span class=\"has-inline-color has-vivid-red-color\"><a href=\"https:\/\/comunitamagnificat.org\/ro\/management-trezorerie-generala-si-secretariat\/\" data-type=\"page\" data-id=\"695\">Management, Trezorerie general\u0103 \u0219i Secretariat<\/a><\/span><\/strong><\/p>\n\n<div style=\"height:50px\" aria-hidden=\"true\" class=\"wp-block-spacer\"><\/div>\n","protected":false},"excerpt":{"rendered":"<p>Comunitatea, ca orice organism, are un &#8222;cadru&#8221; necesar pentru a sta \u0219i a merge \u00een lume. Aceast\u0103 pagin\u0103 ofer\u0103 acces la o serie de con\u021binuturi care \u00eencearc\u0103 s\u0103 ilustreze acest &#8222;schelet comunitar&#8221; necesar. Regula de via\u021b\u0103 Fraternitate Comunitate a Persoanele \u00een v\u00e2rst\u0103 \u0219i profe\u021bia Guvern colegial Ministere generale Funda\u021bie Magnificat O.N.L.U.S. Misiuni Management, Trezorerie general\u0103 [&hellip;]<\/p>\n","protected":false},"author":3,"featured_media":10922,"parent":0,"menu_order":0,"comment_status":"closed","ping_status":"closed","template":"","meta":{"om_disable_all_campaigns":false,"_monsterinsights_skip_tracking":false,"_monsterinsights_sitenote_active":false,"_monsterinsights_sitenote_note":"","_monsterinsights_sitenote_category":0,"_uf_show_specific_survey":0,"_uf_disable_surveys":false,"footnotes":""},"class_list":["post-19368","page","type-page","status-publish","has-post-thumbnail","hentry"],"aioseo_notices":[],"_links":{"self":[{"href":"https:\/\/comunitamagnificat.org\/ro\/wp-json\/wp\/v2\/pages\/19368","targetHints":{"allow":["GET"]}}],"collection":[{"href":"https:\/\/comunitamagnificat.org\/ro\/wp-json\/wp\/v2\/pages"}],"about":[{"href":"https:\/\/comunitamagnificat.org\/ro\/wp-json\/wp\/v2\/types\/page"}],"author":[{"embeddable":true,"href":"https:\/\/comunitamagnificat.org\/ro\/wp-json\/wp\/v2\/users\/3"}],"replies":[{"embeddable":true,"href":"https:\/\/comunitamagnificat.org\/ro\/wp-json\/wp\/v2\/comments?post=19368"}],"version-history":[{"count":1,"href":"https:\/\/comunitamagnificat.org\/ro\/wp-json\/wp\/v2\/pages\/19368\/revisions"}],"predecessor-version":[{"id":19371,"href":"https:\/\/comunitamagnificat.org\/ro\/wp-json\/wp\/v2\/pages\/19368\/revisions\/19371"}],"wp:featuredmedia":[{"embeddable":true,"href":"https:\/\/comunitamagnificat.org\/ro\/wp-json\/wp\/v2\/media\/10922"}],"wp:attachment":[{"href":"https:\/\/comunitamagnificat.org\/ro\/wp-json\/wp\/v2\/media?parent=19368"}],"curies":[{"name":"wp","href":"https:\/\/api.w.org\/{rel}","templated":true}]}}