{"id":19370,"date":"2024-08-23T07:44:08","date_gmt":"2024-08-23T05:44:08","guid":{"rendered":"https:\/\/comunitamagnificat.org\/case-de-locuit-comune\/"},"modified":"2024-10-12T19:13:34","modified_gmt":"2024-10-12T17:13:34","slug":"case-de-locuit-comune","status":"publish","type":"page","link":"https:\/\/comunitamagnificat.org\/ro\/case-de-locuit-comune\/","title":{"rendered":"Casele de viat\u0103 \u00een comun"},"content":{"rendered":"\n<div style=\"height:30px\" aria-hidden=\"true\" class=\"wp-block-spacer\"><\/div>\n\n<blockquote class=\"wp-block-quote is-layout-flow wp-block-quote-is-layout-flow\"><p><em><strong>erau \u00een acela\u015fi loc<\/strong><\/em> <em><strong>\u015fi aveau toate \u00een comun<\/strong><\/em><\/p><cite><em>Fapte <\/em>2, 44<\/cite><\/blockquote>\n\n<div style=\"height:30px\" aria-hidden=\"true\" class=\"wp-block-spacer\"><\/div>\n\n<p>Istoria vie\u021bii \u00een comun a Comunit\u0103\u021bii Magnificat a \u00eenceput la 11 februarie 1985, av\u00e2nd deja o identitate specific\u0103: aceea de a avea \u00een centrul s\u0103u Euharistia, adora\u021bia euharistic\u0103. Primele aliate ale Comunit\u0103\u021bii Magnificat care au \u00eenceput s\u0103 tr\u0103iasc\u0103 \u00een comun au primit aceast\u0103 chemare de a fi adoratoare ale <em>Mielului lui Dumnezeu<\/em>. Iar Domnul a dorit s\u0103 \u00eenso\u021beasc\u0103 cu prezen\u021ba sa fiecare mutare care a avut loc de-a lungul timpului, merg\u00e2nd \u201e<em>din cas\u0103 \u00een cas\u0103<\/em>\u201d, adic\u0103 \u00eenso\u021bind mica comunitate de via\u021b\u0103 ori de c\u00e2te ori schimba locuin\u021ba. Chiar \u0219i \u00een cartierul Ferro di Cavallo, la periferia ora\u0219ului Perugia, \u00een actuala cas\u0103 \u00een comun, arhiepiscopul Giuseppe Chiaretti, \u00een 2004, a permis prezen\u021ba Sf\u00e2ntului Sacrament, p\u0103strat \u00een micu\u021ba capel\u0103 a apartamentului.   <\/p>\n\n<div style=\"height:30px\" aria-hidden=\"true\" class=\"wp-block-spacer\"><\/div>\n\n<p>Via\u021ba \u00een comun a \u00eenceput cu Ginette Girardet \u0219i Fernanda (Wanda) Rossi, \u00een casa din apropierea bisericii Madonna della Luce (Fecioara Luminii), care a fost deschis\u0103 pentru adora\u021bie euharistic\u0103 continu\u0103 \u00een fiecare zi, \u00eencep\u00e2nd cu 15 octombrie 1984.<\/p>\n\n<div style=\"height:30px\" aria-hidden=\"true\" class=\"wp-block-spacer\"><\/div>\n\n<p>Wanda a intrat \u00een casa din Via del Poggio pe 11 februarie 1985 (comemorarea Sfintei Fecioare Maria de la Lourdes), c\u00e2nd arhiepiscopul de atunci al Perugiei-Citt\u00e0 della Pieve, Monseniorul Cesare Pagani, a binecuv\u00e2ntat casa. Ginette s-a mutat acolo c\u00e2teva zile mai t\u00e2rziu. <\/p>\n\n<div style=\"height:30px\" aria-hidden=\"true\" class=\"wp-block-spacer\"><\/div>\n\n<p>P\u0103rintele Raniero Cantalamessa, care a fost un punct de referin\u021b\u0103 timp de peste zece ani, a ghidat \u00eenceputurile acestei experien\u021be de via\u021b\u0103 \u00een comun.<\/p>\n\n<div style=\"height:30px\" aria-hidden=\"true\" class=\"wp-block-spacer\"><\/div>\n\n<p>La 13 decembrie 1989, Wanda s-a consacrat prin cele trei voturi depuse \u00een prezen\u021ba arhiepiscopului Ennio Antonelli, o consacrare care a avut loc dup\u0103 voturile private ale lui Ginette.<\/p>\n\n<div style=\"height:30px\" aria-hidden=\"true\" class=\"wp-block-spacer\"><\/div>\n\n<p><strong>Via\u021ba \u00een casa de via\u021b\u0103 \u00een comun<\/strong><\/p>\n\n<p>Via\u021ba pe care aliatele Comunit\u0103\u021bii o duc \u00een cas\u0103 se desf\u0103\u0219oar\u0103 \u00eentr-o rutin\u0103 zilnic\u0103 normal\u0103, \u00een simplitate \u0219i sobrietate de via\u021b\u0103, \u00eemp\u0103rt\u0103\u0219ind bunuri spirituale \u0219i materiale.<br\/>\u00cen afara \u00eent\u00e2lnirilor prev\u0103zute de drumul Comunit\u0103\u021bii Magnificat, exist\u0103 momente de rug\u0103ciune \u00een comun, \u00een cas\u0103, cum ar fi Liturgia orelor \u0219i momente de rug\u0103ciune personal\u0103.<br\/>\u00cengrijirea casei este \u00eencredin\u021bat\u0103 responsabilit\u0103\u021bii tuturor persoanelor care locuiesc \u00een ea, care se alterneaz\u0103 \u00een treburile casnice \u0219i \u00een diverse servicii: ordinea personal\u0103 \u0219i cea a casei devin astfel oglinda propriului suflet, locul \u00een care s\u0103l\u0103sluie\u0219te Dumnezeu.<\/p>\n\n<div style=\"height:30px\" aria-hidden=\"true\" class=\"wp-block-spacer\"><\/div>\n\n<p>Via\u021ba persoanelor din cas\u0103 este coordonat\u0103 de un moderator.<\/p>\n\n<div style=\"height:50px\" aria-hidden=\"true\" class=\"wp-block-spacer\"><\/div>\n\n<p><\/p>\n","protected":false},"excerpt":{"rendered":"<p>erau \u00een acela\u015fi loc \u015fi aveau toate \u00een comun Fapte 2, 44 Istoria vie\u021bii \u00een comun a Comunit\u0103\u021bii Magnificat a \u00eenceput la 11 februarie 1985, av\u00e2nd deja o identitate specific\u0103: aceea de a avea \u00een centrul s\u0103u Euharistia, adora\u021bia euharistic\u0103. Primele aliate ale Comunit\u0103\u021bii Magnificat care au \u00eenceput s\u0103 tr\u0103iasc\u0103 \u00een comun au primit aceast\u0103 [&hellip;]<\/p>\n","protected":false},"author":3,"featured_media":10914,"parent":0,"menu_order":0,"comment_status":"closed","ping_status":"closed","template":"","meta":{"om_disable_all_campaigns":false,"_monsterinsights_skip_tracking":false,"_monsterinsights_sitenote_active":false,"_monsterinsights_sitenote_note":"","_monsterinsights_sitenote_category":0,"_uf_show_specific_survey":0,"_uf_disable_surveys":false,"footnotes":""},"class_list":["post-19370","page","type-page","status-publish","has-post-thumbnail","hentry"],"aioseo_notices":[],"_links":{"self":[{"href":"https:\/\/comunitamagnificat.org\/ro\/wp-json\/wp\/v2\/pages\/19370","targetHints":{"allow":["GET"]}}],"collection":[{"href":"https:\/\/comunitamagnificat.org\/ro\/wp-json\/wp\/v2\/pages"}],"about":[{"href":"https:\/\/comunitamagnificat.org\/ro\/wp-json\/wp\/v2\/types\/page"}],"author":[{"embeddable":true,"href":"https:\/\/comunitamagnificat.org\/ro\/wp-json\/wp\/v2\/users\/3"}],"replies":[{"embeddable":true,"href":"https:\/\/comunitamagnificat.org\/ro\/wp-json\/wp\/v2\/comments?post=19370"}],"version-history":[{"count":7,"href":"https:\/\/comunitamagnificat.org\/ro\/wp-json\/wp\/v2\/pages\/19370\/revisions"}],"predecessor-version":[{"id":21493,"href":"https:\/\/comunitamagnificat.org\/ro\/wp-json\/wp\/v2\/pages\/19370\/revisions\/21493"}],"wp:featuredmedia":[{"embeddable":true,"href":"https:\/\/comunitamagnificat.org\/ro\/wp-json\/wp\/v2\/media\/10914"}],"wp:attachment":[{"href":"https:\/\/comunitamagnificat.org\/ro\/wp-json\/wp\/v2\/media?parent=19370"}],"curies":[{"name":"wp","href":"https:\/\/api.w.org\/{rel}","templated":true}]}}