{"id":19386,"date":"2024-08-23T07:45:16","date_gmt":"2024-08-23T05:45:16","guid":{"rendered":"https:\/\/comunitamagnificat.org\/vindecare\/"},"modified":"2025-01-22T17:47:30","modified_gmt":"2025-01-22T16:47:30","slug":"vindecare","status":"publish","type":"page","link":"https:\/\/comunitamagnificat.org\/ro\/vindecare\/","title":{"rendered":"Vindecare"},"content":{"rendered":"\n<div style=\"height:30px\" aria-hidden=\"true\" class=\"wp-block-spacer\"><\/div>\n\n<blockquote class=\"wp-block-quote is-layout-flow wp-block-quote-is-layout-flow\">\n<p><strong><em>&#8230; m-a uns, s\u0103 duc s\u0103racilor vestea cea bun\u0103; m-a trimis s\u0103 proclam celor captivi eliberarea \u0219i celor orbi, rec\u0103p\u0103tarea vederii, s\u0103 redau libertatea celor asupri\u021bi; s\u0103 vestesc un an de bun\u0103voin\u021b\u0103 al Domnului<\/em><\/strong><\/p>\n<cite><em>Luca <\/em>4:18-19<\/cite><\/blockquote>\n\n<div style=\"height:30px\" aria-hidden=\"true\" class=\"wp-block-spacer\"><\/div>\n\n<p>Din primii ani ai istoriei sale, Comunitatea a exercitat carisme de vindecare, \u00een special vindecare interioar\u0103 \u0219i spiritual\u0103.<\/p>\n\n<div style=\"height:30px\" aria-hidden=\"true\" class=\"wp-block-spacer\"><\/div>\n\n<p>At\u00e2t de mul\u021bi fra\u021bi \u0219i surori care sufer\u0103 din motive fizice \u0219i spirituale au abordat Comunitatea pentru a c\u0103uta &#8211; \u00eenainte de orice altceva &#8211; ascultare \u0219i \u00een\u021belegere. Recunosc\u00e2nd \u00een ei pe acei<em>&#8222;fra\u021bi \u0219i surori mici<\/em>&#8222;<em>(Matei<\/em> 25:31-45) cu care Isus a spus c\u0103 se identific\u0103, Comunitatea a \u00eenceput <em>Serviciul de consolare<\/em>, cunoscut \u0219i sub numele de <em>Serviciul de vindecare \u0219i eliberare.<\/em> At\u00e2t \u00een cadrul disponibilit\u0103\u021bii s\u0103pt\u0103m\u00e2nale oferite, c\u00e2t \u0219i \u00een cadrul seminariilor reziden\u021biale de vindecare organizate de Comunitate, un num\u0103r mare de persoane au putut s\u0103 se \u00eent\u00e2lneasc\u0103 cu Isus, viu, care, intr\u00e2nd \u00een istoria lor personal\u0103, a operat vindecare, eliberare, convertire. Cei care \u00ee\u0219i doneaz\u0103 timpul \u00een aceast\u0103 activitate de serviciu se apropie de inima r\u0103nit\u0103 a omului cu respect \u0219i tandre\u021be, con\u0219tien\u021bi c\u0103 ei \u00een\u0219i\u0219i sunt un &#8222;vindec\u0103tor r\u0103nit&#8221;, cules de un samaritean pe drumul spre Ierihon.   <\/p>\n\n<div style=\"height:50px\" aria-hidden=\"true\" class=\"wp-block-spacer\"><\/div>\n","protected":false},"excerpt":{"rendered":"<p>&#8230; m-a uns, s\u0103 duc s\u0103racilor vestea cea bun\u0103; m-a trimis s\u0103 proclam celor captivi eliberarea \u0219i celor orbi, rec\u0103p\u0103tarea vederii, s\u0103 redau libertatea celor asupri\u021bi; s\u0103 vestesc un an de bun\u0103voin\u021b\u0103 al Domnului Luca 4:18-19 Din primii ani ai istoriei sale, Comunitatea a exercitat carisme de vindecare, \u00een special vindecare interioar\u0103 \u0219i spiritual\u0103. At\u00e2t [&hellip;]<\/p>\n","protected":false},"author":3,"featured_media":10910,"parent":0,"menu_order":0,"comment_status":"closed","ping_status":"closed","template":"","meta":{"om_disable_all_campaigns":false,"_monsterinsights_skip_tracking":false,"_monsterinsights_sitenote_active":false,"_monsterinsights_sitenote_note":"","_monsterinsights_sitenote_category":0,"_uf_show_specific_survey":0,"_uf_disable_surveys":false,"footnotes":""},"class_list":["post-19386","page","type-page","status-publish","has-post-thumbnail","hentry"],"aioseo_notices":[],"_links":{"self":[{"href":"https:\/\/comunitamagnificat.org\/ro\/wp-json\/wp\/v2\/pages\/19386","targetHints":{"allow":["GET"]}}],"collection":[{"href":"https:\/\/comunitamagnificat.org\/ro\/wp-json\/wp\/v2\/pages"}],"about":[{"href":"https:\/\/comunitamagnificat.org\/ro\/wp-json\/wp\/v2\/types\/page"}],"author":[{"embeddable":true,"href":"https:\/\/comunitamagnificat.org\/ro\/wp-json\/wp\/v2\/users\/3"}],"replies":[{"embeddable":true,"href":"https:\/\/comunitamagnificat.org\/ro\/wp-json\/wp\/v2\/comments?post=19386"}],"version-history":[{"count":5,"href":"https:\/\/comunitamagnificat.org\/ro\/wp-json\/wp\/v2\/pages\/19386\/revisions"}],"predecessor-version":[{"id":22624,"href":"https:\/\/comunitamagnificat.org\/ro\/wp-json\/wp\/v2\/pages\/19386\/revisions\/22624"}],"wp:featuredmedia":[{"embeddable":true,"href":"https:\/\/comunitamagnificat.org\/ro\/wp-json\/wp\/v2\/media\/10910"}],"wp:attachment":[{"href":"https:\/\/comunitamagnificat.org\/ro\/wp-json\/wp\/v2\/media?parent=19386"}],"curies":[{"name":"wp","href":"https:\/\/api.w.org\/{rel}","templated":true}]}}