{"id":19393,"date":"2024-08-23T07:45:28","date_gmt":"2024-08-23T05:45:28","guid":{"rendered":"https:\/\/comunitamagnificat.org\/regula-de-viata\/"},"modified":"2025-01-22T18:14:53","modified_gmt":"2025-01-22T17:14:53","slug":"regula-de-viata","status":"publish","type":"page","link":"https:\/\/comunitamagnificat.org\/ro\/regula-de-viata\/","title":{"rendered":"Regula de via\u021b\u0103"},"content":{"rendered":"\n<div style=\"height:30px\" aria-hidden=\"true\" class=\"wp-block-spacer\"><\/div>\n\n<blockquote class=\"wp-block-quote is-layout-flow wp-block-quote-is-layout-flow\">\n<p><em><strong>P\u0103ze\u0219te legea Domnului Dumnezeului t\u0103u,<\/strong><\/em><br\/><em><strong>proced\u00e2nd \u00een felul s\u0103u<\/strong><\/em><br\/><em><strong>\u0219i punerea \u00een aplicare a legilor sale,<\/strong><\/em><br\/><em><strong>comenzile sale,<\/strong><\/em><br\/><em><strong>normele \u0219i instruc\u021biunile sale,<\/strong><\/em><br\/><em><strong>cum este scris \u00een Legea lui Moise,<\/strong><\/em><br\/><em><strong>pentru ca tu s\u0103 reu\u0219e\u0219ti<\/strong><\/em><br\/><em><strong>\u00een tot ceea ce faci<\/strong><\/em><br\/><em><strong>\u0219i oriunde te-ai \u00eentoarce<\/strong><\/em><\/p>\n<cite><em>Cartea \u00eent\u00e2i a Regilor<\/em> 2, 3<\/cite><\/blockquote>\n\n<div style=\"height:30px\" aria-hidden=\"true\" class=\"wp-block-spacer\"><\/div>\n<div class=\"wp-block-image\">\n<figure class=\"aligncenter size-large is-resized\"><picture data-lightbox=\"https:\/\/comunitamagnificat.org\/wp-content\/uploads\/2025\/01\/Copertina.jpg\"><source type='image\/jpeg' srcset='https:\/\/comunitamagnificat.org\/wp-content\/uploads\/2025\/01\/Copertina.jpg 1181w, https:\/\/comunitamagnificat.org\/wp-content\/uploads\/2025\/01\/Copertina-207x300.jpg 207w, https:\/\/comunitamagnificat.org\/wp-content\/uploads\/2025\/01\/Copertina-707x1024.jpg 707w, https:\/\/comunitamagnificat.org\/wp-content\/uploads\/2025\/01\/Copertina-768x1113.jpg 768w, https:\/\/comunitamagnificat.org\/wp-content\/uploads\/2025\/01\/Copertina-1060x1536.jpg 1060w' sizes='(max-width: 1181px) 100vw, 1181px' \/><img loading=\"lazy\" decoding=\"async\" width=\"707\" height=\"1024\" src=\"https:\/\/comunitamagnificat.org\/wp-content\/uploads\/2025\/01\/Copertina-707x1024.jpg\" alt=\"\" class=\"wp-image-22632\" style=\"width:317px;height:450px\"\/><\/picture><\/figure>\n<\/div>\n<div style=\"height:30px\" aria-hidden=\"true\" class=\"wp-block-spacer\"><\/div>\n\n<p>Comunitatea Magnificat \u00ee\u0219i g\u0103se\u0219te defini\u021bia \u0219i \u00ee\u0219i identific\u0103 orizonturile \u00eentr-o serie de texte care, formate \u00een cursul istoriei sale, constituie a\u0219a-numita <strong><em>Regula de via\u021b\u0103<\/em><\/strong>:<\/p>\n\n<div style=\"height:30px\" aria-hidden=\"true\" class=\"wp-block-spacer\"><\/div>\n\n<p><strong><em><br\/><br\/><br\/><br\/><br\/><br\/>Context istoric Observa\u021bii preliminare Prefa\u021b\u0103 Statut Reguli Reguli pentru persoanele consacrate Orient\u0103ri privind \u00eenso\u021birea spiritual\u0103 \u00een comunitate<\/em><\/strong><\/p>\n\n<div style=\"height:30px\" aria-hidden=\"true\" class=\"wp-block-spacer\"><\/div>\n\n<p>Din 1978, c\u00e2nd Comunitatea Magnificat s-a n\u0103scut cu <strong>prima<\/strong> sa <strong>recunoa\u0219tere ecleziastic\u0103<\/strong>, pe m\u0103sur\u0103 ce via\u021ba comunitar\u0103 s-a dezvoltat \u00een domenii din ce \u00een ce mai largi \u0219i mai complexe, a fost necesar ca Statutul \u0219i diferitele Regulamente s\u0103 r\u0103spund\u0103 noilor cerin\u021be ap\u0103rute \u0219i s\u0103 indice modalit\u0103\u021bile cele mai corecte \u0219i fructuoase de a \u00eentrupa &#8222;visul lui Dumnezeu&#8221; \u00een via\u021ba concret\u0103 a Fraternit\u0103\u021bilor. Printre textele <em>Regulii de via\u021b\u0103<\/em>, <em>Statutul<\/em>, \u00een special, a trebuit s\u0103 fie rafinat \u0219i extins treptat pentru a r\u0103spunde condi\u021biilor schimbate \u00een care Comunitatea s-a g\u0103sit s\u0103 tr\u0103iasc\u0103. Aceast\u0103 pagin\u0103 ofer\u0103 o prezentare a diferitelor pasaje, din 1979 p\u00e2n\u0103 \u00een prezent.  <\/p>\n\n<div style=\"height:30px\" aria-hidden=\"true\" class=\"wp-block-spacer\"><\/div>\n\n<div class=\"wp-block-columns is-layout-flex wp-container-core-columns-is-layout-9d6595d7 wp-block-columns-is-layout-flex\">\n<div class=\"wp-block-column is-layout-flow wp-block-column-is-layout-flow\" style=\"flex-basis:15%\">\n<p class=\"has-text-align-right\"><strong>1979<\/strong><\/p>\n<\/div>\n\n\n\n<div class=\"wp-block-column is-layout-flow wp-block-column-is-layout-flow\" style=\"flex-basis:80%\">\n<p><strong>Primul statut<\/strong> aprobat de autoritatea ecleziastic\u0103 competent\u0103, scurt, dar deja plin \u00een esen\u021b\u0103 de ceea ce Domnul a ar\u0103tat, dateaz\u0103 din <strong>februarie 1979<\/strong> \u0219i a fost semnat de arhiepiscopul de Perugia, monseniorul Ferdinando Lambruschini.<\/p>\n<\/div>\n<\/div>\n\n<div style=\"height:30px\" aria-hidden=\"true\" class=\"wp-block-spacer\"><\/div>\n\n<div class=\"wp-block-columns is-layout-flex wp-container-core-columns-is-layout-9d6595d7 wp-block-columns-is-layout-flex\">\n<div class=\"wp-block-column is-layout-flow wp-block-column-is-layout-flow\" style=\"flex-basis:15%\">\n<p class=\"has-text-align-right\"><strong>ANNI OPTZECI<\/strong><\/p>\n<\/div>\n\n\n\n<div class=\"wp-block-column is-layout-flow wp-block-column-is-layout-flow\" style=\"flex-basis:80%\">\n<p>Dup\u0103 acel prim document, Comunitatea a \u00eencercat s\u0103 se doteze cu o <em>regul\u0103<\/em> mai consistent\u0103, din munca c\u0103reia a ie\u0219it o bro\u0219ur\u0103 care aduna experien\u021ba comunitar\u0103 \u00eentr-o form\u0103 parantezic\u0103 \u0219i spiritual\u0103, dar nu juridic\u0103. Acea bro\u0219ur\u0103 a r\u0103mas \u00een memoria Comunit\u0103\u021bii ca <strong> <em>Regula Ro\u0219ie<\/em><\/strong>, de la culoarea copertei sale, dar, tocmai datorit\u0103 stilului \u00een care a fost scris\u0103, nu a primit aprobarea canonic\u0103. <\/p>\n<\/div>\n<\/div>\n\n<div style=\"height:30px\" aria-hidden=\"true\" class=\"wp-block-spacer\"><\/div>\n\n<div class=\"wp-block-columns is-layout-flex wp-container-core-columns-is-layout-9d6595d7 wp-block-columns-is-layout-flex\">\n<div class=\"wp-block-column is-layout-flow wp-block-column-is-layout-flow\" style=\"flex-basis:15%\">\n<p class=\"has-text-align-right\"><strong>1995<\/strong><\/p>\n<\/div>\n\n\n\n<div class=\"wp-block-column is-layout-flow wp-block-column-is-layout-flow\" style=\"flex-basis:80%\">\n<p>Arhiepiscopul de Perugia, Ennio Antonelli, la scurt timp dup\u0103 preluarea mandatului \u00een ianuarie 1994, a solicitat \u0219i a \u00eenfiin\u021bat o comisie format\u0103 din membri ai comunit\u0103\u021bii pentru a elabora un statut care s\u0103 poat\u0103 primi aprobare canonic\u0103 \u0219i, dup\u0103 un an \u0219i jum\u0103tate de munc\u0103 \u00een care a fost implicat el \u00eensu\u0219i, a recunoscut Comunitatea Magnificat ca o <em>asocia\u021bie privat\u0103 de credincio\u0219i laici<\/em> \u0219i i-a <strong>aprobat statutul <em>ad experimentum<\/em> pentru trei ani<\/strong>.<\/p>\n<\/div>\n<\/div>\n\n<div style=\"height:30px\" aria-hidden=\"true\" class=\"wp-block-spacer\"><\/div>\n\n<div class=\"wp-block-columns is-layout-flex wp-container-core-columns-is-layout-9d6595d7 wp-block-columns-is-layout-flex\">\n<div class=\"wp-block-column is-layout-flow wp-block-column-is-layout-flow\" style=\"flex-basis:15%\">\n<p class=\"has-text-align-right\"><strong>2003<\/strong><\/p>\n<\/div>\n\n\n\n<div class=\"wp-block-column is-layout-flow wp-block-column-is-layout-flow\" style=\"flex-basis:80%\">\n<p>\u00cen 2003 &#8211; \u00een mijlocul unei crize \u00een care Comunitatea se confrunta cu o ruptur\u0103 profund\u0103 cu una dintre zonele sale componente &#8211; arhiepiscopul de Perugia, Giuseppe Chiaretti, a instituit o nou\u0103 comisie pentru revizuirea statutului. Tocmai \u00een faza final\u0103 a activit\u0103\u021bii acestei comisii, \u00een toamna anului 2004, \u00een timp ce Capitolul B\u0103tr\u00e2nilor se preg\u0103tea s\u0103 voteze noul text, ruptura cu aproape \u00eentreaga zon\u0103 Foggia a luat sf\u00e2r\u0219it, inclusiv din cauza unei chestiuni legate tocmai de redactarea regulii. La instigarea arhiepiscopului,<strong>textul a fost aprobat<\/strong> <strong>la 24 decembrie<\/strong> al aceluia\u0219i an.  <\/p>\n<\/div>\n<\/div>\n\n<div style=\"height:30px\" aria-hidden=\"true\" class=\"wp-block-spacer\"><\/div>\n\n<div class=\"wp-block-columns is-layout-flex wp-container-core-columns-is-layout-9d6595d7 wp-block-columns-is-layout-flex\">\n<div class=\"wp-block-column is-layout-flow wp-block-column-is-layout-flow\" style=\"flex-basis:15%\">\n<p class=\"has-text-align-right\"><strong>2013-2022<\/strong><\/p>\n<\/div>\n\n\n\n<div class=\"wp-block-column is-layout-flow wp-block-column-is-layout-flow\" style=\"flex-basis:80%\">\n<p>\u00cen anii care au urmat, Comunitatea a cunoscut o nou\u0103 cre\u0219tere, de data aceasta dep\u0103\u0219ind grani\u021bele Italiei \u0219i \u00eencep\u00e2nd s\u0103 duc\u0103 experien\u021ba comunitar\u0103 \u00een alte na\u021biuni, \u00een diferite continente.\nCa r\u0103spuns la aceast\u0103 evolu\u021bie, arhiepiscopul de Perugia, Gualtiero Bassetti, a \u00eendemnat Comunitatea \u00een 2013 s\u0103 solicite <em>Consiliului Pontifical pentru Laici<\/em> recunoa\u0219terea realit\u0103\u021bii sale, \u00eenfiin\u021b\u00e2nd \u00een acela\u0219i timp o comisie pentru rescrierea Statutului, pentru a-l adapta la cre\u0219terea Comunit\u0103\u021bii. <\/p>\n\n\n\n<p>Munca noii comisii a fost foarte ampl\u0103 \u0219i a vizat implicarea tuturor alia\u021bilor \u00een reflec\u021bie. Dup\u0103 mul\u021bi ani, reflec\u021bii \u00eendelungate, compara\u021bii, rug\u0103ciuni, consult\u0103ri externe \u0219i voturi, \u00een toamna anului 2020, Comunitatea a prezentat un text comun spre aprobare <em>Dicasterului pentru Laici, Familie \u0219i Via\u021b\u0103<\/em>, \u0219i a \u00eenceput un dialog pentru a ajunge la un text care s\u0103 poat\u0103 fi aprobat. <\/p>\n<\/div>\n<\/div>\n\n<div style=\"height:30px\" aria-hidden=\"true\" class=\"wp-block-spacer\"><\/div>\n\n<div class=\"wp-block-columns is-layout-flex wp-container-core-columns-is-layout-9d6595d7 wp-block-columns-is-layout-flex\">\n<div class=\"wp-block-column is-layout-flow wp-block-column-is-layout-flow\" style=\"flex-basis:15%\">\n<p class=\"has-text-align-right\"><strong>2023-2024<\/strong><\/p>\n<\/div>\n\n\n\n<div class=\"wp-block-column is-layout-flow wp-block-column-is-layout-flow\" style=\"flex-basis:66.66%\">\n<p>La 8 decembrie 2023, la exact patruzeci \u0219i cinci de ani de la prima aprobare ecleziastic\u0103, cardinalul <strong>Kevin J. Farrell<\/strong>, prefect al <em><strong>Dicasterului pentru Laici, Familie \u0219i Via\u021b\u0103<\/strong><\/em>a semnat <strong><em>Decret de recunoa\u0219tere a<\/em><\/strong> Comunit\u0103\u021bii Magnificat ca <em>asocia\u021bie interna\u021bional\u0103 privat\u0103 a credincio\u0219ilor laici<\/em>, aprob\u00e2ndu-i totodat\u0103 <em><strong>Statutul<\/strong><\/em><em>ad experimentum<\/em>, pentru o perioad\u0103 de cinci ani.<\/p>\n\n\n\n<p>La 19 ianuarie 2024, la Palazzo San Callisto din Roma, sediul Dicasterului, Moderatoarea general\u0103, Maria Rita Castellani, \u00een cadrul unei <a href=\"https:\/\/www.youtube.com\/watch?v=rle6MbHm1aU\" target=\"_blank\" rel=\"noreferrer noopener\"><strong>ceremonie solemn\u0103<\/strong><\/a>, a primit <em><strong>Decretul<\/strong> <\/em>\u0219i noul <strong><em>Statut<\/em><\/strong>din m\u00e2inile secretarului Dicasterului, Dr. Gleison De Paula Souza.<\/p>\n<\/div>\n<\/div>\n\n<div style=\"height:50px\" aria-hidden=\"true\" class=\"wp-block-spacer\"><\/div>\n\n<p><\/p>\n","protected":false},"excerpt":{"rendered":"<p>P\u0103ze\u0219te legea Domnului Dumnezeului t\u0103u,proced\u00e2nd \u00een felul s\u0103u\u0219i punerea \u00een aplicare a legilor sale,comenzile sale,normele \u0219i instruc\u021biunile sale,cum este scris \u00een Legea lui Moise,pentru ca tu s\u0103 reu\u0219e\u0219ti\u00een tot ceea ce faci\u0219i oriunde te-ai \u00eentoarce Cartea \u00eent\u00e2i a Regilor 2, 3 Comunitatea Magnificat \u00ee\u0219i g\u0103se\u0219te defini\u021bia \u0219i \u00ee\u0219i identific\u0103 orizonturile \u00eentr-o serie de texte care, [&hellip;]<\/p>\n","protected":false},"author":3,"featured_media":10930,"parent":0,"menu_order":0,"comment_status":"closed","ping_status":"closed","template":"","meta":{"om_disable_all_campaigns":false,"_monsterinsights_skip_tracking":false,"_monsterinsights_sitenote_active":false,"_monsterinsights_sitenote_note":"","_monsterinsights_sitenote_category":0,"_uf_show_specific_survey":0,"_uf_disable_surveys":false,"footnotes":""},"class_list":["post-19393","page","type-page","status-publish","has-post-thumbnail","hentry"],"aioseo_notices":[],"_links":{"self":[{"href":"https:\/\/comunitamagnificat.org\/ro\/wp-json\/wp\/v2\/pages\/19393","targetHints":{"allow":["GET"]}}],"collection":[{"href":"https:\/\/comunitamagnificat.org\/ro\/wp-json\/wp\/v2\/pages"}],"about":[{"href":"https:\/\/comunitamagnificat.org\/ro\/wp-json\/wp\/v2\/types\/page"}],"author":[{"embeddable":true,"href":"https:\/\/comunitamagnificat.org\/ro\/wp-json\/wp\/v2\/users\/3"}],"replies":[{"embeddable":true,"href":"https:\/\/comunitamagnificat.org\/ro\/wp-json\/wp\/v2\/comments?post=19393"}],"version-history":[{"count":4,"href":"https:\/\/comunitamagnificat.org\/ro\/wp-json\/wp\/v2\/pages\/19393\/revisions"}],"predecessor-version":[{"id":22646,"href":"https:\/\/comunitamagnificat.org\/ro\/wp-json\/wp\/v2\/pages\/19393\/revisions\/22646"}],"wp:featuredmedia":[{"embeddable":true,"href":"https:\/\/comunitamagnificat.org\/ro\/wp-json\/wp\/v2\/media\/10930"}],"wp:attachment":[{"href":"https:\/\/comunitamagnificat.org\/ro\/wp-json\/wp\/v2\/media?parent=19393"}],"curies":[{"name":"wp","href":"https:\/\/api.w.org\/{rel}","templated":true}]}}