{"id":19402,"date":"2024-08-23T07:45:53","date_gmt":"2024-08-23T05:45:53","guid":{"rendered":"https:\/\/comunitamagnificat.org\/carisme\/"},"modified":"2024-10-05T19:08:05","modified_gmt":"2024-10-05T17:08:05","slug":"carisme","status":"publish","type":"page","link":"https:\/\/comunitamagnificat.org\/ro\/carisme\/","title":{"rendered":"Carisme"},"content":{"rendered":"\n<div style=\"height:30px\" aria-hidden=\"true\" class=\"wp-block-spacer\"><\/div>\n\n<blockquote class=\"wp-block-quote is-layout-flow wp-block-quote-is-layout-flow\">\n<p><strong><em>Fiec\u0103ruia<\/em><\/strong> <strong><em>\u00eei este dat\u0103<\/em><\/strong> <strong><em>manifestarea Duhului<\/em><\/strong> <strong><em>spre binele <\/em><\/strong><strong><em>comun<\/em><\/strong><\/p>\n<cite><em>1 Corinteni<\/em> 12:7<\/cite><\/blockquote>\n\n<div style=\"height:30px\" aria-hidden=\"true\" class=\"wp-block-spacer\"><\/div>\n\n<p>Comunitatea Magnificat s-a n\u0103scut \u00een curentul de har al Re\u00eennoirii Carismatice Catolice, rodul redescoperirii Rusaliilor \u00een Biseric\u0103 dup\u0103 Conciliu<\/p>\n\n<div style=\"height:30px\" aria-hidden=\"true\" class=\"wp-block-spacer\"><\/div>\n\n<p>Experien\u021ba care se afl\u0103 la baza apartenen\u021bei la Comunitatea Magnificat este aceea a <em>efusiunii Duhului Sf\u00e2nt<\/em>, care ne conduce la con\u0219tientizarea carismelor ordinare \u0219i extraordinare pe care \u2013 \u00een aceast\u0103 perioad\u0103 dificil\u0103 pentru lume \u2013 Dumnezeu a vrut s\u0103 le dea din supra-abunden\u021b\u0103.<\/p>\n\n<div style=\"height:30px\" aria-hidden=\"true\" class=\"wp-block-spacer\"><\/div>\n\n<p>\u00cenc\u0103 de la \u00eenceputurile sale, Comunitatea Magnificat a fost martor\u0103 a relevan\u021bei profe\u021biei lui Ioel: \u201e<em>Dup\u0103 aceea, voi rev\u0103rsa Duhul meu peste orice f\u0103ptur\u0103: vor profe\u021bi fiii vo\u0219tri \u0219i fiicele voastre, b\u0103tr\u00e2nii vo\u0219tri vor avea vise \u0219i tinerii vo\u0219tri vor avea viziuni. Ba chiar \u0219i peste sclavi \u0219i peste slujitoare voi rev\u0103rsa Duhul meu \u00een zilele acelea. Voi pune semne \u00een soare \u0219i pe p\u0103m\u00e2nt  <\/em>\u201d (Ioel 3, 1-3).<\/p>\n\n<div style=\"height:30px\" aria-hidden=\"true\" class=\"wp-block-spacer\"><\/div>\n\n<p>Comunitatea a putut, de asemenea, s\u0103 vad\u0103 cum Domnul a d\u0103ruit fiec\u0103ruia \u201e<em>manifestarea Duhului spre binele comun. C\u0103ci unuia [\u00eei este dat] prin Duhul cuv\u00e2ntul \u00een\u0163elepciunii, altuia, cuv\u00e2ntul cunoa\u015fterii, dup\u0103 acela\u015fi Duh, iar altuia, datorit\u0103 aceluia\u015fi Duh, credin\u0163a, altuia, darul vindec\u0103rilor, prin acela\u015fi unic Duh; unuia [\u00eei este dat\u0103] puterea de a face minuni, altuia, profe\u0163ia, altuia, discern\u0103m\u00e2ntul duhurilor, altuia, varietatea limbilor, iar altuia, interpretarea limbilor. \u00cens\u0103 toate acestea le lucreaz\u0103 unul \u015fi acela\u015fi Duh, care \u00eemparte fiec\u0103ruia dup\u0103 cum vrea <\/em>\u201d (<em>1 Corinteni<\/em> 12, 7-11). Con\u0219tient\u0103 c\u0103 nu este depozitar\u0103 pentru sine a darurilor care i-au fost \u00eencredin\u021bate, dorind s\u0103 construiasc\u0103 \u00cemp\u0103r\u0103\u021bia lui Dumnezeu, Comunitatea ofer\u0103 Bisericii tot ceea ce p\u0103storii s\u0103i v\u0103d c\u0103 vine cu adev\u0103rat de la Duhul Sf\u00e2nt, pentru ca ace\u0219tia s\u0103 poat\u0103 dispune liber. <\/p>\n\n<div style=\"height:50px\" aria-hidden=\"true\" class=\"wp-block-spacer\"><\/div>\n","protected":false},"excerpt":{"rendered":"<p>Fiec\u0103ruia \u00eei este dat\u0103 manifestarea Duhului spre binele comun 1 Corinteni 12:7 Comunitatea Magnificat s-a n\u0103scut \u00een curentul de har al Re\u00eennoirii Carismatice Catolice, rodul redescoperirii Rusaliilor \u00een Biseric\u0103 dup\u0103 Conciliu Experien\u021ba care se afl\u0103 la baza apartenen\u021bei la Comunitatea Magnificat este aceea a efusiunii Duhului Sf\u00e2nt, care ne conduce la con\u0219tientizarea carismelor ordinare \u0219i [&hellip;]<\/p>\n","protected":false},"author":3,"featured_media":10902,"parent":0,"menu_order":0,"comment_status":"closed","ping_status":"closed","template":"","meta":{"om_disable_all_campaigns":false,"_monsterinsights_skip_tracking":false,"_monsterinsights_sitenote_active":false,"_monsterinsights_sitenote_note":"","_monsterinsights_sitenote_category":0,"_uf_show_specific_survey":0,"_uf_disable_surveys":false,"footnotes":""},"class_list":["post-19402","page","type-page","status-publish","has-post-thumbnail","hentry"],"aioseo_notices":[],"_links":{"self":[{"href":"https:\/\/comunitamagnificat.org\/ro\/wp-json\/wp\/v2\/pages\/19402","targetHints":{"allow":["GET"]}}],"collection":[{"href":"https:\/\/comunitamagnificat.org\/ro\/wp-json\/wp\/v2\/pages"}],"about":[{"href":"https:\/\/comunitamagnificat.org\/ro\/wp-json\/wp\/v2\/types\/page"}],"author":[{"embeddable":true,"href":"https:\/\/comunitamagnificat.org\/ro\/wp-json\/wp\/v2\/users\/3"}],"replies":[{"embeddable":true,"href":"https:\/\/comunitamagnificat.org\/ro\/wp-json\/wp\/v2\/comments?post=19402"}],"version-history":[{"count":5,"href":"https:\/\/comunitamagnificat.org\/ro\/wp-json\/wp\/v2\/pages\/19402\/revisions"}],"predecessor-version":[{"id":21370,"href":"https:\/\/comunitamagnificat.org\/ro\/wp-json\/wp\/v2\/pages\/19402\/revisions\/21370"}],"wp:featuredmedia":[{"embeddable":true,"href":"https:\/\/comunitamagnificat.org\/ro\/wp-json\/wp\/v2\/media\/10902"}],"wp:attachment":[{"href":"https:\/\/comunitamagnificat.org\/ro\/wp-json\/wp\/v2\/media?parent=19402"}],"curies":[{"name":"wp","href":"https:\/\/api.w.org\/{rel}","templated":true}]}}