{"id":19404,"date":"2024-08-23T07:45:55","date_gmt":"2024-08-23T05:45:55","guid":{"rendered":"https:\/\/comunitamagnificat.org\/evanghelizare\/"},"modified":"2024-10-05T19:43:30","modified_gmt":"2024-10-05T17:43:30","slug":"evanghelizare","status":"publish","type":"page","link":"https:\/\/comunitamagnificat.org\/ro\/evanghelizare\/","title":{"rendered":"Evanghelizare"},"content":{"rendered":"\n<div style=\"height:30px\" aria-hidden=\"true\" class=\"wp-block-spacer\"><\/div>\n\n<blockquote class=\"wp-block-quote is-layout-flow wp-block-quote-is-layout-flow\"><p><strong><em>Merg\u00e2nd \u00een toat\u0103 lumea,<\/em><\/strong> <strong><em>predica\u0163i evanghelia la toat\u0103 f\u0103ptura!<\/em><\/strong><\/p><cite><em>Marcu<\/em> 16, 15<\/cite><\/blockquote>\n\n<div style=\"height:30px\" aria-hidden=\"true\" class=\"wp-block-spacer\"><\/div>\n\n<p>Una dintre carismele fundamentale pe care Comunitatea Magnificat a recunoscut \u00eentotdeauna c\u0103 a primit-o, sim\u021bind-o ca fiind angajamentul constitutiv al existen\u021bei sale, este evanghelizarea.<\/p>\n\n<div style=\"height:30px\" aria-hidden=\"true\" class=\"wp-block-spacer\"><\/div>\n\n<p>De fapt, preambulul statutului prevede: \u201e<em>Credem c\u0103 Comunitatea s-a n\u0103scut pentru noua evanghelizare. Ea \u00eendepline\u0219te aceast\u0103 misiune nu pentru sine, ci pentru Biseric\u0103, \u0219i o realizeaz\u0103 prin propria m\u0103rturie de via\u021b\u0103 \u0219i proclamare a Evangheliei <\/em>\u201d.<\/p>\n\n<div style=\"height:30px\" aria-hidden=\"true\" class=\"wp-block-spacer\"><\/div>\n\n<p>Primul mod \u00een care Comunitatea evanghelizeaz\u0103 este realizarea ei \u00eens\u0103\u0219i, ca Trup al lui Cristos: la fel ca prima comunitate descris\u0103 \u00een Faptele Apostolilor, Comunitatea a experimentat \u00eentotdeauna c\u0103 \u201e<em>Domnul ad\u0103uga zi de zi la grupul lor pe cei care aveau s\u0103 se m\u00e2ntuiasc\u0103<\/em>\u201d (2, 47).<br\/>Cu toate acestea, al\u0103turi de aceast\u0103 modalitate \u2013 ca s\u0103 spunem a\u0219a \u2013 \u201epasiv\u0103\u201d, exist\u0103 \u0219i toat\u0103 activitatea de vestire prin intermediul m\u0103rturiei \u201ede la persoan\u0103 la persoan\u0103\u201d, menit\u0103 s\u0103 spun\u0103 celor \u00eent\u00e2lni\u021bi \u00een via\u021ba de zi cu zi: \u201eVeni\u021bi \u0219i vede\u021bi\u201d (cf. <em>Ioan<\/em> 1, 46). \u00cen plus, de-a lungul istoriei sale, Comunitatea a organizat \u0219i a tr\u0103it numeroase momente de vestire a Evangheliei: seminarii, misiuni \u00een parohii, \u0219coli, spectacole de evanghelizare\u2026 <\/p>\n\n<div style=\"height:50px\" aria-hidden=\"true\" class=\"wp-block-spacer\"><\/div>\n","protected":false},"excerpt":{"rendered":"<p>Merg\u00e2nd \u00een toat\u0103 lumea, predica\u0163i evanghelia la toat\u0103 f\u0103ptura! Marcu 16, 15 Una dintre carismele fundamentale pe care Comunitatea Magnificat a recunoscut \u00eentotdeauna c\u0103 a primit-o, sim\u021bind-o ca fiind angajamentul constitutiv al existen\u021bei sale, este evanghelizarea. De fapt, preambulul statutului prevede: \u201eCredem c\u0103 Comunitatea s-a n\u0103scut pentru noua evanghelizare. Ea \u00eendepline\u0219te aceast\u0103 misiune nu pentru [&hellip;]<\/p>\n","protected":false},"author":3,"featured_media":10906,"parent":0,"menu_order":0,"comment_status":"closed","ping_status":"closed","template":"","meta":{"om_disable_all_campaigns":false,"_monsterinsights_skip_tracking":false,"_monsterinsights_sitenote_active":false,"_monsterinsights_sitenote_note":"","_monsterinsights_sitenote_category":0,"_uf_show_specific_survey":0,"_uf_disable_surveys":false,"footnotes":""},"class_list":["post-19404","page","type-page","status-publish","has-post-thumbnail","hentry"],"aioseo_notices":[],"_links":{"self":[{"href":"https:\/\/comunitamagnificat.org\/ro\/wp-json\/wp\/v2\/pages\/19404","targetHints":{"allow":["GET"]}}],"collection":[{"href":"https:\/\/comunitamagnificat.org\/ro\/wp-json\/wp\/v2\/pages"}],"about":[{"href":"https:\/\/comunitamagnificat.org\/ro\/wp-json\/wp\/v2\/types\/page"}],"author":[{"embeddable":true,"href":"https:\/\/comunitamagnificat.org\/ro\/wp-json\/wp\/v2\/users\/3"}],"replies":[{"embeddable":true,"href":"https:\/\/comunitamagnificat.org\/ro\/wp-json\/wp\/v2\/comments?post=19404"}],"version-history":[{"count":3,"href":"https:\/\/comunitamagnificat.org\/ro\/wp-json\/wp\/v2\/pages\/19404\/revisions"}],"predecessor-version":[{"id":21387,"href":"https:\/\/comunitamagnificat.org\/ro\/wp-json\/wp\/v2\/pages\/19404\/revisions\/21387"}],"wp:featuredmedia":[{"embeddable":true,"href":"https:\/\/comunitamagnificat.org\/ro\/wp-json\/wp\/v2\/media\/10906"}],"wp:attachment":[{"href":"https:\/\/comunitamagnificat.org\/ro\/wp-json\/wp\/v2\/media?parent=19404"}],"curies":[{"name":"wp","href":"https:\/\/api.w.org\/{rel}","templated":true}]}}