{"id":19418,"date":"2024-08-23T07:46:14","date_gmt":"2024-08-23T05:46:14","guid":{"rendered":"https:\/\/comunitamagnificat.org\/acompaniament-spiritual\/"},"modified":"2024-10-05T19:47:50","modified_gmt":"2024-10-05T17:47:50","slug":"indrumarea-spirituala","status":"publish","type":"page","link":"https:\/\/comunitamagnificat.org\/ro\/indrumarea-spirituala\/","title":{"rendered":"Acompaniament spiritual"},"content":{"rendered":"\n<div style=\"height:30px\" aria-hidden=\"true\" class=\"wp-block-spacer\"><\/div>\n\n<blockquote class=\"wp-block-quote is-layout-flow wp-block-quote-is-layout-flow\"><p><strong><em>Isus \u00eensu\u0219i, apropiindu-se,<\/em><\/strong> <strong><em>mergea \u00eempreun\u0103 cu ei<\/em><\/strong><\/p><cite><em>Luca <\/em>24, 15<\/cite><\/blockquote>\n\n<div style=\"height:30px\" aria-hidden=\"true\" class=\"wp-block-spacer\"><\/div>\n\n<p>Parcurgem drumul \u00eempreun\u0103.<\/p>\n\n<div style=\"height:30px\" aria-hidden=\"true\" class=\"wp-block-spacer\"><\/div>\n\n<p>Fiecare membru al Comunit\u0103\u021bii are un frate, o sor\u0103, care \u00eel \u00eenso\u021be\u0219te \u0219i \u00eel sus\u021bine, care uneori \u00eel oglinde\u0219te sau chiar \u00eel provoac\u0103. Ei se roag\u0103 \u00eempreun\u0103, duc problemele \u00eenaintea lui Dumnezeu, fac discern\u0103m\u00e2nt\u2026 <\/p>\n\n<div style=\"height:30px\" aria-hidden=\"true\" class=\"wp-block-spacer\"><\/div>\n\n<p>\u00cendrumare este un instrument valoros pentru a ne \u00eenr\u0103d\u0103cina \u00een Cristos, pentru a r\u0103m\u00e2ne credincio\u0219i chem\u0103rii, pentru a ne maturiza \u0219i a ne dezvolta uman \u0219i spiritual.<\/p>\n\n<div style=\"height:30px\" aria-hidden=\"true\" class=\"wp-block-spacer\"><\/div>\n\n<p>Comunitatea a elaborat \u0219i a definit liniile generale \u00een cadrul c\u0103rora se desf\u0103\u0219oar\u0103 \u00eendrumarea spiritual\u0103; le-a \u00eemp\u0103rt\u0103\u0219it cu Biserica, iar Arhiepiscopul de Perugia, Monseniorul Gualtiero Bassetti, le-a aprobat \u0219i le-a predat Comunit\u0103\u021bii la 9 februarie 2013.<\/p>\n\n<div style=\"height:30px\" aria-hidden=\"true\" class=\"wp-block-spacer\"><\/div>\n\n<p>Iat\u0103, \u00een format pdf, Linii generale pentru \u00eendrumarea spiritual\u0103 \u00een Comunitate: <\/p>\n\n<div style=\"height:30px\" aria-hidden=\"true\" class=\"wp-block-spacer\"><\/div>\n\n<div class=\"wp-block-columns is-layout-flex wp-container-core-columns-is-layout-9d6595d7 wp-block-columns-is-layout-flex\">\n<div class=\"wp-block-column is-layout-flow wp-block-column-is-layout-flow\" style=\"flex-basis:80%\">\n<div class=\"wp-block-file\"><a href=\"https:\/\/comunitamagnificat.org\/wp-content\/uploads\/2021\/04\/Linee-guida-accompagnamento-1.pdf\"><strong><em><span class=\"has-inline-color has-vivid-red-color\">Linii generale pentru \u00eendrumarea spiritual\u0103<\/span><\/em><\/strong><\/a><a href=\"https:\/\/comunitamagnificat.org\/wp-content\/uploads\/2021\/04\/Linee-guida-accompagnamento-1.pdf\" class=\"wp-block-file__button\" download=\"\">Desc\u0103rcare<\/a><\/div>\n<\/div>\n<\/div>\n\n<div style=\"height:30px\" aria-hidden=\"true\" class=\"wp-block-spacer\"><\/div>\n\n<p>\u0218i iat\u0103 ce a spus Arhiepiscopul cu acea ocazie:<\/p>\n\n<div style=\"height:30px\" aria-hidden=\"true\" class=\"wp-block-spacer\"><\/div>\n\n<div class=\"wp-block-columns is-layout-flex wp-container-core-columns-is-layout-9d6595d7 wp-block-columns-is-layout-flex\">\n<div class=\"wp-block-column is-layout-flow wp-block-column-is-layout-flow\" style=\"flex-basis:15%\"><\/div>\n\n\n\n<div class=\"wp-block-column is-layout-flow wp-block-column-is-layout-flow\" style=\"flex-basis:60%\">\n<figure class=\"wp-block-embed is-type-video is-provider-youtube wp-block-embed-youtube wp-embed-aspect-16-9 wp-has-aspect-ratio\"><div class=\"wp-block-embed__wrapper\"> \n<iframe loading=\"lazy\" title=\"Linee guida per l&#039;accompagnamento spirituale\" width=\"500\" height=\"281\" src=\"https:\/\/www.youtube.com\/embed\/V8d8RwujRmM?feature=oembed\" frameborder=\"0\" allow=\"accelerometer; autoplay; clipboard-write; encrypted-media; gyroscope; picture-in-picture; web-share\" referrerpolicy=\"strict-origin-when-cross-origin\" allowfullscreen><\/iframe>\n <\/div><\/figure>\n<\/div>\n\n\n\n<div class=\"wp-block-column is-layout-flow wp-block-column-is-layout-flow\" style=\"flex-basis:15%\"><\/div>\n<\/div>\n\n<div style=\"height:50px\" aria-hidden=\"true\" class=\"wp-block-spacer\"><\/div>\n","protected":false},"excerpt":{"rendered":"<p>Isus \u00eensu\u0219i, apropiindu-se, mergea \u00eempreun\u0103 cu ei Luca 24, 15 Parcurgem drumul \u00eempreun\u0103. Fiecare membru al Comunit\u0103\u021bii are un frate, o sor\u0103, care \u00eel \u00eenso\u021be\u0219te \u0219i \u00eel sus\u021bine, care uneori \u00eel oglinde\u0219te sau chiar \u00eel provoac\u0103. Ei se roag\u0103 \u00eempreun\u0103, duc problemele \u00eenaintea lui Dumnezeu, fac discern\u0103m\u00e2nt\u2026 \u00cendrumare este un instrument valoros pentru a ne [&hellip;]<\/p>\n","protected":false},"author":3,"featured_media":10894,"parent":0,"menu_order":0,"comment_status":"closed","ping_status":"closed","template":"","meta":{"om_disable_all_campaigns":false,"_monsterinsights_skip_tracking":false,"_monsterinsights_sitenote_active":false,"_monsterinsights_sitenote_note":"","_monsterinsights_sitenote_category":0,"_uf_show_specific_survey":0,"_uf_disable_surveys":false,"footnotes":""},"class_list":["post-19418","page","type-page","status-publish","has-post-thumbnail","hentry"],"aioseo_notices":[],"_links":{"self":[{"href":"https:\/\/comunitamagnificat.org\/ro\/wp-json\/wp\/v2\/pages\/19418","targetHints":{"allow":["GET"]}}],"collection":[{"href":"https:\/\/comunitamagnificat.org\/ro\/wp-json\/wp\/v2\/pages"}],"about":[{"href":"https:\/\/comunitamagnificat.org\/ro\/wp-json\/wp\/v2\/types\/page"}],"author":[{"embeddable":true,"href":"https:\/\/comunitamagnificat.org\/ro\/wp-json\/wp\/v2\/users\/3"}],"replies":[{"embeddable":true,"href":"https:\/\/comunitamagnificat.org\/ro\/wp-json\/wp\/v2\/comments?post=19418"}],"version-history":[{"count":4,"href":"https:\/\/comunitamagnificat.org\/ro\/wp-json\/wp\/v2\/pages\/19418\/revisions"}],"predecessor-version":[{"id":21390,"href":"https:\/\/comunitamagnificat.org\/ro\/wp-json\/wp\/v2\/pages\/19418\/revisions\/21390"}],"wp:featuredmedia":[{"embeddable":true,"href":"https:\/\/comunitamagnificat.org\/ro\/wp-json\/wp\/v2\/media\/10894"}],"wp:attachment":[{"href":"https:\/\/comunitamagnificat.org\/ro\/wp-json\/wp\/v2\/media?parent=19418"}],"curies":[{"name":"wp","href":"https:\/\/api.w.org\/{rel}","templated":true}]}}