{"id":19429,"date":"2024-08-23T07:46:27","date_gmt":"2024-08-23T05:46:27","guid":{"rendered":"https:\/\/comunitamagnificat.org\/visand-visul-lui-dumnezeu\/"},"modified":"2024-10-12T19:27:56","modified_gmt":"2024-10-12T17:27:56","slug":"visand-visul-lui-dumnezeu","status":"publish","type":"page","link":"https:\/\/comunitamagnificat.org\/ro\/visand-visul-lui-dumnezeu\/","title":{"rendered":"\u00abVis\u00e2nd visul lui Dumnezeu\u00bb"},"content":{"rendered":"\n<div style=\"height:30px\" aria-hidden=\"true\" class=\"wp-block-spacer\"><\/div>\n\n\n\n<blockquote class=\"wp-block-quote is-layout-flow wp-block-quote-is-layout-flow\">\n<p><strong><em>S\u0103 ridici cortul<\/em> <em>dup\u0103 modelul<\/em> <em>ce \u0163i s-a ar\u0103tat pe munte!<\/em><\/strong><\/p>\n<cite>Exodul 26, 30<\/cite><\/blockquote>\n\n\n\n<div style=\"height:30px\" aria-hidden=\"true\" class=\"wp-block-spacer\"><\/div>\n\n\n\n<p>Comunitatea este un proiect al lui Dumnezeu.<\/p>\n\n\n\n<div style=\"height:30px\" aria-hidden=\"true\" class=\"wp-block-spacer\"><\/div>\n\n\n\n<p>Membrii Comunit\u0103\u021bii doresc s\u0103 fie constructori ai acestui proiect, care nu este al lor, care le este prezentat pas cu pas.<\/p>\n\n\n\n<div style=\"height:30px\" aria-hidden=\"true\" class=\"wp-block-spacer\"><\/div>\n\n\n\n<p>De multe ori s-a constatat c\u0103 Duhul Sf\u00e2nt indica o direc\u021bie diferit\u0103 de cea imaginat\u0103; de multe ori, Comunitatea s-a confruntat cu propria ei failibilitate, care a \u00eendep\u0103rtat-o de la calea cea bun\u0103, la care a trebuit apoi s\u0103 se \u00eentoarc\u0103.<\/p>\n\n\n\n<div style=\"height:30px\" aria-hidden=\"true\" class=\"wp-block-spacer\"><\/div>\n\n\n\n<p>Dumnezeu are vise mari, cele ale oamenilor sunt mici; de aceea este \u00eentotdeauna necesar s\u0103 ne interog\u0103m, s\u0103 renun\u021b\u0103m la ceea ce ni se pare c\u0103 am realizat deja \u0219i la ceea ce ni se pare c\u0103 am \u00een\u021beles atunci c\u00e2nd Domnul ne dezv\u0103luie o nou\u0103 dimensiune a visului s\u0103u.<\/p>\n\n\n\n<div style=\"height:30px\" aria-hidden=\"true\" class=\"wp-block-spacer\"><\/div>\n\n\n\n<p>Expresia \u201e<em>Vis\u00e2nd visul lui Dumnezeu<\/em>\u201d provine de la o \u00eenv\u0103\u021b\u0103tur\u0103 celebr\u0103 \u021binut\u0103 de Tarcisio Mezzetti, la <em>Cenaclul franciscan<\/em> din Santa Maria degli Angeli, la 10 martie 1985. Aceasta a avut un mare impact asupra Comunit\u0103\u021bii de atunci \u0219i, chiar \u0219i ast\u0103zi, continu\u0103 s\u0103 fie o puternic\u0103 surs\u0103 de inspira\u021bie. <\/p>\n\n\n\n<div style=\"height:30px\" aria-hidden=\"true\" class=\"wp-block-spacer\"><\/div>\n\n\n\n<p>Aici g\u0103si\u021bi \u00eenregistrarea audio original\u0103 din acea zi:<\/p>\n\n\n\n<div style=\"height:30px\" aria-hidden=\"true\" class=\"wp-block-spacer\"><\/div>\n\n\n\n<div class=\"wp-block-columns is-layout-flex wp-container-core-columns-is-layout-9d6595d7 wp-block-columns-is-layout-flex\">\n<div class=\"wp-block-column is-layout-flow wp-block-column-is-layout-flow\" style=\"flex-basis:15%\"><\/div>\n\n\n\n<div class=\"wp-block-column is-layout-flow wp-block-column-is-layout-flow\">\n<figure class=\"wp-block-audio\"><audio controls src=\"https:\/\/comunitamagnificat.org\/wp-content\/uploads\/2021\/04\/Sognare-il-sogno-di-Dio.mp3\"><\/audio><\/figure>\n<\/div>\n\n\n\n<div class=\"wp-block-column is-layout-flow wp-block-column-is-layout-flow\" style=\"flex-basis:15%\"><\/div>\n<\/div>\n\n\n\n<div style=\"height:30px\" aria-hidden=\"true\" class=\"wp-block-spacer\"><\/div>\n\n\n\n<p>Aici este pdf-ul textului catehezei:<\/p>\n\n\n\n<div class=\"wp-block-columns is-layout-flex wp-container-core-columns-is-layout-9d6595d7 wp-block-columns-is-layout-flex\">\n<div class=\"wp-block-column is-layout-flow wp-block-column-is-layout-flow\">\n<div data-wp-interactive=\"core\/file\" class=\"wp-block-file\"><object data-wp-bind--hidden=\"!state.hasPdfPreview\" hidden class=\"wp-block-file__embed\" data=\"https:\/\/comunitamagnificat.org\/wp-content\/uploads\/2024\/10\/VISAND-VISUL-LUI-DUMNEZEU-Tarcisio-Mezzetti.pdf\" type=\"application\/pdf\" style=\"width:100%;height:600px\" aria-label=\"\u00cenglobare pentru VISAND VISUL LUI DUMNEZEU - Tarcisio Mezzetti.\"><\/object><a id=\"wp-block-file--media-01d2cfba-b0bd-4e38-aa1c-b5bba5a60195\" href=\"https:\/\/comunitamagnificat.org\/wp-content\/uploads\/2024\/10\/VISAND-VISUL-LUI-DUMNEZEU-Tarcisio-Mezzetti.pdf\">VISAND VISUL LUI DUMNEZEU &#8211; Tarcisio Mezzetti<\/a><a href=\"https:\/\/comunitamagnificat.org\/wp-content\/uploads\/2024\/10\/VISAND-VISUL-LUI-DUMNEZEU-Tarcisio-Mezzetti.pdf\" class=\"wp-block-file__button wp-element-button\" download aria-describedby=\"wp-block-file--media-01d2cfba-b0bd-4e38-aa1c-b5bba5a60195\">Desc\u0103rcare<\/a><\/div>\n<\/div>\n<\/div>\n\n\n\n<div style=\"height:50px\" aria-hidden=\"true\" class=\"wp-block-spacer\"><\/div>\n","protected":false},"excerpt":{"rendered":"<p>S\u0103 ridici cortul dup\u0103 modelul ce \u0163i s-a ar\u0103tat pe munte! Exodul 26, 30 Comunitatea este un proiect al lui Dumnezeu. Membrii Comunit\u0103\u021bii doresc s\u0103 fie constructori ai acestui proiect, care nu este al lor, care le este prezentat pas cu pas. De multe ori s-a constatat c\u0103 Duhul Sf\u00e2nt indica o direc\u021bie diferit\u0103 de [&hellip;]<\/p>\n","protected":false},"author":3,"featured_media":10882,"parent":0,"menu_order":0,"comment_status":"closed","ping_status":"closed","template":"","meta":{"om_disable_all_campaigns":false,"_monsterinsights_skip_tracking":false,"_monsterinsights_sitenote_active":false,"_monsterinsights_sitenote_note":"","_monsterinsights_sitenote_category":0,"_uf_show_specific_survey":0,"_uf_disable_surveys":false,"footnotes":""},"class_list":["post-19429","page","type-page","status-publish","has-post-thumbnail","hentry"],"aioseo_notices":[],"_links":{"self":[{"href":"https:\/\/comunitamagnificat.org\/ro\/wp-json\/wp\/v2\/pages\/19429","targetHints":{"allow":["GET"]}}],"collection":[{"href":"https:\/\/comunitamagnificat.org\/ro\/wp-json\/wp\/v2\/pages"}],"about":[{"href":"https:\/\/comunitamagnificat.org\/ro\/wp-json\/wp\/v2\/types\/page"}],"author":[{"embeddable":true,"href":"https:\/\/comunitamagnificat.org\/ro\/wp-json\/wp\/v2\/users\/3"}],"replies":[{"embeddable":true,"href":"https:\/\/comunitamagnificat.org\/ro\/wp-json\/wp\/v2\/comments?post=19429"}],"version-history":[{"count":7,"href":"https:\/\/comunitamagnificat.org\/ro\/wp-json\/wp\/v2\/pages\/19429\/revisions"}],"predecessor-version":[{"id":21503,"href":"https:\/\/comunitamagnificat.org\/ro\/wp-json\/wp\/v2\/pages\/19429\/revisions\/21503"}],"wp:featuredmedia":[{"embeddable":true,"href":"https:\/\/comunitamagnificat.org\/ro\/wp-json\/wp\/v2\/media\/10882"}],"wp:attachment":[{"href":"https:\/\/comunitamagnificat.org\/ro\/wp-json\/wp\/v2\/media?parent=19429"}],"curies":[{"name":"wp","href":"https:\/\/api.w.org\/{rel}","templated":true}]}}