{"id":19433,"date":"2024-08-23T07:46:33","date_gmt":"2024-08-23T05:46:33","guid":{"rendered":"https:\/\/comunitamagnificat.org\/manastire-cu-ziduri-invizibile\/"},"modified":"2025-01-22T17:39:58","modified_gmt":"2025-01-22T16:39:58","slug":"manastire-cu-ziduri-invizibile","status":"publish","type":"page","link":"https:\/\/comunitamagnificat.org\/ro\/manastire-cu-ziduri-invizibile\/","title":{"rendered":"&#8222;M\u0103n\u0103stire cu ziduri invizibile"},"content":{"rendered":"\n<div style=\"height:30px\" aria-hidden=\"true\" class=\"wp-block-spacer\"><\/div>\n\n<blockquote class=\"wp-block-quote is-layout-flow wp-block-quote-is-layout-flow\">\n<p><strong><em>Cu ce voi asem\u0103na \u00eemp\u0103r\u0103\u021bia lui Dumnezeu? <br\/>Este asemenea cu pl\u0103mada pe care o femeie, lu\u00e2nd-o, o ascunde \u00een trei m\u0103suri de f\u0103in\u0103 p\u00e2n\u0103 c\u00e2nd dospe\u0219te totul<\/em><\/strong><\/p>\n<cite>Luca 13, 20-21<\/cite><\/blockquote>\n\n<div style=\"height:30px\" aria-hidden=\"true\" class=\"wp-block-spacer\"><\/div>\n\n<p>Viziunea pe care Domnul a oferit-o Comunit\u0103\u021bii \u00eenc\u0103 din primii s\u0103i ani a fost aceea a unei chem\u0103ri la &#8222;<a href=\"https:\/\/edizioni.comunitamagnificat.org\/prodotto\/verso-un-nuovo-monachesimo\/\" target=\"_blank\" rel=\"noopener\" title=\"\"><strong>un nou monahism<\/strong><\/a>&#8222;. B\u0103rba\u021bi \u0219i femei, amesteca\u021bi \u00een lume, care nu \u00eei apar\u021bin pentru c\u0103 au decis s\u0103 \u00eei apar\u021bin\u0103 lui Dumnezeu, devenind &#8222;una&#8221;<em>(m\u00f2nos<\/em>) \u00eentre ei \u0219i cu Dumnezeu. <\/p>\n\n<div style=\"height:30px\" aria-hidden=\"true\" class=\"wp-block-spacer\"><\/div>\n\n<p>M\u0103rturia comunit\u0103\u021bii poate fi foarte eficient\u0103 deoarece este format\u0103 din laici care tr\u0103iesc totu\u0219i ca \u0219i \u201ec\u0103lug\u0103ri\u201d.<\/p>\n\n<div style=\"height:30px\" aria-hidden=\"true\" class=\"wp-block-spacer\"><\/div>\n\n<p>Membrii Comunit\u0103\u021bii doresc s\u0103 \u00ee\u0219i d\u0103ruiasc\u0103 via\u021ba lui Dumnezeu \u00een mod absolut, f\u0103r\u0103 remu\u0219c\u0103ri sau limite, chiar dac\u0103 via\u021ba de familie, munca \u0219i haosul cotidian par s\u0103 fac\u0103 imposibil\u0103 dedicarea total\u0103. \u0218i totu\u0219i, Cristos continu\u0103 s\u0103 le-o cear\u0103 \u0219i \u00eempline\u0219te aceasta cu r\u0103bdare, biruind rezisten\u021ba noastr\u0103. <\/p>\n\n<div style=\"height:30px\" aria-hidden=\"true\" class=\"wp-block-spacer\"><\/div>\n\n<p>Acesta este motivul pentru care Comunitatea este o \u0219coal\u0103 divin\u0103, un atelier de ucenicie practic\u0103 de purificare a inimii, de rug\u0103ciune, de slujire. Acest lucru necesit\u0103 o anumit\u0103 <em>stabilitas<\/em>, care permite ca aceast\u0103 ucenicie s\u0103 aib\u0103 loc. Acesta este motivul pentru care Comunitatea are propriile ziduri \u0219i por\u021bi, o <em>Regul\u0103 <\/em>\u0219i un <em>Angajament de Alian\u021b\u0103<\/em>, se organizeaz\u0103 \u00een Fraternit\u0103\u021bi, stabile\u0219te responsabili, se constituie ca <em>un ora\u0219 pe munte<\/em>.  <\/p>\n\n<div style=\"height:50px\" aria-hidden=\"true\" class=\"wp-block-spacer\"><\/div>\n","protected":false},"excerpt":{"rendered":"<p>Cu ce voi asem\u0103na \u00eemp\u0103r\u0103\u021bia lui Dumnezeu? Este asemenea cu pl\u0103mada pe care o femeie, lu\u00e2nd-o, o ascunde \u00een trei m\u0103suri de f\u0103in\u0103 p\u00e2n\u0103 c\u00e2nd dospe\u0219te totul Luca 13, 20-21 Viziunea pe care Domnul a oferit-o Comunit\u0103\u021bii \u00eenc\u0103 din primii s\u0103i ani a fost aceea a unei chem\u0103ri la &#8222;un nou monahism&#8222;. B\u0103rba\u021bi \u0219i femei, [&hellip;]<\/p>\n","protected":false},"author":3,"featured_media":10886,"parent":0,"menu_order":0,"comment_status":"closed","ping_status":"closed","template":"","meta":{"om_disable_all_campaigns":false,"_monsterinsights_skip_tracking":false,"_monsterinsights_sitenote_active":false,"_monsterinsights_sitenote_note":"","_monsterinsights_sitenote_category":0,"_uf_show_specific_survey":0,"_uf_disable_surveys":false,"footnotes":""},"class_list":["post-19433","page","type-page","status-publish","has-post-thumbnail","hentry"],"aioseo_notices":[],"_links":{"self":[{"href":"https:\/\/comunitamagnificat.org\/ro\/wp-json\/wp\/v2\/pages\/19433","targetHints":{"allow":["GET"]}}],"collection":[{"href":"https:\/\/comunitamagnificat.org\/ro\/wp-json\/wp\/v2\/pages"}],"about":[{"href":"https:\/\/comunitamagnificat.org\/ro\/wp-json\/wp\/v2\/types\/page"}],"author":[{"embeddable":true,"href":"https:\/\/comunitamagnificat.org\/ro\/wp-json\/wp\/v2\/users\/3"}],"replies":[{"embeddable":true,"href":"https:\/\/comunitamagnificat.org\/ro\/wp-json\/wp\/v2\/comments?post=19433"}],"version-history":[{"count":5,"href":"https:\/\/comunitamagnificat.org\/ro\/wp-json\/wp\/v2\/pages\/19433\/revisions"}],"predecessor-version":[{"id":22619,"href":"https:\/\/comunitamagnificat.org\/ro\/wp-json\/wp\/v2\/pages\/19433\/revisions\/22619"}],"wp:featuredmedia":[{"embeddable":true,"href":"https:\/\/comunitamagnificat.org\/ro\/wp-json\/wp\/v2\/media\/10886"}],"wp:attachment":[{"href":"https:\/\/comunitamagnificat.org\/ro\/wp-json\/wp\/v2\/media?parent=19433"}],"curies":[{"name":"wp","href":"https:\/\/api.w.org\/{rel}","templated":true}]}}