{"id":19437,"date":"2024-08-23T07:46:42","date_gmt":"2024-08-23T05:46:42","guid":{"rendered":"https:\/\/comunitamagnificat.org\/contemplatie-si-actiune\/"},"modified":"2024-10-05T19:40:25","modified_gmt":"2024-10-05T17:40:25","slug":"contemplatie-si-actiune","status":"publish","type":"page","link":"https:\/\/comunitamagnificat.org\/ro\/contemplatie-si-actiune\/","title":{"rendered":"Contempla\u021bie \u0219i ac\u021biune"},"content":{"rendered":"\n<div style=\"height:30px\" aria-hidden=\"true\" class=\"wp-block-spacer\"><\/div>\n\n<blockquote class=\"wp-block-quote is-layout-flow wp-block-quote-is-layout-flow\">\n<p><strong><em>Apoi s-a urcat pe munte \u0219i i-a chemat pe cei pe care i-a voit el, iar ei au venit la el. A constituit doisprezece, pe care i-a numit \u015fi apostoli, ca s\u0103 fie cu el, s\u0103-i trimit\u0103 s\u0103 predice \u0219i s\u0103 aib\u0103 puterea s\u0103 scoat\u0103 diavoli<\/em><\/strong><\/p>\n<cite><em>Marcu<\/em> 3, 13-15<\/cite><\/blockquote>\n\n<div style=\"height:30px\" aria-hidden=\"true\" class=\"wp-block-spacer\"><\/div>\n\n<p><em>Preambulul<\/em> Statutului afirm\u0103: \u201e<em>Credem c\u0103 numele Magnificat indic\u0103 faptul c\u0103 fiecare membru al Comunit\u0103\u021bii inten\u021bioneaz\u0103 s\u0103 uneasc\u0103<\/em> contempla\u021bia <em>cu<\/em> ac\u021biunea<em>, precum Maria care, de \u00eendat\u0103 ce a primit darul lui Isus \u00een ea \u00eens\u0103\u0219i, s-a gr\u0103bit s\u0103 i-l aduc\u0103 Elisabetei<\/em>\u201d.<\/p>\n\n<div style=\"height:30px\" aria-hidden=\"true\" class=\"wp-block-spacer\"><\/div>\n\n<p>Nu-L po\u021bi primi cu adev\u0103rat pe Iisus f\u0103r\u0103 s\u0103-L aduci altora!<\/p>\n\n<div style=\"height:30px\" aria-hidden=\"true\" class=\"wp-block-spacer\"><\/div>\n\n<p>Prin urmare, via\u021ba spiritual\u0103 a trupului comunitar alterneaz\u0103 constant \u00eentre <em>adora\u021bie<\/em> \u0219i <em>slujire<\/em>, \u00eentre <em>a fi cu Isus<\/em> \u0219i <em>a merge s\u0103 predici,<\/em> \u00eentre <em>Tabor<\/em> \u0219i <em>vale<\/em>.<\/p>\n\n<div style=\"height:30px\" aria-hidden=\"true\" class=\"wp-block-spacer\"><\/div>\n\n<p>Pe Tabor totul pare u\u0219or, vocea lui Dumnezeu este clar\u0103, inima este plin\u0103 de bucurie: ora de adora\u021bie nocturn\u0103, anumite rug\u0103ciuni comunitare care regret\u0103 c\u0103 se termin\u0103, o rug\u0103ciune despre fratele cuiva c\u00e2nd ac\u021biunea lui Dumnezeu este tangibil\u0103&#8230; apoi cobori de pe munte, te confrun\u021bi cu limitele tale \u0219i ale celorlal\u021bi, cu oboseala Evangheliei.\nDar nu exist\u0103 una f\u0103r\u0103 cealalt\u0103: valea \u0219i muntele se privesc reciproc. <\/p>\n\n<div style=\"height:50px\" aria-hidden=\"true\" class=\"wp-block-spacer\"><\/div>\n\n<p><\/p>\n","protected":false},"excerpt":{"rendered":"<p>Apoi s-a urcat pe munte \u0219i i-a chemat pe cei pe care i-a voit el, iar ei au venit la el. A constituit doisprezece, pe care i-a numit \u015fi apostoli, ca s\u0103 fie cu el, s\u0103-i trimit\u0103 s\u0103 predice \u0219i s\u0103 aib\u0103 puterea s\u0103 scoat\u0103 diavoli Marcu 3, 13-15 Preambulul Statutului afirm\u0103: \u201eCredem c\u0103 numele [&hellip;]<\/p>\n","protected":false},"author":3,"featured_media":10878,"parent":0,"menu_order":0,"comment_status":"closed","ping_status":"closed","template":"","meta":{"om_disable_all_campaigns":false,"_monsterinsights_skip_tracking":false,"_monsterinsights_sitenote_active":false,"_monsterinsights_sitenote_note":"","_monsterinsights_sitenote_category":0,"_uf_show_specific_survey":0,"_uf_disable_surveys":false,"footnotes":""},"class_list":["post-19437","page","type-page","status-publish","has-post-thumbnail","hentry"],"aioseo_notices":[],"_links":{"self":[{"href":"https:\/\/comunitamagnificat.org\/ro\/wp-json\/wp\/v2\/pages\/19437","targetHints":{"allow":["GET"]}}],"collection":[{"href":"https:\/\/comunitamagnificat.org\/ro\/wp-json\/wp\/v2\/pages"}],"about":[{"href":"https:\/\/comunitamagnificat.org\/ro\/wp-json\/wp\/v2\/types\/page"}],"author":[{"embeddable":true,"href":"https:\/\/comunitamagnificat.org\/ro\/wp-json\/wp\/v2\/users\/3"}],"replies":[{"embeddable":true,"href":"https:\/\/comunitamagnificat.org\/ro\/wp-json\/wp\/v2\/comments?post=19437"}],"version-history":[{"count":4,"href":"https:\/\/comunitamagnificat.org\/ro\/wp-json\/wp\/v2\/pages\/19437\/revisions"}],"predecessor-version":[{"id":21385,"href":"https:\/\/comunitamagnificat.org\/ro\/wp-json\/wp\/v2\/pages\/19437\/revisions\/21385"}],"wp:featuredmedia":[{"embeddable":true,"href":"https:\/\/comunitamagnificat.org\/ro\/wp-json\/wp\/v2\/media\/10878"}],"wp:attachment":[{"href":"https:\/\/comunitamagnificat.org\/ro\/wp-json\/wp\/v2\/media?parent=19437"}],"curies":[{"name":"wp","href":"https:\/\/api.w.org\/{rel}","templated":true}]}}