{"id":20568,"date":"2024-08-23T09:12:48","date_gmt":"2024-08-23T07:12:48","guid":{"rendered":"https:\/\/comunitamagnificat.org\/politica-privind-cookie-urile\/"},"modified":"2024-08-23T09:12:51","modified_gmt":"2024-08-23T07:12:51","slug":"politica-privind-cookie-urile","status":"publish","type":"page","link":"https:\/\/comunitamagnificat.org\/ro\/politica-privind-cookie-urile\/","title":{"rendered":"Politica privind cookie-urile"},"content":{"rendered":"\n<div style=\"height:50px\" aria-hidden=\"true\" class=\"wp-block-spacer\"><\/div>\n\n<h1 class=\"wp-block-heading\">Informa\u021bii detaliate privind utilizarea modulelor cookie pe site<\/h1>\n\n<div style=\"height:20px\" aria-hidden=\"true\" class=\"wp-block-spacer\"><\/div>\n\n<p>Prin urmare, \u00een conformitate cu Regulamentul UE 679\/2016 (GDPR), oferim utilizatorilor site-ului c\u00e2teva informa\u021bii privind modulele cookie utilizate.<\/p>\n\n<div style=\"height:20px\" aria-hidden=\"true\" class=\"wp-block-spacer\"><\/div>\n\n<h2 class=\"wp-block-heading\">Ce sunt modulele cookie<\/h2>\n\n<div style=\"height:20px\" aria-hidden=\"true\" class=\"wp-block-spacer\"><\/div>\n\n<p>Cookie-urile sunt fi\u0219iere care iau \u00een considerare preferin\u021bele utilizatorului de internet \u0219i sunt stocate \u00een browserul utilizat (Internet Explorer, Mozilla Firefox, Google Chrome etc.) pentru a \u00eembun\u0103t\u0103\u021bi experien\u021ba de navigare \u0219i a personaliza con\u021binutul \u00een func\u021bie de preferin\u021bele utilizatorului.<\/p>\n\n<div style=\"height:20px\" aria-hidden=\"true\" class=\"wp-block-spacer\"><\/div>\n\n<p>Atunci c\u00e2nd naviga\u021bi pe acest site, este posibil s\u0103 primi\u021bi, de asemenea, module cookie &#8222;ter\u021be p\u0103r\u021bi&#8221; \u00een echipamentul terminal, deoarece site-ul con\u021bine elemente care se afl\u0103 pe alte servere dec\u00e2t cel pe care se afl\u0103 pagina solicitat\u0103.<\/p>\n\n<div style=\"height:20px\" aria-hidden=\"true\" class=\"wp-block-spacer\"><\/div>\n\n<p>Cookie-urile sunt utilizate pentru a efectua autentificarea computerului, urm\u0103rirea sesiunii \u0219i stocarea de informa\u021bii specifice despre utilizatorii care acceseaz\u0103 serverul pentru a \u00eembun\u0103t\u0103\u021bi experien\u021ba de navigare \u0219i a o face c\u00e2t mai personalizat\u0103 posibil.<\/p>\n\n<div style=\"height:20px\" aria-hidden=\"true\" class=\"wp-block-spacer\"><\/div>\n\n<h2 class=\"wp-block-heading\">Module cookie utilizate pe site<\/h2>\n\n<div style=\"height:20px\" aria-hidden=\"true\" class=\"wp-block-spacer\"><\/div>\n\n<p>Acest site utilizeaz\u0103 numai module cookie tehnice, pentru care nu este necesar consim\u021b\u0103m\u00e2ntul persoanei vizate \u00een conformitate cu GDPR.<\/p>\n\n<div style=\"height:20px\" aria-hidden=\"true\" class=\"wp-block-spacer\"><\/div>\n\n<h3 class=\"wp-block-heading\">Site-ul utilizeaz\u0103<\/h3>\n\n<div style=\"height:20px\" aria-hidden=\"true\" class=\"wp-block-spacer\"><\/div>\n\n<ul class=\"wp-block-list\"><li>Cookie-uri tehnice necesare pentru navigarea utilizatorului, necesare pentru ca anumite zone ale site-ului s\u0103 func\u021bioneze corect.\nF\u0103r\u0103 aceste module cookie, site-ul sau anumite p\u0103r\u021bi ale acestuia pot s\u0103 nu func\u021bioneze corespunz\u0103tor.\nPrin urmare, acestea sunt utilizate \u00eentotdeauna, indiferent de preferin\u021bele utilizatorului.  <\/li><li>Cookie-uri tehnice func\u021bionale, care faciliteaz\u0103 navigarea utilizatorului.<\/li><li>Cookie-ul tehnic care, p\u00e2n\u0103 la expirarea sa, nu afi\u0219eaz\u0103 bannerul cu informa\u021bii scurte utilizatorului care a vizitat deja site-ul \u0219i a acceptat cookie-ul.<\/li><\/ul>\n\n<div style=\"height:20px\" aria-hidden=\"true\" class=\"wp-block-spacer\"><\/div>\n\n<p>Toate modulele cookie enumerate mai sus pot fi utilizate f\u0103r\u0103 a solicita consim\u021b\u0103m\u00e2ntul utilizatorului, deoarece sunt strict necesare pentru furnizarea serviciului.<\/p>\n\n<div style=\"height:20px\" aria-hidden=\"true\" class=\"wp-block-spacer\"><\/div>\n\n<h3 class=\"wp-block-heading\">Module cookie de la ter\u021bi utilizate pe site<\/h3>\n\n<div style=\"height:20px\" aria-hidden=\"true\" class=\"wp-block-spacer\"><\/div>\n\n<p>Prin aceasta, sunt instalate anumite module cookie ter\u021b\u0103 parte, inclusiv module cookie de profilare, care sunt activate f\u0103c\u00e2nd clic pe &#8222;accept&#8221; pe banner sau continu\u00e2nd s\u0103 navigheze pe site.\nAici sunt prezentate detaliile cookie-urilor ter\u021be individuale \u0219i link-urile prin care utilizatorul poate primi informa\u021bii suplimentare \u0219i poate solicita dezactivarea. <\/p>\n\n<div style=\"height:20px\" aria-hidden=\"true\" class=\"wp-block-spacer\"><\/div>\n\n<h3 class=\"wp-block-heading\">Google Analytics<\/h3>\n\n<div style=\"height:20px\" aria-hidden=\"true\" class=\"wp-block-spacer\"><\/div>\n\n<p>Site-ul utilizeaz\u0103 Google Analytics, un serviciu de analiz\u0103 web furnizat de Google Inc.\ncare utilizeaz\u0103 module cookie care sunt stocate pe computerul utilizatorului pentru a permite analiza statistic\u0103 \u00een form\u0103 agregat\u0103 a utiliz\u0103rii site-ului.\nDatele generate de Google Analytics sunt stocate de Google, a\u0219a cum se indic\u0103 \u00een Nota de informare disponibil\u0103 <a href=\"https:\/\/developers.google.com\/analytics\/devguides\/collection\/analyticsjs\/cookie-usage\" target=\"_blank\" rel=\"noreferrer noopener\">aici.<\/a>  <\/p>\n\n<div style=\"height:20px\" aria-hidden=\"true\" class=\"wp-block-spacer\"><\/div>\n\n<p>Pentru a consulta politica de confiden\u021bialitate a Google Inc., operatorul autonom de date al serviciului Google Analytics, face\u021bi clic <a href=\"https:\/\/www.google.com\/intl\/it_ALL\/analytics\/learn\/privacy.html\" target=\"_blank\" rel=\"noreferrer noopener\">aici<\/a>.<\/p>\n\n<div style=\"height:20px\" aria-hidden=\"true\" class=\"wp-block-spacer\"><\/div>\n\n<p>Prin intermediul acestui <a href=\"https:\/\/tools.google.com\/dlpage\/gaoptout?hl=it\" target=\"_blank\" rel=\"noreferrer noopener\">link<\/a>, Google pune la dispozi\u021bie add-on-ul de browser pentru dezactivarea Google Analytics.<\/p>\n\n<div style=\"height:20px\" aria-hidden=\"true\" class=\"wp-block-spacer\"><\/div>\n\n<h3 class=\"wp-block-heading\">Re\u021bele sociale<\/h3>\n\n<div style=\"height:20px\" aria-hidden=\"true\" class=\"wp-block-spacer\"><\/div>\n\n<p>Butoanele sociale sunt butoane de pe site care permit utilizatorilor care navigheaz\u0103 s\u0103 interac\u021bioneze cu un &#8222;clic&#8221; direct cu re\u021belele sociale.<\/p>\n\n<div style=\"height:20px\" aria-hidden=\"true\" class=\"wp-block-spacer\"><\/div>\n\n<p>Acestea sunt utilizate de acest site ca leg\u0103turi c\u0103tre conturile proprietarului sau ale navigatorului de pe re\u021beaua social\u0103 identificat\u0103.\nPrin urmare, pe acest site nu sunt instalate cookie-uri de la ter\u021bi prin utilizarea acestor butoane.\nIat\u0103 linkurile prin care utilizatorul poate vizualiza politica de confiden\u021bialitate referitoare la gestionarea datelor de c\u0103tre re\u021belele sociale la care se refer\u0103 butoanele.  <\/p>\n\n<div style=\"height:20px\" aria-hidden=\"true\" class=\"wp-block-spacer\"><\/div>\n\n<p><a href=\"https:\/\/help.twitter.com\/it\/rules-and-policies\/twitter-cookies\" target=\"_blank\" rel=\"noreferrer noopener\">Politica Twitter Link<\/a><br\/><a href=\"https:\/\/www.facebook.com\/policies\/cookies\/\" target=\"_blank\" rel=\"noreferrer noopener\">Politica Facebook Link<\/a><br\/><a href=\"https:\/\/www.linkedin.com\/legal\/cookie_policy\" target=\"_blank\" rel=\"noreferrer noopener\">Link politic\u0103 Linkedin<\/a><br\/><a href=\"https:\/\/policies.google.com\/privacy?hl=it\" target=\"_blank\" rel=\"noreferrer noopener\">Politica Google+ Link<\/a><br\/><a href=\"https:\/\/policy.pinterest.com\/it\/privacy-policy\" target=\"_blank\" rel=\"noreferrer noopener\">Politica Pinterest Link<\/a><\/p>\n\n<div style=\"height:20px\" aria-hidden=\"true\" class=\"wp-block-spacer\"><\/div>\n\n<h3 class=\"wp-block-heading\">Fonturi web<\/h3>\n\n<div style=\"height:20px\" aria-hidden=\"true\" class=\"wp-block-spacer\"><\/div>\n\n<p>Google Fonts este un serviciu al Google Inc.\ncare v\u0103 permite s\u0103 \u00eencorpora\u021bi \u0219i s\u0103 afi\u0219a\u021bi stiluri de fonturi personalizate.\nAcesta poate colecta date de utilizare \u00een cookie-uri.  <\/p>\n\n<div style=\"height:20px\" aria-hidden=\"true\" class=\"wp-block-spacer\"><\/div>\n\n<p><a href=\"https:\/\/policies.google.com\/privacy?hl=en&gl=it\" target=\"_blank\" rel=\"noreferrer noopener\"><\/a><a href=\"https:\/\/policies.google.com\/privacy?hl=en&gl=it\">Link c\u0103tre Politica Google<\/a><\/p>\n\n<div style=\"height:20px\" aria-hidden=\"true\" class=\"wp-block-spacer\"><\/div>\n\n<h3 class=\"wp-block-heading\">YouTube \u0219i Vimeo<\/h3>\n\n<div style=\"height:20px\" aria-hidden=\"true\" class=\"wp-block-spacer\"><\/div>\n\n<p>YouTube (operat de Google Inc.) \u0219i Vimeo sunt servicii dedicate afi\u0219\u0103rii de con\u021binut video cu posibilitatea integr\u0103rii filmelor \u00een paginile propriului site.\nAmbele colecteaz\u0103 date de utilizare \u00een cookie-uri. <\/p>\n\n<div style=\"height:20px\" aria-hidden=\"true\" class=\"wp-block-spacer\"><\/div>\n\n<p><a href=\"https:\/\/policies.google.com\/privacy?hl=it&gl=it\" target=\"_blank\" rel=\"noreferrer noopener\">Politica YouTube Link<\/a><br\/><a href=\"https:\/\/vimeo.com\/privacy\" target=\"_blank\" rel=\"noreferrer noopener\">Politica Vimeo Link<\/a><\/p>\n\n<div style=\"height:20px\" aria-hidden=\"true\" class=\"wp-block-spacer\"><\/div>\n\n<h2 class=\"wp-block-heading\">Modalit\u0103\u021bi de tratament<\/h2>\n\n<div style=\"height:20px\" aria-hidden=\"true\" class=\"wp-block-spacer\"><\/div>\n\n<p>Prelucrarea este efectuat\u0103 cu ajutorul unor instrumente automatizate \u0219i nu are loc nicio diseminare sau comunicare.<\/p>\n\n<div style=\"height:20px\" aria-hidden=\"true\" class=\"wp-block-spacer\"><\/div>\n\n<h2 class=\"wp-block-heading\">Furnizarea de date<\/h2>\n\n<div style=\"height:20px\" aria-hidden=\"true\" class=\"wp-block-spacer\"><\/div>\n\n<p>Cu excep\u021bia cookie-urilor tehnice strict necesare pentru navigarea normal\u0103, furnizarea de date este l\u0103sat\u0103 la latitudinea persoanei \u00een cauz\u0103 care decide s\u0103 navigheze pe site dup\u0103 ce a citit informa\u021biile succinte con\u021binute \u00een bannerul specific \u0219i s\u0103 utilizeze serviciile care implic\u0103 instalarea de cookie-uri.<\/p>\n\n<div style=\"height:20px\" aria-hidden=\"true\" class=\"wp-block-spacer\"><\/div>\n\n<h2 class=\"wp-block-heading\">P\u0103strarea modulelor cookie<\/h2>\n\n<div style=\"height:20px\" aria-hidden=\"true\" class=\"wp-block-spacer\"><\/div>\n\n<p>Cookie-urile vor fi utilizate \u00een deplin\u0103 conformitate cu GDPR at\u00e2t timp c\u00e2t este necesar pentru atingerea scopurilor pentru care au fost colectate datele \u0219i, \u00een orice caz, nu mai mult de 3 ani de la colectarea lor.<\/p>\n\n<div style=\"height:20px\" aria-hidden=\"true\" class=\"wp-block-spacer\"><\/div>\n\n<h2 class=\"wp-block-heading\">Dezactivarea modulelor cookie<\/h2>\n\n<div style=\"height:20px\" aria-hidden=\"true\" class=\"wp-block-spacer\"><\/div>\n\n<p>F\u0103r\u0103 a aduce atingere celor de mai sus privind modulele cookie care sunt strict necesare pentru navigare, utilizatorii pot gestiona sau limita alte module cookie direct prin intermediul browserului lor.<\/p>\n\n<div style=\"height:20px\" aria-hidden=\"true\" class=\"wp-block-spacer\"><\/div>\n\n<p>Cu toate acestea, fiecare browser are proceduri diferite pentru gestionarea set\u0103rilor.\nUtilizatorul poate ob\u021bine instruc\u021biuni specifice prin intermediul linkurilor de mai jos. <\/p>\n\n<div style=\"height:20px\" aria-hidden=\"true\" class=\"wp-block-spacer\"><\/div>\n\n<p><a href=\"https:\/\/support.microsoft.com\/en-us\/help\/17442\/windows-internet-explorer-delete-manage-cookies\" target=\"_blank\" rel=\"noreferrer noopener\">Microsoft Internet Explorer<\/a><br\/><a href=\"https:\/\/support.google.com\/chrome\/answer\/95647?hl=it&p=cpn_cookies\" target=\"_blank\" rel=\"noreferrer noopener\">Google Chrome<\/a><br\/><a href=\"https:\/\/support.mozilla.org\/it\/kb\/Attivare%20e%20disattivare%20i%20cookie\" target=\"_blank\" rel=\"noreferrer noopener\">Mozilla Firefox<\/a><br\/><a href=\"https:\/\/support.apple.com\/kb\/PH17191?viewlocale=it_IT&locale=it_IT\" target=\"_blank\" rel=\"noreferrer noopener\">Apple Safari<\/a><br\/><a href=\"http:\/\/help.opera.com\/Windows\/10.00\/it\/cookies.html\" target=\"_blank\" rel=\"noreferrer noopener\">Opera<\/a><\/p>\n\n<div style=\"height:20px\" aria-hidden=\"true\" class=\"wp-block-spacer\"><\/div>\n\n<p>Dezactivarea modulelor cookie de la ter\u021bi este posibil\u0103 \u0219i prin metodele puse la dispozi\u021bie direct de c\u0103tre compania ter\u021b\u0103 responsabil\u0103 pentru o astfel de prelucrare, dup\u0103 cum se indic\u0103 \u00een linkurile oferite \u00een sec\u021biunea &#8222;Module cookie de la ter\u021bi utilizate pe site&#8221;.<\/p>\n\n<div style=\"height:20px\" aria-hidden=\"true\" class=\"wp-block-spacer\"><\/div>\n\n<h2 class=\"wp-block-heading\">Drepturile persoanei vizate<\/h2>\n\n<div style=\"height:20px\" aria-hidden=\"true\" class=\"wp-block-spacer\"><\/div>\n\n<p>Persoana vizat\u0103 \u00ee\u0219i poate exercita \u00een orice moment, prin trimiterea unui e-mail c\u0103tre operatorul de date, drepturile prev\u0103zute \u00een Regulamentul UE 679\/2016<\/p>\n\n<div style=\"height:50px\" aria-hidden=\"true\" class=\"wp-block-spacer\"><\/div>\n","protected":false},"excerpt":{"rendered":"<p>Informa\u021bii detaliate privind utilizarea modulelor cookie pe site Prin urmare, \u00een conformitate cu Regulamentul UE 679\/2016 (GDPR), oferim utilizatorilor site-ului c\u00e2teva informa\u021bii privind modulele cookie utilizate. Ce sunt modulele cookie Cookie-urile sunt fi\u0219iere care iau \u00een considerare preferin\u021bele utilizatorului de internet \u0219i sunt stocate \u00een browserul utilizat (Internet Explorer, Mozilla Firefox, Google Chrome etc.) pentru [&hellip;]<\/p>\n","protected":false},"author":2,"featured_media":10722,"parent":0,"menu_order":0,"comment_status":"closed","ping_status":"closed","template":"","meta":{"om_disable_all_campaigns":false,"_monsterinsights_skip_tracking":false,"_monsterinsights_sitenote_active":false,"_monsterinsights_sitenote_note":"","_monsterinsights_sitenote_category":0,"_uf_show_specific_survey":0,"_uf_disable_surveys":false,"footnotes":""},"class_list":["post-20568","page","type-page","status-publish","has-post-thumbnail","hentry"],"aioseo_notices":[],"_links":{"self":[{"href":"https:\/\/comunitamagnificat.org\/ro\/wp-json\/wp\/v2\/pages\/20568","targetHints":{"allow":["GET"]}}],"collection":[{"href":"https:\/\/comunitamagnificat.org\/ro\/wp-json\/wp\/v2\/pages"}],"about":[{"href":"https:\/\/comunitamagnificat.org\/ro\/wp-json\/wp\/v2\/types\/page"}],"author":[{"embeddable":true,"href":"https:\/\/comunitamagnificat.org\/ro\/wp-json\/wp\/v2\/users\/2"}],"replies":[{"embeddable":true,"href":"https:\/\/comunitamagnificat.org\/ro\/wp-json\/wp\/v2\/comments?post=20568"}],"version-history":[{"count":1,"href":"https:\/\/comunitamagnificat.org\/ro\/wp-json\/wp\/v2\/pages\/20568\/revisions"}],"predecessor-version":[{"id":20569,"href":"https:\/\/comunitamagnificat.org\/ro\/wp-json\/wp\/v2\/pages\/20568\/revisions\/20569"}],"wp:featuredmedia":[{"embeddable":true,"href":"https:\/\/comunitamagnificat.org\/ro\/wp-json\/wp\/v2\/media\/10722"}],"wp:attachment":[{"href":"https:\/\/comunitamagnificat.org\/ro\/wp-json\/wp\/v2\/media?parent=20568"}],"curies":[{"name":"wp","href":"https:\/\/api.w.org\/{rel}","templated":true}]}}