{"id":20590,"date":"2024-08-23T10:06:19","date_gmt":"2024-08-23T08:06:19","guid":{"rendered":"https:\/\/comunitamagnificat.org\/vino-si-vezi\/"},"modified":"2024-08-23T10:06:21","modified_gmt":"2024-08-23T08:06:21","slug":"vino-si-vezi","status":"publish","type":"page","link":"https:\/\/comunitamagnificat.org\/ro\/vino-si-vezi\/","title":{"rendered":"Vino \u0219i vezi"},"content":{"rendered":"\n<div style=\"height:30px\" aria-hidden=\"true\" class=\"wp-block-spacer\"><\/div>\n\n<p><strong><em>Veni\u021bi \u0219i vede\u021bi<\/em><\/strong>, publicat\u0103 pentru prima dat\u0103 \u00een 1982, cu ocazia unei conferin\u021be a animatorilor RnS, este <strong>revista de studiu aprofundat \u0219i de formare pe<\/strong> care Comunitatea Magnificat, urm\u00e2nd o intui\u021bie profetic\u0103, a produs-o <strong>ne\u00eentrerupt \u00een ultimii patruzeci de ani.<\/strong><\/p>\n\n<div style=\"height:30px\" aria-hidden=\"true\" class=\"wp-block-spacer\"><\/div>\n\n<p>Fiecare revist\u0103 se deschide cu o <strong>rug\u0103ciune<\/strong>, con\u021bine <strong>un articol introductiv <\/strong>\u0219i apoi, dup\u0103 un model care a r\u0103mas destul de fidel de-a lungul timpului, <strong>aprofundeaz\u0103 o tem\u0103 <\/strong>cu elemente preluate din <strong>Cuv\u00e2ntul lui Dumnezeu<\/strong>, <strong>Magisteriu<\/strong>, <strong>reflec\u021bii patristice <\/strong>\u0219i <strong>comunitare<\/strong>, \u00eencheind adesea cu <strong>m\u0103rturii<\/strong>.<\/p>\n\n<div style=\"height:30px\" aria-hidden=\"true\" class=\"wp-block-spacer\"><\/div>\n\n<p>F\u0103c\u00e2nd clic <a href=\"https:\/\/comunitamagnificat.org\/ro\/arhiva-de-come-and-see\/\" data-type=\"page\" data-id=\"1328\">aici<\/a> (\u0219i pe imaginea de mai jos) ve\u021bi ajunge la pagina unde ve\u021bi g\u0103si toate revistele publicate.<\/p>\n\n<div style=\"height:30px\" aria-hidden=\"true\" class=\"wp-block-spacer\"><\/div>\n\n<div class=\"wp-block-columns is-layout-flex wp-container-core-columns-is-layout-9d6595d7 wp-block-columns-is-layout-flex\">\n<div class=\"wp-block-column is-layout-flow wp-block-column-is-layout-flow\" style=\"flex-basis:10%\"><\/div>\n\n\n\n<div class=\"wp-block-column is-layout-flow wp-block-column-is-layout-flow\">\n<figure class=\"wp-block-image size-large\"><a href=\"https:\/\/comunitamagnificat.org\/pubblicazioni-della-comunita\/venite-e-vedrete\/\"><picture data-lightbox=\"https:\/\/comunitamagnificat.org\/wp-content\/uploads\/2021\/04\/Venite-e-Vedrete-4.jpg\"><source type='image\/jpeg' srcset='https:\/\/comunitamagnificat.org\/wp-content\/uploads\/2021\/04\/Venite-e-Vedrete-4.jpg 1699w, https:\/\/comunitamagnificat.org\/wp-content\/uploads\/2021\/04\/Venite-e-Vedrete-4-300x118.jpg 300w, https:\/\/comunitamagnificat.org\/wp-content\/uploads\/2021\/04\/Venite-e-Vedrete-4-1024x404.jpg 1024w, https:\/\/comunitamagnificat.org\/wp-content\/uploads\/2021\/04\/Venite-e-Vedrete-4-768x303.jpg 768w, https:\/\/comunitamagnificat.org\/wp-content\/uploads\/2021\/04\/Venite-e-Vedrete-4-1536x607.jpg 1536w' sizes='(max-width: 1699px) 100vw, 1699px' \/><img loading=\"lazy\" decoding=\"async\" width=\"1024\" height=\"404\" src=\"https:\/\/comunitamagnificat.org\/wp-content\/uploads\/2021\/04\/Venite-e-Vedrete-4-1024x404.jpg\" alt=\"\" class=\"wp-image-7736\"\/><\/picture><\/a><\/figure>\n<\/div>\n\n\n\n<div class=\"wp-block-column is-layout-flow wp-block-column-is-layout-flow\" style=\"flex-basis:10%\"><\/div>\n<\/div>\n\n<div style=\"height:30px\" aria-hidden=\"true\" class=\"wp-block-spacer\"><\/div>\n\n<p><em>Periodic dedicat form\u0103rii vie\u021bii carismatice \u00een comunitatea cre\u0219tin\u0103.<\/em><\/p>\n\n<p><em><br\/><br\/><br\/>Editat de Comunitatea Magnificat, are o abordare tematic\u0103: fiecare num\u0103r trateaz\u0103 un subiect \u00een detaliu \u0219i \u00een profunzime.<strong>Redactor-\u0219ef<\/strong>: Oreste Pesare<strong>Redactor-\u0219ef<\/strong>: Don Davide Maloberti<strong>Redac\u021bie<\/strong>: Elisabetta Canoro, Lorenzo Carloni, Maria Rita Castellani, Valentina Mandoloni, Angela Passetti, Francesca Tura Menghini.<\/em> <\/p>\n\n<div style=\"height:30px\" aria-hidden=\"true\" class=\"wp-block-spacer\"><\/div>\n\n<p><br\/><br\/> P<strong>entru a primi versiunea digital\u0103 GRATUIT\u0102:<\/strong> Scrie\u021bi la: <a href=\"mailto:veniteevedrete@comunitamagnificat.org\">veniteevedrete@comunitamagnificat.org<\/a> specific\u00e2nd \u00een subiectul e-mailului: VINO \u0218I VEZI \u00ceN FORMAT DIGITAL.<\/p>\n\n<div style=\"height:30px\" aria-hidden=\"true\" class=\"wp-block-spacer\"><\/div>\n\n<div class=\"wp-block-columns is-layout-flex wp-container-core-columns-is-layout-9d6595d7 wp-block-columns-is-layout-flex\">\n<div class=\"wp-block-column is-layout-flow wp-block-column-is-layout-flow\">\n<p><strong><em>Come and See<\/em> este o revist\u0103 gratuit\u0103<\/strong>.<\/p>\n\n\n\n<p><br\/><br\/>Cei care doresc pot face o dona\u021bie gratuit\u0103 la urm\u0103torul IBAN \u00een numele Comunit\u0103\u021bii Magnificat: IT 49 S 02008 03039 000 102071988<\/p>\n<\/div>\n<\/div>\n\n<div style=\"height:30px\" aria-hidden=\"true\" class=\"wp-block-spacer\"><\/div>\n\n<p><br\/><br\/><br\/><br\/><br\/> S<strong>ecretariat \u0219i serviciu de difuzare:<\/strong> Secretariatul general Comunitatea Magnificat c\/o Complesso San Manno &#8211; Via Fra Giovanni da Pian di Carpine, 63 06127 PERUGIA Tel\/Fax 075 5057190 Mail: <a href=\"mailto:veniteevedrete@comunitamagnificat.org\">veniteevedrete@comunitamagnificat.org<\/a><\/p>\n\n<div style=\"height:50px\" aria-hidden=\"true\" class=\"wp-block-spacer\"><\/div>\n","protected":false},"excerpt":{"rendered":"<p>Veni\u021bi \u0219i vede\u021bi, publicat\u0103 pentru prima dat\u0103 \u00een 1982, cu ocazia unei conferin\u021be a animatorilor RnS, este revista de studiu aprofundat \u0219i de formare pe care Comunitatea Magnificat, urm\u00e2nd o intui\u021bie profetic\u0103, a produs-o ne\u00eentrerupt \u00een ultimii patruzeci de ani. Fiecare revist\u0103 se deschide cu o rug\u0103ciune, con\u021bine un articol introductiv \u0219i apoi, dup\u0103 un [&hellip;]<\/p>\n","protected":false},"author":1,"featured_media":15586,"parent":0,"menu_order":0,"comment_status":"closed","ping_status":"closed","template":"","meta":{"om_disable_all_campaigns":false,"_monsterinsights_skip_tracking":false,"_monsterinsights_sitenote_active":false,"_monsterinsights_sitenote_note":"","_monsterinsights_sitenote_category":0,"_uf_show_specific_survey":0,"_uf_disable_surveys":false,"footnotes":""},"class_list":["post-20590","page","type-page","status-publish","has-post-thumbnail","hentry"],"aioseo_notices":[],"_links":{"self":[{"href":"https:\/\/comunitamagnificat.org\/ro\/wp-json\/wp\/v2\/pages\/20590","targetHints":{"allow":["GET"]}}],"collection":[{"href":"https:\/\/comunitamagnificat.org\/ro\/wp-json\/wp\/v2\/pages"}],"about":[{"href":"https:\/\/comunitamagnificat.org\/ro\/wp-json\/wp\/v2\/types\/page"}],"author":[{"embeddable":true,"href":"https:\/\/comunitamagnificat.org\/ro\/wp-json\/wp\/v2\/users\/1"}],"replies":[{"embeddable":true,"href":"https:\/\/comunitamagnificat.org\/ro\/wp-json\/wp\/v2\/comments?post=20590"}],"version-history":[{"count":1,"href":"https:\/\/comunitamagnificat.org\/ro\/wp-json\/wp\/v2\/pages\/20590\/revisions"}],"predecessor-version":[{"id":20591,"href":"https:\/\/comunitamagnificat.org\/ro\/wp-json\/wp\/v2\/pages\/20590\/revisions\/20591"}],"wp:featuredmedia":[{"embeddable":true,"href":"https:\/\/comunitamagnificat.org\/ro\/wp-json\/wp\/v2\/media\/15586"}],"wp:attachment":[{"href":"https:\/\/comunitamagnificat.org\/ro\/wp-json\/wp\/v2\/media?parent=20590"}],"curies":[{"name":"wp","href":"https:\/\/api.w.org\/{rel}","templated":true}]}}