{"id":20595,"date":"2024-08-23T10:25:49","date_gmt":"2024-08-23T08:25:49","guid":{"rendered":"https:\/\/comunitamagnificat.org\/publicatii\/"},"modified":"2024-08-23T10:25:55","modified_gmt":"2024-08-23T08:25:55","slug":"publicatii","status":"publish","type":"page","link":"https:\/\/comunitamagnificat.org\/ro\/publicatii\/","title":{"rendered":"Publica\u021bii"},"content":{"rendered":"\n<div class=\"wp-block-columns is-layout-flex wp-container-core-columns-is-layout-9d6595d7 wp-block-columns-is-layout-flex\">\n<div class=\"wp-block-column is-layout-flow wp-block-column-is-layout-flow\">\n<div style=\"height:30px\" aria-hidden=\"true\" class=\"wp-block-spacer\"><\/div>\n\n\n\n<div class=\"wp-block-columns is-layout-flex wp-container-core-columns-is-layout-9d6595d7 wp-block-columns-is-layout-flex\">\n<div class=\"wp-block-column is-layout-flow wp-block-column-is-layout-flow\">\n<p>\u00cenc\u0103 din primii ani ai istoriei sale, Comunitatea Magnificat a avut o dorin\u021b\u0103 puternic\u0103 de a \u00eemp\u0103rt\u0103\u0219i ceea ce a primit \u00een experien\u021ba sa spiritual\u0103 cu c\u00e2t mai mul\u021bi oameni.<\/p>\n\n\n\n<div style=\"height:30px\" aria-hidden=\"true\" class=\"wp-block-spacer\"><\/div>\n\n\n\n<p>Astfel a \u00eenceput publicarea revistei istorice \u00een 1982 <em><strong><a href=\"https:\/\/comunitamagnificat.org\/ro\/publicatii\/arhiva-de-come-and-see\/\" target=\"_blank\" rel=\"noopener\" title=\"\">Vino \u0219i vezi<\/a><\/strong><\/em>care, timp de mai mul\u021bi ani, a constituit un adev\u0103rat punct de referin\u021b\u0103 pentru comunit\u0103\u021bile carismatice catolice din Italia.<\/p>\n\n\n\n<div style=\"height:30px\" aria-hidden=\"true\" class=\"wp-block-spacer\"><\/div>\n\n\n\n<p>Mai recent, un mic <em><strong><a href=\"https:\/\/comunitamagnificat.org\/ro\/publicatii\/arhiva-buletinului\/\" target=\"_blank\" rel=\"noopener\" title=\"\">Buletin informativ<\/a><\/strong><\/em>editat de directorii generali, publicat \u00een cinci limbi, cu titlul \u00een italian\u0103 <strong><em><a href=\"https:\/\/comunitamagnificat.org\/ro\/publicatii\/arhiva-buletinului\/\" target=\"_blank\" rel=\"noopener\" title=\"\">Cu Isus, despre Isus, construim!<\/a><\/em><\/strong> care este distribuit pe scar\u0103 larg\u0103 \u00een Comunitate \u00een format electronic, pentru a \u00eemp\u0103rt\u0103\u0219i \u00een primul r\u00e2nd ceea ce primesc \u00een rug\u0103ciune de la Domnul \u0219i pentru a oferi informa\u021bii esen\u021biale despre via\u021ba comunitar\u0103.<\/p>\n\n\n\n<div style=\"height:30px\" aria-hidden=\"true\" class=\"wp-block-spacer\"><\/div>\n\n\n\n<p>\u00cen februarie 2023, societatea cu r\u0103spundere limitat\u0103 &#8222;<a href=\"https:\/\/edizioni.comunitamagnificat.org\/\" target=\"_blank\" rel=\"noopener\" title=\"\"><strong><em>Magnificat Editions<\/em><\/strong><\/a>&#8222;, care public\u0103 &#8211; at\u00e2t \u00een format tip\u0103rit, c\u00e2t \u0219i electronic &#8211; c\u0103r\u021bi \u0219i caiete con\u021bin\u00e2nd texte scurte \u0219i extinse pe teme legate de spiritualitatea comunitar\u0103, carismatic\u0103 \u0219i cre\u0219tin\u0103 catolic\u0103 \u00een general.  <\/p>\n\n\n\n<div style=\"height:30px\" aria-hidden=\"true\" class=\"wp-block-spacer\"><\/div>\n\n\n\n<p>Al\u0103turi de produc\u021bia scris\u0103, Comunitatea a publicat apoi multe dintre <strong><em><a href=\"https:\/\/comunitamagnificat.org\/ro\/publicatii\/cantecele\/\" target=\"_blank\" rel=\"noopener\" title=\"\">C\u00e2ntece<\/a> <\/em><\/strong>pe care, \u00een rug\u0103ciune, Domnul le-a suscitat prin intermediul unor fra\u021bi \u0219i surori.\nAceste c\u00e2ntece, bazate \u00een cea mai mare parte pe pasaje din Scriptur\u0103, au fost apoi publicate \u00een mai multe colec\u021bii pentru a fi difuzate mai larg. <\/p>\n<\/div>\n<\/div>\n\n\n\n<div style=\"height:30px\" aria-hidden=\"true\" class=\"wp-block-spacer\"><\/div>\n\n\n\n<div class=\"wp-block-columns is-layout-flex wp-container-core-columns-is-layout-9d6595d7 wp-block-columns-is-layout-flex\">\n<div class=\"wp-block-column is-layout-flow wp-block-column-is-layout-flow\">\n<section id=\"magnificat-link-multipli-pagina-block_609a998eff12b\" class=\"wp-block-magnificat-link-multipli-pagina \">\n\n            \n        <picture><source type='image\/jpeg' srcset='https:\/\/comunitamagnificat.org\/wp-content\/uploads\/2021\/05\/Sfondo-pubblicazioni.jpg 1920w, https:\/\/comunitamagnificat.org\/wp-content\/uploads\/2021\/05\/Sfondo-pubblicazioni-300x105.jpg 300w, https:\/\/comunitamagnificat.org\/wp-content\/uploads\/2021\/05\/Sfondo-pubblicazioni-1024x357.jpg 1024w, https:\/\/comunitamagnificat.org\/wp-content\/uploads\/2021\/05\/Sfondo-pubblicazioni-768x268.jpg 768w, https:\/\/comunitamagnificat.org\/wp-content\/uploads\/2021\/05\/Sfondo-pubblicazioni-1536x536.jpg 1536w' sizes='(max-width: 1920px) 100vw, 1920px' \/><img loading=\"lazy\" decoding=\"async\" width=\"1920\" height=\"670\" src=\"https:\/\/comunitamagnificat.org\/wp-content\/uploads\/2021\/05\/Sfondo-pubblicazioni.jpg\" class=\"attachment-cover-parallax-background size-cover-parallax-background\" alt=\"\" tcimage-skip=\"true\"  sizes=\"auto, (max-width: 1920px) 100vw, 1920px\" \/><\/picture>        \n        \n            <div class=\"accordion-link-page\">\n                        \n            <div class=\"tab\">\n\n                    <input type=\"radio\" id=\"chck-1\"   name=\"rd\">\n                    <label class=\"tab-label\" for=\"chck-1\">Publica\u021bii<\/label>\n\n                <div class=\"content\">\n                                            <a href=\"https:\/\/comunitamagnificat.org\/ro\/vino-si-vezi\/\">\n                            Vino \u0219i vezi                            <br \/>\n                            <span class=\"text\">merge\u021bi la pagin\u0103<\/span>\n                        <\/a>\n                                            <a href=\"https:\/\/comunitamagnificat.org\/ro\/publicatii\/arhiva-buletinului\/\">\n                            Arhiva buletinului                            <br \/>\n                            <span class=\"text\">merge\u021bi la pagin\u0103<\/span>\n                        <\/a>\n                                            <a href=\"https:\/\/comunitamagnificat.org\/ro\/publicatii\/cantecele\/\">\n                            C\u00e2ntecele                            <br \/>\n                            <span class=\"text\">merge\u021bi la pagin\u0103<\/span>\n                        <\/a>\n                                    <\/div>\n\n            <\/div>\n\n                    <\/div>\n    \n<\/section><\/div>\n<\/div>\n\n\n\n<div style=\"height:50px\" aria-hidden=\"true\" class=\"wp-block-spacer\"><\/div>\n\n\n\n<div style=\"height:50px\" aria-hidden=\"true\" class=\"wp-block-spacer\"><\/div>\n\n\n\n<p><\/p>\n<\/div>\n<\/div>\n\n<p><\/p>\n","protected":false},"excerpt":{"rendered":"<p>\u00cenc\u0103 din primii ani ai istoriei sale, Comunitatea Magnificat a avut o dorin\u021b\u0103 puternic\u0103 de a \u00eemp\u0103rt\u0103\u0219i ceea ce a primit \u00een experien\u021ba sa spiritual\u0103 cu c\u00e2t mai mul\u021bi oameni. Astfel a \u00eenceput publicarea revistei istorice \u00een 1982 Vino \u0219i vezicare, timp de mai mul\u021bi ani, a constituit un adev\u0103rat punct de referin\u021b\u0103 pentru comunit\u0103\u021bile [&hellip;]<\/p>\n","protected":false},"author":3,"featured_media":0,"parent":0,"menu_order":0,"comment_status":"closed","ping_status":"closed","template":"","meta":{"om_disable_all_campaigns":false,"_monsterinsights_skip_tracking":false,"_monsterinsights_sitenote_active":false,"_monsterinsights_sitenote_note":"","_monsterinsights_sitenote_category":0,"_uf_show_specific_survey":0,"_uf_disable_surveys":false,"footnotes":""},"class_list":["post-20595","page","type-page","status-publish","hentry"],"aioseo_notices":[],"_links":{"self":[{"href":"https:\/\/comunitamagnificat.org\/ro\/wp-json\/wp\/v2\/pages\/20595","targetHints":{"allow":["GET"]}}],"collection":[{"href":"https:\/\/comunitamagnificat.org\/ro\/wp-json\/wp\/v2\/pages"}],"about":[{"href":"https:\/\/comunitamagnificat.org\/ro\/wp-json\/wp\/v2\/types\/page"}],"author":[{"embeddable":true,"href":"https:\/\/comunitamagnificat.org\/ro\/wp-json\/wp\/v2\/users\/3"}],"replies":[{"embeddable":true,"href":"https:\/\/comunitamagnificat.org\/ro\/wp-json\/wp\/v2\/comments?post=20595"}],"version-history":[{"count":1,"href":"https:\/\/comunitamagnificat.org\/ro\/wp-json\/wp\/v2\/pages\/20595\/revisions"}],"predecessor-version":[{"id":20596,"href":"https:\/\/comunitamagnificat.org\/ro\/wp-json\/wp\/v2\/pages\/20595\/revisions\/20596"}],"wp:attachment":[{"href":"https:\/\/comunitamagnificat.org\/ro\/wp-json\/wp\/v2\/media?parent=20595"}],"curies":[{"name":"wp","href":"https:\/\/api.w.org\/{rel}","templated":true}]}}