{"id":25010,"date":"2025-09-23T23:45:41","date_gmt":"2025-09-23T21:45:41","guid":{"rendered":"https:\/\/comunitamagnificat.org\/formare-pentru-a-insoti\/"},"modified":"2025-09-23T23:46:11","modified_gmt":"2025-09-23T21:46:11","slug":"formare-pentru-a-insoti","status":"publish","type":"page","link":"https:\/\/comunitamagnificat.org\/ro\/formare-pentru-a-insoti\/","title":{"rendered":"Formare pentru a \u00eenso\u021bi"},"content":{"rendered":"\n<div class=\"wp-block-columns is-layout-flex wp-container-core-columns-is-layout-9d6595d7 wp-block-columns-is-layout-flex\">\n<div class=\"wp-block-column is-layout-flow wp-block-column-is-layout-flow\" style=\"flex-basis:33.33%\">\n<div style=\"height:30px\" aria-hidden=\"true\" class=\"wp-block-spacer\"><\/div>\n\n\n\n<figure class=\"wp-block-image size-large\"><picture data-lightbox=\"https:\/\/comunitamagnificat.org\/wp-content\/uploads\/2025\/09\/Formazione-accompagnamento.jpg\"><source type='image\/jpeg' srcset='https:\/\/comunitamagnificat.org\/wp-content\/uploads\/2025\/09\/Formazione-accompagnamento.jpg 1131w, https:\/\/comunitamagnificat.org\/wp-content\/uploads\/2025\/09\/Formazione-accompagnamento-212x300.jpg 212w, https:\/\/comunitamagnificat.org\/wp-content\/uploads\/2025\/09\/Formazione-accompagnamento-724x1024.jpg 724w, https:\/\/comunitamagnificat.org\/wp-content\/uploads\/2025\/09\/Formazione-accompagnamento-768x1086.jpg 768w, https:\/\/comunitamagnificat.org\/wp-content\/uploads\/2025\/09\/Formazione-accompagnamento-1086x1536.jpg 1086w' sizes='(max-width: 1131px) 100vw, 1131px' \/><img loading=\"lazy\" decoding=\"async\" width=\"724\" height=\"1024\" src=\"https:\/\/comunitamagnificat.org\/wp-content\/uploads\/2025\/09\/Formazione-accompagnamento-724x1024.jpg\" alt=\"\" class=\"wp-image-24996\"\/><\/picture><\/figure>\n<\/div>\n\n\n\n<div class=\"wp-block-column is-layout-flow wp-block-column-is-layout-flow\" style=\"flex-basis:66.66%\">\n<div style=\"height:30px\" aria-hidden=\"true\" class=\"wp-block-spacer\"><\/div>\n\n\n\n<p>\u00centre 26 \u0219i 28 septembrie, la Montesilvano (Pe), Comunitatea Magnificat se preg\u0103te\u0219te s\u0103 tr\u0103iasc\u0103 o alt\u0103 \u00eent\u00e2lnire important\u0103: un <strong>seminar de formare<\/strong> pe tema<em><strong>\u00censo\u021birea spiritual\u0103<\/strong><\/em>. \u00censo\u021birea este una dintre caracteristicile spiritualit\u0103\u021bii Comunit\u0103\u021bii (pentru a afla mai multe <a href=\"https:\/\/comunitamagnificat.org\/ro\/indrumarea-spirituala\/\" target=\"_blank\" rel=\"noopener\" title=\"\"><strong>https:\/\/comunitamagnificat.org\/accompagnamento-spirituale\/<\/strong><\/a>) <\/p>\n\n\n\n<div style=\"height:30px\" aria-hidden=\"true\" class=\"wp-block-spacer\"><\/div>\n\n\n\n<p>Vorbitorul va fi <strong>p\u0103rintele Giuseppe Forlai<\/strong>, eremit al diecezei de Roma din 2021, <strong>director spiritual al <em>Seminarului Pontifical Roman Major<\/em><\/strong> din 2021 \u0219i autor, printre altele, al c\u0103r\u021bii  <em>P\u0103rt\u0103\u0219ia Spiritului. Introducere \u00een practica direc\u021biei spirituale <\/em>, Sao Paulo Editions, 2020.<\/p>\n\n\n\n<div style=\"height:30px\" aria-hidden=\"true\" class=\"wp-block-spacer\"><\/div>\n\n\n\n<p>Trei zile intense pentru cei aproximativ <strong>300 de participan\u021bi<\/strong>, dintre care aproximativ 150 prezen\u021bi \u0219i tot at\u00e2\u021bia conecta\u021bi prin <em>internet<\/em> din propriile fraternit\u0103\u021bi. Un <em>weekend<\/em> \u00een care vor alterna momente de rug\u0103ciune, catehez\u0103 \u0219i \u00eemp\u0103rt\u0103\u0219ire, ajut\u00e2nd \u00eenso\u021bitorii \u0219i persoanele \u00eenso\u021bite s\u0103 <strong>creasc\u0103 \u00een arta \u00eenso\u021birii<\/strong>. <\/p>\n\n\n\n<div style=\"height:30px\" aria-hidden=\"true\" class=\"wp-block-spacer\"><\/div>\n\n\n\n<p>\ud835\udddc\ud835\uddfb\ud835\ude03\ud835\uddfc\ud835\uddf0\ud835\uddf5\ud835\uddf6\ud835\uddee\ud835\uddfa\ud835\uddfc \ud835\uddf6\ud835\uddfb\ud835\ude00\ud835\uddf6\ud835\uddf2\ud835\uddfa\ud835\uddf2 \ud835\uddf9\ud835\uddfc \ud835\udde6\ud835\uddfd\ud835\uddf6\ud835\uddff\ud835\uddf6\ud835\ude01\ud835\uddfc \ud835\udde6\ud835\uddee\ud835\uddfb\ud835\ude01\ud835\uddfc, astfel \u00eenc\u00e2t lumina sa s\u0103 lumineze to\u021bi participan\u021bii!<\/p>\n<\/div>\n<\/div>\n\n<div style=\"height:50px\" aria-hidden=\"true\" class=\"wp-block-spacer\"><\/div>\n","protected":false},"excerpt":{"rendered":"<p>\u00centre 26 \u0219i 28 septembrie, la Montesilvano (Pe), Comunitatea Magnificat se preg\u0103te\u0219te s\u0103 tr\u0103iasc\u0103 o alt\u0103 \u00eent\u00e2lnire important\u0103: un seminar de formare pe tema\u00censo\u021birea spiritual\u0103. \u00censo\u021birea este una dintre caracteristicile spiritualit\u0103\u021bii Comunit\u0103\u021bii (pentru a afla mai multe https:\/\/comunitamagnificat.org\/accompagnamento-spirituale\/) Vorbitorul va fi p\u0103rintele Giuseppe Forlai, eremit al diecezei de Roma din 2021, director spiritual al Seminarului [&hellip;]<\/p>\n","protected":false},"author":3,"featured_media":25003,"parent":0,"menu_order":0,"comment_status":"closed","ping_status":"closed","template":"","meta":{"om_disable_all_campaigns":false,"_monsterinsights_skip_tracking":false,"_monsterinsights_sitenote_active":false,"_monsterinsights_sitenote_note":"","_monsterinsights_sitenote_category":0,"_uf_show_specific_survey":0,"_uf_disable_surveys":false,"footnotes":""},"class_list":["post-25010","page","type-page","status-publish","has-post-thumbnail","hentry"],"aioseo_notices":[],"_links":{"self":[{"href":"https:\/\/comunitamagnificat.org\/ro\/wp-json\/wp\/v2\/pages\/25010","targetHints":{"allow":["GET"]}}],"collection":[{"href":"https:\/\/comunitamagnificat.org\/ro\/wp-json\/wp\/v2\/pages"}],"about":[{"href":"https:\/\/comunitamagnificat.org\/ro\/wp-json\/wp\/v2\/types\/page"}],"author":[{"embeddable":true,"href":"https:\/\/comunitamagnificat.org\/ro\/wp-json\/wp\/v2\/users\/3"}],"replies":[{"embeddable":true,"href":"https:\/\/comunitamagnificat.org\/ro\/wp-json\/wp\/v2\/comments?post=25010"}],"version-history":[{"count":2,"href":"https:\/\/comunitamagnificat.org\/ro\/wp-json\/wp\/v2\/pages\/25010\/revisions"}],"predecessor-version":[{"id":25019,"href":"https:\/\/comunitamagnificat.org\/ro\/wp-json\/wp\/v2\/pages\/25010\/revisions\/25019"}],"wp:featuredmedia":[{"embeddable":true,"href":"https:\/\/comunitamagnificat.org\/ro\/wp-json\/wp\/v2\/media\/25003"}],"wp:attachment":[{"href":"https:\/\/comunitamagnificat.org\/ro\/wp-json\/wp\/v2\/media?parent=25010"}],"curies":[{"name":"wp","href":"https:\/\/api.w.org\/{rel}","templated":true}]}}