{"id":27226,"date":"2026-02-21T18:32:28","date_gmt":"2026-02-21T17:32:28","guid":{"rendered":"https:\/\/comunitamagnificat.org\/structura\/directori-generali\/"},"modified":"2026-02-21T22:48:04","modified_gmt":"2026-02-21T21:48:04","slug":"directori-generali","status":"publish","type":"page","link":"https:\/\/comunitamagnificat.org\/ro\/structura\/directori-generali\/","title":{"rendered":"Directori generali"},"content":{"rendered":"\n<div class=\"wp-block-columns is-layout-flex wp-container-core-columns-is-layout-9d6595d7 wp-block-columns-is-layout-flex\">\n<div class=\"wp-block-column is-layout-flow wp-block-column-is-layout-flow\">\n<blockquote class=\"wp-block-quote is-layout-flow wp-block-quote-is-layout-flow\">\n<p><em><strong>Eu v\u0103 voi da p\u0103stori dup\u0103 inima Mea,<\/strong><\/em><br\/><em><strong>care v\u0103 vor c\u0103l\u0103uzi cu \u0219tiin\u021b\u0103 \u0219i inteligen\u021b\u0103<\/strong><\/em><\/p>\n<cite><em>Ieremia<\/em> 3, 15<\/cite><\/blockquote>\n\n\n\n<div style=\"height:30px\" aria-hidden=\"true\" class=\"wp-block-spacer\"><\/div>\n\n\n\n<p>Comunitatea Magnificat este condus\u0103 de <strong><em>manageri generali<\/em><\/strong> ale\u0219i, care reprezint\u0103 guvernan\u021ba colegial\u0103 a \u00eentregii comunit\u0103\u021bi.<\/p>\n\n\n\n<div style=\"height:30px\" aria-hidden=\"true\" class=\"wp-block-spacer\"><\/div>\n\n\n\n<p>Mai jos sunt prezentate numele fra\u021bilor \u0219i surorilor care au servit \u00een aceast\u0103 calitate \u00eencep\u00e2nd din 1991, \u00eempreun\u0103 cu data alegerii lor.<\/p>\n\n\n\n<div style=\"height:30px\" aria-hidden=\"true\" class=\"wp-block-spacer\"><\/div>\n\n\n\n<p><strong>13 octombrie 1991<\/strong><br\/>Antonio Vella, Oreste Pesare, Stefano Bagianti, Tarcisio Mezzetti (1931-2016)<\/p>\n\n\n\n<div style=\"height:30px\" aria-hidden=\"true\" class=\"wp-block-spacer\"><\/div>\n\n\n\n<p><br\/>1<strong>7 decembrie 1995<\/strong> Oreste Pesare (pre\u0219edinte), Daniele Mezzetti, Giancarlo Giordano, Luigi Montesi, Simona Manzoni<\/p>\n\n\n\n<div style=\"height:30px\" aria-hidden=\"true\" class=\"wp-block-spacer\"><\/div>\n\n\n\n<p><br\/>1<strong>4 decembrie 1997<\/strong> Oreste Pesare (pre\u0219edinte), Daniele Mezzetti, Luigi Montesi, Massimo Roscini, Stefano Ragnacci<\/p>\n\n\n\n<div style=\"height:30px\" aria-hidden=\"true\" class=\"wp-block-spacer\"><\/div>\n\n\n\n<p><br\/>1<strong>0 septembrie 2000<\/strong> Oreste Pesare (pre\u0219edinte) Corrado Di Gennaro, Luigi Montesi, Massimo Roscini, Paolo Bartoccini<\/p>\n\n\n\n<div style=\"height:30px\" aria-hidden=\"true\" class=\"wp-block-spacer\"><\/div>\n\n\n\n<p><br\/>6 <strong>martie 2004<\/strong> Stefano Ragnacci (moderator), Susanna Bettelli, Daniele Mezzetti<\/p>\n\n\n\n<div style=\"height:30px\" aria-hidden=\"true\" class=\"wp-block-spacer\"><\/div>\n\n\n\n<p><br\/>4 <strong>martie 2007<\/strong> Stefano Ragnacci (moderator), Lorenza Alessandri, Massimo Roscini, Oreste Pesare, Susanna Bettelli<\/p>\n\n\n\n<div style=\"height:30px\" aria-hidden=\"true\" class=\"wp-block-spacer\"><\/div>\n\n\n\n<p><br\/>2<strong>1 martie 2010<\/strong> Massimo Roscini (moderator), Anna Maria Alunni, Giuseppe Piegai, Oreste Pesare, Paolo Bartoccini<\/p>\n\n\n\n<div style=\"height:30px\" aria-hidden=\"true\" class=\"wp-block-spacer\"><\/div>\n\n\n\n<p><br\/>1<strong>0 martie 2013<\/strong> Daniele Mezzetti (moderator), Andrea Orsini, Francesco Fressoia, Michele Rossetti, Paolo Bartoccini<\/p>\n\n\n\n<div style=\"height:30px\" aria-hidden=\"true\" class=\"wp-block-spacer\"><\/div>\n\n\n\n<p><br\/>2<strong>0 martie 2016<\/strong> Daniele Mezzetti (moderator), Andrea Orsini, Giuseppe Piegai, Michele Rossetti, Teresa Ciociola<\/p>\n\n\n\n<div style=\"height:30px\" aria-hidden=\"true\" class=\"wp-block-spacer\"><\/div>\n\n\n\n<p><br\/>1<strong>0 februarie 2019<\/strong> Stefano Ragnacci (moderator), Maria Rita Castellani, Giuseppe Piegai, Teresa Ciociola, Vincenzo Genovese<\/p>\n\n\n\n<div style=\"height:30px\" aria-hidden=\"true\" class=\"wp-block-spacer\"><\/div>\n\n\n\n<p><br\/>1<strong>3 februarie 2022<\/strong> Maria Rita Castellani (moderator), Andrea Orsini, Alessandra Maria Pauluzzi, Michele Rossetti, Angelo Spicuglia<\/p>\n\n\n\n<div style=\"height:30px\" aria-hidden=\"true\" class=\"wp-block-spacer\"><\/div>\n\n\n\n<p><strong>4 ianuarie 2025<\/strong><br\/>Alessandra Maria Pauluzzi (moderator), Agneza \u021a\u00eempu, Angelo Spicuglia, Federico Luisi, Giacomo Lancini<\/p>\n\n\n\n<div style=\"height:70px\" aria-hidden=\"true\" class=\"wp-block-spacer\"><\/div>\n\n\n\n<p>Directorii generali au fost sus\u021binu\u021bi de diver\u0219i preo\u021bi ca <strong><em>Consilieri spirituali generali<\/em><\/strong> ai Comunit\u0103\u021bii, care s-au succedat de-a lungul timpului:<\/p>\n\n\n\n<div style=\"height:30px\" aria-hidden=\"true\" class=\"wp-block-spacer\"><\/div>\n\n\n\n<p><strong>1995-1997<\/strong>: P\u0103rintele Gernaldo Conti (1942-2025)<\/p>\n\n\n\n<div style=\"height:30px\" aria-hidden=\"true\" class=\"wp-block-spacer\"><\/div>\n\n\n\n<p><strong>1997-2016<\/strong>: Pr. Luca Bartoccini<\/p>\n\n\n\n<div style=\"height:30px\" aria-hidden=\"true\" class=\"wp-block-spacer\"><\/div>\n\n\n\n<p><strong>2016-2025<\/strong>: Pr. Victor-Emilian Dumitrescu<\/p>\n\n\n\n<div style=\"height:30px\" aria-hidden=\"true\" class=\"wp-block-spacer\"><\/div>\n\n\n\n<p><strong>2025-2028<\/strong>: P\u0103rintele Anton Bulai ofmconv<\/p>\n\n\n\n<div style=\"height:50px\" aria-hidden=\"true\" class=\"wp-block-spacer\"><\/div>\n<\/div>\n<\/div>\n","protected":false},"excerpt":{"rendered":"<p>Eu v\u0103 voi da p\u0103stori dup\u0103 inima Mea,care v\u0103 vor c\u0103l\u0103uzi cu \u0219tiin\u021b\u0103 \u0219i inteligen\u021b\u0103 Comunitatea Magnificat este condus\u0103 de manageri generali ale\u0219i, care reprezint\u0103 guvernan\u021ba colegial\u0103 a \u00eentregii comunit\u0103\u021bi. Mai jos sunt prezentate numele fra\u021bilor \u0219i surorilor care au servit \u00een aceast\u0103 calitate \u00eencep\u00e2nd din 1991, \u00eempreun\u0103 cu data alegerii lor. 13 octombrie 1991Antonio [&hellip;]<\/p>\n","protected":false},"author":3,"featured_media":27220,"parent":19368,"menu_order":0,"comment_status":"closed","ping_status":"closed","template":"","meta":{"om_disable_all_campaigns":false,"_monsterinsights_skip_tracking":false,"_monsterinsights_sitenote_active":false,"_monsterinsights_sitenote_note":"","_monsterinsights_sitenote_category":0,"_uf_show_specific_survey":0,"_uf_disable_surveys":false,"footnotes":""},"class_list":["post-27226","page","type-page","status-publish","has-post-thumbnail","hentry"],"aioseo_notices":[],"_links":{"self":[{"href":"https:\/\/comunitamagnificat.org\/ro\/wp-json\/wp\/v2\/pages\/27226","targetHints":{"allow":["GET"]}}],"collection":[{"href":"https:\/\/comunitamagnificat.org\/ro\/wp-json\/wp\/v2\/pages"}],"about":[{"href":"https:\/\/comunitamagnificat.org\/ro\/wp-json\/wp\/v2\/types\/page"}],"author":[{"embeddable":true,"href":"https:\/\/comunitamagnificat.org\/ro\/wp-json\/wp\/v2\/users\/3"}],"replies":[{"embeddable":true,"href":"https:\/\/comunitamagnificat.org\/ro\/wp-json\/wp\/v2\/comments?post=27226"}],"version-history":[{"count":4,"href":"https:\/\/comunitamagnificat.org\/ro\/wp-json\/wp\/v2\/pages\/27226\/revisions"}],"predecessor-version":[{"id":27255,"href":"https:\/\/comunitamagnificat.org\/ro\/wp-json\/wp\/v2\/pages\/27226\/revisions\/27255"}],"up":[{"embeddable":true,"href":"https:\/\/comunitamagnificat.org\/ro\/wp-json\/wp\/v2\/pages\/19368"}],"wp:featuredmedia":[{"embeddable":true,"href":"https:\/\/comunitamagnificat.org\/ro\/wp-json\/wp\/v2\/media\/27220"}],"wp:attachment":[{"href":"https:\/\/comunitamagnificat.org\/ro\/wp-json\/wp\/v2\/media?parent=27226"}],"curies":[{"name":"wp","href":"https:\/\/api.w.org\/{rel}","templated":true}]}}