{"id":18385,"date":"2024-08-22T17:23:08","date_gmt":"2024-08-22T15:23:08","guid":{"rendered":"https:\/\/comunitamagnificat.org\/tarcisio-mezzetti\/"},"modified":"2026-02-08T09:28:54","modified_gmt":"2026-02-08T08:28:54","slug":"tarcisio-mezzetti","status":"publish","type":"page","link":"https:\/\/comunitamagnificat.org\/tr\/tarcisio-mezzetti\/","title":{"rendered":"Tarcisio Mezzetti"},"content":{"rendered":"\n<div style=\"height:30px\" aria-hidden=\"true\" class=\"wp-block-spacer\"><\/div>\n\n<blockquote class=\"wp-block-quote is-layout-flow wp-block-quote-is-layout-flow\">\n<p><em><strong>Bana gelince, i\u015fte,<\/strong><\/em><br\/><em><strong>antla\u015fmam seninle:<\/strong><\/em><br\/><em><strong>baba olacaks\u0131n<\/strong><\/em><br\/><em><strong>\u00e7ok say\u0131da ulusun<\/strong><\/em><\/p>\n<cite><em>Yarat\u0131l\u0131\u015f<\/em> 17:4<\/cite><\/blockquote>\n\n<div style=\"height:30px\" aria-hidden=\"true\" class=\"wp-block-spacer\"><\/div>\n\n<p><strong>Tarcisio Mezzetti<\/strong> en ba\u015f\u0131ndan beri hem Toplulukta hem de <em>Ruhun Yenilenmesi<\/em>&#8216;nde oynad\u0131\u011f\u0131 rollerle ve &#8211; hepsinden \u00f6nemlisi &#8211; bir <strong>m\u00fcjdeci<\/strong>, <strong>topluluk ya\u015fam\u0131n\u0131n destek<\/strong> leyicisi olarak yorulmak bilmeyen faaliyetleriyle <strong>en iyi bilinen ve en aktif \u00fcyeydi<\/strong>. <strong><em>\u015fi\u0307fa semi\u0307nerleri\u0307<\/em><\/strong> \u0130talya genelinde uzun y\u0131llar boyunca y\u00fcr\u00fct\u00fclm\u00fc\u015f ve \u00e7ok say\u0131da ki\u015finin kat\u0131l\u0131m\u0131yla ger\u00e7ekle\u015ftirilmi\u015ftir.<\/p>\n\n<p>Rab, toplulu\u011fun kurucu peygamberliklerini ona emanet etti, &#8220;<strong><em><u><a href=\"https:\/\/comunitamagnificat.org\/tr\/isa-ile-isanin-yapisinda\/\" target=\"_blank\" rel=\"noopener\" title=\"\">\u0130sa ile, \u0130sa \u00fczerine, in\u015fa edin!<\/a><\/u><\/em><\/strong>&#8220;<strong><em><u><a href=\"https:\/\/comunitamagnificat.org\/tr\/dort-vaat\/\" target=\"_blank\" rel=\"noopener\" title=\"\">D\u00f6rt Vaat<\/a><\/u><\/em><\/strong>&#8220;.<\/p>\n\n<div style=\"height:30px\" aria-hidden=\"true\" class=\"wp-block-spacer\"><\/div>\n\n<p><strong>Ocak 2026<\/strong> &#8216;da Magnificat Toplulu\u011fu Genel Kurulu, Tarcisio&#8217;nun Kilise normlar\u0131na g\u00f6re yetkili Kilise Makam\u0131 nezdinde <strong>y\u00fcceltilmesi<\/strong> i\u00e7in kanonik<em>s\u00fcreci<\/em> ba\u015flatmak amac\u0131yla gerekli ad\u0131mlar\u0131 atmaya karar verdi.<\/p>\n\n<div style=\"height:30px\" aria-hidden=\"true\" class=\"wp-block-spacer\"><\/div>\n\n<p>Bir web sitesi onun hayat\u0131 hakk\u0131nda tan\u0131kl\u0131klar\u0131 topluyor: <a href=\"https:\/\/tarcisiomezzetti.net\"><strong>https:\/\/tarcisiomezzetti.net<\/strong><\/a>. Orada yenilerini g\u00f6nderebilece\u011finiz bir e-posta referans\u0131 bulacaks\u0131n\u0131z: <a href=\"mailto:testimonianzepertarcisio@comunitamagnificat.org\"><strong>testimonianzepertarcisio@comunitamagnificat.org<\/strong><\/a>.<\/p>\n\n<div style=\"height:30px\" aria-hidden=\"true\" class=\"wp-block-spacer\"><\/div>\n\n<p><strong>Kendisinin bir portresi<\/strong> bu belgenin sayfalar\u0131nda bulunabilir:<\/p>\n\n<div style=\"height:30px\" aria-hidden=\"true\" class=\"wp-block-spacer\"><\/div>\n\n<div data-wp-interactive=\"core\/file\" class=\"wp-block-file\"><object data-wp-bind--hidden=\"!state.hasPdfPreview\" hidden class=\"wp-block-file__embed\" data=\"https:\/\/comunitamagnificat.org\/wp-content\/uploads\/2021\/04\/Tarcisio-Mezzetti-Venite-e-Vedrete-2016-I.pdf\" type=\"application\/pdf\" style=\"width:100%;height:600px\" aria-label=\"Tarcisio-Mezzetti-Venite-e-Vedrete-2016-I g\u00f6m\u00fcs\u00fc.\"><\/object><a id=\"wp-block-file--media-e2b35401-f4ce-4acb-847e-6e69563c60f2\" href=\"https:\/\/comunitamagnificat.org\/wp-content\/uploads\/2021\/04\/Tarcisio-Mezzetti-Venite-e-Vedrete-2016-I.pdf\">Tarcisio-Mezzetti-Venit-ve-Vedrete-2016-I<\/a><a href=\"https:\/\/comunitamagnificat.org\/wp-content\/uploads\/2021\/04\/Tarcisio-Mezzetti-Venite-e-Vedrete-2016-I.pdf\" class=\"wp-block-file__button wp-element-button\" download=\"\" aria-describedby=\"wp-block-file--media-e2b35401-f4ce-4acb-847e-6e69563c60f2\">\u0130ndir<\/a><\/div>\n\n<div style=\"height:30px\" aria-hidden=\"true\" class=\"wp-block-spacer\"><\/div>\n\n<p>Ve <strong>i\u015fte Tarcisio&#8217;nun kendisi de<\/strong> hayat\u0131ndan bir kesiti <strong>anlat\u0131yor<\/strong>:<\/p>\n\n<div class=\"wp-block-columns is-layout-flex wp-container-core-columns-is-layout-9d6595d7 wp-block-columns-is-layout-flex\">\n<div class=\"wp-block-column is-layout-flow wp-block-column-is-layout-flow\">\n<figure class=\"wp-block-embed is-type-video is-provider-youtube wp-block-embed-youtube wp-embed-aspect-16-9 wp-has-aspect-ratio\"><div class=\"wp-block-embed__wrapper\">\n<iframe loading=\"lazy\" title=\"Il dito puntato alla schiena\" width=\"500\" height=\"281\" src=\"https:\/\/www.youtube.com\/embed\/bNMNxp3-D98?feature=oembed\" frameborder=\"0\" allow=\"accelerometer; autoplay; clipboard-write; encrypted-media; gyroscope; picture-in-picture; web-share\" referrerpolicy=\"strict-origin-when-cross-origin\" allowfullscreen><\/iframe>\n<\/div><\/figure>\n<\/div>\n<\/div>\n\n<div style=\"height:50px\" aria-hidden=\"true\" class=\"wp-block-spacer\"><\/div>\n","protected":false},"excerpt":{"rendered":"<p>Bana gelince, i\u015fte,antla\u015fmam seninle:baba olacaks\u0131n\u00e7ok say\u0131da ulusun Yarat\u0131l\u0131\u015f 17:4 Tarcisio Mezzetti en ba\u015f\u0131ndan beri hem Toplulukta hem de Ruhun Yenilenmesi&#8216;nde oynad\u0131\u011f\u0131 rollerle ve &#8211; hepsinden \u00f6nemlisi &#8211; bir m\u00fcjdeci, topluluk ya\u015fam\u0131n\u0131n destek leyicisi olarak yorulmak bilmeyen faaliyetleriyle en iyi bilinen ve en aktif \u00fcyeydi. \u015fi\u0307fa semi\u0307nerleri\u0307 \u0130talya genelinde uzun y\u0131llar boyunca y\u00fcr\u00fct\u00fclm\u00fc\u015f ve \u00e7ok say\u0131da [&hellip;]<\/p>\n","protected":false},"author":3,"featured_media":10824,"parent":0,"menu_order":0,"comment_status":"closed","ping_status":"closed","template":"","meta":{"om_disable_all_campaigns":false,"_monsterinsights_skip_tracking":false,"_monsterinsights_sitenote_active":false,"_monsterinsights_sitenote_note":"","_monsterinsights_sitenote_category":0,"_uf_show_specific_survey":0,"_uf_disable_surveys":false,"footnotes":""},"class_list":["post-18385","page","type-page","status-publish","has-post-thumbnail","hentry"],"aioseo_notices":[],"_links":{"self":[{"href":"https:\/\/comunitamagnificat.org\/tr\/wp-json\/wp\/v2\/pages\/18385","targetHints":{"allow":["GET"]}}],"collection":[{"href":"https:\/\/comunitamagnificat.org\/tr\/wp-json\/wp\/v2\/pages"}],"about":[{"href":"https:\/\/comunitamagnificat.org\/tr\/wp-json\/wp\/v2\/types\/page"}],"author":[{"embeddable":true,"href":"https:\/\/comunitamagnificat.org\/tr\/wp-json\/wp\/v2\/users\/3"}],"replies":[{"embeddable":true,"href":"https:\/\/comunitamagnificat.org\/tr\/wp-json\/wp\/v2\/comments?post=18385"}],"version-history":[{"count":6,"href":"https:\/\/comunitamagnificat.org\/tr\/wp-json\/wp\/v2\/pages\/18385\/revisions"}],"predecessor-version":[{"id":27152,"href":"https:\/\/comunitamagnificat.org\/tr\/wp-json\/wp\/v2\/pages\/18385\/revisions\/27152"}],"wp:featuredmedia":[{"embeddable":true,"href":"https:\/\/comunitamagnificat.org\/tr\/wp-json\/wp\/v2\/media\/10824"}],"wp:attachment":[{"href":"https:\/\/comunitamagnificat.org\/tr\/wp-json\/wp\/v2\/media?parent=18385"}],"curies":[{"name":"wp","href":"https:\/\/api.w.org\/{rel}","templated":true}]}}