{"id":18399,"date":"2024-08-22T18:07:52","date_gmt":"2024-08-22T16:07:52","guid":{"rendered":"https:\/\/comunitamagnificat.org\/magnificat-ismi\/"},"modified":"2024-08-22T18:08:23","modified_gmt":"2024-08-22T16:08:23","slug":"magnificat-ismi","status":"publish","type":"page","link":"https:\/\/comunitamagnificat.org\/tr\/magnificat-ismi\/","title":{"rendered":"Magnificat ismi"},"content":{"rendered":"\n<div style=\"height:30px\" aria-hidden=\"true\" class=\"wp-block-spacer\"><\/div>\n\n<blockquote class=\"wp-block-quote is-layout-flow wp-block-quote-is-layout-flow\"><p><em><strong>Benim ruhum<\/strong><\/em><br\/><em><strong>Tanr\u0131&#8217;y\u0131 y\u00fcceltir!<\/strong><\/em><\/p><cite><em>Luka<\/em> 1, 46<\/cite><\/blockquote>\n\n<div style=\"height:30px\" aria-hidden=\"true\" class=\"wp-block-spacer\"><\/div>\n\n<div class=\"wp-block-columns is-layout-flex wp-container-core-columns-is-layout-9d6595d7 wp-block-columns-is-layout-flex\">\n<div class=\"wp-block-column is-layout-flow wp-block-column-is-layout-flow\">\n<section id=\"magnificat-wide-full-img-text-block_6064f45ab00fe\" class=\"wp-block-magnificat-wide-full-img-text 1\">\n    <div class=\"img\">\n        <picture><source type='image\/jpeg' srcset='https:\/\/comunitamagnificat.org\/wp-content\/uploads\/2021\/04\/Botticelli.jpg 1045w, https:\/\/comunitamagnificat.org\/wp-content\/uploads\/2021\/04\/Botticelli-300x221.jpg 300w, https:\/\/comunitamagnificat.org\/wp-content\/uploads\/2021\/04\/Botticelli-1024x755.jpg 1024w, https:\/\/comunitamagnificat.org\/wp-content\/uploads\/2021\/04\/Botticelli-768x566.jpg 768w' sizes='(max-width: 1045px) 100vw, 1045px' \/><img loading=\"lazy\" decoding=\"async\" width=\"1045\" height=\"770\" src=\"https:\/\/comunitamagnificat.org\/wp-content\/uploads\/2021\/04\/Botticelli.jpg\" class=\"attachment-full size-full\" alt=\"\" tcimage-skip=\"true\"  sizes=\"auto, (max-width: 1045px) 100vw, 1045px\" \/><\/picture>    <\/div>\n    <div class=\"text\">\n        <h2><\/h2>\n        <h1>Toplulu\u011fun ad\u0131<\/h1>\n        <p class=\"focus\"><\/p>\n        <p>Sandro Botticelli, <em>Madonna of the Magnificat <\/em>(1485), detay, Uffizi Galerisi, Floransa.<\/p>\n        <\/div>\n    <\/div>\n<\/section>\n<\/div>\n<\/div>\n\n<p>1978 y\u0131l\u0131nda, kehanet olarak kabul edilen bir olay\u0131n ard\u0131ndan Topluluk kendisini Magnificat olarak adland\u0131rmaya karar verdi.<\/p>\n\n<div style=\"height:30px\" aria-hidden=\"true\" class=\"wp-block-spacer\"><\/div>\n\n<p>Agnes Mezzetti<em>,<\/em>Lourdes Grotto<em>&#8216;<\/em>da dua ederken garip bir deneyim ya\u015fad\u0131: Meryem Ana<em>&#8216;y\u0131<\/em>selamlarken<em>,<\/em>do\u011fru bir \u015fekilde telaffuz ettikten sonra:<em>&#8220;Selam Meryem, l\u00fctuf dolu&#8230;<\/em>&#8221; beklenmedik bir<em>\u015fekilde<\/em>ve tekrar tekrar a\u011fz\u0131ndan<em>&#8220;Magnificat Toplulu\u011fu<\/em>&#8221; kelimeleri \u00e7\u0131kt\u0131<em>.<\/em>\nCennetin Toplulu\u011fa vermek istedi\u011fi ismin bu olup olmad\u0131\u011f\u0131n\u0131 merak etti. <\/p>\n\n<div style=\"height:30px\" aria-hidden=\"true\" class=\"wp-block-spacer\"><\/div>\n\n<p>Perugia&#8217;ya d\u00f6nd\u00fc\u011f\u00fcnde karde\u015flerine durumu anlat\u0131r ve onlar da dua ederek d\u00fc\u015f\u00fcn\u00fcp ta\u015f\u0131nd\u0131ktan sonra Cemaatin ad\u0131n\u0131n bu olmas\u0131 gerekti\u011fi konusunda kendisiyle birlikte ikna olurlar.<\/p>\n\n<div style=\"height:30px\" aria-hidden=\"true\" class=\"wp-block-spacer\"><\/div>\n\n<div class=\"wp-block-columns is-layout-flex wp-container-core-columns-is-layout-9d6595d7 wp-block-columns-is-layout-flex\">\n<div class=\"wp-block-column is-layout-flow wp-block-column-is-layout-flow\" style=\"flex-basis:15%\"><\/div>\n\n\n\n<div class=\"wp-block-column is-layout-flow wp-block-column-is-layout-flow\" style=\"flex-basis:60%\">\n<figure class=\"wp-block-embed is-type-video is-provider-youtube wp-block-embed-youtube wp-embed-aspect-16-9 wp-has-aspect-ratio\"><div class=\"wp-block-embed__wrapper\"> \n<iframe loading=\"lazy\" title=\"Il nome della Comunit\u00e0\" width=\"500\" height=\"281\" src=\"https:\/\/www.youtube.com\/embed\/FvKDFkkoYWM?feature=oembed\" frameborder=\"0\" allow=\"accelerometer; autoplay; clipboard-write; encrypted-media; gyroscope; picture-in-picture; web-share\" referrerpolicy=\"strict-origin-when-cross-origin\" allowfullscreen><\/iframe>\n <\/div><\/figure>\n<\/div>\n\n\n\n<div class=\"wp-block-column is-layout-flow wp-block-column-is-layout-flow\" style=\"flex-basis:15%\"><\/div>\n<\/div>\n\n<div style=\"height:30px\" aria-hidden=\"true\" class=\"wp-block-spacer\"><\/div>\n\n<p>Bu isim Magnificat Toplulu\u011funun Meryem gibi olmaya \u00e7a\u011fr\u0131ld\u0131\u011f\u0131n\u0131 ifade etmektedir.<\/p>\n\n<div style=\"height:30px\" aria-hidden=\"true\" class=\"wp-block-spacer\"><\/div>\n\n<p>Meryem&#8217;in ya\u015fam\u0131nda oldu\u011fu gibi, Cemaat \u00fcyelerinin ya\u015famlar\u0131nda da &#8211; \u00e7o\u011fu zaman beklenmedik bir \u015fekilde &#8211; Mesih geldi.<\/p>\n\n<div style=\"height:30px\" aria-hidden=\"true\" class=\"wp-block-spacer\"><\/div>\n\n<p>T\u0131pk\u0131 Meryem&#8217;in melekten Elizabet&#8217;in de Tanr\u0131&#8217;n\u0131n ola\u011fan\u00fcst\u00fc bir m\u00fcdahalesine maruz kald\u0131\u011f\u0131n\u0131 duyup ona ko\u015fmak istemesi gibi, m\u00fcttefikler de sevin\u00e7lerini ba\u015fkalar\u0131yla payla\u015fma, Rab&#8217;bi onlara da getirme d\u00fcrt\u00fcs\u00fc hissederler.<\/p>\n\n<div style=\"height:30px\" aria-hidden=\"true\" class=\"wp-block-spacer\"><\/div>\n\n<p>Bu nedenle Meryem&#8217;in Elizabet&#8217;in \u00f6n\u00fcnde s\u00f6yledi\u011fi \u015fark\u0131 ayn\u0131 zamanda bu i\u015f i\u00e7in Rab&#8217;bi y\u00fccelten toplulu\u011fun \u015fark\u0131s\u0131d\u0131r.<\/p>\n\n<div style=\"height:30px\" aria-hidden=\"true\" class=\"wp-block-spacer\"><\/div>\n\n<p>\u0130\u015fte Peder Raniero Cantalamessa&#8217;n\u0131n 2018 Genel Konvansiyonu s\u0131ras\u0131nda <em>Magnificat<\/em> &#8216;\u0131 anlatt\u0131\u011f\u0131 video:<\/p>\n\n<div style=\"height:30px\" aria-hidden=\"true\" class=\"wp-block-spacer\"><\/div>\n\n<div class=\"wp-block-columns is-layout-flex wp-container-core-columns-is-layout-9d6595d7 wp-block-columns-is-layout-flex\">\n<div class=\"wp-block-column is-layout-flow wp-block-column-is-layout-flow\" style=\"flex-basis:15%\"><\/div>\n\n\n\n<div class=\"wp-block-column is-layout-flow wp-block-column-is-layout-flow\" style=\"flex-basis:60%\">\n<figure class=\"wp-block-embed is-type-video is-provider-youtube wp-block-embed-youtube wp-embed-aspect-16-9 wp-has-aspect-ratio\"><div class=\"wp-block-embed__wrapper\"> \n<iframe loading=\"lazy\" title=\"Come Maria, portiamo Ges\u00f9 nel mondo - padre Raniero Cantalamessa\" width=\"500\" height=\"281\" src=\"https:\/\/www.youtube.com\/embed\/6fNXliznepw?feature=oembed\" frameborder=\"0\" allow=\"accelerometer; autoplay; clipboard-write; encrypted-media; gyroscope; picture-in-picture; web-share\" referrerpolicy=\"strict-origin-when-cross-origin\" allowfullscreen><\/iframe>\n <\/div><\/figure>\n<\/div>\n\n\n\n<div class=\"wp-block-column is-layout-flow wp-block-column-is-layout-flow\" style=\"flex-basis:15%\"><\/div>\n<\/div>\n\n<div style=\"height:50px\" aria-hidden=\"true\" class=\"wp-block-spacer\"><\/div>\n","protected":false},"excerpt":{"rendered":"<p>Benim ruhumTanr\u0131&#8217;y\u0131 y\u00fcceltir! Luka 1, 46 1978 y\u0131l\u0131nda, kehanet olarak kabul edilen bir olay\u0131n ard\u0131ndan Topluluk kendisini Magnificat olarak adland\u0131rmaya karar verdi. Agnes Mezzetti,Lourdes Grotto&#8216;da dua ederken garip bir deneyim ya\u015fad\u0131: Meryem Ana&#8216;y\u0131selamlarken,do\u011fru bir \u015fekilde telaffuz ettikten sonra:&#8220;Selam Meryem, l\u00fctuf dolu&#8230;&#8221; beklenmedik bir\u015fekildeve tekrar tekrar a\u011fz\u0131ndan&#8220;Magnificat Toplulu\u011fu&#8221; kelimeleri \u00e7\u0131kt\u0131. Cennetin Toplulu\u011fa vermek istedi\u011fi ismin bu [&hellip;]<\/p>\n","protected":false},"author":3,"featured_media":10752,"parent":0,"menu_order":0,"comment_status":"closed","ping_status":"closed","template":"","meta":{"om_disable_all_campaigns":false,"_monsterinsights_skip_tracking":false,"_monsterinsights_sitenote_active":false,"_monsterinsights_sitenote_note":"","_monsterinsights_sitenote_category":0,"_uf_show_specific_survey":0,"_uf_disable_surveys":false,"footnotes":""},"class_list":["post-18399","page","type-page","status-publish","has-post-thumbnail","hentry"],"aioseo_notices":[],"_links":{"self":[{"href":"https:\/\/comunitamagnificat.org\/tr\/wp-json\/wp\/v2\/pages\/18399","targetHints":{"allow":["GET"]}}],"collection":[{"href":"https:\/\/comunitamagnificat.org\/tr\/wp-json\/wp\/v2\/pages"}],"about":[{"href":"https:\/\/comunitamagnificat.org\/tr\/wp-json\/wp\/v2\/types\/page"}],"author":[{"embeddable":true,"href":"https:\/\/comunitamagnificat.org\/tr\/wp-json\/wp\/v2\/users\/3"}],"replies":[{"embeddable":true,"href":"https:\/\/comunitamagnificat.org\/tr\/wp-json\/wp\/v2\/comments?post=18399"}],"version-history":[{"count":1,"href":"https:\/\/comunitamagnificat.org\/tr\/wp-json\/wp\/v2\/pages\/18399\/revisions"}],"predecessor-version":[{"id":18401,"href":"https:\/\/comunitamagnificat.org\/tr\/wp-json\/wp\/v2\/pages\/18399\/revisions\/18401"}],"wp:featuredmedia":[{"embeddable":true,"href":"https:\/\/comunitamagnificat.org\/tr\/wp-json\/wp\/v2\/media\/10752"}],"wp:attachment":[{"href":"https:\/\/comunitamagnificat.org\/tr\/wp-json\/wp\/v2\/media?parent=18399"}],"curies":[{"name":"wp","href":"https:\/\/api.w.org\/{rel}","templated":true}]}}