{"id":18412,"date":"2024-08-22T18:08:17","date_gmt":"2024-08-22T16:08:17","guid":{"rendered":"https:\/\/comunitamagnificat.org\/hakkimizda\/"},"modified":"2025-01-23T09:54:04","modified_gmt":"2025-01-23T08:54:04","slug":"hakkimizda","status":"publish","type":"page","link":"https:\/\/comunitamagnificat.org\/tr\/hakkimizda\/","title":{"rendered":"Hakk\u0131m\u0131zda"},"content":{"rendered":"\n<div style=\"height:30px\" aria-hidden=\"true\" class=\"wp-block-spacer\"><\/div>\n\n<div id=\"magnificat-focus-block_6067b1f092c31\" class=\"wp-block-magnificat-focus \">\t\n    <p style=\"text-align: center;\">Topluluk, 8 Aral\u0131k 1978&#8217;de Perugia&#8217;daki San Donato all&#8217;Elce Kilisesi&#8217;nde, <em>Katolik Karizmatik Yenilenme<\/em>&#8216;nin l\u00fctuf ak\u0131m\u0131n\u0131n meyvesi olarak do\u011fdu.<\/p>\n<\/div>\n<div style=\"height:15px\" aria-hidden=\"true\" class=\"wp-block-spacer\"><\/div>\n\n<p class=\"has-text-align-center\">Bu, Ruh&#8217;taki yeni ya\u015fam\u0131 istikrarl\u0131 bir ba\u011fl\u0131l\u0131kla ya\u015famak i\u00e7in Tanr\u0131&#8217;dan gelen belirli bir \u00e7a\u011fr\u0131ya verilen yan\u0131tt\u0131r.<\/p>\n\n<div style=\"height:15px\" aria-hidden=\"true\" class=\"wp-block-spacer\"><\/div>\n\n<p class=\"has-text-align-center\">Efkaristiya&#8217;y\u0131 ki\u015fisel ve cemaat ya\u015fam\u0131n\u0131n merkezine yerle\u015ftirerek, Cemaat \u00fcyeleri kendilerini ilk H\u0131ristiyan cemaatini \u00f6rnek alan tek bir beden in\u015fa etmeye adarlar (bkz. El\u00e7ilerin \u0130\u015fleri 2:42-47).<\/p>\n\n<div style=\"height:15px\" aria-hidden=\"true\" class=\"wp-block-spacer\"><\/div>\n\n<p class=\"has-text-align-center\">Mesih&#8217;in Bedeninin canl\u0131 deneyimini ya\u015fayan bu ki\u015filer, Toplulu\u011fun ana karizmalar\u0131 olarak m\u00fcjdelemeyi ve hayat\u0131n her kesiminden ve ge\u00e7mi\u015ften gelen \u00e7ok say\u0131da karde\u015f &#8211; \u00e7o\u011funlukla meslekten olmayan ki\u015filer &#8211; taraf\u0131ndan ya\u015fanan topluluk hayat\u0131n\u0131 kabul ederler.<\/p>\n\n<div style=\"height:15px\" aria-hidden=\"true\" class=\"wp-block-spacer\"><\/div>\n\n<p class=\"has-text-align-center\">Bug\u00fcn Toplulu\u011fun \u0130talya, Romanya, T\u00fcrkiye, Arjantin, Uganda ve Pakistan&#8217;da onlarca Karde\u015fli\u011fi bulunmaktad\u0131r ve di\u011fer \u00fclkelerde de k\u00f6k salmaya ba\u015flam\u0131\u015ft\u0131r.<\/p>\n\n<div style=\"height:50px\" aria-hidden=\"true\" class=\"wp-block-spacer\"><\/div>\n\n<section id=\"magnificat-link-multipli-pagina-block_6067aad08dbd5\" class=\"wp-block-magnificat-link-multipli-pagina \">\n\n            \n        <picture><source type='image\/jpeg' srcset='https:\/\/comunitamagnificat.org\/wp-content\/uploads\/2021\/04\/Agnus-Dei-completa-pulita-600x600-1.jpg 1700w, https:\/\/comunitamagnificat.org\/wp-content\/uploads\/2021\/04\/Agnus-Dei-completa-pulita-600x600-1-266x300.jpg 266w, https:\/\/comunitamagnificat.org\/wp-content\/uploads\/2021\/04\/Agnus-Dei-completa-pulita-600x600-1-907x1024.jpg 907w, https:\/\/comunitamagnificat.org\/wp-content\/uploads\/2021\/04\/Agnus-Dei-completa-pulita-600x600-1-768x867.jpg 768w, https:\/\/comunitamagnificat.org\/wp-content\/uploads\/2021\/04\/Agnus-Dei-completa-pulita-600x600-1-1360x1536.jpg 1360w' sizes='(max-width: 1700px) 100vw, 1700px' \/><img loading=\"lazy\" decoding=\"async\" width=\"1700\" height=\"1920\" src=\"https:\/\/comunitamagnificat.org\/wp-content\/uploads\/2021\/04\/Agnus-Dei-completa-pulita-600x600-1.jpg\" class=\"attachment-cover-parallax-background size-cover-parallax-background\" alt=\"\" tcimage-skip=\"true\"  sizes=\"auto, (max-width: 1700px) 100vw, 1700px\" \/><\/picture>        \n        \n            <div class=\"accordion-link-page\">\n                        \n            <div class=\"tab\">\n\n                    <input type=\"radio\" id=\"chck-1\"   name=\"rd\">\n                    <label class=\"tab-label\" for=\"chck-1\">Tarih<\/label>\n\n                <div class=\"content\">\n                                            <a href=\"https:\/\/comunitamagnificat.org\/tr\/magnificat-toplulugunun-tarihcesi\/\">\n                            Magnificat Toplulu\u011funun Tarih\u00e7esi                            <br \/>\n                            <span class=\"text\">sayfaya git<\/span>\n                        <\/a>\n                                            <a href=\"https:\/\/comunitamagnificat.org\/tr\/magnificat-ismi\/\">\n                            Magnificat ismi                            <br \/>\n                            <span class=\"text\">sayfaya git<\/span>\n                        <\/a>\n                                            <a href=\"https:\/\/comunitamagnificat.org\/tr\/san-manno\/\">\n                            San Manno                            <br \/>\n                            <span class=\"text\">sayfaya git<\/span>\n                        <\/a>\n                                            <a href=\"https:\/\/comunitamagnificat.org\/tr\/tarcisio-mezzetti\/\">\n                            Tarcisio Mezzetti                            <br \/>\n                            <span class=\"text\">sayfaya git<\/span>\n                        <\/a>\n                                    <\/div>\n\n            <\/div>\n\n                        \n            <div class=\"tab\">\n\n                    <input type=\"radio\" id=\"chck-2\"   name=\"rd\">\n                    <label class=\"tab-label\" for=\"chck-2\">Maneviyat<\/label>\n\n                <div class=\"content\">\n                                            <a href=\"https:\/\/comunitamagnificat.org\/tr\/magnificat-toplulugunun-temelleri\/\">\n                            Magnificat Toplulu\u011funun Temelleri                            <br \/>\n                            <span class=\"text\">sayfaya git<\/span>\n                        <\/a>\n                                            <a href=\"https:\/\/comunitamagnificat.org\/tr\/isa-ile-isanin-yapisinda\/\">\n                            &#8220;\u0130sa ile, \u0130sa&#8217;n\u0131n yap\u0131s\u0131nda&#8221;                            <br \/>\n                            <span class=\"text\">sayfaya git<\/span>\n                        <\/a>\n                                            <a href=\"https:\/\/comunitamagnificat.org\/tr\/dort-vaat\/\">\n                            D\u00f6rt Vaat                            <br \/>\n                            <span class=\"text\">sayfaya git<\/span>\n                        <\/a>\n                                            <a href=\"https:\/\/comunitamagnificat.org\/tr\/ittifak\/\">\n                            \u0130ttifak                            <br \/>\n                            <span class=\"text\">sayfaya git<\/span>\n                        <\/a>\n                                            <a href=\"https:\/\/comunitamagnificat.org\/tr\/efkaristiya-ayini\/\">\n                            Efkaristiya Ayini                            <br \/>\n                            <span class=\"text\">sayfaya git<\/span>\n                        <\/a>\n                                            <a href=\"https:\/\/comunitamagnificat.org\/tr\/meslek\/\">\n                            Meslek                            <br \/>\n                            <span class=\"text\">sayfaya git<\/span>\n                        <\/a>\n                                            <a href=\"https:\/\/comunitamagnificat.org\/tr\/topluluk\/\">\n                            Topluluk                            <br \/>\n                            <span class=\"text\">sayfaya git<\/span>\n                        <\/a>\n                                            <a href=\"https:\/\/comunitamagnificat.org\/tr\/tefekkur-ve-eylem\/\">\n                            Tefekk\u00fcr ve eylem                            <br \/>\n                            <span class=\"text\">sayfaya git<\/span>\n                        <\/a>\n                                            <a href=\"https:\/\/comunitamagnificat.org\/tr\/tanrinin-ruyasini-gormek\/\">\n                            &#8216;Tanr\u0131&#8217;n\u0131n r\u00fcyas\u0131n\u0131 g\u00f6rmek&#8217;                            <br \/>\n                            <span class=\"text\">sayfaya git<\/span>\n                        <\/a>\n                                            <a href=\"https:\/\/comunitamagnificat.org\/tr\/gorunmez-duvarlari-olan-manastir\/\">\n                            &#8216;G\u00f6r\u00fcnmez duvarlar\u0131 olan manast\u0131r&#8217;                            <br \/>\n                            <span class=\"text\">sayfaya git<\/span>\n                        <\/a>\n                                            <a href=\"https:\/\/comunitamagnificat.org\/tr\/manevi-eslik\/\">\n                            Manevi e\u015flik                            <br \/>\n                            <span class=\"text\">sayfaya git<\/span>\n                        <\/a>\n                                            <a href=\"https:\/\/comunitamagnificat.org\/tr\/karizmalar\/\">\n                            Karizmalar                            <br \/>\n                            <span class=\"text\">sayfaya git<\/span>\n                        <\/a>\n                                            <a href=\"https:\/\/comunitamagnificat.org\/tr\/evangelizasyon\/\">\n                            Evangelizasyon                            <br \/>\n                            <span class=\"text\">sayfaya git<\/span>\n                        <\/a>\n                                            <a href=\"https:\/\/comunitamagnificat.org\/tr\/iyilesme\/\">\n                            \u0130yile\u015fme                            <br \/>\n                            <span class=\"text\">sayfaya git<\/span>\n                        <\/a>\n                                            <a href=\"https:\/\/comunitamagnificat.org\/tr\/agnus-deinin-muttefikleri\/\">\n                            Agnus Dei&#8217;nin M\u00fcttefikleri                            <br \/>\n                            <span class=\"text\">sayfaya git<\/span>\n                        <\/a>\n                                            <a href=\"https:\/\/comunitamagnificat.org\/tr\/ortak-yasam-evleri\/\">\n                            Ortak ya\u015fam evleri                            <br \/>\n                            <span class=\"text\">sayfaya git<\/span>\n                        <\/a>\n                                    <\/div>\n\n            <\/div>\n\n                        \n            <div class=\"tab\">\n\n                    <input type=\"radio\" id=\"chck-3\"   name=\"rd\">\n                    <label class=\"tab-label\" for=\"chck-3\">Yap\u0131<\/label>\n\n                <div class=\"content\">\n                                            <a href=\"https:\/\/comunitamagnificat.org\/tr\/yasam-kurali\/\">\n                            Ya\u015fam Kural\u0131                            <br \/>\n                            <span class=\"text\">sayfaya git<\/span>\n                        <\/a>\n                                            <a href=\"https:\/\/comunitamagnificat.org\/tr\/kardeslik\/\">\n                            Karde\u015flik                            <br \/>\n                            <span class=\"text\">sayfaya git<\/span>\n                        <\/a>\n                                            <a href=\"https:\/\/comunitamagnificat.org\/tr\/topluluk-a\/\">\n                            Topluluk a                            <br \/>\n                            <span class=\"text\">sayfaya git<\/span>\n                        <\/a>\n                                            <a href=\"https:\/\/comunitamagnificat.org\/tr\/yaslilar-ve-kehanet\/\">\n                            Ya\u015fl\u0131lar ve kehanet                            <br \/>\n                            <span class=\"text\">sayfaya git<\/span>\n                        <\/a>\n                                            <a href=\"https:\/\/comunitamagnificat.org\/tr\/meslektas-hukumeti\/\">\n                            Meslekta\u015f h\u00fck\u00fcmeti                            <br \/>\n                            <span class=\"text\">sayfaya git<\/span>\n                        <\/a>\n                                            <a href=\"https:\/\/comunitamagnificat.org\/tr\/genel-bakanliklar\/\">\n                            Genel Hizmetler                            <br \/>\n                            <span class=\"text\">sayfaya git<\/span>\n                        <\/a>\n                                            <a href=\"https:\/\/comunitamagnificat.org\/tr\/magnificat-vakfi-e-t-s\/\">\n                            Magnificat Vakf\u0131 E.T.S.                            <br \/>\n                            <span class=\"text\">sayfaya git<\/span>\n                        <\/a>\n                                            <a href=\"https:\/\/comunitamagnificat.org\/tr\/gorevler\/\">\n                            G\u00f6revler                            <br \/>\n                            <span class=\"text\">sayfaya git<\/span>\n                        <\/a>\n                                            <a href=\"https:\/\/comunitamagnificat.org\/tr\/yonetim-genel-hazine-ve-sekreterlik\/\">\n                            Y\u00f6netim, Genel Hazine ve Sekreterlik                            <br \/>\n                            <span class=\"text\">sayfaya git<\/span>\n                        <\/a>\n                                    <\/div>\n\n            <\/div>\n\n                        \n            <div class=\"tab\">\n\n                    <input type=\"radio\" id=\"chck-4\"   name=\"rd\">\n                    <label class=\"tab-label\" for=\"chck-4\">Kilise onaylar\u0131<\/label>\n\n                <div class=\"content\">\n                                            <a href=\"https:\/\/comunitamagnificat.org\/tr\/1979-tuzugu\/\">\n                            1979 T\u00fcz\u00fc\u011f\u00fc                            <br \/>\n                            <span class=\"text\">sayfaya git<\/span>\n                        <\/a>\n                                            <a href=\"https:\/\/comunitamagnificat.org\/tr\/1995-yasam-kurali\/\">\n                            1995 Ya\u015fam Kural\u0131                            <br \/>\n                            <span class=\"text\">sayfaya git<\/span>\n                        <\/a>\n                                            <a href=\"https:\/\/comunitamagnificat.org\/tr\/2004-yasam-kurali\/\">\n                            2004 Ya\u015fam Kural\u0131                            <br \/>\n                            <span class=\"text\">sayfaya git<\/span>\n                        <\/a>\n                                            <a href=\"https:\/\/comunitamagnificat.org\/tr\/2013-2023-yillari-arasinda-tuzuk\/\">\n                            2013-2023 y\u0131llar\u0131 aras\u0131nda T\u00fcz\u00fck                            <br \/>\n                            <span class=\"text\">sayfaya git<\/span>\n                        <\/a>\n                                            <a href=\"https:\/\/comunitamagnificat.org\/tr\/nihai-tanima-ve-yeni-tuzuk-2024\/\">\n                            Nihai Tan\u0131ma ve Yeni T\u00fcz\u00fck                            <br \/>\n                            <span class=\"text\">sayfaya git<\/span>\n                        <\/a>\n                                    <\/div>\n\n            <\/div>\n\n                    <\/div>\n    \n<\/section>\n<div style=\"height:50px\" aria-hidden=\"true\" class=\"wp-block-spacer\"><\/div>\n","protected":false},"excerpt":{"rendered":"<p>Bu, Ruh&#8217;taki yeni ya\u015fam\u0131 istikrarl\u0131 bir ba\u011fl\u0131l\u0131kla ya\u015famak i\u00e7in Tanr\u0131&#8217;dan gelen belirli bir \u00e7a\u011fr\u0131ya verilen yan\u0131tt\u0131r. Efkaristiya&#8217;y\u0131 ki\u015fisel ve cemaat ya\u015fam\u0131n\u0131n merkezine yerle\u015ftirerek, Cemaat \u00fcyeleri kendilerini ilk H\u0131ristiyan cemaatini \u00f6rnek alan tek bir beden in\u015fa etmeye adarlar (bkz. El\u00e7ilerin \u0130\u015fleri 2:42-47). Mesih&#8217;in Bedeninin canl\u0131 deneyimini ya\u015fayan bu ki\u015filer, Toplulu\u011fun ana karizmalar\u0131 olarak m\u00fcjdelemeyi ve hayat\u0131n [&hellip;]<\/p>\n","protected":false},"author":2,"featured_media":11088,"parent":0,"menu_order":0,"comment_status":"closed","ping_status":"closed","template":"","meta":{"om_disable_all_campaigns":false,"_monsterinsights_skip_tracking":false,"_monsterinsights_sitenote_active":false,"_monsterinsights_sitenote_note":"","_monsterinsights_sitenote_category":0,"_uf_show_specific_survey":0,"_uf_disable_surveys":false,"footnotes":""},"class_list":["post-18412","page","type-page","status-publish","has-post-thumbnail","hentry"],"aioseo_notices":[],"_links":{"self":[{"href":"https:\/\/comunitamagnificat.org\/tr\/wp-json\/wp\/v2\/pages\/18412","targetHints":{"allow":["GET"]}}],"collection":[{"href":"https:\/\/comunitamagnificat.org\/tr\/wp-json\/wp\/v2\/pages"}],"about":[{"href":"https:\/\/comunitamagnificat.org\/tr\/wp-json\/wp\/v2\/types\/page"}],"author":[{"embeddable":true,"href":"https:\/\/comunitamagnificat.org\/tr\/wp-json\/wp\/v2\/users\/2"}],"replies":[{"embeddable":true,"href":"https:\/\/comunitamagnificat.org\/tr\/wp-json\/wp\/v2\/comments?post=18412"}],"version-history":[{"count":7,"href":"https:\/\/comunitamagnificat.org\/tr\/wp-json\/wp\/v2\/pages\/18412\/revisions"}],"predecessor-version":[{"id":22718,"href":"https:\/\/comunitamagnificat.org\/tr\/wp-json\/wp\/v2\/pages\/18412\/revisions\/22718"}],"wp:featuredmedia":[{"embeddable":true,"href":"https:\/\/comunitamagnificat.org\/tr\/wp-json\/wp\/v2\/media\/11088"}],"wp:attachment":[{"href":"https:\/\/comunitamagnificat.org\/tr\/wp-json\/wp\/v2\/media?parent=18412"}],"curies":[{"name":"wp","href":"https:\/\/api.w.org\/{rel}","templated":true}]}}