{"id":18413,"date":"2024-08-22T18:08:18","date_gmt":"2024-08-22T16:08:18","guid":{"rendered":"https:\/\/comunitamagnificat.org\/tarih\/"},"modified":"2024-08-22T18:08:24","modified_gmt":"2024-08-22T16:08:24","slug":"tarih","status":"publish","type":"page","link":"https:\/\/comunitamagnificat.org\/tr\/tarih\/","title":{"rendered":"Tarih"},"content":{"rendered":"\n<div style=\"height:30px\" aria-hidden=\"true\" class=\"wp-block-spacer\"><\/div>\n\n<p>Bu sayfadan <strong>topluluk ge\u00e7mi\u015finin d\u00f6rt b\u00f6l\u00fcm\u00fcne<\/strong> eri\u015febilirsiniz:<\/p>\n\n<div style=\"height:30px\" aria-hidden=\"true\" class=\"wp-block-spacer\"><\/div>\n\n<p>gelen <strong><a href=\"https:\/\/comunitamagnificat.org\/tr\/magnificat-toplulugunun-tarihcesi\/\" data-type=\"page\" data-id=\"38\">en \u00f6nemli tarihler<\/a><\/strong> en \u00f6nemli pasajlar\u0131 nas\u0131l i\u015faretledi\u011fini <strong><a href=\"https:\/\/comunitamagnificat.org\/tr\/magnificat-ismi\/\" data-type=\"page\" data-id=\"249\">ad\u0131 <em>Magnificat<\/em><\/a><\/strong>Toplulu\u011fun an\u0131tsal kompleksini yapmas\u0131na neden olan karma\u015f\u0131k olaylardan <strong><a href=\"https:\/\/comunitamagnificat.org\/tr\/san-manno\/\" data-type=\"page\" data-id=\"281\">San Manno<\/a> <\/strong>Perugia yak\u0131nlar\u0131ndaki merkezini <strong><a href=\"https:\/\/comunitamagnificat.org\/tr\/tarcisio-mezzetti\/\" data-type=\"page\" data-id=\"469\">Tarcisio Mezzetti<\/a> <\/strong>G\u00f6rkemli ba\u015flang\u0131\u00e7lar\u0131n olaylar\u0131n\u0131 ya\u015fayanlar aras\u0131nda, Tanr\u0131 taraf\u0131ndan Magnificat Toplulu\u011fu olan <em>Tanr\u0131&#8217;n\u0131n r\u00fcyas\u0131n\u0131n<\/em> geli\u015fmesine izin veren o belirleyici d\u00fcrt\u00fcy\u00fc vermek i\u00e7in se\u00e7ilen tart\u0131\u015fmas\u0131z bir kahramand\u0131.<\/p>\n\n<div style=\"height:30px\" aria-hidden=\"true\" class=\"wp-block-spacer\"><\/div>\n\n<p><strong><span class=\"has-inline-color has-vivid-red-color\"><a href=\"https:\/\/comunitamagnificat.org\/tr\/magnificat-toplulugunun-tarihcesi\/\" data-type=\"page\" data-id=\"38\">Magnificat Toplulu\u011funun Tarih\u00e7esi<\/a><\/span><\/strong><\/p>\n\n<div style=\"height:30px\" aria-hidden=\"true\" class=\"wp-block-spacer\"><\/div>\n\n<p><strong><span class=\"has-inline-color has-vivid-red-color\"><a href=\"https:\/\/comunitamagnificat.org\/tr\/magnificat-ismi\/\" data-type=\"page\" data-id=\"249\">Magnificat ismi<\/a><\/span><\/strong><\/p>\n\n<div style=\"height:30px\" aria-hidden=\"true\" class=\"wp-block-spacer\"><\/div>\n\n<p><strong><span class=\"has-inline-color has-vivid-red-color\"><a href=\"https:\/\/comunitamagnificat.org\/tr\/san-manno\/\" data-type=\"page\" data-id=\"281\">San Manno<\/a><\/span><\/strong><\/p>\n\n<div style=\"height:30px\" aria-hidden=\"true\" class=\"wp-block-spacer\"><\/div>\n\n<p><strong><span class=\"has-inline-color has-vivid-red-color\"><a href=\"https:\/\/comunitamagnificat.org\/tr\/tarcisio-mezzetti\/\" data-type=\"page\" data-id=\"469\">Tarcisio Mezzetti<\/a><\/span><\/strong><\/p>\n\n<div style=\"height:50px\" aria-hidden=\"true\" class=\"wp-block-spacer\"><\/div>\n","protected":false},"excerpt":{"rendered":"<p>Bu sayfadan topluluk ge\u00e7mi\u015finin d\u00f6rt b\u00f6l\u00fcm\u00fcne eri\u015febilirsiniz: gelen en \u00f6nemli tarihler en \u00f6nemli pasajlar\u0131 nas\u0131l i\u015faretledi\u011fini ad\u0131 MagnificatToplulu\u011fun an\u0131tsal kompleksini yapmas\u0131na neden olan karma\u015f\u0131k olaylardan San Manno Perugia yak\u0131nlar\u0131ndaki merkezini Tarcisio Mezzetti G\u00f6rkemli ba\u015flang\u0131\u00e7lar\u0131n olaylar\u0131n\u0131 ya\u015fayanlar aras\u0131nda, Tanr\u0131 taraf\u0131ndan Magnificat Toplulu\u011fu olan Tanr\u0131&#8217;n\u0131n r\u00fcyas\u0131n\u0131n geli\u015fmesine izin veren o belirleyici d\u00fcrt\u00fcy\u00fc vermek i\u00e7in se\u00e7ilen tart\u0131\u015fmas\u0131z bir [&hellip;]<\/p>\n","protected":false},"author":3,"featured_media":11060,"parent":0,"menu_order":0,"comment_status":"closed","ping_status":"closed","template":"","meta":{"om_disable_all_campaigns":false,"_monsterinsights_skip_tracking":false,"_monsterinsights_sitenote_active":false,"_monsterinsights_sitenote_note":"","_monsterinsights_sitenote_category":0,"_uf_show_specific_survey":0,"_uf_disable_surveys":false,"footnotes":""},"class_list":["post-18413","page","type-page","status-publish","has-post-thumbnail","hentry"],"aioseo_notices":[],"_links":{"self":[{"href":"https:\/\/comunitamagnificat.org\/tr\/wp-json\/wp\/v2\/pages\/18413","targetHints":{"allow":["GET"]}}],"collection":[{"href":"https:\/\/comunitamagnificat.org\/tr\/wp-json\/wp\/v2\/pages"}],"about":[{"href":"https:\/\/comunitamagnificat.org\/tr\/wp-json\/wp\/v2\/types\/page"}],"author":[{"embeddable":true,"href":"https:\/\/comunitamagnificat.org\/tr\/wp-json\/wp\/v2\/users\/3"}],"replies":[{"embeddable":true,"href":"https:\/\/comunitamagnificat.org\/tr\/wp-json\/wp\/v2\/comments?post=18413"}],"version-history":[{"count":1,"href":"https:\/\/comunitamagnificat.org\/tr\/wp-json\/wp\/v2\/pages\/18413\/revisions"}],"predecessor-version":[{"id":18414,"href":"https:\/\/comunitamagnificat.org\/tr\/wp-json\/wp\/v2\/pages\/18413\/revisions\/18414"}],"wp:featuredmedia":[{"embeddable":true,"href":"https:\/\/comunitamagnificat.org\/tr\/wp-json\/wp\/v2\/media\/11060"}],"wp:attachment":[{"href":"https:\/\/comunitamagnificat.org\/tr\/wp-json\/wp\/v2\/media?parent=18413"}],"curies":[{"name":"wp","href":"https:\/\/api.w.org\/{rel}","templated":true}]}}