{"id":18426,"date":"2024-08-22T18:09:42","date_gmt":"2024-08-22T16:09:42","guid":{"rendered":"https:\/\/comunitamagnificat.org\/gizlilik-politikasi\/"},"modified":"2026-01-20T09:36:25","modified_gmt":"2026-01-20T08:36:25","slug":"gizlilik-politikasi","status":"publish","type":"page","link":"https:\/\/comunitamagnificat.org\/tr\/gizlilik-politikasi\/","title":{"rendered":"Gizlilik Politikas\u0131"},"content":{"rendered":"\n<p>Toplanan ki\u015fisel verileriniz, bunlar\u0131n toplanma ama\u00e7lar\u0131 ve verilerin payla\u015f\u0131ld\u0131\u011f\u0131 taraflar hakk\u0131nda bilgi almak i\u00e7in l\u00fctfen Denetleyici ile ileti\u015fime ge\u00e7in.<\/p>\n\n<h2 class=\"wp-block-heading\" id=\"owner_of_the_data\">Veri Sorumlusu<\/h2>\n\n<p><strong><em>Alessandra Pauluzzi<\/em><\/strong><br\/>c\/o S.Manno Complex<br\/>Via Fra Giovanni da Pian di Carpine, 63 &#8211; 06127 (PG)<\/p>\n\n<p><strong>Sahibinin e-posta adresi:<\/strong> segreteria@comunitamagnificat.org<\/p>\n\n<h2 class=\"wp-block-heading\" id=\"types_of_data\">Toplanan Veri T\u00fcrleri<\/h2>\n\n<p>Kontrol\u00f6r, toplanan Ki\u015fisel Veri t\u00fcrlerinin bir listesini sunmaz.<\/p>\n\n<p>Toplanan her veri t\u00fcr\u00fcne ili\u015fkin t\u00fcm ayr\u0131nt\u0131lar, bu gizlilik politikas\u0131n\u0131n ilgili b\u00f6l\u00fcmlerinde veya veri toplamadan \u00f6nce g\u00f6r\u00fcnt\u00fclenen \u00f6zel bilgi metinleri arac\u0131l\u0131\u011f\u0131yla sa\u011flanmaktad\u0131r.<br\/>Ki\u015fisel Veriler, Kullan\u0131c\u0131 taraf\u0131ndan serbest\u00e7e sa\u011flanabilir veya Kullan\u0131c\u0131 Verileri s\u00f6z konusu oldu\u011funda, bu Uygulaman\u0131n kullan\u0131m\u0131 s\u0131ras\u0131nda otomatik olarak toplanabilir.<br\/>Aksi belirtilmedik\u00e7e, bu Uygulama taraf\u0131ndan talep edilen t\u00fcm Veriler zorunludur. Kullan\u0131c\u0131 bunlar\u0131 iletmeyi reddederse, bu Uygulaman\u0131n Hizmet sa\u011flamas\u0131 imkans\u0131z olabilir. Bu Uygulaman\u0131n belirli Verileri iste\u011fe ba\u011fl\u0131 olarak belirtti\u011fi durumlarda, Kullan\u0131c\u0131lar, Hizmetin kullan\u0131labilirli\u011fi veya \u00e7al\u0131\u015fmas\u0131 \u00fczerinde herhangi bir sonucu olmaks\u0131z\u0131n, bu Verileri iletmekten ka\u00e7\u0131nmakta serbesttir.  <br\/>Hangi Verilerin zorunlu oldu\u011fu konusunda \u015f\u00fcphe duyan Kullan\u0131c\u0131lar\u0131n Kontrol\u00f6r ile ileti\u015fime ge\u00e7meleri tavsiye edilir.<br\/>\u00c7erezlerin &#8211; veya di\u011fer izleme ara\u00e7lar\u0131n\u0131n &#8211; bu Uygulama veya bu Uygulama taraf\u0131ndan kullan\u0131lan \u00fc\u00e7\u00fcnc\u00fc taraf hizmetlerinin sahipleri taraf\u0131ndan olas\u0131 kullan\u0131m\u0131, aksi belirtilmedik\u00e7e, bu belgede ve varsa \u00c7erez Politikas\u0131nda a\u00e7\u0131klanan di\u011fer ama\u00e7lara ek olarak, Kullan\u0131c\u0131 taraf\u0131ndan talep edilen Hizmeti sa\u011flama amac\u0131na sahiptir.<\/p>\n\n<p>Kullan\u0131c\u0131, bu Uygulama arac\u0131l\u0131\u011f\u0131yla elde edilen, yay\u0131nlanan veya payla\u015f\u0131lan \u00fc\u00e7\u00fcnc\u00fc taraflara ait Ki\u015fisel Verilerin sorumlulu\u011funu \u00fcstlenir ve bunlar\u0131 iletme veya yayma hakk\u0131na sahip oldu\u011funu garanti eder ve Sahibi \u00fc\u00e7\u00fcnc\u00fc taraflara kar\u015f\u0131 herhangi bir sorumluluktan kurtar\u0131r.<\/p>\n\n<h2 class=\"wp-block-heading\" id=\"place_of_processing\">Veri i\u015fleme y\u00f6ntemi ve yeri<\/h2>\n\n<h3 class=\"wp-block-heading\">Tedavi modlar\u0131<\/h3>\n\n<p>Veri Sorumlusu, Ki\u015fisel Verilere yetkisiz eri\u015fimi, if\u015fas\u0131n\u0131, de\u011fi\u015ftirilmesini veya imha edilmesini \u00f6nlemek i\u00e7in uygun g\u00fcvenlik \u00f6nlemlerini benimser.<br\/>\u0130\u015fleme, bilgisayar ve\/veya telematik ara\u00e7lar vas\u0131tas\u0131yla, belirtilen ama\u00e7larla s\u0131k\u0131 s\u0131k\u0131ya ili\u015fkili organizasyonel y\u00f6ntemler ve mant\u0131kla ger\u00e7ekle\u015ftirilir. Veri Denetleyicisine ek olarak, baz\u0131 durumlarda, bu Uygulaman\u0131n organizasyonunda yer alan di\u011fer ki\u015filer (idari, sat\u0131\u015f, pazarlama, hukuk, sistem y\u00f6neticileri) veya gerekti\u011finde Veri Denetleyicisi taraf\u0131ndan Veri \u0130\u015fleyicisi olarak atanan harici ki\u015filer (\u00fc\u00e7\u00fcnc\u00fc taraf teknik servis sa\u011flay\u0131c\u0131lar\u0131, posta kuryeleri, bar\u0131nd\u0131rma sa\u011flay\u0131c\u0131lar\u0131, BT \u015firketleri, ileti\u015fim ajanslar\u0131 gibi) de Verilere eri\u015febilir. Veri \u0130\u015fleyicilerin g\u00fcncellenmi\u015f listesi her zaman Veri Denetleyicisinden talep edilebilir.  <\/p>\n\n<h3 class=\"wp-block-heading\">\u0130\u015fleme i\u00e7in yasal dayanak<\/h3>\n\n<p>Kontrol\u00f6r, a\u015fa\u011f\u0131daki ko\u015fullardan birinin kar\u015f\u0131lanmas\u0131 halinde Kullan\u0131c\u0131 ile ilgili Ki\u015fisel Verileri i\u015fler:<\/p>\n\n<ul class=\"wp-block-list\">\n<li>Kullan\u0131c\u0131n\u0131n bir veya daha fazla \u00f6zel ama\u00e7 i\u00e7in onay vermi\u015f olmas\u0131; Not: Baz\u0131 yarg\u0131 b\u00f6lgelerinde, Kullan\u0131c\u0131 s\u00f6z konusu i\u015flemeye itiraz edene (&#8220;vazge\u00e7ene&#8221;) kadar, Kontrol\u00f6r\u00fcn Kullan\u0131c\u0131n\u0131n onay\u0131 veya a\u015fa\u011f\u0131da belirtilen di\u011fer yasal dayanaklardan herhangi biri olmaks\u0131z\u0131n Ki\u015fisel Verileri i\u015flemesine izin verilebilir. Ancak bu durum, Ki\u015fisel Verilerin i\u015flenmesinin Ki\u015fisel Verilerin korunmas\u0131na ili\u015fkin Avrupa mevzuat\u0131na tabi oldu\u011fu durumlarda ge\u00e7erli de\u011fildir; <\/li>\n\n\n\n<li>i\u015flemenin Kullan\u0131c\u0131 ile bir s\u00f6zle\u015fmenin ifas\u0131 ve\/veya s\u00f6zle\u015fme \u00f6ncesi \u00f6nlemlerin uygulanmas\u0131 i\u00e7in gerekli olmas\u0131;<\/li>\n\n\n\n<li>Kontrol\u00f6r\u00fcn tabi oldu\u011fu yasal bir y\u00fck\u00fcml\u00fcl\u00fc\u011fe uymak i\u00e7in i\u015flemenin gerekli olmas\u0131;<\/li>\n\n\n\n<li>i\u015fleme faaliyetinin kamu yarar\u0131na y\u00fcr\u00fct\u00fclen bir g\u00f6revin yerine getirilmesi veya Kontrol\u00f6re verilen resmi yetkinin kullan\u0131lmas\u0131 i\u00e7in gerekli olmas\u0131;<\/li>\n\n\n\n<li>Kontrol\u00f6r\u00fcn veya \u00fc\u00e7\u00fcnc\u00fc taraflar\u0131n me\u015fru menfaatlerinin g\u00f6zetilmesi i\u00e7in i\u015flemenin gerekli olmas\u0131.<\/li>\n<\/ul>\n\n<p>Bununla birlikte, Kontrol\u00f6rden her bir i\u015fleme faaliyetinin somut yasal dayana\u011f\u0131n\u0131 a\u00e7\u0131klamas\u0131n\u0131 ve \u00f6zellikle i\u015fleme faaliyetinin yasaya dayan\u0131p dayanmad\u0131\u011f\u0131n\u0131, bir s\u00f6zle\u015fmenin gerektirip gerektirmedi\u011fini veya bir s\u00f6zle\u015fmenin imzalanmas\u0131 i\u00e7in gerekli olup olmad\u0131\u011f\u0131n\u0131 belirtmesini istemek her zaman m\u00fcmk\u00fcnd\u00fcr.<\/p>\n\n<h3 class=\"wp-block-heading\">Yer<\/h3>\n\n<p>Veriler, Veri Kontrol\u00f6r\u00fcn\u00fcn tesislerinde ve i\u015flemeye dahil olan taraflar\u0131n bulundu\u011fu di\u011fer herhangi bir yerde i\u015flenir. Daha fazla bilgi i\u00e7in l\u00fctfen Veri Denetleyicisi ile ileti\u015fime ge\u00e7in.<br\/>Kullan\u0131c\u0131n\u0131n Ki\u015fisel Verileri, Kullan\u0131c\u0131n\u0131n bulundu\u011fu \u00fclkeden ba\u015fka bir \u00fclkeye aktar\u0131labilir. \u0130\u015flemenin yeri hakk\u0131nda daha fazla bilgi i\u00e7in Kullan\u0131c\u0131, Ki\u015fisel Verilerin i\u015flenmesine ili\u015fkin ayr\u0131nt\u0131lar b\u00f6l\u00fcm\u00fcne ba\u015fvurabilir.  <\/p>\n\n<p><br\/><br\/>Kullan\u0131c\u0131, Verilerin Avrupa Birli\u011fi d\u0131\u015f\u0131na veya uluslararas\u0131 kamu hukuku kapsam\u0131ndaki veya BM gibi iki veya daha fazla \u00fclkeden olu\u015fan uluslararas\u0131 bir kurulu\u015fa aktar\u0131lmas\u0131n\u0131n yasal dayana\u011f\u0131 ve Denetleyici taraf\u0131ndan Verilerin korunmas\u0131 i\u00e7in al\u0131nan g\u00fcvenlik \u00f6nlemleri hakk\u0131nda bilgi edinme hakk\u0131na sahiptir. Kullan\u0131c\u0131, bu belgenin Ki\u015fisel Verilerin i\u015flenmesinin ayr\u0131nt\u0131lar\u0131na ili\u015fkin b\u00f6l\u00fcm\u00fcn\u00fc inceleyerek az \u00f6nce a\u00e7\u0131klanan aktar\u0131mlardan birinin ger\u00e7ekle\u015fip ger\u00e7ekle\u015fmedi\u011fini do\u011frulayabilir veya ba\u015flang\u0131\u00e7ta verilen ileti\u015fim bilgilerinden kendisine ula\u015farak Denetleyiciden bilgi talep edebilir.<\/p>\n\n<h3 class=\"wp-block-heading\">Depolama s\u00fcresi<\/h3>\n\n<p>Veriler, toplanma ama\u00e7lar\u0131n\u0131n gerektirdi\u011fi s\u00fcre boyunca i\u015flenir ve saklan\u0131r.<\/p>\n\n<p>Bu y\u00fczden:<\/p>\n\n<ul class=\"wp-block-list\">\n<li>Kontrol\u00f6r ve Kullan\u0131c\u0131 aras\u0131ndaki bir s\u00f6zle\u015fmenin ifas\u0131 ile ilgili ama\u00e7larla toplanan Ki\u015fisel Veriler, s\u00f6z konusu s\u00f6zle\u015fmenin ifas\u0131 tamamlanana kadar saklanacakt\u0131r.<\/li>\n\n\n\n<li>Kontrol\u00f6r\u00fcn me\u015fru menfaati ile ilgili ama\u00e7lar i\u00e7in toplanan Ki\u015fisel Veriler, s\u00f6z konusu menfaat kar\u015f\u0131lanana kadar saklanacakt\u0131r. Kullan\u0131c\u0131, bu belgenin ilgili b\u00f6l\u00fcmlerinden veya Kontrol\u00f6r ile ileti\u015fime ge\u00e7erek Kontrol\u00f6r taraf\u0131ndan g\u00f6zetilen me\u015fru menfaat hakk\u0131nda daha fazla bilgi edinebilir. <\/li>\n<\/ul>\n\n<p>\u0130\u015flemenin Kullan\u0131c\u0131n\u0131n r\u0131zas\u0131na dayand\u0131\u011f\u0131 durumlarda, Kontrol\u00f6r s\u00f6z konusu r\u0131za iptal edilene kadar Ki\u015fisel Verileri daha uzun bir s\u00fcre boyunca saklayabilir. Buna ek olarak, Kontrol\u00f6r, yasal bir y\u00fck\u00fcml\u00fcl\u00fc\u011fe uygun olarak veya bir yetkili makam\u0131n emriyle Ki\u015fisel Verileri daha uzun bir s\u00fcre saklamak zorunda kalabilir. <br\/><br\/>Saklama s\u00fcresinin sonunda Ki\u015fisel Veriler silinecektir. Bu nedenle, bu s\u00fcrenin sonunda eri\u015fim, iptal, d\u00fczeltme ve Veri ta\u015f\u0131nabilirli\u011fi hakk\u0131 art\u0131k kullan\u0131lamaz. <\/p>\n\n<h2 class=\"wp-block-heading\" id=\"rights_subjects\">Kullan\u0131c\u0131 Haklar\u0131<\/h2>\n\n<p>Kullan\u0131c\u0131lar, Veri Sorumlusu taraf\u0131ndan i\u015flenen Verilerle ilgili olarak belirli haklar\u0131 kullanabilir.<\/p>\n\n<p>\u00d6zellikle, Kullan\u0131c\u0131 \u015fu haklara sahiptir:<\/p>\n\n<ul class=\"wp-block-list\">\n<li><strong>istedi\u011finiz zaman onay\u0131n\u0131z\u0131 geri \u00e7ekebilirsiniz.<\/strong>  Kullan\u0131c\u0131, Ki\u015fisel Verilerinin i\u015flenmesine ili\u015fkin daha \u00f6nce vermi\u015f oldu\u011fu onay\u0131 iptal edebilir.<\/li>\n\n\n\n<li><strong>Verilerinin i\u015flenmesine kar\u015f\u0131 \u00e7\u0131kabilir.<\/strong>  Kullan\u0131c\u0131, r\u0131za d\u0131\u015f\u0131nda bir yasal dayanakla yap\u0131ld\u0131\u011f\u0131nda Verilerinin i\u015flenmesine itiraz edebilir. \u0130tiraz hakk\u0131na ili\u015fkin daha fazla ayr\u0131nt\u0131 a\u015fa\u011f\u0131daki b\u00f6l\u00fcmde bulunabilir. <\/li>\n\n\n\n<li><strong>Verilerine eri\u015fim.<\/strong>  Kullan\u0131c\u0131, Kontrol\u00f6r taraf\u0131ndan i\u015flenen Veriler hakk\u0131nda, i\u015flemenin belirli y\u00f6nleri hakk\u0131nda bilgi edinme ve i\u015flenen Verilerin bir kopyas\u0131n\u0131 alma hakk\u0131na sahiptir.<\/li>\n\n\n\n<li><strong>kontrol edin ve d\u00fczeltme talep edin.<\/strong>  Kullan\u0131c\u0131, Verilerinin do\u011frulu\u011funu kontrol edebilir ve g\u00fcncellenmesini veya d\u00fczeltilmesini talep edebilir.<\/li>\n\n\n\n<li><strong>i\u015fleme k\u0131s\u0131tlamas\u0131 elde etmek.<\/strong>  Belirli ko\u015fullar kar\u015f\u0131land\u0131\u011f\u0131nda, Kullan\u0131c\u0131 Verilerinin i\u015flenmesinin k\u0131s\u0131tlanmas\u0131n\u0131 talep edebilir. Bu durumda Veri Sorumlusu, Verileri depolanmas\u0131 d\u0131\u015f\u0131nda herhangi bir ama\u00e7la i\u015flemeyecektir. <\/li>\n\n\n\n<li><strong>Ki\u015fisel Verilerinin silinmesini veya kald\u0131r\u0131lmas\u0131n\u0131 talep edebilir.<\/strong>  Belirli ko\u015fullar sa\u011fland\u0131\u011f\u0131nda Kullan\u0131c\u0131, Verilerinin Kontrol\u00f6r taraf\u0131ndan silinmesini talep edebilir.<\/li>\n\n\n\n<li><strong>Verilerini almak veya ba\u015fka bir veri denetleyicisine aktar\u0131lmas\u0131n\u0131 sa\u011flamak.<\/strong>  Kullan\u0131c\u0131, Verilerini yap\u0131land\u0131r\u0131lm\u0131\u015f, yayg\u0131n olarak kullan\u0131lan ve makine taraf\u0131ndan okunabilir bir formatta alma ve teknik olarak m\u00fcmk\u00fcn oldu\u011funda, ba\u015fka bir veri denetleyicisine herhangi bir engel olmaks\u0131z\u0131n aktar\u0131lmas\u0131n\u0131 sa\u011flama hakk\u0131na sahiptir. Bu h\u00fck\u00fcm, Veriler otomatik yollarla i\u015flendi\u011finde ve i\u015fleme Kullan\u0131c\u0131n\u0131n r\u0131zas\u0131na, Kullan\u0131c\u0131n\u0131n taraf oldu\u011fu bir s\u00f6zle\u015fmeye veya bununla ilgili s\u00f6zle\u015fmeye ba\u011fl\u0131 \u00f6nlemlere dayand\u0131\u011f\u0131nda ge\u00e7erlidir. <\/li>\n\n\n\n<li><strong>\u015fikayette bulunun.<\/strong>  Kullan\u0131c\u0131, yetkili veri koruma denetim makam\u0131na \u015fikayette bulunabilir veya yasal i\u015flem ba\u015flatabilir.<\/li>\n<\/ul>\n\n<h3 class=\"wp-block-heading\">\u0130tiraz hakk\u0131na ili\u015fkin ayr\u0131nt\u0131lar<\/h3>\n\n<p>Ki\u015fisel Verilerin kamu yarar\u0131na, Kontrol\u00f6re verilen kamu yetkisinin kullan\u0131lmas\u0131 veya Kontrol\u00f6r\u00fcn me\u015fru bir menfaatinin g\u00f6zetilmesi amac\u0131yla i\u015flendi\u011fi durumlarda, Kullan\u0131c\u0131lar kendi \u00f6zel durumlar\u0131yla ilgili gerek\u00e7elere dayanarak i\u015flemeye itiraz etme hakk\u0131na sahiptir.<\/p>\n\n<p>Kullan\u0131c\u0131lar, Verilerinin do\u011frudan pazarlama amac\u0131yla i\u015flenmesi durumunda, herhangi bir neden belirtmeksizin i\u015flemeye itiraz edebilecekleri konusunda bilgilendirilir. Kontrol\u00f6r\u00fcn Verileri do\u011frudan pazarlama amac\u0131yla i\u015fleyip i\u015flemedi\u011fini \u00f6\u011frenmek i\u00e7in Kullan\u0131c\u0131lar bu belgenin ilgili b\u00f6l\u00fcmlerine ba\u015fvurabilir. <\/p>\n\n<h3 class=\"wp-block-heading\">Haklar nas\u0131l kullan\u0131l\u0131r<\/h3>\n\n<p>Kullan\u0131c\u0131lar, haklar\u0131n\u0131 kullanmak i\u00e7in bu belgede belirtilen Kontrol\u00f6r ileti\u015fim bilgilerine talepte bulunabilirler. Talepler \u00fccretsiz olarak yap\u0131l\u0131r ve Kontrol\u00f6r taraf\u0131ndan m\u00fcmk\u00fcn olan en k\u0131sa s\u00fcrede, her durumda bir ay i\u00e7inde i\u015fleme al\u0131n\u0131r. <\/p>\n\n<h2 class=\"wp-block-heading\" id=\"further_data_processing_info\">Tedavi hakk\u0131nda daha fazla bilgi<\/h2>\n\n<h3 class=\"wp-block-heading\">Mahkemede savunma<\/h3>\n\n<p><br\/>Kullan\u0131c\u0131n\u0131n Ki\u015fisel Verileri, bu Uygulaman\u0131n veya ilgili Hizmetlerin Kullan\u0131c\u0131 taraf\u0131ndan kullan\u0131m\u0131ndaki k\u00f6t\u00fcye kullan\u0131mlara kar\u015f\u0131 savunma yapmak amac\u0131yla yasal i\u015flemlerde veya olas\u0131 kurulu\u015funa haz\u0131rl\u0131k a\u015famalar\u0131nda Veri Denetleyicisi taraf\u0131ndan kullan\u0131labilir. Kullan\u0131c\u0131, Veri Denetleyicisinin Verileri kamu makamlar\u0131n\u0131n emriyle if\u015fa etmek zorunda kalabilece\u011finin fark\u0131nda oldu\u011funu beyan eder.<\/p>\n\n<h3 class=\"wp-block-heading\">\u00d6zel bilgiler<\/h3>\n\n<p>Kullan\u0131c\u0131n\u0131n talebi \u00fczerine, bu gizlilik politikas\u0131nda yer alan bilgilere ek olarak, bu Uygulama Kullan\u0131c\u0131ya belirli Hizmetler veya Ki\u015fisel Verilerin toplanmas\u0131 ve i\u015flenmesi ile ilgili ek ve ba\u011flamsal bilgiler sa\u011flayabilir.<\/p>\n\n<h3 class=\"wp-block-heading\">Sistem g\u00fcnl\u00fckleri ve bak\u0131m\u0131<\/h3>\n\n<p>\u0130\u015fletim ve bak\u0131m amac\u0131yla, bu Uygulama ve kulland\u0131\u011f\u0131 \u00fc\u00e7\u00fcnc\u00fc taraf hizmetleri, sistem g\u00fcnl\u00fcklerini, yani etkile\u015fimleri kaydeden ve Kullan\u0131c\u0131n\u0131n IP adresi gibi Ki\u015fisel Verileri de i\u00e7erebilen dosyalar\u0131 toplayabilir.<\/p>\n\n<h3 class=\"wp-block-heading\">Bu politikada yer almayan bilgiler<\/h3>\n\n<p>Ki\u015fisel Verilerin i\u015flenmesiyle ilgili daha fazla bilgi, ileti\u015fim bilgileri kullan\u0131larak Veri Denetleyicisinden herhangi bir zamanda talep edilebilir.<\/p>\n\n<h3 class=\"wp-block-heading\">&#8216;Do Not Track&#8217; taleplerine yan\u0131t verme<\/h3>\n\n<p>Bu uygulama &#8216;Do Not Track&#8217; isteklerini desteklemez.<br\/>Kullan\u0131lan herhangi bir \u00fc\u00e7\u00fcnc\u00fc taraf hizmetinin bunlar\u0131 destekleyip desteklemedi\u011fini \u00f6\u011frenmek i\u00e7in Kullan\u0131c\u0131, ilgili gizlilik politikalar\u0131na ba\u015fvurmaya davet edilir.<\/p>\n\n<h3 class=\"wp-block-heading\">Bu gizlilik politikas\u0131ndaki de\u011fi\u015fiklikler<\/h3>\n\n<p>Veri Sorumlusu, Kullan\u0131c\u0131lar\u0131 bu sayfada ve m\u00fcmk\u00fcnse bu Uygulamada bilgilendirerek ve teknik ve yasal olarak m\u00fcmk\u00fcnse, sahip oldu\u011fu ileti\u015fim bilgilerinden biri arac\u0131l\u0131\u011f\u0131yla Kullan\u0131c\u0131lara bir bildirim g\u00f6ndererek bu gizlilik politikas\u0131nda herhangi bir zamanda de\u011fi\u015fiklik yapma hakk\u0131n\u0131 sakl\u0131 tutar. Bu nedenle, l\u00fctfen en altta belirtilen son de\u011fi\u015fiklik tarihine bakarak bu sayfaya s\u0131k s\u0131k ba\u015fvurun. <br\/><br\/>De\u011fi\u015fikliklerin yasal dayana\u011f\u0131 r\u0131za olan i\u015flemeyi etkilemesi halinde, Kontrol\u00f6r gerekirse Kullan\u0131c\u0131n\u0131n r\u0131zas\u0131n\u0131 tekrar alacakt\u0131r.<\/p>\n","protected":false},"excerpt":{"rendered":"<p>Toplanan ki\u015fisel verileriniz, bunlar\u0131n toplanma ama\u00e7lar\u0131 ve verilerin payla\u015f\u0131ld\u0131\u011f\u0131 taraflar hakk\u0131nda bilgi almak i\u00e7in l\u00fctfen Denetleyici ile ileti\u015fime ge\u00e7in. Veri Sorumlusu Alessandra Pauluzzic\/o S.Manno ComplexVia Fra Giovanni da Pian di Carpine, 63 &#8211; 06127 (PG) Sahibinin e-posta adresi: segreteria@comunitamagnificat.org Toplanan Veri T\u00fcrleri Kontrol\u00f6r, toplanan Ki\u015fisel Veri t\u00fcrlerinin bir listesini sunmaz. Toplanan her veri t\u00fcr\u00fcne ili\u015fkin [&hellip;]<\/p>\n","protected":false},"author":1,"featured_media":0,"parent":0,"menu_order":0,"comment_status":"closed","ping_status":"open","template":"","meta":{"om_disable_all_campaigns":false,"_monsterinsights_skip_tracking":false,"_monsterinsights_sitenote_active":false,"_monsterinsights_sitenote_note":"","_monsterinsights_sitenote_category":0,"_uf_show_specific_survey":0,"_uf_disable_surveys":false,"footnotes":""},"class_list":["post-18426","page","type-page","status-publish","hentry"],"aioseo_notices":[],"_links":{"self":[{"href":"https:\/\/comunitamagnificat.org\/tr\/wp-json\/wp\/v2\/pages\/18426","targetHints":{"allow":["GET"]}}],"collection":[{"href":"https:\/\/comunitamagnificat.org\/tr\/wp-json\/wp\/v2\/pages"}],"about":[{"href":"https:\/\/comunitamagnificat.org\/tr\/wp-json\/wp\/v2\/types\/page"}],"author":[{"embeddable":true,"href":"https:\/\/comunitamagnificat.org\/tr\/wp-json\/wp\/v2\/users\/1"}],"replies":[{"embeddable":true,"href":"https:\/\/comunitamagnificat.org\/tr\/wp-json\/wp\/v2\/comments?post=18426"}],"version-history":[{"count":2,"href":"https:\/\/comunitamagnificat.org\/tr\/wp-json\/wp\/v2\/pages\/18426\/revisions"}],"predecessor-version":[{"id":26648,"href":"https:\/\/comunitamagnificat.org\/tr\/wp-json\/wp\/v2\/pages\/18426\/revisions\/26648"}],"wp:attachment":[{"href":"https:\/\/comunitamagnificat.org\/tr\/wp-json\/wp\/v2\/media?parent=18426"}],"curies":[{"name":"wp","href":"https:\/\/api.w.org\/{rel}","templated":true}]}}