{"id":18443,"date":"2024-08-22T18:10:56","date_gmt":"2024-08-22T16:10:56","guid":{"rendered":"https:\/\/comunitamagnificat.org\/egitim\/"},"modified":"2025-01-22T19:36:34","modified_gmt":"2025-01-22T18:36:34","slug":"egitim","status":"publish","type":"page","link":"https:\/\/comunitamagnificat.org\/tr\/egitim\/","title":{"rendered":"E\u011fitim"},"content":{"rendered":"\n<div style=\"height:30px\" aria-hidden=\"true\" class=\"wp-block-spacer\"><\/div>\n\n<blockquote class=\"wp-block-quote is-layout-flow wp-block-quote-is-layout-flow\">\n<p><em><strong>Bunun i\u00e7in her t\u00fcrl\u00fc \u00e7abay\u0131<\/strong><\/em><br\/><em><strong>inanc\u0131n\u0131za erdem katmak i\u00e7in,<\/strong><\/em><br\/><em><strong>erdem bilgisine;<\/strong><\/em><br\/><em><strong>Bilgiye, \u00f6l\u00e7\u00fcl\u00fcl\u00fc\u011fe,<\/strong><\/em><br\/><em><strong>\u00f6l\u00e7\u00fcl\u00fc sabra,<\/strong><\/em><br\/><em><strong>sab\u0131r merhamet i\u00e7in,<\/strong><\/em><br\/><em><strong>merhamete, karde\u015f\u00e7e sevgiye,<\/strong><\/em><br\/><em><strong>karde\u015f\u00e7e sevgiye hay\u0131rseverli\u011fe<\/strong><\/em><\/p>\n<cite><em>2 Petrus<\/em> 1: 5-6<\/cite><\/blockquote>\n\n<div style=\"height:30px\" aria-hidden=\"true\" class=\"wp-block-spacer\"><\/div>\n\n<p>Hem yerel hem de genel olarak Topluluk, \u00fcyelerine ba\u015fta hizmet hayat\u0131 olmak \u00fczere \u00e7ok \u00e7e\u015fitli alanlarda periyodik olarak e\u011fitimler sunmaktad\u0131r.<\/p>\n\n<div style=\"height:30px\" aria-hidden=\"true\" class=\"wp-block-spacer\"><\/div>\n\n<p>Genel hizmetler bu konuda olduk\u00e7a aktiftir ve olduk\u00e7a d\u00fczenli aral\u0131klarla karde\u015fliklerin kendi karde\u015flerini g\u00f6nderdi\u011fi e\u011fitim kurslar\u0131 d\u00fczenlemekte, b\u00f6ylece karde\u015fler de dahil olduklar\u0131 hizmetlerin konu ve dinamiklerine ili\u015fkin anlay\u0131\u015flar\u0131n\u0131 derinle\u015ftirmektedir.<\/p>\n\n<div style=\"height:50px\" aria-hidden=\"true\" class=\"wp-block-spacer\"><\/div>\n","protected":false},"excerpt":{"rendered":"<p>Bunun i\u00e7in her t\u00fcrl\u00fc \u00e7abay\u0131inanc\u0131n\u0131za erdem katmak i\u00e7in,erdem bilgisine;Bilgiye, \u00f6l\u00e7\u00fcl\u00fcl\u00fc\u011fe,\u00f6l\u00e7\u00fcl\u00fc sabra,sab\u0131r merhamet i\u00e7in,merhamete, karde\u015f\u00e7e sevgiye,karde\u015f\u00e7e sevgiye hay\u0131rseverli\u011fe 2 Petrus 1: 5-6 Hem yerel hem de genel olarak Topluluk, \u00fcyelerine ba\u015fta hizmet hayat\u0131 olmak \u00fczere \u00e7ok \u00e7e\u015fitli alanlarda periyodik olarak e\u011fitimler sunmaktad\u0131r. Genel hizmetler bu konuda olduk\u00e7a aktiftir ve olduk\u00e7a d\u00fczenli aral\u0131klarla karde\u015fliklerin kendi karde\u015flerini g\u00f6nderdi\u011fi [&hellip;]<\/p>\n","protected":false},"author":3,"featured_media":11056,"parent":0,"menu_order":0,"comment_status":"closed","ping_status":"closed","template":"","meta":{"om_disable_all_campaigns":false,"_monsterinsights_skip_tracking":false,"_monsterinsights_sitenote_active":false,"_monsterinsights_sitenote_note":"","_monsterinsights_sitenote_category":0,"_uf_show_specific_survey":0,"_uf_disable_surveys":false,"footnotes":""},"class_list":["post-18443","page","type-page","status-publish","has-post-thumbnail","hentry"],"aioseo_notices":[],"_links":{"self":[{"href":"https:\/\/comunitamagnificat.org\/tr\/wp-json\/wp\/v2\/pages\/18443","targetHints":{"allow":["GET"]}}],"collection":[{"href":"https:\/\/comunitamagnificat.org\/tr\/wp-json\/wp\/v2\/pages"}],"about":[{"href":"https:\/\/comunitamagnificat.org\/tr\/wp-json\/wp\/v2\/types\/page"}],"author":[{"embeddable":true,"href":"https:\/\/comunitamagnificat.org\/tr\/wp-json\/wp\/v2\/users\/3"}],"replies":[{"embeddable":true,"href":"https:\/\/comunitamagnificat.org\/tr\/wp-json\/wp\/v2\/comments?post=18443"}],"version-history":[{"count":2,"href":"https:\/\/comunitamagnificat.org\/tr\/wp-json\/wp\/v2\/pages\/18443\/revisions"}],"predecessor-version":[{"id":22703,"href":"https:\/\/comunitamagnificat.org\/tr\/wp-json\/wp\/v2\/pages\/18443\/revisions\/22703"}],"wp:featuredmedia":[{"embeddable":true,"href":"https:\/\/comunitamagnificat.org\/tr\/wp-json\/wp\/v2\/media\/11056"}],"wp:attachment":[{"href":"https:\/\/comunitamagnificat.org\/tr\/wp-json\/wp\/v2\/media?parent=18443"}],"curies":[{"name":"wp","href":"https:\/\/api.w.org\/{rel}","templated":true}]}}