{"id":18457,"date":"2024-08-22T18:11:17","date_gmt":"2024-08-22T16:11:17","guid":{"rendered":"https:\/\/comunitamagnificat.org\/novitiate\/"},"modified":"2025-01-22T19:34:57","modified_gmt":"2025-01-22T18:34:57","slug":"novitiate","status":"publish","type":"page","link":"https:\/\/comunitamagnificat.org\/tr\/novitiate\/","title":{"rendered":"\u0130ttifak&#8217;a kabul i\u00e7in yol"},"content":{"rendered":"\n<div style=\"height:30px\" aria-hidden=\"true\" class=\"wp-block-spacer\"><\/div>\n\n<blockquote class=\"wp-block-quote is-layout-flow wp-block-quote-is-layout-flow\">\n<p><em><strong>Tek beden ve tek ruh<\/strong><\/em><br\/><em><strong>Biri umut oldu\u011fu gibi<\/strong><\/em><br\/><em><strong>\u00e7a\u011fr\u0131ld\u0131\u011f\u0131n\u0131z yere,<\/strong><\/em><br\/><em><strong>mesle\u011finizin<\/strong><\/em><\/p>\n<cite><em>Efesliler<\/em> 4, 4<\/cite><\/blockquote>\n\n<div style=\"height:30px\" aria-hidden=\"true\" class=\"wp-block-spacer\"><\/div>\n\n<p><em>Covenant&#8217;a Kabul Yolu<\/em>, <em>Topluluk Okulu<\/em>&#8216;ndan sonra Covenant&#8217;a olan mesleklerinin sa\u011flaml\u0131\u011f\u0131n\u0131 do\u011frulamak isteyenlere sunulmaktad\u0131r.<\/p>\n\n<div style=\"height:30px\" aria-hidden=\"true\" class=\"wp-block-spacer\"><\/div>\n\n<p>En az \u00fc\u00e7 y\u0131l s\u00fcren bu yolculuk, iki <em>e\u011fitmenin<\/em> rehberli\u011finde <em>adaylardan<\/em> olu\u015fan k\u00fc\u00e7\u00fck gruplar halinde deneyimlenmektedir.<\/p>\n\n<div style=\"height:30px\" aria-hidden=\"true\" class=\"wp-block-spacer\"><\/div>\n\n<p>\u00dc\u00e7 y\u0131l boyunca, <em>D\u00f6rt Vaat<\/em> ile ilgili konular ara\u015ft\u0131r\u0131l\u0131r:<\/p>\n\n<div style=\"height:30px\" aria-hidden=\"true\" class=\"wp-block-spacer\"><\/div>\n\n<p>\u0130lk y\u0131lda,<em> yoksulluk<\/em> yemini Adaya kendi iradesine olan sevgiden Tanr\u0131&#8217;n\u0131n iradesine olan sevgiye ge\u00e7i\u015fte e\u015flik eder ve Aday\u0131n Tanr\u0131 ve kendisiyle olan ili\u015fkisine \u00f6zellikle \u00f6zen g\u00f6sterilir.<\/p>\n\n<div style=\"height:30px\" aria-hidden=\"true\" class=\"wp-block-spacer\"><\/div>\n\n<p>\u0130kinci y\u0131lda, <em>kal\u0131c\u0131 ba\u011f\u0131\u015flama<\/em> ve <em>sevgi in\u015fas\u0131<\/em> vaatleri derinle\u015ftirilir ve Aday\u0131n ki\u015filer aras\u0131 ili\u015fkileriyle ilgilenilir.<\/p>\n\n<div style=\"height:30px\" aria-hidden=\"true\" class=\"wp-block-spacer\"><\/div>\n\n<p>\u00dc\u00e7\u00fcnc\u00fc y\u0131lda <em>hizmet<\/em> s\u00f6z\u00fc, aday\u0131 sevgiyle kendini vermek i\u00e7in kendinden d\u0131\u015far\u0131 \u00e7\u0131kmaya davet eder. \u00dc\u00e7 y\u0131ll\u0131k s\u00fcrenin sonunda, aday isterse, karde\u015fli\u011finin liderlerine Antla\u015fma Yemini&#8217;ne kabul edilmek i\u00e7in bir talepte bulunabilir. <\/p>\n\n<div style=\"height:50px\" aria-hidden=\"true\" class=\"wp-block-spacer\"><\/div>\n","protected":false},"excerpt":{"rendered":"<p>Tek beden ve tek ruhBiri umut oldu\u011fu gibi\u00e7a\u011fr\u0131ld\u0131\u011f\u0131n\u0131z yere,mesle\u011finizin Efesliler 4, 4 Covenant&#8217;a Kabul Yolu, Topluluk Okulu&#8216;ndan sonra Covenant&#8217;a olan mesleklerinin sa\u011flaml\u0131\u011f\u0131n\u0131 do\u011frulamak isteyenlere sunulmaktad\u0131r. En az \u00fc\u00e7 y\u0131l s\u00fcren bu yolculuk, iki e\u011fitmenin rehberli\u011finde adaylardan olu\u015fan k\u00fc\u00e7\u00fck gruplar halinde deneyimlenmektedir. \u00dc\u00e7 y\u0131l boyunca, D\u00f6rt Vaat ile ilgili konular ara\u015ft\u0131r\u0131l\u0131r: \u0130lk y\u0131lda, yoksulluk yemini Adaya [&hellip;]<\/p>\n","protected":false},"author":3,"featured_media":11052,"parent":0,"menu_order":0,"comment_status":"closed","ping_status":"closed","template":"","meta":{"om_disable_all_campaigns":false,"_monsterinsights_skip_tracking":false,"_monsterinsights_sitenote_active":false,"_monsterinsights_sitenote_note":"","_monsterinsights_sitenote_category":0,"_uf_show_specific_survey":0,"_uf_disable_surveys":false,"footnotes":""},"class_list":["post-18457","page","type-page","status-publish","has-post-thumbnail","hentry"],"aioseo_notices":[],"_links":{"self":[{"href":"https:\/\/comunitamagnificat.org\/tr\/wp-json\/wp\/v2\/pages\/18457","targetHints":{"allow":["GET"]}}],"collection":[{"href":"https:\/\/comunitamagnificat.org\/tr\/wp-json\/wp\/v2\/pages"}],"about":[{"href":"https:\/\/comunitamagnificat.org\/tr\/wp-json\/wp\/v2\/types\/page"}],"author":[{"embeddable":true,"href":"https:\/\/comunitamagnificat.org\/tr\/wp-json\/wp\/v2\/users\/3"}],"replies":[{"embeddable":true,"href":"https:\/\/comunitamagnificat.org\/tr\/wp-json\/wp\/v2\/comments?post=18457"}],"version-history":[{"count":3,"href":"https:\/\/comunitamagnificat.org\/tr\/wp-json\/wp\/v2\/pages\/18457\/revisions"}],"predecessor-version":[{"id":22701,"href":"https:\/\/comunitamagnificat.org\/tr\/wp-json\/wp\/v2\/pages\/18457\/revisions\/22701"}],"wp:featuredmedia":[{"embeddable":true,"href":"https:\/\/comunitamagnificat.org\/tr\/wp-json\/wp\/v2\/media\/11052"}],"wp:attachment":[{"href":"https:\/\/comunitamagnificat.org\/tr\/wp-json\/wp\/v2\/media?parent=18457"}],"curies":[{"name":"wp","href":"https:\/\/api.w.org\/{rel}","templated":true}]}}