{"id":18468,"date":"2024-08-22T18:11:31","date_gmt":"2024-08-22T16:11:31","guid":{"rendered":"https:\/\/comunitamagnificat.org\/evangelizasyon-gosterileri\/"},"modified":"2024-08-22T18:11:40","modified_gmt":"2024-08-22T16:11:40","slug":"evangelizasyon-gosterileri","status":"publish","type":"page","link":"https:\/\/comunitamagnificat.org\/tr\/evangelizasyon-gosterileri\/","title":{"rendered":"Evangelizasyon g\u00f6sterileri"},"content":{"rendered":"\n<div style=\"height:30px\" aria-hidden=\"true\" class=\"wp-block-spacer\"><\/div>\n\n<blockquote class=\"wp-block-quote is-layout-flow wp-block-quote-is-layout-flow\"><p><em><strong>Karanl\u0131kta sana s\u00f6yledi\u011fimi, sen de ayd\u0131nl\u0131kta s\u00f6ylersin,<\/strong><\/em><br\/><em><strong>ve kulaklar\u0131n\u0131zda duyduklar\u0131n\u0131z\u0131 teraslardan ilan edersiniz<\/strong><\/em><\/p><cite><em>Matta<\/em> 10, 27<\/cite><\/blockquote>\n\n<div style=\"height:30px\" aria-hidden=\"true\" class=\"wp-block-spacer\"><\/div>\n\n<p>Sanatsal damar, kurulu\u015fundan bu yana Cemaatte hi\u00e7bir zaman eksik olmam\u0131\u015f ve \u0130ncil&#8217;i bu y\u00f6ntemle de duyurmak, m\u00fcmk\u00fcn oldu\u011funca \u00e7ok insana tan\u0131kl\u0131k etmek i\u00e7in inanc\u0131n kamusal temsili anlar\u0131n\u0131n ger\u00e7ekle\u015ftirilmesine yol a\u00e7m\u0131\u015ft\u0131r.<\/p>\n\n<div style=\"height:30px\" aria-hidden=\"true\" class=\"wp-block-spacer\"><\/div>\n\n<p>Bazen m\u00fczikaller ya da k\u00fc\u00e7\u00fck oyunlar, bazen de ger\u00e7ek konserler arac\u0131l\u0131\u011f\u0131yla Rab \u0130sa ve sevgisi d\u00fcnyaya ustal\u0131kla duyurulur.<\/p>\n\n<div style=\"height:50px\" aria-hidden=\"true\" class=\"wp-block-spacer\"><\/div>\n","protected":false},"excerpt":{"rendered":"<p>Karanl\u0131kta sana s\u00f6yledi\u011fimi, sen de ayd\u0131nl\u0131kta s\u00f6ylersin,ve kulaklar\u0131n\u0131zda duyduklar\u0131n\u0131z\u0131 teraslardan ilan edersiniz Matta 10, 27 Sanatsal damar, kurulu\u015fundan bu yana Cemaatte hi\u00e7bir zaman eksik olmam\u0131\u015f ve \u0130ncil&#8217;i bu y\u00f6ntemle de duyurmak, m\u00fcmk\u00fcn oldu\u011funca \u00e7ok insana tan\u0131kl\u0131k etmek i\u00e7in inanc\u0131n kamusal temsili anlar\u0131n\u0131n ger\u00e7ekle\u015ftirilmesine yol a\u00e7m\u0131\u015ft\u0131r. Bazen m\u00fczikaller ya da k\u00fc\u00e7\u00fck oyunlar, bazen de ger\u00e7ek konserler [&hellip;]<\/p>\n","protected":false},"author":3,"featured_media":11044,"parent":0,"menu_order":0,"comment_status":"closed","ping_status":"closed","template":"","meta":{"om_disable_all_campaigns":false,"_monsterinsights_skip_tracking":false,"_monsterinsights_sitenote_active":false,"_monsterinsights_sitenote_note":"","_monsterinsights_sitenote_category":0,"_uf_show_specific_survey":0,"_uf_disable_surveys":false,"footnotes":""},"class_list":["post-18468","page","type-page","status-publish","has-post-thumbnail","hentry"],"aioseo_notices":[],"_links":{"self":[{"href":"https:\/\/comunitamagnificat.org\/tr\/wp-json\/wp\/v2\/pages\/18468","targetHints":{"allow":["GET"]}}],"collection":[{"href":"https:\/\/comunitamagnificat.org\/tr\/wp-json\/wp\/v2\/pages"}],"about":[{"href":"https:\/\/comunitamagnificat.org\/tr\/wp-json\/wp\/v2\/types\/page"}],"author":[{"embeddable":true,"href":"https:\/\/comunitamagnificat.org\/tr\/wp-json\/wp\/v2\/users\/3"}],"replies":[{"embeddable":true,"href":"https:\/\/comunitamagnificat.org\/tr\/wp-json\/wp\/v2\/comments?post=18468"}],"version-history":[{"count":1,"href":"https:\/\/comunitamagnificat.org\/tr\/wp-json\/wp\/v2\/pages\/18468\/revisions"}],"predecessor-version":[{"id":18470,"href":"https:\/\/comunitamagnificat.org\/tr\/wp-json\/wp\/v2\/pages\/18468\/revisions\/18470"}],"wp:featuredmedia":[{"embeddable":true,"href":"https:\/\/comunitamagnificat.org\/tr\/wp-json\/wp\/v2\/media\/11044"}],"wp:attachment":[{"href":"https:\/\/comunitamagnificat.org\/tr\/wp-json\/wp\/v2\/media?parent=18468"}],"curies":[{"name":"wp","href":"https:\/\/api.w.org\/{rel}","templated":true}]}}