{"id":18473,"date":"2024-08-22T18:11:39","date_gmt":"2024-08-22T16:11:39","guid":{"rendered":"https:\/\/comunitamagnificat.org\/topluluk-okulu\/"},"modified":"2025-01-22T19:30:57","modified_gmt":"2025-01-22T18:30:57","slug":"topluluk-okulu","status":"publish","type":"page","link":"https:\/\/comunitamagnificat.org\/tr\/topluluk-okulu\/","title":{"rendered":"Topluluk Okulu"},"content":{"rendered":"\n<div style=\"height:30px\" aria-hidden=\"true\" class=\"wp-block-spacer\"><\/div>\n\n<blockquote class=\"wp-block-quote is-layout-flow wp-block-quote-is-layout-flow\">\n<p><em><strong>Birlikte kald\u0131lar<\/strong><\/em><br\/><em><strong>b\u00fct\u00fcn bir y\u0131l o kilisede<\/strong><\/em><br\/><em><strong>ve bir\u00e7ok ki\u015fiye talimat verdi<\/strong><\/em><\/p>\n<cite><em>El\u00e7ilerin \u0130\u015fleri<\/em> 11, 26<\/cite><\/blockquote>\n\n<div style=\"height:30px\" aria-hidden=\"true\" class=\"wp-block-spacer\"><\/div>\n\n<p>Cemaat, ona kat\u0131lan ve belki de onun arac\u0131l\u0131\u011f\u0131yla inanca gelen ya da inanca geri d\u00f6nen pek \u00e7ok ki\u015fi i\u00e7in \u00e7ekicidir.<\/p>\n\n<div style=\"height:30px\" aria-hidden=\"true\" class=\"wp-block-spacer\"><\/div>\n\n<p>Kutsal Ruh&#8217;un d\u00f6k\u00fclmesini alm\u0131\u015f ve <em>\u00d6\u011frencilik <\/em>kursuna kat\u0131lm\u0131\u015f bir karde\u015fimiz, olas\u0131 kat\u0131l\u0131m\u0131n\u0131 de\u011ferlendirmek i\u00e7in Magnificat Toplulu\u011funu tan\u0131maya devam etmek istedi\u011finde, kendisine bir Karde\u015flik ya\u015fam\u0131n\u0131n temel unsurlar\u0131n\u0131n yan\u0131 s\u0131ra meslek ve maneviyat\u0131n sunuldu\u011fu bir t\u00fcr &#8220;deneme&#8221; olan <em>Topluluk Okulu<\/em> ad\u0131 verilen toplant\u0131lara kat\u0131lmas\u0131 teklif edilir.<\/p>\n\n<div style=\"height:30px\" aria-hidden=\"true\" class=\"wp-block-spacer\"><\/div>\n\n<p>Bu yolun sonunda, kat\u0131lanlar isterlerse <em>\u0130ttifak Kabul Yoluna kabul<\/em> i\u00e7in ba\u015fvurabilirler.<\/p>\n\n<div style=\"height:50px\" aria-hidden=\"true\" class=\"wp-block-spacer\"><\/div>\n","protected":false},"excerpt":{"rendered":"<p>Birlikte kald\u0131larb\u00fct\u00fcn bir y\u0131l o kilisedeve bir\u00e7ok ki\u015fiye talimat verdi El\u00e7ilerin \u0130\u015fleri 11, 26 Cemaat, ona kat\u0131lan ve belki de onun arac\u0131l\u0131\u011f\u0131yla inanca gelen ya da inanca geri d\u00f6nen pek \u00e7ok ki\u015fi i\u00e7in \u00e7ekicidir. Kutsal Ruh&#8217;un d\u00f6k\u00fclmesini alm\u0131\u015f ve \u00d6\u011frencilik kursuna kat\u0131lm\u0131\u015f bir karde\u015fimiz, olas\u0131 kat\u0131l\u0131m\u0131n\u0131 de\u011ferlendirmek i\u00e7in Magnificat Toplulu\u011funu tan\u0131maya devam etmek istedi\u011finde, kendisine [&hellip;]<\/p>\n","protected":false},"author":3,"featured_media":11048,"parent":0,"menu_order":0,"comment_status":"closed","ping_status":"closed","template":"","meta":{"om_disable_all_campaigns":false,"_monsterinsights_skip_tracking":false,"_monsterinsights_sitenote_active":false,"_monsterinsights_sitenote_note":"","_monsterinsights_sitenote_category":0,"_uf_show_specific_survey":0,"_uf_disable_surveys":false,"footnotes":""},"class_list":["post-18473","page","type-page","status-publish","has-post-thumbnail","hentry"],"aioseo_notices":[],"_links":{"self":[{"href":"https:\/\/comunitamagnificat.org\/tr\/wp-json\/wp\/v2\/pages\/18473","targetHints":{"allow":["GET"]}}],"collection":[{"href":"https:\/\/comunitamagnificat.org\/tr\/wp-json\/wp\/v2\/pages"}],"about":[{"href":"https:\/\/comunitamagnificat.org\/tr\/wp-json\/wp\/v2\/types\/page"}],"author":[{"embeddable":true,"href":"https:\/\/comunitamagnificat.org\/tr\/wp-json\/wp\/v2\/users\/3"}],"replies":[{"embeddable":true,"href":"https:\/\/comunitamagnificat.org\/tr\/wp-json\/wp\/v2\/comments?post=18473"}],"version-history":[{"count":2,"href":"https:\/\/comunitamagnificat.org\/tr\/wp-json\/wp\/v2\/pages\/18473\/revisions"}],"predecessor-version":[{"id":22688,"href":"https:\/\/comunitamagnificat.org\/tr\/wp-json\/wp\/v2\/pages\/18473\/revisions\/22688"}],"wp:featuredmedia":[{"embeddable":true,"href":"https:\/\/comunitamagnificat.org\/tr\/wp-json\/wp\/v2\/media\/11048"}],"wp:attachment":[{"href":"https:\/\/comunitamagnificat.org\/tr\/wp-json\/wp\/v2\/media?parent=18473"}],"curies":[{"name":"wp","href":"https:\/\/api.w.org\/{rel}","templated":true}]}}