{"id":18478,"date":"2024-08-22T18:11:53","date_gmt":"2024-08-22T16:11:53","guid":{"rendered":"https:\/\/comunitamagnificat.org\/gencler-icin-evangelizasyon\/"},"modified":"2024-08-22T18:12:04","modified_gmt":"2024-08-22T16:12:04","slug":"gencler-icin-evangelizasyon","status":"publish","type":"page","link":"https:\/\/comunitamagnificat.org\/tr\/gencler-icin-evangelizasyon\/","title":{"rendered":"Gen\u00e7ler i\u00e7in Evangelizasyon"},"content":{"rendered":"\n<div style=\"height:30px\" aria-hidden=\"true\" class=\"wp-block-spacer\"><\/div>\n\n<blockquote class=\"wp-block-quote is-layout-flow wp-block-quote-is-layout-flow\"><p><em><strong>T\u00fcm d\u00fcnyaya git<\/strong><\/em><br\/><em><strong>ve M\u00fcjde&#8217;yi her yarat\u0131\u011fa duyurun<\/strong><\/em><\/p><cite><em>Markos<\/em> 16, 15<\/cite><\/blockquote>\n\n<div style=\"height:30px\" aria-hidden=\"true\" class=\"wp-block-spacer\"><\/div>\n\n<p>Yeni ya\u015fam seminerleri, inzivalar, gezi g\u00fcnleri, yaz etkinlikleri, ruhani ve sportif faaliyetler, konfirmasyon ayinine e\u015flik, okullar\u0131nda \u00f6\u011frencilere y\u00f6nelik d\u0131\u015fa vurum seminerleri&#8230;\n\u00d6zellikle gen\u00e7lere y\u00f6nelik m\u00fcjdeleme &#8211; genellikle Cemaatin en gen\u00e7 \u00fcyelerine emanet edilir &#8211; bir\u00e7ok farkl\u0131 \u015fekilde, ancak her zaman a\u00e7\u0131k bir niyetle ger\u00e7ekle\u015fmi\u015ftir: ya\u015fayan \u0130sa ve onun sevgisiyle kar\u015f\u0131la\u015fmay\u0131 te\u015fvik etmek. <\/p>\n\n<div style=\"height:50px\" aria-hidden=\"true\" class=\"wp-block-spacer\"><\/div>\n","protected":false},"excerpt":{"rendered":"<p>T\u00fcm d\u00fcnyaya gitve M\u00fcjde&#8217;yi her yarat\u0131\u011fa duyurun Markos 16, 15 Yeni ya\u015fam seminerleri, inzivalar, gezi g\u00fcnleri, yaz etkinlikleri, ruhani ve sportif faaliyetler, konfirmasyon ayinine e\u015flik, okullar\u0131nda \u00f6\u011frencilere y\u00f6nelik d\u0131\u015fa vurum seminerleri&#8230; \u00d6zellikle gen\u00e7lere y\u00f6nelik m\u00fcjdeleme &#8211; genellikle Cemaatin en gen\u00e7 \u00fcyelerine emanet edilir &#8211; bir\u00e7ok farkl\u0131 \u015fekilde, ancak her zaman a\u00e7\u0131k bir niyetle ger\u00e7ekle\u015fmi\u015ftir: ya\u015fayan [&hellip;]<\/p>\n","protected":false},"author":3,"featured_media":11040,"parent":0,"menu_order":0,"comment_status":"closed","ping_status":"closed","template":"","meta":{"om_disable_all_campaigns":false,"_monsterinsights_skip_tracking":false,"_monsterinsights_sitenote_active":false,"_monsterinsights_sitenote_note":"","_monsterinsights_sitenote_category":0,"_uf_show_specific_survey":0,"_uf_disable_surveys":false,"footnotes":""},"class_list":["post-18478","page","type-page","status-publish","has-post-thumbnail","hentry"],"aioseo_notices":[],"_links":{"self":[{"href":"https:\/\/comunitamagnificat.org\/tr\/wp-json\/wp\/v2\/pages\/18478","targetHints":{"allow":["GET"]}}],"collection":[{"href":"https:\/\/comunitamagnificat.org\/tr\/wp-json\/wp\/v2\/pages"}],"about":[{"href":"https:\/\/comunitamagnificat.org\/tr\/wp-json\/wp\/v2\/types\/page"}],"author":[{"embeddable":true,"href":"https:\/\/comunitamagnificat.org\/tr\/wp-json\/wp\/v2\/users\/3"}],"replies":[{"embeddable":true,"href":"https:\/\/comunitamagnificat.org\/tr\/wp-json\/wp\/v2\/comments?post=18478"}],"version-history":[{"count":1,"href":"https:\/\/comunitamagnificat.org\/tr\/wp-json\/wp\/v2\/pages\/18478\/revisions"}],"predecessor-version":[{"id":18479,"href":"https:\/\/comunitamagnificat.org\/tr\/wp-json\/wp\/v2\/pages\/18478\/revisions\/18479"}],"wp:featuredmedia":[{"embeddable":true,"href":"https:\/\/comunitamagnificat.org\/tr\/wp-json\/wp\/v2\/media\/11040"}],"wp:attachment":[{"href":"https:\/\/comunitamagnificat.org\/tr\/wp-json\/wp\/v2\/media?parent=18478"}],"curies":[{"name":"wp","href":"https:\/\/api.w.org\/{rel}","templated":true}]}}