{"id":18492,"date":"2024-08-22T18:12:50","date_gmt":"2024-08-22T16:12:50","guid":{"rendered":"https:\/\/comunitamagnificat.org\/cemaat-gorevleri\/"},"modified":"2024-08-22T18:12:58","modified_gmt":"2024-08-22T16:12:58","slug":"cemaat-gorevleri","status":"publish","type":"page","link":"https:\/\/comunitamagnificat.org\/tr\/cemaat-gorevleri\/","title":{"rendered":"Cemaat G\u00f6revleri"},"content":{"rendered":"\n<div style=\"height:30px\" aria-hidden=\"true\" class=\"wp-block-spacer\"><\/div>\n\n<blockquote class=\"wp-block-quote is-layout-flow wp-block-quote-is-layout-flow\"><p><em><strong>\u0130\u015fte: Kap\u0131da duruyorum ve kap\u0131y\u0131 \u00e7al\u0131yorum.<\/strong><\/em><br\/><em><strong>E\u011fer biri sesimi duyarsa<\/strong><\/em><br\/><em><strong>ve bana kap\u0131y\u0131 a\u00e7t\u0131,<\/strong><\/em><br\/><em><strong>Ona gelece\u011fim,<\/strong><\/em><br\/><em><strong>Ben onunla yemek yiyece\u011fim, o da benimle.<\/strong><\/em><\/p><cite><em>Vahiy<\/em> 3:20<\/cite><\/blockquote>\n\n<div style=\"height:30px\" aria-hidden=\"true\" class=\"wp-block-spacer\"><\/div>\n\n<p>Cemaat deneyiminde, Karde\u015fliklerin kar\u015f\u0131layabilece\u011fi ihtiya\u00e7lar i\u00e7in cemaatlere \u00e7e\u015fitli \u015fekillerde verilen yard\u0131mlarda kesinlikle bir eksiklik yoktu.\nBaz\u0131 durumlarda &#8211; \u00e7ok fazla olmasa da yine de \u00f6nemli &#8211; cemaat papazlar\u0131 baz\u0131 Cemaatlerden cemaat b\u00f6lgesinin t\u00fcm sakinlerine y\u00f6nelik ger\u00e7ek bir misyon y\u00fcr\u00fctmelerini istemi\u015ftir. <\/p>\n\n<div style=\"height:30px\" aria-hidden=\"true\" class=\"wp-block-spacer\"><\/div>\n\n<p>Bu t\u00fcr bir deneyim, olduk\u00e7a uzun bir s\u00fcre boyunca t\u00fcm cemaat \u00fcyelerine ula\u015ft\u0131\u011f\u0131m\u0131z, onlara M\u00fcjde&#8217;nin ilan\u0131yla hitap etti\u011fimiz ve onlar\u0131 ana kilisede bir hafta boyunca yeni ya\u015fam seminerinin ilahilerinin yap\u0131ld\u0131\u011f\u0131 ve sonunda t\u00fcm cemaat ve arzu eden her bir ki\u015fi i\u00e7in Kutsal Ruh&#8217;un d\u00f6k\u00fclmesinin istendi\u011fi bir topluluk an\u0131na kat\u0131lmaya davet etti\u011fimiz bir dizi faaliyeti i\u00e7erir.<\/p>\n\n<div style=\"height:50px\" aria-hidden=\"true\" class=\"wp-block-spacer\"><\/div>\n","protected":false},"excerpt":{"rendered":"<p>\u0130\u015fte: Kap\u0131da duruyorum ve kap\u0131y\u0131 \u00e7al\u0131yorum.E\u011fer biri sesimi duyarsave bana kap\u0131y\u0131 a\u00e7t\u0131,Ona gelece\u011fim,Ben onunla yemek yiyece\u011fim, o da benimle. Vahiy 3:20 Cemaat deneyiminde, Karde\u015fliklerin kar\u015f\u0131layabilece\u011fi ihtiya\u00e7lar i\u00e7in cemaatlere \u00e7e\u015fitli \u015fekillerde verilen yard\u0131mlarda kesinlikle bir eksiklik yoktu. Baz\u0131 durumlarda &#8211; \u00e7ok fazla olmasa da yine de \u00f6nemli &#8211; cemaat papazlar\u0131 baz\u0131 Cemaatlerden cemaat b\u00f6lgesinin t\u00fcm sakinlerine [&hellip;]<\/p>\n","protected":false},"author":3,"featured_media":11312,"parent":0,"menu_order":0,"comment_status":"closed","ping_status":"closed","template":"","meta":{"om_disable_all_campaigns":false,"_monsterinsights_skip_tracking":false,"_monsterinsights_sitenote_active":false,"_monsterinsights_sitenote_note":"","_monsterinsights_sitenote_category":0,"_uf_show_specific_survey":0,"_uf_disable_surveys":false,"footnotes":""},"class_list":["post-18492","page","type-page","status-publish","has-post-thumbnail","hentry"],"aioseo_notices":[],"_links":{"self":[{"href":"https:\/\/comunitamagnificat.org\/tr\/wp-json\/wp\/v2\/pages\/18492","targetHints":{"allow":["GET"]}}],"collection":[{"href":"https:\/\/comunitamagnificat.org\/tr\/wp-json\/wp\/v2\/pages"}],"about":[{"href":"https:\/\/comunitamagnificat.org\/tr\/wp-json\/wp\/v2\/types\/page"}],"author":[{"embeddable":true,"href":"https:\/\/comunitamagnificat.org\/tr\/wp-json\/wp\/v2\/users\/3"}],"replies":[{"embeddable":true,"href":"https:\/\/comunitamagnificat.org\/tr\/wp-json\/wp\/v2\/comments?post=18492"}],"version-history":[{"count":1,"href":"https:\/\/comunitamagnificat.org\/tr\/wp-json\/wp\/v2\/pages\/18492\/revisions"}],"predecessor-version":[{"id":18493,"href":"https:\/\/comunitamagnificat.org\/tr\/wp-json\/wp\/v2\/pages\/18492\/revisions\/18493"}],"wp:featuredmedia":[{"embeddable":true,"href":"https:\/\/comunitamagnificat.org\/tr\/wp-json\/wp\/v2\/media\/11312"}],"wp:attachment":[{"href":"https:\/\/comunitamagnificat.org\/tr\/wp-json\/wp\/v2\/media?parent=18492"}],"curies":[{"name":"wp","href":"https:\/\/api.w.org\/{rel}","templated":true}]}}