{"id":18569,"date":"2024-08-22T18:15:47","date_gmt":"2024-08-22T16:15:47","guid":{"rendered":"https:\/\/comunitamagnificat.org\/dort-vaat\/"},"modified":"2025-01-22T17:26:35","modified_gmt":"2025-01-22T16:26:35","slug":"dort-vaat","status":"publish","type":"page","link":"https:\/\/comunitamagnificat.org\/tr\/dort-vaat\/","title":{"rendered":"D\u00f6rt Vaat"},"content":{"rendered":"\n<div style=\"height:30px\" aria-hidden=\"true\" class=\"wp-block-spacer\"><\/div>\n\n<blockquote class=\"wp-block-quote is-layout-flow wp-block-quote-is-layout-flow\">\n<p><strong><em>Size yeni bir emir veriyorum<\/em><\/strong><br\/><strong><em>birbirinizi sevin.<\/em><\/strong><br\/><strong><em>Benim sizi sevdi\u011fim gibi,<\/em><\/strong><br\/><strong><em>bu y\u00fczden birbirinizi de sevin<\/em><\/strong><\/p>\n<cite>Yuhanna 13, 34<\/cite><\/blockquote>\n\n<div style=\"height:30px\" aria-hidden=\"true\" class=\"wp-block-spacer\"><\/div>\n\n<p>Yine Tarcisio Mezzetti &#8211; 1978 yaz\u0131nda &#8211; cemaat ruhanili\u011finin bu \u00e7ok \u00f6nemli y\u00f6n\u00fcn\u00fcn k\u00f6kenindeydi, o kadar \u00f6nemliydi ki,<em>Cemaat<\/em> \u00fcyelerinin her y\u0131l yeniledi\u011fi<em>Antla\u015fma Taahh\u00fcd\u00fcn\u00fcn<\/em> \u00e7ekirde\u011fi haline geldi.<\/p>\n\n<div style=\"height:30px\" aria-hidden=\"true\" class=\"wp-block-spacer\"><\/div>\n\n<p>&#8220;Cemaatten d\u00f6rt vaat istiyorum: yoksulluk, s\u00fcrekli ba\u011f\u0131\u015flama, sevgiyi geli\u015ftirme ve hizmet&#8221;.\nTarcisio o g\u00fcn, o zamanlar ya\u015fad\u0131\u011f\u0131 Perugia&#8217;n\u0131n \u00fcniversite mahallesindeki kendi cemaatinin kilisesinde &#8211; San Donato all&#8217;Elce &#8211; dua ederken bir &#8216;ses&#8217; ona b\u00f6yle emretti. <\/p>\n\n<div style=\"height:30px\" aria-hidden=\"true\" class=\"wp-block-spacer\"><\/div>\n\n<p>Tarcisio&#8217;nun ya\u015fayan sesi bize neler oldu\u011funu ve Cemaatin bu kehaneti nas\u0131l kabul edip kendi kehaneti haline getirdi\u011fini anlat\u0131yor:<\/p>\n\n<div style=\"height:30px\" aria-hidden=\"true\" class=\"wp-block-spacer\"><\/div>\n\n<div style=\"height:30px\" aria-hidden=\"true\" class=\"wp-block-spacer\"><\/div>\n\n<div class=\"wp-block-columns is-layout-flex wp-container-core-columns-is-layout-9d6595d7 wp-block-columns-is-layout-flex\">\n<div class=\"wp-block-column is-layout-flow wp-block-column-is-layout-flow\" style=\"flex-basis:15%\"><\/div>\n\n\n\n<div class=\"wp-block-column is-layout-flow wp-block-column-is-layout-flow\" style=\"flex-basis:60%\">\n<figure class=\"wp-block-embed is-type-video is-provider-youtube wp-block-embed-youtube wp-embed-aspect-16-9 wp-has-aspect-ratio\"><div class=\"wp-block-embed__wrapper\"> \n<iframe loading=\"lazy\" title=\"&quot;Voglio quattro promesse&quot;\" width=\"500\" height=\"281\" src=\"https:\/\/www.youtube.com\/embed\/nsuLIcjyHqw?feature=oembed\" frameborder=\"0\" allow=\"accelerometer; autoplay; clipboard-write; encrypted-media; gyroscope; picture-in-picture; web-share\" referrerpolicy=\"strict-origin-when-cross-origin\" allowfullscreen><\/iframe>\n <\/div><\/figure>\n<\/div>\n\n\n\n<div class=\"wp-block-column is-layout-flow wp-block-column-is-layout-flow\" style=\"flex-basis:15%\"><\/div>\n<\/div>\n\n<p><\/p>\n\n<div style=\"height:30px\" aria-hidden=\"true\" class=\"wp-block-spacer\"><\/div>\n\n<p>Le <strong><em>D\u00f6rt Vaat<\/em> <\/strong>m\u00fcttefik ya\u015fam\u0131n\u0131n temel direklerini olu\u015fturur.<\/p>\n\n<div style=\"height:30px\" aria-hidden=\"true\" class=\"wp-block-spacer\"><\/div>\n\n<p>Topluluk T\u00fcz\u00fc\u011f\u00fcn\u00fcn \u00d6ns\u00f6z\u00fc b\u00f6yle diyor:<\/p>\n\n<div style=\"height:30px\" aria-hidden=\"true\" class=\"wp-block-spacer\"><\/div>\n\n<p><br\/><br\/><br\/>&#8220;Bizi \u00f6zg\u00fcr k\u0131lmak ve \u00f6zverili bir sevgiyle Tanr\u0131&#8217;y\u0131 ve karde\u015flerimizi sevebilmemizi sa\u011flamak i\u00e7in Rab&#8217;bin bizi &#8220;D\u00f6rt Vaat &#8220;in ruhuna uygun ya\u015famaya \u00e7a\u011f\u0131rd\u0131\u011f\u0131na inan\u0131yoruz:<br\/><strong><em>Yoksulluk<\/em><\/strong>, <strong><em>Kal\u0131c\u0131 Ba\u011f\u0131\u015flanma<\/em><\/strong>, <strong><em>A\u015fk binas\u0131<\/em><\/strong>, <strong><em>Hizmet<\/em><\/strong>.<\/p>\n\n<div style=\"height:30px\" aria-hidden=\"true\" class=\"wp-block-spacer\"><\/div>\n\n<p><br\/>Toplum hayat\u0131n\u0131 ya\u015faman\u0131n birincil ve gerekli ko\u015fulunun \u015fu oldu\u011funa inan\u0131yoruz<strong><em>Yoksulluk<\/em><\/strong><br\/><br\/>Bununla birlikte, d\u00fcnya i\u00e7in bir i\u015faret olan sade ve \u00f6l\u00e7\u00fcl\u00fc bir ya\u015fam tarz\u0131 se\u00e7iyoruz.<\/p>\n\n<div style=\"height:30px\" aria-hidden=\"true\" class=\"wp-block-spacer\"><\/div>\n\n<p>Biz inan\u0131yoruz ki <strong><em>Kal\u0131c\u0131 Ba\u011f\u0131\u015flanma<\/em><\/strong><br\/><br\/><br\/>\u0130sa&#8217;n\u0131n bizi ba\u011f\u0131\u015flad\u0131\u011f\u0131 gibi ba\u011f\u0131\u015flamaya ve yarg\u0131lama e\u011filimiyle m\u00fccadele etmeye istekli olmam\u0131z\u0131 sa\u011flar.<\/p>\n\n<div style=\"height:30px\" aria-hidden=\"true\" class=\"wp-block-spacer\"><\/div>\n\n<p>Biz inan\u0131yoruz ki <strong><em>A\u015fk\u0131n in\u015fas\u0131<\/em><\/strong><br\/><br\/><br\/>bizi her bir karde\u015fimizde Mesih&#8217;in ki\u015fili\u011fini tan\u0131maya y\u00f6nlendirir ve ger\u00e7ek uzla\u015fmaya do\u011fru ilk ad\u0131m\u0131 atarak kusurlu ili\u015fkileri \u00e7\u00f6zmemizi taahh\u00fct eder.<br\/><\/p>\n\n<div style=\"height:30px\" aria-hidden=\"true\" class=\"wp-block-spacer\"><\/div>\n\n<p><br\/><br\/>Efkaristiya&#8217;n\u0131n yaratt\u0131\u011f\u0131 hay\u0131rseverli\u011fin bizi &#8220;y\u00fcre\u011fi c\u00f6mert&#8221;<em>(M\u0131s\u0131r&#8217;dan \u00c7\u0131k\u0131\u015f <\/em>25:2) k\u0131ld\u0131\u011f\u0131na inan\u0131yoruz.<strong><em>Hizmet<\/em><\/strong> Tanr\u0131&#8217;ya, yoksullara, insanl\u0131\u011fa ve Kilise&#8217;ye&#8221;.<\/p>\n\n<div style=\"height:50px\" aria-hidden=\"true\" class=\"wp-block-spacer\"><\/div>\n","protected":false},"excerpt":{"rendered":"<p>Size yeni bir emir veriyorumbirbirinizi sevin.Benim sizi sevdi\u011fim gibi,bu y\u00fczden birbirinizi de sevin Yuhanna 13, 34 Yine Tarcisio Mezzetti &#8211; 1978 yaz\u0131nda &#8211; cemaat ruhanili\u011finin bu \u00e7ok \u00f6nemli y\u00f6n\u00fcn\u00fcn k\u00f6kenindeydi, o kadar \u00f6nemliydi ki,Cemaat \u00fcyelerinin her y\u0131l yeniledi\u011fiAntla\u015fma Taahh\u00fcd\u00fcn\u00fcn \u00e7ekirde\u011fi haline geldi. &#8220;Cemaatten d\u00f6rt vaat istiyorum: yoksulluk, s\u00fcrekli ba\u011f\u0131\u015flama, sevgiyi geli\u015ftirme ve hizmet&#8221;. Tarcisio o [&hellip;]<\/p>\n","protected":false},"author":3,"featured_media":10848,"parent":0,"menu_order":0,"comment_status":"closed","ping_status":"closed","template":"","meta":{"om_disable_all_campaigns":false,"_monsterinsights_skip_tracking":false,"_monsterinsights_sitenote_active":false,"_monsterinsights_sitenote_note":"","_monsterinsights_sitenote_category":0,"_uf_show_specific_survey":0,"_uf_disable_surveys":false,"footnotes":""},"class_list":["post-18569","page","type-page","status-publish","has-post-thumbnail","hentry"],"aioseo_notices":[],"_links":{"self":[{"href":"https:\/\/comunitamagnificat.org\/tr\/wp-json\/wp\/v2\/pages\/18569","targetHints":{"allow":["GET"]}}],"collection":[{"href":"https:\/\/comunitamagnificat.org\/tr\/wp-json\/wp\/v2\/pages"}],"about":[{"href":"https:\/\/comunitamagnificat.org\/tr\/wp-json\/wp\/v2\/types\/page"}],"author":[{"embeddable":true,"href":"https:\/\/comunitamagnificat.org\/tr\/wp-json\/wp\/v2\/users\/3"}],"replies":[{"embeddable":true,"href":"https:\/\/comunitamagnificat.org\/tr\/wp-json\/wp\/v2\/comments?post=18569"}],"version-history":[{"count":5,"href":"https:\/\/comunitamagnificat.org\/tr\/wp-json\/wp\/v2\/pages\/18569\/revisions"}],"predecessor-version":[{"id":22592,"href":"https:\/\/comunitamagnificat.org\/tr\/wp-json\/wp\/v2\/pages\/18569\/revisions\/22592"}],"wp:featuredmedia":[{"embeddable":true,"href":"https:\/\/comunitamagnificat.org\/tr\/wp-json\/wp\/v2\/media\/10848"}],"wp:attachment":[{"href":"https:\/\/comunitamagnificat.org\/tr\/wp-json\/wp\/v2\/media?parent=18569"}],"curies":[{"name":"wp","href":"https:\/\/api.w.org\/{rel}","templated":true}]}}