{"id":18585,"date":"2024-08-22T18:16:14","date_gmt":"2024-08-22T16:16:14","guid":{"rendered":"https:\/\/comunitamagnificat.org\/isa-ile-isanin-yapisinda\/"},"modified":"2024-08-22T18:16:26","modified_gmt":"2024-08-22T16:16:26","slug":"isa-ile-isanin-yapisinda","status":"publish","type":"page","link":"https:\/\/comunitamagnificat.org\/tr\/isa-ile-isanin-yapisinda\/","title":{"rendered":"&#8220;\u0130sa ile, \u0130sa&#8217;n\u0131n yap\u0131s\u0131nda&#8221;"},"content":{"rendered":"\n<div style=\"height:30px\" aria-hidden=\"true\" class=\"wp-block-spacer\"><\/div>\n\n<blockquote class=\"wp-block-quote is-layout-flow wp-block-quote-is-layout-flow\"><p><em><strong>Beni yiyen<\/strong><\/em><br\/><em><strong>benim i\u00e7in ya\u015fayacak<\/strong><\/em><\/p><cite><em>Yuhanna <\/em>6, 57<\/cite><\/blockquote>\n\n<div style=\"height:30px\" aria-hidden=\"true\" class=\"wp-block-spacer\"><\/div>\n\n<p>Ba\u015f\u0131ndan beri Topluluk, Kilise&#8217;nin papazlar\u0131 e\u015fli\u011finde, duada karizmatik olarak sezilen, topluluk muhakemesinde do\u011frulanan Rab&#8217;bin iradesinden ba\u015fka hi\u00e7bir \u015feye ba\u011fl\u0131 kalmamaya \u00e7al\u0131\u015fm\u0131\u015ft\u0131r.<\/p>\n\n<div style=\"height:30px\" aria-hidden=\"true\" class=\"wp-block-spacer\"><\/div>\n\n<p>Bu nedenle, Rab en ba\u015f\u0131ndan beri, kendisini al\u00e7akg\u00f6n\u00fcll\u00fc ve titreyerek dinleyen bir tutum i\u00e7ine sokmu\u015f olan Toplulu\u011fa konu\u015fabiliyordu.<\/p>\n\n<div style=\"height:30px\" aria-hidden=\"true\" class=\"wp-block-spacer\"><\/div>\n\n<p>Bu peygamberlik yolculu\u011funun en \u00f6nemli anlar\u0131ndan biri \u015fu ki\u015fi taraf\u0131ndan ya\u015fanm\u0131\u015ft\u0131r <span style=\"text-decoration: underline;\"><a href=\"https:\/\/comunitamagnificat.org\/tr\/tarcisio-mezzetti\/\" target=\"_blank\" rel=\"noreferrer noopener\">Tarcisio Mezzetti<\/a><\/span><span style=\"text-decoration: underline;\">Mart 1978<\/span>&#8216; <span style=\"text-decoration: underline;\">de<\/span>, <span style=\"text-decoration: underline;\">\u0130sa ile ve \u0130sa \u00fczerine<\/span> <span style=\"text-decoration: underline;\">bir<\/span> <span style=\"text-decoration: underline;\">Cemaat kurma<\/span> emrini ald\u0131\u011f\u0131 <span style=\"text-decoration: underline;\">yo\u011fun ve ezici bir Tanr\u0131 deneyimi ya\u015fad\u0131<\/span> <span style=\"text-decoration: underline;\">.<\/span>\nBu deneyime, o zamanki Perugia Ba\u015fpiskoposu Monseny\u00f6r Ferdinando Lambruschini&#8217;nin &#8211; bir y\u0131ldan k\u0131sa bir s\u00fcre sonra &#8211; do\u011fmakta olan Magnificat Toplulu\u011fu&#8217;nun ilk t\u00fcz\u00fc\u011f\u00fcn\u00fc onaylamas\u0131 e\u015flik etti. <\/p>\n\n<div style=\"height:30px\" aria-hidden=\"true\" class=\"wp-block-spacer\"><\/div>\n\n<p>\u0130\u015fte Tarcisio&#8217;nun 2014 y\u0131l\u0131nda kaydedilen anlat\u0131m\u0131:<\/p>\n\n<div style=\"height:30px\" aria-hidden=\"true\" class=\"wp-block-spacer\"><\/div>\n\n<div class=\"wp-block-columns is-layout-flex wp-container-core-columns-is-layout-9d6595d7 wp-block-columns-is-layout-flex\">\n<div class=\"wp-block-column is-layout-flow wp-block-column-is-layout-flow\" style=\"flex-basis:10%\"><\/div>\n\n\n\n<div class=\"wp-block-column is-layout-flow wp-block-column-is-layout-flow\" style=\"flex-basis:80%\">\n<figure class=\"wp-block-embed is-type-video is-provider-youtube wp-block-embed-youtube wp-embed-aspect-16-9 wp-has-aspect-ratio\"><div class=\"wp-block-embed__wrapper\"> \n<iframe loading=\"lazy\" title=\"Con Ges\u00f9, su Ges\u00f9, costruisci\" width=\"500\" height=\"281\" src=\"https:\/\/www.youtube.com\/embed\/cKGqzntMkNA?feature=oembed\" frameborder=\"0\" allow=\"accelerometer; autoplay; clipboard-write; encrypted-media; gyroscope; picture-in-picture; web-share\" referrerpolicy=\"strict-origin-when-cross-origin\" allowfullscreen><\/iframe>\n <\/div><\/figure>\n<\/div>\n\n\n\n<div class=\"wp-block-column is-layout-flow wp-block-column-is-layout-flow\" style=\"flex-basis:10%\"><\/div>\n<\/div>\n\n<div style=\"height:50px\" aria-hidden=\"true\" class=\"wp-block-spacer\"><\/div>\n","protected":false},"excerpt":{"rendered":"<p>Beni yiyenbenim i\u00e7in ya\u015fayacak Yuhanna 6, 57 Ba\u015f\u0131ndan beri Topluluk, Kilise&#8217;nin papazlar\u0131 e\u015fli\u011finde, duada karizmatik olarak sezilen, topluluk muhakemesinde do\u011frulanan Rab&#8217;bin iradesinden ba\u015fka hi\u00e7bir \u015feye ba\u011fl\u0131 kalmamaya \u00e7al\u0131\u015fm\u0131\u015ft\u0131r. Bu nedenle, Rab en ba\u015f\u0131ndan beri, kendisini al\u00e7akg\u00f6n\u00fcll\u00fc ve titreyerek dinleyen bir tutum i\u00e7ine sokmu\u015f olan Toplulu\u011fa konu\u015fabiliyordu. Bu peygamberlik yolculu\u011funun en \u00f6nemli anlar\u0131ndan biri \u015fu ki\u015fi [&hellip;]<\/p>\n","protected":false},"author":3,"featured_media":10844,"parent":0,"menu_order":0,"comment_status":"closed","ping_status":"closed","template":"","meta":{"om_disable_all_campaigns":false,"_monsterinsights_skip_tracking":false,"_monsterinsights_sitenote_active":false,"_monsterinsights_sitenote_note":"","_monsterinsights_sitenote_category":0,"_uf_show_specific_survey":0,"_uf_disable_surveys":false,"footnotes":""},"class_list":["post-18585","page","type-page","status-publish","has-post-thumbnail","hentry"],"aioseo_notices":[],"_links":{"self":[{"href":"https:\/\/comunitamagnificat.org\/tr\/wp-json\/wp\/v2\/pages\/18585","targetHints":{"allow":["GET"]}}],"collection":[{"href":"https:\/\/comunitamagnificat.org\/tr\/wp-json\/wp\/v2\/pages"}],"about":[{"href":"https:\/\/comunitamagnificat.org\/tr\/wp-json\/wp\/v2\/types\/page"}],"author":[{"embeddable":true,"href":"https:\/\/comunitamagnificat.org\/tr\/wp-json\/wp\/v2\/users\/3"}],"replies":[{"embeddable":true,"href":"https:\/\/comunitamagnificat.org\/tr\/wp-json\/wp\/v2\/comments?post=18585"}],"version-history":[{"count":1,"href":"https:\/\/comunitamagnificat.org\/tr\/wp-json\/wp\/v2\/pages\/18585\/revisions"}],"predecessor-version":[{"id":18588,"href":"https:\/\/comunitamagnificat.org\/tr\/wp-json\/wp\/v2\/pages\/18585\/revisions\/18588"}],"wp:featuredmedia":[{"embeddable":true,"href":"https:\/\/comunitamagnificat.org\/tr\/wp-json\/wp\/v2\/media\/10844"}],"wp:attachment":[{"href":"https:\/\/comunitamagnificat.org\/tr\/wp-json\/wp\/v2\/media?parent=18585"}],"curies":[{"name":"wp","href":"https:\/\/api.w.org\/{rel}","templated":true}]}}