{"id":18596,"date":"2024-08-22T18:16:29","date_gmt":"2024-08-22T16:16:29","guid":{"rendered":"https:\/\/comunitamagnificat.org\/maneviyat\/"},"modified":"2024-08-22T18:16:33","modified_gmt":"2024-08-22T16:16:33","slug":"maneviyat","status":"publish","type":"page","link":"https:\/\/comunitamagnificat.org\/tr\/maneviyat\/","title":{"rendered":"Maneviyat"},"content":{"rendered":"\n<div style=\"height:30px\" aria-hidden=\"true\" class=\"wp-block-spacer\"><\/div>\n\n<p>Sitenin bu b\u00f6l\u00fcm\u00fc, Magnificat Toplulu\u011funun ger\u00e7ekli\u011fini, m\u00fcttefiklerin ruhani deneyimlerinin nelerden beslendi\u011fini anlamaya yard\u0131mc\u0131 olan bir\u00e7ok sayfa i\u00e7ermektedir.<\/p>\n\n<div style=\"height:30px\" aria-hidden=\"true\" class=\"wp-block-spacer\"><\/div>\n\n<p>Ba\u015fl\u0131klara t\u0131klamak sizi ilgili i\u00e7eri\u011fe g\u00f6t\u00fcrecektir<\/p>\n\n<div style=\"height:30px\" aria-hidden=\"true\" class=\"wp-block-spacer\"><\/div>\n\n<p><strong><a href=\"https:\/\/comunitamagnificat.org\/fondamenti-della-comunita-magnificat\/\" data-type=\"page\" data-id=\"485\">Magnificat Toplulu\u011funun Temelleri<\/a><\/strong><\/p>\n\n<div style=\"height:30px\" aria-hidden=\"true\" class=\"wp-block-spacer\"><\/div>\n\n<p><strong><a href=\"https:\/\/comunitamagnificat.org\/tr\/isa-ile-isanin-yapisinda\/\" data-type=\"page\" data-id=\"520\"><em>&#8220;\u0130sa ile, \u0130sa&#8217;n\u0131n \u00fczerine, in\u015fa et<\/em>&#8220;<\/a><\/strong><\/p>\n\n<div style=\"height:30px\" aria-hidden=\"true\" class=\"wp-block-spacer\"><\/div>\n\n<p><strong><em><a href=\"https:\/\/comunitamagnificat.org\/tr\/dort-vaat\/\" data-type=\"page\" data-id=\"526\">D\u00f6rt Vaat<\/a><\/em><\/strong><\/p>\n\n<div style=\"height:30px\" aria-hidden=\"true\" class=\"wp-block-spacer\"><\/div>\n\n<p><strong><a href=\"https:\/\/comunitamagnificat.org\/alleanza\/\" data-type=\"page\" data-id=\"534\">\u0130ttifak<\/a><\/strong><\/p>\n\n<div style=\"height:30px\" aria-hidden=\"true\" class=\"wp-block-spacer\"><\/div>\n\n<p><strong><a href=\"https:\/\/comunitamagnificat.org\/adorazione-eucaristica\/\" data-type=\"page\" data-id=\"543\">Efkaristiya Ayini<\/a><\/strong><\/p>\n\n<div style=\"height:30px\" aria-hidden=\"true\" class=\"wp-block-spacer\"><\/div>\n\n<p><strong><a href=\"https:\/\/comunitamagnificat.org\/vocazione\/\" data-type=\"page\" data-id=\"557\">Meslek<\/a><\/strong><\/p>\n\n<div style=\"height:30px\" aria-hidden=\"true\" class=\"wp-block-spacer\"><\/div>\n\n<p><strong><a href=\"https:\/\/comunitamagnificat.org\/comunita\/\" data-type=\"page\" data-id=\"561\">Topluluk<\/a><\/strong><\/p>\n\n<div style=\"height:30px\" aria-hidden=\"true\" class=\"wp-block-spacer\"><\/div>\n\n<p><strong><a href=\"https:\/\/comunitamagnificat.org\/contemplazione-e-azione\/\" data-type=\"page\" data-id=\"566\">Tefekk\u00fcr ve eylem<\/a><\/strong><\/p>\n\n<div style=\"height:30px\" aria-hidden=\"true\" class=\"wp-block-spacer\"><\/div>\n\n<p><strong><a href=\"https:\/\/comunitamagnificat.org\/sognare-il-sogno-di-dio\/\" data-type=\"page\" data-id=\"572\"><em>&#8216;Tanr\u0131&#8217;n\u0131n r\u00fcyas\u0131n\u0131 g\u00f6rmek<\/em>&#8216;<\/a><\/strong><\/p>\n\n<div style=\"height:30px\" aria-hidden=\"true\" class=\"wp-block-spacer\"><\/div>\n\n<p><strong><a href=\"https:\/\/comunitamagnificat.org\/monastero-dalle-mura-invisibili\/\" data-type=\"page\" data-id=\"584\"><em>&#8216;G\u00f6r\u00fcnmez duvarlar\u0131 olan manast\u0131r<\/em>&#8216;<\/a><\/strong><\/p>\n\n<div style=\"height:30px\" aria-hidden=\"true\" class=\"wp-block-spacer\"><\/div>\n\n<p><strong><a href=\"https:\/\/comunitamagnificat.org\/accompagnamento-spirituale\/\" data-type=\"page\" data-id=\"588\">Manevi e\u015flik<\/a><\/strong><\/p>\n\n<div style=\"height:30px\" aria-hidden=\"true\" class=\"wp-block-spacer\"><\/div>\n\n<p><strong><a href=\"https:\/\/comunitamagnificat.org\/carismi\/\" data-type=\"page\" data-id=\"602\">Karizmalar<\/a><\/strong><\/p>\n\n<div style=\"height:30px\" aria-hidden=\"true\" class=\"wp-block-spacer\"><\/div>\n\n<p><strong><a href=\"https:\/\/comunitamagnificat.org\/evangelizzazione\/\" data-type=\"page\" data-id=\"607\">Evangelizasyon<\/a><\/strong><\/p>\n\n<div style=\"height:30px\" aria-hidden=\"true\" class=\"wp-block-spacer\"><\/div>\n\n<p><strong><a href=\"https:\/\/comunitamagnificat.org\/guarigione\/\" data-type=\"page\" data-id=\"613\">\u0130yile\u015fme<\/a><\/strong><\/p>\n\n<div style=\"height:30px\" aria-hidden=\"true\" class=\"wp-block-spacer\"><\/div>\n\n<p><strong><a href=\"https:\/\/comunitamagnificat.org\/case-di-vita-comune\/\" data-type=\"page\" data-id=\"619\">Ortak ya\u015fam evleri<\/a><\/strong><\/p>\n\n<div style=\"height:30px\" aria-hidden=\"true\" class=\"wp-block-spacer\"><\/div>\n\n<p><strong><a href=\"https:\/\/comunitamagnificat.org\/alleati-dellagnus-dei\/\" data-type=\"page\" data-id=\"624\"><em>Agnus Dei<\/em>&#8216;nin M\u00fcttefikleri<\/a><\/strong><\/p>\n","protected":false},"excerpt":{"rendered":"<p>Sitenin bu b\u00f6l\u00fcm\u00fc, Magnificat Toplulu\u011funun ger\u00e7ekli\u011fini, m\u00fcttefiklerin ruhani deneyimlerinin nelerden beslendi\u011fini anlamaya yard\u0131mc\u0131 olan bir\u00e7ok sayfa i\u00e7ermektedir. Ba\u015fl\u0131klara t\u0131klamak sizi ilgili i\u00e7eri\u011fe g\u00f6t\u00fcrecektir Magnificat Toplulu\u011funun Temelleri &#8220;\u0130sa ile, \u0130sa&#8217;n\u0131n \u00fczerine, in\u015fa et&#8220; D\u00f6rt Vaat \u0130ttifak Efkaristiya Ayini Meslek Topluluk Tefekk\u00fcr ve eylem &#8216;Tanr\u0131&#8217;n\u0131n r\u00fcyas\u0131n\u0131 g\u00f6rmek&#8216; &#8216;G\u00f6r\u00fcnmez duvarlar\u0131 olan manast\u0131r&#8216; Manevi e\u015flik Karizmalar Evangelizasyon \u0130yile\u015fme Ortak [&hellip;]<\/p>\n","protected":false},"author":3,"featured_media":10836,"parent":0,"menu_order":0,"comment_status":"closed","ping_status":"closed","template":"","meta":{"om_disable_all_campaigns":false,"_monsterinsights_skip_tracking":false,"_monsterinsights_sitenote_active":false,"_monsterinsights_sitenote_note":"","_monsterinsights_sitenote_category":0,"_uf_show_specific_survey":0,"_uf_disable_surveys":false,"footnotes":""},"class_list":["post-18596","page","type-page","status-publish","has-post-thumbnail","hentry"],"aioseo_notices":[],"_links":{"self":[{"href":"https:\/\/comunitamagnificat.org\/tr\/wp-json\/wp\/v2\/pages\/18596","targetHints":{"allow":["GET"]}}],"collection":[{"href":"https:\/\/comunitamagnificat.org\/tr\/wp-json\/wp\/v2\/pages"}],"about":[{"href":"https:\/\/comunitamagnificat.org\/tr\/wp-json\/wp\/v2\/types\/page"}],"author":[{"embeddable":true,"href":"https:\/\/comunitamagnificat.org\/tr\/wp-json\/wp\/v2\/users\/3"}],"replies":[{"embeddable":true,"href":"https:\/\/comunitamagnificat.org\/tr\/wp-json\/wp\/v2\/comments?post=18596"}],"version-history":[{"count":1,"href":"https:\/\/comunitamagnificat.org\/tr\/wp-json\/wp\/v2\/pages\/18596\/revisions"}],"predecessor-version":[{"id":18597,"href":"https:\/\/comunitamagnificat.org\/tr\/wp-json\/wp\/v2\/pages\/18596\/revisions\/18597"}],"wp:featuredmedia":[{"embeddable":true,"href":"https:\/\/comunitamagnificat.org\/tr\/wp-json\/wp\/v2\/media\/10836"}],"wp:attachment":[{"href":"https:\/\/comunitamagnificat.org\/tr\/wp-json\/wp\/v2\/media?parent=18596"}],"curies":[{"name":"wp","href":"https:\/\/api.w.org\/{rel}","templated":true}]}}