{"id":19087,"date":"2024-08-22T18:35:11","date_gmt":"2024-08-22T16:35:11","guid":{"rendered":"https:\/\/comunitamagnificat.org\/magnificat-community-editions\/"},"modified":"2024-08-23T10:04:17","modified_gmt":"2024-08-23T08:04:17","slug":"magnificat-community-editions","status":"publish","type":"page","link":"https:\/\/comunitamagnificat.org\/tr\/yayinlar\/magnificat-community-editions\/","title":{"rendered":"Magnificat Community Editions"},"content":{"rendered":"\n<div class=\"wp-block-columns is-layout-flex wp-container-core-columns-is-layout-9d6595d7 wp-block-columns-is-layout-flex\">\n<div class=\"wp-block-column is-layout-flow wp-block-column-is-layout-flow\" style=\"flex-basis:80%\">\n<div style=\"height:50px\" aria-hidden=\"true\" class=\"wp-block-spacer\"><\/div>\n\n\n\n<p>\u015eubat 2023&#8217;ten bu yana Magnificat Toplulu\u011fu, <em>\u00f6\u011fretiler<\/em>, <em>kate\u015fezler<\/em>, <em>\u00e7al\u0131\u015fmalar<\/em> ve <em>i\u00e7g\u00f6r\u00fcler<\/em> gibi &#8211; yak\u0131n da olsa &#8211; tarihinin t\u00fcm y\u0131llar\u0131 boyunca biriktirdi\u011fi b\u00fcy\u00fck zenginli\u011fi yaymak i\u00e7in kendisine yeni bir ara\u00e7 verdi.<\/p>\n\n\n\n<div style=\"height:30px\" aria-hidden=\"true\" class=\"wp-block-spacer\"><\/div>\n\n\n\n<p>Kurulu\u015fuyla birlikte &#8220;<a href=\"https:\/\/edizioni.comunitamagnificat.org\/\" target=\"_blank\" rel=\"noopener\" title=\"\"><strong>Edizioni Magnificat s.r.l.<\/strong><\/a>&#8220;tamamen Toplulu\u011fa ait bir \u015firket, yay\u0131nc\u0131l\u0131k <em><strong><a href=\"https:\/\/edizioni.comunitamagnificat.org\/categoria-prodotto\/libri\/\" target=\"_blank\" rel=\"noopener\" title=\"\">kitaplar <\/a><\/strong><\/em>e <em><strong><a href=\"https:\/\/edizioni.comunitamagnificat.org\/categoria-prodotto\/quaderni\/\" target=\"_blank\" rel=\"noopener\" title=\"\">defterler<\/a><\/strong> <\/em>Hem yeni hem de Toplulu\u011fun miras\u0131ndan.<\/p>\n\n\n\n<div style=\"height:30px\" aria-hidden=\"true\" class=\"wp-block-spacer\"><\/div>\n\n\n\n<p>Bunlar\u0131 sat\u0131n almak i\u00e7in (hem <strong>ka\u011f\u0131t <\/strong>hem de <a href=\"https:\/\/edizioni.comunitamagnificat.org\/f-a-q-ebook\/\" target=\"_blank\" rel=\"noopener\" title=\"\"><strong>elektronik format &#8211; ePub<\/strong><\/a>) burada sunulan kitaplar\u0131n veya defterlerin kapaklar\u0131na t\u0131klayabilirsiniz.  <\/p>\n\n\n\n<div style=\"height:30px\" aria-hidden=\"true\" class=\"wp-block-spacer\"><\/div>\n<\/div>\n\n\n\n<div class=\"wp-block-column is-layout-flow wp-block-column-is-layout-flow\" style=\"flex-basis:20%\">\n<div style=\"height:30px\" aria-hidden=\"true\" class=\"wp-block-spacer\"><\/div>\n\n\n\n<div class=\"wp-block-group\"><div class=\"wp-block-group__inner-container is-layout-constrained wp-block-group-is-layout-constrained\">\n<figure class=\"wp-block-image size-large\"><a href=\"https:\/\/edizioni.comunitamagnificat.org\/prodotto\/sognare-il-sogno-di-dio\/\" target=\"_blank\" rel=\"noreferrer noopener\"><picture data-lightbox=\"https:\/\/comunitamagnificat.org\/wp-content\/uploads\/2023\/11\/Sognare-il-sogno-di-Dio-copertina-sito.jpg\"><source type='image\/jpeg' srcset='https:\/\/comunitamagnificat.org\/wp-content\/uploads\/2023\/11\/Sognare-il-sogno-di-Dio-copertina-sito.jpg 1240w, https:\/\/comunitamagnificat.org\/wp-content\/uploads\/2023\/11\/Sognare-il-sogno-di-Dio-copertina-sito-213x300.jpg 213w, https:\/\/comunitamagnificat.org\/wp-content\/uploads\/2023\/11\/Sognare-il-sogno-di-Dio-copertina-sito-726x1024.jpg 726w, https:\/\/comunitamagnificat.org\/wp-content\/uploads\/2023\/11\/Sognare-il-sogno-di-Dio-copertina-sito-768x1083.jpg 768w, https:\/\/comunitamagnificat.org\/wp-content\/uploads\/2023\/11\/Sognare-il-sogno-di-Dio-copertina-sito-1090x1536.jpg 1090w' sizes='(max-width: 1240px) 100vw, 1240px' \/><img loading=\"lazy\" decoding=\"async\" width=\"726\" height=\"1024\" src=\"https:\/\/comunitamagnificat.org\/wp-content\/uploads\/2023\/11\/Sognare-il-sogno-di-Dio-copertina-sito-726x1024.jpg\" alt=\"\" class=\"wp-image-10009\"\/><\/picture><\/a><figcaption class=\"wp-element-caption\">Tanr\u0131&#8217;n\u0131n R\u00fcyas\u0131n\u0131 G\u00f6rmek &#8211; Tarcisio Mezzetti<\/figcaption><\/figure>\n\n\n\n<figure class=\"wp-block-image size-large\"><a href=\"https:\/\/edizioni.comunitamagnificat.org\/prodotto\/vocazione-allunita\/\" target=\"_blank\" rel=\"noreferrer noopener\"><picture data-lightbox=\"https:\/\/comunitamagnificat.org\/wp-content\/uploads\/2023\/11\/Vocazione-allunita-copertina-sito.jpg\"><source type='image\/jpeg' srcset='https:\/\/comunitamagnificat.org\/wp-content\/uploads\/2023\/11\/Vocazione-allunita-copertina-sito.jpg 1240w, https:\/\/comunitamagnificat.org\/wp-content\/uploads\/2023\/11\/Vocazione-allunita-copertina-sito-213x300.jpg 213w, https:\/\/comunitamagnificat.org\/wp-content\/uploads\/2023\/11\/Vocazione-allunita-copertina-sito-726x1024.jpg 726w, https:\/\/comunitamagnificat.org\/wp-content\/uploads\/2023\/11\/Vocazione-allunita-copertina-sito-768x1083.jpg 768w, https:\/\/comunitamagnificat.org\/wp-content\/uploads\/2023\/11\/Vocazione-allunita-copertina-sito-1090x1536.jpg 1090w' sizes='(max-width: 1240px) 100vw, 1240px' \/><img loading=\"lazy\" decoding=\"async\" width=\"726\" height=\"1024\" src=\"https:\/\/comunitamagnificat.org\/wp-content\/uploads\/2023\/11\/Vocazione-allunita-copertina-sito-726x1024.jpg\" alt=\"\" class=\"wp-image-10013\"\/><\/picture><\/a><figcaption class=\"wp-element-caption\">Birli\u011fe Vokasyon &#8211; Maria Rita Castellani<\/figcaption><\/figure>\n\n\n\n<figure class=\"wp-block-image size-large\"><a href=\"https:\/\/edizioni.comunitamagnificat.org\/prodotto\/non-tutte-le-strade-portano-a-dio\/\" target=\"_blank\" rel=\"noreferrer noopener\"><picture data-lightbox=\"https:\/\/comunitamagnificat.org\/wp-content\/uploads\/2023\/11\/Non-tutte-le-strade-portano-a-Dio-Copertina-scaled.jpg\"><source type='image\/jpeg' srcset='https:\/\/comunitamagnificat.org\/wp-content\/uploads\/2023\/11\/Non-tutte-le-strade-portano-a-Dio-Copertina-scaled.jpg 1796w, https:\/\/comunitamagnificat.org\/wp-content\/uploads\/2023\/11\/Non-tutte-le-strade-portano-a-Dio-Copertina-210x300.jpg 210w, https:\/\/comunitamagnificat.org\/wp-content\/uploads\/2023\/11\/Non-tutte-le-strade-portano-a-Dio-Copertina-718x1024.jpg 718w, https:\/\/comunitamagnificat.org\/wp-content\/uploads\/2023\/11\/Non-tutte-le-strade-portano-a-Dio-Copertina-768x1095.jpg 768w, https:\/\/comunitamagnificat.org\/wp-content\/uploads\/2023\/11\/Non-tutte-le-strade-portano-a-Dio-Copertina-1077x1536.jpg 1077w, https:\/\/comunitamagnificat.org\/wp-content\/uploads\/2023\/11\/Non-tutte-le-strade-portano-a-Dio-Copertina-1437x2048.jpg 1437w' sizes='(max-width: 1796px) 100vw, 1796px' \/><img loading=\"lazy\" decoding=\"async\" width=\"718\" height=\"1024\" src=\"https:\/\/comunitamagnificat.org\/wp-content\/uploads\/2023\/11\/Non-tutte-le-strade-portano-a-Dio-Copertina-718x1024.jpg\" alt=\"\" class=\"wp-image-10004\"\/><\/picture><\/a><figcaption class=\"wp-element-caption\">B\u00fct\u00fcn yollar Tanr\u0131&#8217;ya \u00e7\u0131kmaz &#8211; Angelo Spicuglia<\/figcaption><\/figure>\n\n\n\n<figure class=\"wp-block-image size-large\"><a href=\"https:\/\/edizioni.comunitamagnificat.org\/prodotto\/un-amore-grande-cosi\/\" target=\"_blank\" rel=\"noreferrer noopener\"><picture data-lightbox=\"https:\/\/comunitamagnificat.org\/wp-content\/uploads\/2023\/11\/Un-amore-grande-cosi-Tarcisio-Mezzetti-scaled.jpg\"><source type='image\/jpeg' srcset='https:\/\/comunitamagnificat.org\/wp-content\/uploads\/2023\/11\/Un-amore-grande-cosi-Tarcisio-Mezzetti-scaled.jpg 1804w, https:\/\/comunitamagnificat.org\/wp-content\/uploads\/2023\/11\/Un-amore-grande-cosi-Tarcisio-Mezzetti-211x300.jpg 211w, https:\/\/comunitamagnificat.org\/wp-content\/uploads\/2023\/11\/Un-amore-grande-cosi-Tarcisio-Mezzetti-722x1024.jpg 722w, https:\/\/comunitamagnificat.org\/wp-content\/uploads\/2023\/11\/Un-amore-grande-cosi-Tarcisio-Mezzetti-768x1090.jpg 768w, https:\/\/comunitamagnificat.org\/wp-content\/uploads\/2023\/11\/Un-amore-grande-cosi-Tarcisio-Mezzetti-1082x1536.jpg 1082w, https:\/\/comunitamagnificat.org\/wp-content\/uploads\/2023\/11\/Un-amore-grande-cosi-Tarcisio-Mezzetti-1443x2048.jpg 1443w' sizes='(max-width: 1804px) 100vw, 1804px' \/><img loading=\"lazy\" decoding=\"async\" width=\"722\" height=\"1024\" src=\"https:\/\/comunitamagnificat.org\/wp-content\/uploads\/2023\/11\/Un-amore-grande-cosi-Tarcisio-Mezzetti-722x1024.jpg\" alt=\"\" class=\"wp-image-10012\"\/><\/picture><\/a><figcaption class=\"wp-element-caption\">Bu kadar b\u00fcy\u00fck bir a\u015fk &#8211; Tarcisio Mezzetti<\/figcaption><\/figure>\n\n\n\n<figure class=\"wp-block-image size-large\"><a href=\"https:\/\/edizioni.comunitamagnificat.org\/prodotto\/per-annunziare-ai-poveri-un-lieto-messaggio\/\" target=\"_blank\" rel=\"noreferrer noopener\"><picture data-lightbox=\"https:\/\/comunitamagnificat.org\/wp-content\/uploads\/2023\/11\/Prima-di-Copertina-Per-annunziare-ai-poveri-un-lieto-messaggio-scaled.jpg\"><source type='image\/jpeg' srcset='https:\/\/comunitamagnificat.org\/wp-content\/uploads\/2023\/11\/Prima-di-Copertina-Per-annunziare-ai-poveri-un-lieto-messaggio-scaled.jpg 1804w, https:\/\/comunitamagnificat.org\/wp-content\/uploads\/2023\/11\/Prima-di-Copertina-Per-annunziare-ai-poveri-un-lieto-messaggio-211x300.jpg 211w, https:\/\/comunitamagnificat.org\/wp-content\/uploads\/2023\/11\/Prima-di-Copertina-Per-annunziare-ai-poveri-un-lieto-messaggio-722x1024.jpg 722w, https:\/\/comunitamagnificat.org\/wp-content\/uploads\/2023\/11\/Prima-di-Copertina-Per-annunziare-ai-poveri-un-lieto-messaggio-768x1090.jpg 768w, https:\/\/comunitamagnificat.org\/wp-content\/uploads\/2023\/11\/Prima-di-Copertina-Per-annunziare-ai-poveri-un-lieto-messaggio-1082x1536.jpg 1082w, https:\/\/comunitamagnificat.org\/wp-content\/uploads\/2023\/11\/Prima-di-Copertina-Per-annunziare-ai-poveri-un-lieto-messaggio-1443x2048.jpg 1443w' sizes='(max-width: 1804px) 100vw, 1804px' \/><img loading=\"lazy\" decoding=\"async\" width=\"722\" height=\"1024\" src=\"https:\/\/comunitamagnificat.org\/wp-content\/uploads\/2023\/11\/Prima-di-Copertina-Per-annunziare-ai-poveri-un-lieto-messaggio-722x1024.jpg\" alt=\"\" class=\"wp-image-10006\"\/><\/picture><\/a><figcaption class=\"wp-element-caption\">Yoksullara mutlu bir mesaj iletmek i\u00e7in &#8211; Tarcisio Mezzetti<\/figcaption><\/figure>\n\n\n\n<figure class=\"wp-block-image size-large\"><a href=\"https:\/\/edizioni.comunitamagnificat.org\/prodotto\/se-vuoi-diventa-tutto-di-fuoco\/\" target=\"_blank\" rel=\"noreferrer noopener\"><picture data-lightbox=\"https:\/\/comunitamagnificat.org\/wp-content\/uploads\/2023\/11\/Se-vuoi-diventa-tutto-di-fuoco-copertina-sito.jpg\"><source type='image\/jpeg' srcset='https:\/\/comunitamagnificat.org\/wp-content\/uploads\/2023\/11\/Se-vuoi-diventa-tutto-di-fuoco-copertina-sito.jpg 1240w, https:\/\/comunitamagnificat.org\/wp-content\/uploads\/2023\/11\/Se-vuoi-diventa-tutto-di-fuoco-copertina-sito-213x300.jpg 213w, https:\/\/comunitamagnificat.org\/wp-content\/uploads\/2023\/11\/Se-vuoi-diventa-tutto-di-fuoco-copertina-sito-726x1024.jpg 726w, https:\/\/comunitamagnificat.org\/wp-content\/uploads\/2023\/11\/Se-vuoi-diventa-tutto-di-fuoco-copertina-sito-768x1083.jpg 768w, https:\/\/comunitamagnificat.org\/wp-content\/uploads\/2023\/11\/Se-vuoi-diventa-tutto-di-fuoco-copertina-sito-1090x1536.jpg 1090w' sizes='(max-width: 1240px) 100vw, 1240px' \/><img loading=\"lazy\" decoding=\"async\" width=\"726\" height=\"1024\" src=\"https:\/\/comunitamagnificat.org\/wp-content\/uploads\/2023\/11\/Se-vuoi-diventa-tutto-di-fuoco-copertina-sito-726x1024.jpg\" alt=\"\" class=\"wp-image-10008\"\/><\/picture><\/a><figcaption class=\"wp-element-caption\">E\u011fer ate\u015flenmek istiyorsan\u0131z &#8211; Luigi Montesi<\/figcaption><\/figure>\n\n\n\n<figure class=\"wp-block-image size-large\"><a href=\"https:\/\/edizioni.comunitamagnificat.org\/prodotto\/magnificat-1978-2018-quarantanni-di-cammino\/\" target=\"_blank\" rel=\"noreferrer noopener\"><picture data-lightbox=\"https:\/\/comunitamagnificat.org\/wp-content\/uploads\/2023\/11\/Magnificat-1978-2018-copertina-sito.jpg.webp\"><source type='image\/webp' srcset='https:\/\/comunitamagnificat.org\/wp-content\/uploads\/2023\/11\/Magnificat-1978-2018-copertina-sito.jpg.webp 1240w, https:\/\/comunitamagnificat.org\/wp-content\/uploads\/2023\/11\/Magnificat-1978-2018-copertina-sito.jpg-213x300.webp 213w, https:\/\/comunitamagnificat.org\/wp-content\/uploads\/2023\/11\/Magnificat-1978-2018-copertina-sito.jpg-726x1024.webp 726w, https:\/\/comunitamagnificat.org\/wp-content\/uploads\/2023\/11\/Magnificat-1978-2018-copertina-sito.jpg-768x1083.webp 768w, https:\/\/comunitamagnificat.org\/wp-content\/uploads\/2023\/11\/Magnificat-1978-2018-copertina-sito.jpg-1090x1536.webp 1090w' sizes='(max-width: 1240px) 100vw, 1240px' \/><img loading=\"lazy\" decoding=\"async\" width=\"726\" height=\"1024\" src=\"https:\/\/comunitamagnificat.org\/wp-content\/uploads\/2023\/11\/Magnificat-1978-2018-copertina-sito.jpg-726x1024.webp\" alt=\"\" class=\"wp-image-10003\"\/><\/picture><\/a><figcaption class=\"wp-element-caption\">Magnificat 1978-2018 &#8211; Davide Maloberti<\/figcaption><\/figure>\n\n\n\n<figure class=\"wp-block-image size-large\"><a href=\"https:\/\/edizioni.comunitamagnificat.org\/prodotto\/lalleanza-una-sfida-proposta-da-dio\/\" target=\"_blank\" rel=\"noreferrer noopener\"><picture data-lightbox=\"https:\/\/comunitamagnificat.org\/wp-content\/uploads\/2023\/11\/LAlleanza-una-sfida-proposta-da-Dio-copertina-sito.jpg\"><source type='image\/jpeg' srcset='https:\/\/comunitamagnificat.org\/wp-content\/uploads\/2023\/11\/LAlleanza-una-sfida-proposta-da-Dio-copertina-sito.jpg 1240w, https:\/\/comunitamagnificat.org\/wp-content\/uploads\/2023\/11\/LAlleanza-una-sfida-proposta-da-Dio-copertina-sito-213x300.jpg 213w, https:\/\/comunitamagnificat.org\/wp-content\/uploads\/2023\/11\/LAlleanza-una-sfida-proposta-da-Dio-copertina-sito-726x1024.jpg 726w, https:\/\/comunitamagnificat.org\/wp-content\/uploads\/2023\/11\/LAlleanza-una-sfida-proposta-da-Dio-copertina-sito-768x1083.jpg 768w, https:\/\/comunitamagnificat.org\/wp-content\/uploads\/2023\/11\/LAlleanza-una-sfida-proposta-da-Dio-copertina-sito-1090x1536.jpg 1090w' sizes='(max-width: 1240px) 100vw, 1240px' \/><img loading=\"lazy\" decoding=\"async\" width=\"726\" height=\"1024\" src=\"https:\/\/comunitamagnificat.org\/wp-content\/uploads\/2023\/11\/LAlleanza-una-sfida-proposta-da-Dio-copertina-sito-726x1024.jpg\" alt=\"\" class=\"wp-image-10002\"\/><\/picture><\/a><figcaption class=\"wp-element-caption\">Antla\u015fma Tanr\u0131&#8217;dan bir meydan okuma &#8211; Tarcisio Mezzetti<\/figcaption><\/figure>\n\n\n\n<figure class=\"wp-block-image size-large\"><a href=\"https:\/\/edizioni.comunitamagnificat.org\/prodotto\/diffondere-misericordia\/\" target=\"_blank\" rel=\"noreferrer noopener\"><picture data-lightbox=\"https:\/\/comunitamagnificat.org\/wp-content\/uploads\/2023\/11\/Diffondere-misericordia-copertina-sito.jpg\"><source type='image\/jpeg' srcset='https:\/\/comunitamagnificat.org\/wp-content\/uploads\/2023\/11\/Diffondere-misericordia-copertina-sito.jpg 1240w, https:\/\/comunitamagnificat.org\/wp-content\/uploads\/2023\/11\/Diffondere-misericordia-copertina-sito-213x300.jpg 213w, https:\/\/comunitamagnificat.org\/wp-content\/uploads\/2023\/11\/Diffondere-misericordia-copertina-sito-726x1024.jpg 726w, https:\/\/comunitamagnificat.org\/wp-content\/uploads\/2023\/11\/Diffondere-misericordia-copertina-sito-768x1083.jpg 768w, https:\/\/comunitamagnificat.org\/wp-content\/uploads\/2023\/11\/Diffondere-misericordia-copertina-sito-1090x1536.jpg 1090w' sizes='(max-width: 1240px) 100vw, 1240px' \/><img loading=\"lazy\" decoding=\"async\" width=\"726\" height=\"1024\" src=\"https:\/\/comunitamagnificat.org\/wp-content\/uploads\/2023\/11\/Diffondere-misericordia-copertina-sito-726x1024.jpg\" alt=\"\" class=\"wp-image-10000\"\/><\/picture><\/a><figcaption class=\"wp-element-caption\">Merhamet Yaymak &#8211; Oreste Pesare<\/figcaption><\/figure>\n\n\n\n<figure class=\"wp-block-image size-large\"><a href=\"https:\/\/edizioni.comunitamagnificat.org\/prodotto\/dialoghi-fraterni\/\" target=\"_blank\" rel=\"noreferrer noopener\"><picture data-lightbox=\"https:\/\/comunitamagnificat.org\/wp-content\/uploads\/2023\/11\/Prima-di-Copertina-Dialoghi-fraterni-scaled.jpg\"><source type='image\/jpeg' srcset='https:\/\/comunitamagnificat.org\/wp-content\/uploads\/2023\/11\/Prima-di-Copertina-Dialoghi-fraterni-scaled.jpg 1553w, https:\/\/comunitamagnificat.org\/wp-content\/uploads\/2023\/11\/Prima-di-Copertina-Dialoghi-fraterni-182x300.jpg 182w, https:\/\/comunitamagnificat.org\/wp-content\/uploads\/2023\/11\/Prima-di-Copertina-Dialoghi-fraterni-621x1024.jpg 621w, https:\/\/comunitamagnificat.org\/wp-content\/uploads\/2023\/11\/Prima-di-Copertina-Dialoghi-fraterni-768x1266.jpg 768w, https:\/\/comunitamagnificat.org\/wp-content\/uploads\/2023\/11\/Prima-di-Copertina-Dialoghi-fraterni-932x1536.jpg 932w, https:\/\/comunitamagnificat.org\/wp-content\/uploads\/2023\/11\/Prima-di-Copertina-Dialoghi-fraterni-1242x2048.jpg 1242w' sizes='(max-width: 1553px) 100vw, 1553px' \/><img loading=\"lazy\" decoding=\"async\" width=\"621\" height=\"1024\" src=\"https:\/\/comunitamagnificat.org\/wp-content\/uploads\/2023\/11\/Prima-di-Copertina-Dialoghi-fraterni-621x1024.jpg\" alt=\"\" class=\"wp-image-10005\"\/><\/picture><\/a><figcaption class=\"wp-element-caption\">Karde\u015flik Diyaloglar\u0131 &#8211; Maria Rita Castellani<\/figcaption><\/figure>\n\n\n\n<figure class=\"wp-block-image size-large\"><a href=\"https:\/\/edizioni.comunitamagnificat.org\/prodotto\/storia-di-una-storia-di-dio\/\" target=\"_blank\" rel=\"noreferrer noopener\"><picture data-lightbox=\"https:\/\/comunitamagnificat.org\/wp-content\/uploads\/2023\/11\/Prima-di-copertina-Storia-di-una-storia-di-Dio.jpg\"><source type='image\/jpeg' srcset='https:\/\/comunitamagnificat.org\/wp-content\/uploads\/2023\/11\/Prima-di-copertina-Storia-di-una-storia-di-Dio.jpg 1748w, https:\/\/comunitamagnificat.org\/wp-content\/uploads\/2023\/11\/Prima-di-copertina-Storia-di-una-storia-di-Dio-210x300.jpg 210w, https:\/\/comunitamagnificat.org\/wp-content\/uploads\/2023\/11\/Prima-di-copertina-Storia-di-una-storia-di-Dio-715x1024.jpg 715w, https:\/\/comunitamagnificat.org\/wp-content\/uploads\/2023\/11\/Prima-di-copertina-Storia-di-una-storia-di-Dio-768x1100.jpg 768w, https:\/\/comunitamagnificat.org\/wp-content\/uploads\/2023\/11\/Prima-di-copertina-Storia-di-una-storia-di-Dio-1073x1536.jpg 1073w, https:\/\/comunitamagnificat.org\/wp-content\/uploads\/2023\/11\/Prima-di-copertina-Storia-di-una-storia-di-Dio-1430x2048.jpg 1430w' sizes='(max-width: 1748px) 100vw, 1748px' \/><img loading=\"lazy\" decoding=\"async\" width=\"715\" height=\"1024\" src=\"https:\/\/comunitamagnificat.org\/wp-content\/uploads\/2023\/11\/Prima-di-copertina-Storia-di-una-storia-di-Dio-715x1024.jpg\" alt=\"\" class=\"wp-image-10007\"\/><\/picture><\/a><figcaption class=\"wp-element-caption\">Bir Tanr\u0131 Hikayesinin \u00d6yk\u00fcs\u00fc &#8211; Luigi Montesi<\/figcaption><\/figure>\n\n\n\n<figure class=\"wp-block-image size-large\"><a href=\"https:\/\/edizioni.comunitamagnificat.org\/prodotto\/verso-un-nuovo-monachesimo\/\" target=\"_blank\" rel=\"noreferrer noopener\"><picture data-lightbox=\"https:\/\/comunitamagnificat.org\/wp-content\/uploads\/2023\/11\/Verso-un-nuovo-monachesimo-Tarcisio-MezzettiCopertina-scaled.jpg\"><source type='image\/jpeg' srcset='https:\/\/comunitamagnificat.org\/wp-content\/uploads\/2023\/11\/Verso-un-nuovo-monachesimo-Tarcisio-MezzettiCopertina-scaled.jpg 1804w, https:\/\/comunitamagnificat.org\/wp-content\/uploads\/2023\/11\/Verso-un-nuovo-monachesimo-Tarcisio-MezzettiCopertina-211x300.jpg 211w, https:\/\/comunitamagnificat.org\/wp-content\/uploads\/2023\/11\/Verso-un-nuovo-monachesimo-Tarcisio-MezzettiCopertina-722x1024.jpg 722w, https:\/\/comunitamagnificat.org\/wp-content\/uploads\/2023\/11\/Verso-un-nuovo-monachesimo-Tarcisio-MezzettiCopertina-768x1090.jpg 768w, https:\/\/comunitamagnificat.org\/wp-content\/uploads\/2023\/11\/Verso-un-nuovo-monachesimo-Tarcisio-MezzettiCopertina-1082x1536.jpg 1082w, https:\/\/comunitamagnificat.org\/wp-content\/uploads\/2023\/11\/Verso-un-nuovo-monachesimo-Tarcisio-MezzettiCopertina-1443x2048.jpg 1443w' sizes='(max-width: 1804px) 100vw, 1804px' \/><img loading=\"lazy\" decoding=\"async\" width=\"722\" height=\"1024\" src=\"https:\/\/comunitamagnificat.org\/wp-content\/uploads\/2023\/11\/Verso-un-nuovo-monachesimo-Tarcisio-MezzettiCopertina-722x1024.jpg\" alt=\"\" class=\"wp-image-9998\"\/><\/picture><\/a><figcaption class=\"wp-element-caption\">Yeni bir manast\u0131rc\u0131l\u0131\u011fa do\u011fru &#8211; Tarcisio Mezzetti<\/figcaption><\/figure>\n\n\n\n<figure class=\"wp-block-image size-large\"><a href=\"https:\/\/edizioni.comunitamagnificat.org\/prodotto\/stavano-insieme-storia-di-una-comunita-cristiana\/\" target=\"_blank\" rel=\"noreferrer noopener\"><picture data-lightbox=\"https:\/\/comunitamagnificat.org\/wp-content\/uploads\/2023\/11\/Stavano-insieme-copertina-sito.jpg\"><source type='image\/jpeg' srcset='https:\/\/comunitamagnificat.org\/wp-content\/uploads\/2023\/11\/Stavano-insieme-copertina-sito.jpg 1240w, https:\/\/comunitamagnificat.org\/wp-content\/uploads\/2023\/11\/Stavano-insieme-copertina-sito-213x300.jpg 213w, https:\/\/comunitamagnificat.org\/wp-content\/uploads\/2023\/11\/Stavano-insieme-copertina-sito-726x1024.jpg 726w, https:\/\/comunitamagnificat.org\/wp-content\/uploads\/2023\/11\/Stavano-insieme-copertina-sito-768x1083.jpg 768w, https:\/\/comunitamagnificat.org\/wp-content\/uploads\/2023\/11\/Stavano-insieme-copertina-sito-1090x1536.jpg 1090w' sizes='(max-width: 1240px) 100vw, 1240px' \/><img loading=\"lazy\" decoding=\"async\" width=\"726\" height=\"1024\" src=\"https:\/\/comunitamagnificat.org\/wp-content\/uploads\/2023\/11\/Stavano-insieme-copertina-sito-726x1024.jpg\" alt=\"\" class=\"wp-image-10010\"\/><\/picture><\/a><figcaption class=\"wp-element-caption\">Birlikteydiler &#8211; Stefano Ragnacci<\/figcaption><\/figure>\n<\/div><\/div>\n\n\n\n<div style=\"height:30px\" aria-hidden=\"true\" class=\"wp-block-spacer\"><\/div>\n<\/div>\n<\/div>\n","protected":false},"excerpt":{"rendered":"<p>\u015eubat 2023&#8217;ten bu yana Magnificat Toplulu\u011fu, \u00f6\u011fretiler, kate\u015fezler, \u00e7al\u0131\u015fmalar ve i\u00e7g\u00f6r\u00fcler gibi &#8211; yak\u0131n da olsa &#8211; tarihinin t\u00fcm y\u0131llar\u0131 boyunca biriktirdi\u011fi b\u00fcy\u00fck zenginli\u011fi yaymak i\u00e7in kendisine yeni bir ara\u00e7 verdi. Kurulu\u015fuyla birlikte &#8220;Edizioni Magnificat s.r.l.&#8220;tamamen Toplulu\u011fa ait bir \u015firket, yay\u0131nc\u0131l\u0131k kitaplar e defterler Hem yeni hem de Toplulu\u011fun miras\u0131ndan. Bunlar\u0131 sat\u0131n almak i\u00e7in (hem [&hellip;]<\/p>\n","protected":false},"author":3,"featured_media":17207,"parent":20586,"menu_order":0,"comment_status":"closed","ping_status":"closed","template":"","meta":{"om_disable_all_campaigns":false,"_monsterinsights_skip_tracking":false,"_monsterinsights_sitenote_active":false,"_monsterinsights_sitenote_note":"","_monsterinsights_sitenote_category":0,"_uf_show_specific_survey":0,"_uf_disable_surveys":false,"footnotes":""},"class_list":["post-19087","page","type-page","status-publish","has-post-thumbnail","hentry"],"aioseo_notices":[],"_links":{"self":[{"href":"https:\/\/comunitamagnificat.org\/tr\/wp-json\/wp\/v2\/pages\/19087","targetHints":{"allow":["GET"]}}],"collection":[{"href":"https:\/\/comunitamagnificat.org\/tr\/wp-json\/wp\/v2\/pages"}],"about":[{"href":"https:\/\/comunitamagnificat.org\/tr\/wp-json\/wp\/v2\/types\/page"}],"author":[{"embeddable":true,"href":"https:\/\/comunitamagnificat.org\/tr\/wp-json\/wp\/v2\/users\/3"}],"replies":[{"embeddable":true,"href":"https:\/\/comunitamagnificat.org\/tr\/wp-json\/wp\/v2\/comments?post=19087"}],"version-history":[{"count":1,"href":"https:\/\/comunitamagnificat.org\/tr\/wp-json\/wp\/v2\/pages\/19087\/revisions"}],"predecessor-version":[{"id":19091,"href":"https:\/\/comunitamagnificat.org\/tr\/wp-json\/wp\/v2\/pages\/19087\/revisions\/19091"}],"up":[{"embeddable":true,"href":"https:\/\/comunitamagnificat.org\/tr\/wp-json\/wp\/v2\/pages\/20586"}],"wp:featuredmedia":[{"embeddable":true,"href":"https:\/\/comunitamagnificat.org\/tr\/wp-json\/wp\/v2\/media\/17207"}],"wp:attachment":[{"href":"https:\/\/comunitamagnificat.org\/tr\/wp-json\/wp\/v2\/media?parent=19087"}],"curies":[{"name":"wp","href":"https:\/\/api.w.org\/{rel}","templated":true}]}}