{"id":19089,"date":"2024-08-22T18:35:14","date_gmt":"2024-08-22T16:35:14","guid":{"rendered":"https:\/\/comunitamagnificat.org\/nihai-tanima-ve-yeni-tuzuk-2024\/"},"modified":"2025-01-22T19:23:53","modified_gmt":"2025-01-22T18:23:53","slug":"nihai-tanima-ve-yeni-tuzuk-2024","status":"publish","type":"page","link":"https:\/\/comunitamagnificat.org\/tr\/nihai-tanima-ve-yeni-tuzuk-2024\/","title":{"rendered":"Nihai Tan\u0131ma ve Yeni T\u00fcz\u00fck, 2024"},"content":{"rendered":"\n<figure class=\"wp-block-pullquote\"><blockquote><p><\/p><cite><strong>Ruhum Tanr\u0131&#8217;y\u0131 y\u00fcceltiyor!<\/strong><\/cite><\/blockquote><\/figure>\n\n<div class=\"wp-block-columns is-layout-flex wp-container-core-columns-is-layout-9d6595d7 wp-block-columns-is-layout-flex\">\n<div class=\"wp-block-column is-layout-flow wp-block-column-is-layout-flow\">\n<div style=\"height:30px\" aria-hidden=\"true\" class=\"wp-block-spacer\"><\/div>\n\n\n\n<div style=\"height:30px\" aria-hidden=\"true\" class=\"wp-block-spacer\"><\/div>\n\n\n\n<div class=\"wp-block-columns is-layout-flex wp-container-core-columns-is-layout-9d6595d7 wp-block-columns-is-layout-flex\">\n<div class=\"wp-block-column is-layout-flow wp-block-column-is-layout-flow\"><div class=\"wp-block-image\">\n<figure class=\"aligncenter size-full\"><picture data-lightbox=\"https:\/\/comunitamagnificat.org\/wp-content\/uploads\/2024\/01\/Copertina.jpg\"><source type='image\/jpeg' srcset='' sizes='(max-width: 283px) 100vw, 283px' \/><img loading=\"lazy\" decoding=\"async\" width=\"283\" height=\"407\" src=\"https:\/\/comunitamagnificat.org\/wp-content\/uploads\/2024\/01\/Copertina.jpg\" alt=\"\" class=\"wp-image-10292\"\/><\/picture><\/figure>\n<\/div><\/div>\n\n\n\n<div class=\"wp-block-column is-layout-flow wp-block-column-is-layout-flow\" style=\"flex-basis:550px\">\n<div style=\"height:30px\" aria-hidden=\"true\" class=\"wp-block-spacer\"><\/div>\n\n\n\n<p>8 Aral\u0131k 2023 tarihinde, ilk kilise onay\u0131ndan tam k\u0131rk be\u015f y\u0131l sonra, Kardinal <strong>Kevin J. Farrell<\/strong><em><strong>Laiklik, Aile ve Ya\u015fam Manast\u0131r\u0131<\/strong><\/em>imzalad\u0131. <strong><em>Tan\u0131ma Kararnamesi<\/em><\/strong> Magnificat Toplulu\u011fu&#8217;nun <em>\u00f6zel bir uluslararas\u0131 inan\u00e7 birli\u011fi<\/em> olarak kurulmas\u0131n\u0131 onaylam\u0131\u015f ve ayr\u0131ca <em><strong>T\u00fcz\u00fck<\/strong><\/em><em>ad experimentum<\/em>, be\u015f y\u0131l boyunca.<\/p>\n\n\n\n<div style=\"height:30px\" aria-hidden=\"true\" class=\"wp-block-spacer\"><\/div>\n\n\n\n<p>19 Ocak 2024 tarihinde, Dicastery&#8217;nin merkezi olan Roma&#8217;daki Palazzo San Callisto&#8217;da, Genel Moderat\u00f6r Maria Rita Castellani <a href=\"https:\/\/www.youtube.com\/watch?v=rle6MbHm1aU\" target=\"_blank\" rel=\"noopener\" title=\"\"><strong>ciddi t\u00f6ren<\/strong><\/a>, ald\u0131 <em><strong>Kararname<\/strong> <\/em>ve yeni <strong><em>T\u00fcz\u00fck<\/em><\/strong>Manast\u0131r Sekreteri Dr. Gleison De Paula Souza&#8217;n\u0131n elinden alm\u0131\u015ft\u0131r.<\/p>\n<\/div>\n<\/div>\n\n\n\n<div style=\"height:30px\" aria-hidden=\"true\" class=\"wp-block-spacer\"><\/div>\n\n\n\n<div class=\"wp-block-columns is-layout-flex wp-container-core-columns-is-layout-9d6595d7 wp-block-columns-is-layout-flex\">\n<div class=\"wp-block-column is-layout-flow wp-block-column-is-layout-flow\">\n<div data-wp-interactive=\"core\/file\" class=\"wp-block-file\"><object data-wp-bind--hidden=\"!state.hasPdfPreview\" hidden class=\"wp-block-file__embed\" data=\"https:\/\/comunitamagnificat.org\/wp-content\/uploads\/2024\/01\/Decreto.pdf\" type=\"application\/pdf\" style=\"width:100%;height:600px\" aria-label=\"Decreto g\u00f6m\u00fcs\u00fc.\"><\/object><a id=\"wp-block-file--media-2399aa6d-1518-49fa-8047-e022d24a7c64\" href=\"https:\/\/comunitamagnificat.org\/wp-content\/uploads\/2024\/01\/Decreto.pdf\">Kararname<\/a><a href=\"https:\/\/comunitamagnificat.org\/wp-content\/uploads\/2024\/01\/Decreto.pdf\" class=\"wp-block-file__button wp-element-button\" download=\"\" aria-describedby=\"wp-block-file--media-2399aa6d-1518-49fa-8047-e022d24a7c64\">\u0130ndir<\/a><\/div>\n<\/div>\n\n\n\n<div class=\"wp-block-column is-layout-flow wp-block-column-is-layout-flow\">\n<div data-wp-interactive=\"core\/file\" class=\"wp-block-file\"><object data-wp-bind--hidden=\"!state.hasPdfPreview\" hidden class=\"wp-block-file__embed\" data=\"https:\/\/comunitamagnificat.org\/wp-content\/uploads\/2024\/01\/Statuto-2024.pdf\" type=\"application\/pdf\" style=\"width:100%;height:600px\" aria-label=\"Statuto g\u00f6m\u00fcs\u00fc.\"><\/object><a id=\"wp-block-file--media-64ff30cb-8363-481f-b6f7-383b3b23c335\" href=\"https:\/\/comunitamagnificat.org\/wp-content\/uploads\/2024\/01\/Statuto-2024.pdf\">T\u00fcz\u00fck<\/a><a href=\"https:\/\/comunitamagnificat.org\/wp-content\/uploads\/2024\/01\/Statuto-2024.pdf\" class=\"wp-block-file__button wp-element-button\" download=\"\" aria-describedby=\"wp-block-file--media-64ff30cb-8363-481f-b6f7-383b3b23c335\">\u0130ndir<\/a><\/div>\n<\/div>\n<\/div>\n\n\n\n<p><\/p>\n\n\n\n<p><\/p>\n\n\n\n<div style=\"height:50px\" aria-hidden=\"true\" class=\"wp-block-spacer\"><\/div>\n<\/div>\n<\/div>\n","protected":false},"excerpt":{"rendered":"<p>Ruhum Tanr\u0131&#8217;y\u0131 y\u00fcceltiyor! 8 Aral\u0131k 2023 tarihinde, ilk kilise onay\u0131ndan tam k\u0131rk be\u015f y\u0131l sonra, Kardinal Kevin J. FarrellLaiklik, Aile ve Ya\u015fam Manast\u0131r\u0131imzalad\u0131. Tan\u0131ma Kararnamesi Magnificat Toplulu\u011fu&#8217;nun \u00f6zel bir uluslararas\u0131 inan\u00e7 birli\u011fi olarak kurulmas\u0131n\u0131 onaylam\u0131\u015f ve ayr\u0131ca T\u00fcz\u00fckad experimentum, be\u015f y\u0131l boyunca. 19 Ocak 2024 tarihinde, Dicastery&#8217;nin merkezi olan Roma&#8217;daki Palazzo San Callisto&#8217;da, Genel Moderat\u00f6r [&hellip;]<\/p>\n","protected":false},"author":3,"featured_media":17799,"parent":0,"menu_order":0,"comment_status":"closed","ping_status":"closed","template":"","meta":{"om_disable_all_campaigns":false,"_monsterinsights_skip_tracking":false,"_monsterinsights_sitenote_active":false,"_monsterinsights_sitenote_note":"","_monsterinsights_sitenote_category":0,"_uf_show_specific_survey":0,"_uf_disable_surveys":false,"footnotes":""},"class_list":["post-19089","page","type-page","status-publish","has-post-thumbnail","hentry"],"aioseo_notices":[],"_links":{"self":[{"href":"https:\/\/comunitamagnificat.org\/tr\/wp-json\/wp\/v2\/pages\/19089","targetHints":{"allow":["GET"]}}],"collection":[{"href":"https:\/\/comunitamagnificat.org\/tr\/wp-json\/wp\/v2\/pages"}],"about":[{"href":"https:\/\/comunitamagnificat.org\/tr\/wp-json\/wp\/v2\/types\/page"}],"author":[{"embeddable":true,"href":"https:\/\/comunitamagnificat.org\/tr\/wp-json\/wp\/v2\/users\/3"}],"replies":[{"embeddable":true,"href":"https:\/\/comunitamagnificat.org\/tr\/wp-json\/wp\/v2\/comments?post=19089"}],"version-history":[{"count":2,"href":"https:\/\/comunitamagnificat.org\/tr\/wp-json\/wp\/v2\/pages\/19089\/revisions"}],"predecessor-version":[{"id":22682,"href":"https:\/\/comunitamagnificat.org\/tr\/wp-json\/wp\/v2\/pages\/19089\/revisions\/22682"}],"wp:featuredmedia":[{"embeddable":true,"href":"https:\/\/comunitamagnificat.org\/tr\/wp-json\/wp\/v2\/media\/17799"}],"wp:attachment":[{"href":"https:\/\/comunitamagnificat.org\/tr\/wp-json\/wp\/v2\/media?parent=19089"}],"curies":[{"name":"wp","href":"https:\/\/api.w.org\/{rel}","templated":true}]}}