{"id":19099,"date":"2024-08-22T18:35:51","date_gmt":"2024-08-22T16:35:51","guid":{"rendered":"https:\/\/comunitamagnificat.org\/iletisim-web\/"},"modified":"2026-03-03T17:25:10","modified_gmt":"2026-03-03T16:25:10","slug":"iletisim-web","status":"publish","type":"page","link":"https:\/\/comunitamagnificat.org\/tr\/iletisim-web\/","title":{"rendered":"\u0130leti\u015fim &amp; web"},"content":{"rendered":"\n<div class=\"wp-block-columns is-layout-flex wp-container-core-columns-is-layout-9d6595d7 wp-block-columns-is-layout-flex\">\n<div class=\"wp-block-column is-layout-flow wp-block-column-is-layout-flow\">\n<div style=\"height:30px\" aria-hidden=\"true\" class=\"wp-block-spacer\"><\/div>\n\n\n\n<p>A\u015fa\u011f\u0131da, Toplulu\u011fun genel organlar\u0131yla irtibata ge\u00e7ilebilecek e-posta adresleri yer almaktad\u0131r:<\/p>\n\n\n\n<div style=\"height:30px\" aria-hidden=\"true\" class=\"wp-block-spacer\"><\/div>\n\n\n\n<p><em><strong>Genel M\u00fcd\u00fcrler<\/strong><\/em>: <a href=\"mailto:generali@comunitamagnificat.org\" target=\"_blank\" rel=\"noreferrer noopener\">generali@comunitamagnificat.org<\/a><\/p>\n\n\n\n<p><strong><em>Genel Ruhani Dan\u0131\u015fman<\/em><\/strong>Mconv&#8217;dan Fr. Anton Bulai: <a href=\"mailto:victore.dumitrescu@gmail.com\" target=\"_blank\" rel=\"noreferrer noopener\">antonbulai@gmail.com<\/a> <\/p>\n\n\n\n<p><strong><em>\u0130cra Direkt\u00f6r\u00fc<\/em><\/strong>, Pier Giovanni Duranti: <a href=\"mailto:direttore@comunitamagnificat.org\" target=\"_blank\" rel=\"noreferrer noopener\">direttore@comunitamagnificat.org<\/a><\/p>\n\n\n\n<p><strong><em>Korunmas\u0131 <\/em><\/strong><em><strong>savunmas\u0131z<\/strong><\/em>: <a href=\"mailto:campeggio@comunitamagnificat.org\" target=\"_blank\" rel=\"noreferrer noopener\">tutelavulnerabili@comunitamagnificat.org<\/a><\/p>\n\n\n\n<p><strong><em>Koinonia Genel Hizmet<\/em><\/strong>: <a href=\"mailto:campeggio@comunitamagnificat.org\" target=\"_blank\" rel=\"noreferrer noopener\">koinonia@comunitamagnificat.org<\/a><\/p>\n\n\n\n<p><strong><em><strong><em>Hizmet<\/em><\/strong><\/em><\/strong> <strong><em>kutsanmi\u015f ki\u0307\u015fi\u0307ler i\u0307\u00e7i\u0307n genel ayi\u0307n<\/em><\/strong>: <a href=\"mailto:consacrati@comunitamagnificat.org\" target=\"_blank\" rel=\"noreferrer noopener\">consacrati@comunitamagnificat.org<\/a><\/p>\n\n\n\n<p><strong><em><strong><em>Hizmet<\/em><\/strong><\/em><\/strong> <strong><em>genel \u00f6\u011frenci\u0307li\u0307k hi\u0307zmeti\u0307<\/em><\/strong>: <a href=\"mailto:discepolato@comunitamagnificat.org\" target=\"_blank\" rel=\"noreferrer noopener\">discepolato@comunitamagnificat.org<\/a><\/p>\n\n\n\n<p><strong><em><strong><em>Hizmet<\/em><\/strong><\/em><\/strong> <strong><em>genel acemi\u0307li\u0307k hi\u0307zmeti\u0307<\/em><\/strong>: <a href=\"mailto:noviziato@comunitamagnificat.org\" target=\"_blank\" rel=\"noreferrer noopener\">noviziato@comunitamagnificat.org<\/a><\/p>\n\n\n\n<p><strong><em><strong><em>Hizmet<\/em><\/strong><\/em><\/strong> <strong><em>genel g\u00f6rev hi\u0307zmeti\u0307<\/em><\/strong>: <a href=\"mailto:noviziato@comunitamagnificat.org\" target=\"_blank\" rel=\"noreferrer noopener\">missioni@comunitamagnificat.org<\/a><\/p>\n\n\n\n<p><em><strong>Gen\u00e7lik Genel Ekibi<\/strong><\/em>: <a href=\"mailto:equipe.giovani@comunitamagnificat.org\" target=\"_blank\" rel=\"noopener\" title=\"\">equipe.giovani@comunitamagnificat.org<\/a><\/p>\n\n\n\n<p><strong><em>Gel ve G\u00f6r, Magnificat Toplulu\u011funun tematik dergisi<\/em><\/strong>: <a rel=\"noreferrer noopener\" href=\"mailto:noviziato@comunitamagnificat.org\" target=\"_blank\">veniteevedrete@comunitamagnificat.org<\/a> <\/p>\n\n\n\n<p><strong><em>Sekreterlik<\/em><\/strong>: <a href=\"mailto:segreteria@comunitamagnificat.org\" target=\"_blank\" rel=\"noreferrer noopener\">segreteria@comunitamagnificat.org<\/a><\/p>\n\n\n\n<div style=\"height:50px\" aria-hidden=\"true\" class=\"wp-block-spacer\"><\/div>\n\n\n\n<p>Bunlar Topluluk taraf\u0131ndan y\u00f6netilen web alanlar\u0131d\u0131r:<\/p>\n\n\n\n<div style=\"height:30px\" aria-hidden=\"true\" class=\"wp-block-spacer\"><\/div>\n\n\n\n<p><strong><em>Genel kurumsal site<\/em><\/strong>: <a href=\"https:\/\/comunitamagnificat.org\/tr\/\" target=\"_blank\" rel=\"noreferrer noopener\">www.comunitamagnificat.org<\/a><\/p>\n\n\n\n<p><strong><em>K\u00fc\u00e7\u00fck Karde\u015f Operasyonu kurumsal web sitesi<\/em><\/strong>: <a href=\"http:\/\/www.operazionefratellino.it\" target=\"_blank\" rel=\"noreferrer noopener\">http:\/\/www.operazionefratellino.it<\/a><\/p>\n\n\n\n<p><strong><em>Vakf\u0131n kurumsal web sitesi<\/em><\/strong>: <a href=\"https:\/\/fondazionemagnificat.org\/\" target=\"_blank\" rel=\"noreferrer noopener\">https:\/\/fondazionemagnificat.org\/<\/a><\/p>\n\n\n\n<p><strong><em>Romanya B\u00f6lgesinin Yeri<\/em><\/strong>: <a href=\"http:\/\/www.comunitateamagnificat.ro\" target=\"_blank\" rel=\"noreferrer noopener\">http:\/\/www.comunitateamagnificat.ro<\/a><\/p>\n\n\n\n<p><strong><em>\u0130talyanca Facebook sayfas\u0131<\/em><\/strong>: <a href=\"http:\/\/www.facebook.com\/comunitamagnificat\" target=\"_blank\" rel=\"noreferrer noopener\">http:\/\/www.facebook.com\/comunitamagnificat<\/a><\/p>\n\n\n\n<p><strong><em>\u0130talyanca Facebook grubu<\/em><\/strong>: <a href=\"https:\/\/www.facebook.com\/groups\/47765906067\" target=\"_blank\" rel=\"noreferrer noopener\">https:\/\/www.facebook.com\/groups\/47765906067<\/a><\/p>\n\n\n\n<p><strong><em>\u0130spanyolca Facebook sayfas\u0131 (Arjantin)<\/em><\/strong>: <a href=\"https:\/\/www.facebook.com\/Comunidad-Magn%C3%ADficat-Argentina-106199424305368\/?ref=page_internal\" target=\"_blank\" rel=\"noreferrer noopener\">facebook.com\/Comunidad-Magnificat-Argentina<\/a><\/p>\n\n\n\n<p><\/p>\n\n\n\n<div style=\"height:50px\" aria-hidden=\"true\" class=\"wp-block-spacer\"><\/div>\n<\/div>\n<\/div>\n","protected":false},"excerpt":{"rendered":"<p>A\u015fa\u011f\u0131da, Toplulu\u011fun genel organlar\u0131yla irtibata ge\u00e7ilebilecek e-posta adresleri yer almaktad\u0131r: Genel M\u00fcd\u00fcrler: generali@comunitamagnificat.org Genel Ruhani Dan\u0131\u015fmanMconv&#8217;dan Fr. Anton Bulai: antonbulai@gmail.com \u0130cra Direkt\u00f6r\u00fc, Pier Giovanni Duranti: direttore@comunitamagnificat.org Korunmas\u0131 savunmas\u0131z: tutelavulnerabili@comunitamagnificat.org Koinonia Genel Hizmet: koinonia@comunitamagnificat.org Hizmet kutsanmi\u015f ki\u0307\u015fi\u0307ler i\u0307\u00e7i\u0307n genel ayi\u0307n: consacrati@comunitamagnificat.org Hizmet genel \u00f6\u011frenci\u0307li\u0307k hi\u0307zmeti\u0307: discepolato@comunitamagnificat.org Hizmet genel acemi\u0307li\u0307k hi\u0307zmeti\u0307: noviziato@comunitamagnificat.org Hizmet genel g\u00f6rev hi\u0307zmeti\u0307: missioni@comunitamagnificat.org [&hellip;]<\/p>\n","protected":false},"author":3,"featured_media":16184,"parent":0,"menu_order":0,"comment_status":"closed","ping_status":"closed","template":"","meta":{"om_disable_all_campaigns":false,"_monsterinsights_skip_tracking":false,"_monsterinsights_sitenote_active":false,"_monsterinsights_sitenote_note":"","_monsterinsights_sitenote_category":0,"_uf_show_specific_survey":0,"_uf_disable_surveys":false,"footnotes":""},"class_list":["post-19099","page","type-page","status-publish","has-post-thumbnail","hentry"],"aioseo_notices":[],"_links":{"self":[{"href":"https:\/\/comunitamagnificat.org\/tr\/wp-json\/wp\/v2\/pages\/19099","targetHints":{"allow":["GET"]}}],"collection":[{"href":"https:\/\/comunitamagnificat.org\/tr\/wp-json\/wp\/v2\/pages"}],"about":[{"href":"https:\/\/comunitamagnificat.org\/tr\/wp-json\/wp\/v2\/types\/page"}],"author":[{"embeddable":true,"href":"https:\/\/comunitamagnificat.org\/tr\/wp-json\/wp\/v2\/users\/3"}],"replies":[{"embeddable":true,"href":"https:\/\/comunitamagnificat.org\/tr\/wp-json\/wp\/v2\/comments?post=19099"}],"version-history":[{"count":7,"href":"https:\/\/comunitamagnificat.org\/tr\/wp-json\/wp\/v2\/pages\/19099\/revisions"}],"predecessor-version":[{"id":27368,"href":"https:\/\/comunitamagnificat.org\/tr\/wp-json\/wp\/v2\/pages\/19099\/revisions\/27368"}],"wp:featuredmedia":[{"embeddable":true,"href":"https:\/\/comunitamagnificat.org\/tr\/wp-json\/wp\/v2\/media\/16184"}],"wp:attachment":[{"href":"https:\/\/comunitamagnificat.org\/tr\/wp-json\/wp\/v2\/media?parent=19099"}],"curies":[{"name":"wp","href":"https:\/\/api.w.org\/{rel}","templated":true}]}}