{"id":19102,"date":"2024-08-22T18:36:01","date_gmt":"2024-08-22T16:36:01","guid":{"rendered":"https:\/\/comunitamagnificat.org\/ruhani-eslik-egitimi\/"},"modified":"2024-08-22T18:36:29","modified_gmt":"2024-08-22T16:36:29","slug":"ruhani-eslik-egitimi","status":"publish","type":"page","link":"https:\/\/comunitamagnificat.org\/tr\/ruhani-eslik-egitimi\/","title":{"rendered":"Ruhani e\u015flik e\u011fitimi"},"content":{"rendered":"\n<div style=\"height:30px\" aria-hidden=\"true\" class=\"wp-block-spacer\"><\/div>\n\n<div class=\"wp-block-columns is-layout-flex wp-container-core-columns-is-layout-9d6595d7 wp-block-columns-is-layout-flex\">\n<div class=\"wp-block-column is-layout-flow wp-block-column-is-layout-flow\">\n<p>3-5 Ocak 2022 tarihlerinde San Manno&#8217;da, Salesian Papal\u0131k \u00dcniversitesi Felsefe Fak\u00fcltesi \u00f6\u011fretim g\u00f6revlisi Salesian <strong>Don Luis Ros\u00f3n Galache<\/strong>, \u0130talya ve Romanya&#8217;dan gelen ve \u00e7o\u011fu refakat\u00e7i olan 200&#8217;den fazla m\u00fcttefik i\u00e7in \u00f6nemli bir e\u011fitim oturumu d\u00fczenledi.<\/p>\n\n\n\n<div style=\"height:30px\" aria-hidden=\"true\" class=\"wp-block-spacer\"><\/div>\n\n\n\n<p>Be\u015f derse b\u00f6l\u00fcnen e\u011fitim, belirli konular\u0131n irdelendi\u011fi soru-cevap anlar\u0131 ile serpi\u015ftirildi.<\/p>\n\n\n\n<div style=\"height:30px\" aria-hidden=\"true\" class=\"wp-block-spacer\"><\/div>\n\n\n\n<p>  A\u015fa\u011f\u0131da Don Luis taraf\u0131ndan yap\u0131lan t\u00fcm konu\u015fmalar\u0131n <strong>videolar\u0131n\u0131 <\/strong>, <strong>ses <\/strong>kay\u0131tlar\u0131n\u0131 ve <strong>belgeleri <\/strong>bulabilirsiniz.<\/p>\n\n\n\n<div style=\"height:30px\" aria-hidden=\"true\" class=\"wp-block-spacer\"><\/div>\n\n\n\n<div class=\"wp-block-columns is-layout-flex wp-container-core-columns-is-layout-9d6595d7 wp-block-columns-is-layout-flex\">\n<div class=\"wp-block-column is-layout-flow wp-block-column-is-layout-flow\">\n<figure class=\"wp-block-embed is-type-video is-provider-youtube wp-block-embed-youtube wp-embed-aspect-16-9 wp-has-aspect-ratio\"><div class=\"wp-block-embed__wrapper\"> \n<iframe loading=\"lazy\" title=\"01 - Cosa non \u00e8 l&#039;accompagnamento\" width=\"500\" height=\"281\" src=\"https:\/\/www.youtube.com\/embed\/nerWUNoCqJ8?feature=oembed\" frameborder=\"0\" allow=\"accelerometer; autoplay; clipboard-write; encrypted-media; gyroscope; picture-in-picture; web-share\" referrerpolicy=\"strict-origin-when-cross-origin\" allowfullscreen><\/iframe>\n <\/div><\/figure>\n<\/div>\n\n\n\n<div class=\"wp-block-column is-layout-flow wp-block-column-is-layout-flow\">\n<figure class=\"wp-block-embed is-type-video is-provider-youtube wp-block-embed-youtube wp-embed-aspect-16-9 wp-has-aspect-ratio\"><div class=\"wp-block-embed__wrapper\"> \n<iframe loading=\"lazy\" title=\"02 - Accompagnare all&#039;esperienza di Dio\" width=\"500\" height=\"281\" src=\"https:\/\/www.youtube.com\/embed\/FwXG81bAE-k?feature=oembed\" frameborder=\"0\" allow=\"accelerometer; autoplay; clipboard-write; encrypted-media; gyroscope; picture-in-picture; web-share\" referrerpolicy=\"strict-origin-when-cross-origin\" allowfullscreen><\/iframe>\n <\/div><\/figure>\n<\/div>\n\n\n\n<div class=\"wp-block-column is-layout-flow wp-block-column-is-layout-flow\">\n<figure class=\"wp-block-embed is-type-video is-provider-youtube wp-block-embed-youtube wp-embed-aspect-16-9 wp-has-aspect-ratio\"><div class=\"wp-block-embed__wrapper\"> \n<iframe loading=\"lazy\" title=\"03 - Caratteristiche dell&#039;accompagnamento\" width=\"500\" height=\"281\" src=\"https:\/\/www.youtube.com\/embed\/AOfGu0ESfGQ?feature=oembed\" frameborder=\"0\" allow=\"accelerometer; autoplay; clipboard-write; encrypted-media; gyroscope; picture-in-picture; web-share\" referrerpolicy=\"strict-origin-when-cross-origin\" allowfullscreen><\/iframe>\n <\/div><\/figure>\n<\/div>\n\n\n\n<div class=\"wp-block-column is-layout-flow wp-block-column-is-layout-flow\">\n<figure class=\"wp-block-embed is-type-video is-provider-youtube wp-block-embed-youtube wp-embed-aspect-16-9 wp-has-aspect-ratio\"><div class=\"wp-block-embed__wrapper\"> \n<iframe loading=\"lazy\" title=\"04 - Accompagnamento e parola di Dio\" width=\"500\" height=\"281\" src=\"https:\/\/www.youtube.com\/embed\/RqbVfFLHHGE?feature=oembed\" frameborder=\"0\" allow=\"accelerometer; autoplay; clipboard-write; encrypted-media; gyroscope; picture-in-picture; web-share\" referrerpolicy=\"strict-origin-when-cross-origin\" allowfullscreen><\/iframe>\n <\/div><\/figure>\n<\/div>\n\n\n\n<div class=\"wp-block-column is-layout-flow wp-block-column-is-layout-flow\">\n<figure class=\"wp-block-embed is-type-video is-provider-youtube wp-block-embed-youtube wp-embed-aspect-16-9 wp-has-aspect-ratio\"><div class=\"wp-block-embed__wrapper\"> \n<iframe loading=\"lazy\" title=\"05 - Accompagnatore, profilo e funzione\" width=\"500\" height=\"281\" src=\"https:\/\/www.youtube.com\/embed\/RtbVSKtZi80?feature=oembed\" frameborder=\"0\" allow=\"accelerometer; autoplay; clipboard-write; encrypted-media; gyroscope; picture-in-picture; web-share\" referrerpolicy=\"strict-origin-when-cross-origin\" allowfullscreen><\/iframe>\n <\/div><\/figure>\n<\/div>\n<\/div>\n\n\n\n<div style=\"height:30px\" aria-hidden=\"true\" class=\"wp-block-spacer\"><\/div>\n\n\n\n<figure class=\"wp-block-audio\"><audio controls=\"\" src=\"https:\/\/comunitamagnificat.org\/wp-content\/uploads\/2022\/01\/1&#xB0;-intervento-Cosa-non-e-laccompagnamento.mp3\"><\/audio><figcaption>\u0130lk oturum &#8211; E\u015flik ne de\u011fildir<\/figcaption><\/figure>\n\n\n\n<figure class=\"wp-block-audio\"><audio controls=\"\" src=\"https:\/\/comunitamagnificat.org\/wp-content\/uploads\/2022\/01\/2&#xB0;-intervento-Accompagnare-allesperienza-di-Dio.mp3\"><\/audio><figcaption>\u0130kinci oturum &#8211; Tanr\u0131 deneyimine e\u015flik etmek<\/figcaption><\/figure>\n\n\n\n<figure class=\"wp-block-audio\"><audio controls=\"\" src=\"https:\/\/comunitamagnificat.org\/wp-content\/uploads\/2022\/01\/3&#xB0;-intervento-Caratteristiche-dellaccompagnamento.mp3\"><\/audio><figcaption>\u00dc\u00e7\u00fcnc\u00fc oturum &#8211; E\u015flik etmenin \u00f6zellikleri<\/figcaption><\/figure>\n\n\n\n<figure class=\"wp-block-audio\"><audio controls=\"\" src=\"https:\/\/comunitamagnificat.org\/wp-content\/uploads\/2022\/01\/4&#xB0;-intervento-Accompagnamento-e-parola-di-Diomp4.mp3\"><\/audio><figcaption>D\u00f6rd\u00fcnc\u00fc oturum &#8211; E\u015flik ve Tanr\u0131 S\u00f6z\u00fc<\/figcaption><\/figure>\n\n\n\n<figure class=\"wp-block-audio\"><audio controls=\"\" src=\"https:\/\/comunitamagnificat.org\/wp-content\/uploads\/2022\/01\/5&#xB0;-intervento-Accompagnatore-profilo-e-funzione.mp3\"><\/audio><figcaption>Be\u015finci oturum &#8211; E\u015flik\u00e7i, profili ve i\u015flevi<\/figcaption><\/figure>\n\n\n\n<div style=\"height:30px\" aria-hidden=\"true\" class=\"wp-block-spacer\"><\/div>\n\n\n\n<div style=\"height:30px\" aria-hidden=\"true\" class=\"wp-block-spacer\"><\/div>\n\n\n\n<div data-wp-interactive=\"core\/file\" class=\"wp-block-file\"><object data-wp-bind--hidden=\"!state.hasPdfPreview\" hidden class=\"wp-block-file__embed\" data=\"https:\/\/comunitamagnificat.org\/wp-content\/uploads\/2022\/01\/ACM-1-ACCOMPAGNARE-NON-E.pdf\" type=\"application\/pdf\" style=\"width:100%;height:600px\" aria-label=\"Incorporamento di ACM-1-ACCOMPAGNARE-NON-E. g\u00f6m\u00fcs\u00fc.\"><\/object><a href=\"https:\/\/comunitamagnificat.org\/wp-content\/uploads\/2022\/01\/ACM-1-ACCOMPAGNARE-NON-E.pdf\">ACM-1-ACCOMPANYING-NOT-E<\/a><a href=\"https:\/\/comunitamagnificat.org\/wp-content\/uploads\/2022\/01\/ACM-1-ACCOMPAGNARE-NON-E.pdf\" class=\"wp-block-file__button\" download=\"\">\u0130ndir<\/a><\/div>\n\n\n\n<div data-wp-interactive=\"core\/file\" class=\"wp-block-file\"><object data-wp-bind--hidden=\"!state.hasPdfPreview\" hidden class=\"wp-block-file__embed\" data=\"https:\/\/comunitamagnificat.org\/wp-content\/uploads\/2022\/01\/ACM-2-ACCOMPAGNARE-ESPERIENZA-DIO.pdf\" type=\"application\/pdf\" style=\"width:100%;height:600px\" aria-label=\"Incorporamento di ACM-2-ACCOMPAGNARE-ESPERIENZA-DIO. g\u00f6m\u00fcs\u00fc.\"><\/object><a href=\"https:\/\/comunitamagnificat.org\/wp-content\/uploads\/2022\/01\/ACM-2-ACCOMPAGNARE-ESPERIENZA-DIO.pdf\">ACM-2-\u015eIRKET-DENEYIMI-TANRI<\/a><a href=\"https:\/\/comunitamagnificat.org\/wp-content\/uploads\/2022\/01\/ACM-2-ACCOMPAGNARE-ESPERIENZA-DIO.pdf\" class=\"wp-block-file__button\" download=\"\">\u0130ndir<\/a><\/div>\n\n\n\n<div data-wp-interactive=\"core\/file\" class=\"wp-block-file\"><object data-wp-bind--hidden=\"!state.hasPdfPreview\" hidden class=\"wp-block-file__embed\" data=\"https:\/\/comunitamagnificat.org\/wp-content\/uploads\/2022\/01\/ACM-3-ACCOMPAGNAMENTO-SPIRITUALE-PERSONALE.pdf\" type=\"application\/pdf\" style=\"width:100%;height:600px\" aria-label=\"Incorporamento di ACM-3-ACCOMPAGNAMENTO-SPIRITUALE-PERSONALE. g\u00f6m\u00fcs\u00fc.\"><\/object><a href=\"https:\/\/comunitamagnificat.org\/wp-content\/uploads\/2022\/01\/ACM-3-ACCOMPAGNAMENTO-SPIRITUALE-PERSONALE.pdf\">ACM-3-RUHSAL-KI\u015eISEL REFAKAT<\/a><a href=\"https:\/\/comunitamagnificat.org\/wp-content\/uploads\/2022\/01\/ACM-3-ACCOMPAGNAMENTO-SPIRITUALE-PERSONALE.pdf\" class=\"wp-block-file__button\" download=\"\">\u0130ndir<\/a><\/div>\n\n\n\n<div data-wp-interactive=\"core\/file\" class=\"wp-block-file\"><object data-wp-bind--hidden=\"!state.hasPdfPreview\" hidden class=\"wp-block-file__embed\" data=\"https:\/\/comunitamagnificat.org\/wp-content\/uploads\/2022\/01\/ACM-4-ACCOMP-PAROLA-DIO-E-PRASSI.pdf\" type=\"application\/pdf\" style=\"width:100%;height:600px\" aria-label=\"Incorporamento di ACM-4-ACCOMP-PAROLA-DIO-E-PRASSI. g\u00f6m\u00fcs\u00fc.\"><\/object><a href=\"https:\/\/comunitamagnificat.org\/wp-content\/uploads\/2022\/01\/ACM-4-ACCOMP-PAROLA-DIO-E-PRASSI.pdf\">ACM-4-ACCOMP-WORD-GOD-AND-PRAXIS<\/a><a href=\"https:\/\/comunitamagnificat.org\/wp-content\/uploads\/2022\/01\/ACM-4-ACCOMP-PAROLA-DIO-E-PRASSI.pdf\" class=\"wp-block-file__button\" download=\"\">\u0130ndir<\/a><\/div>\n\n\n\n<div data-wp-interactive=\"core\/file\" class=\"wp-block-file\"><object data-wp-bind--hidden=\"!state.hasPdfPreview\" hidden class=\"wp-block-file__embed\" data=\"https:\/\/comunitamagnificat.org\/wp-content\/uploads\/2022\/01\/ACM-5-NOTA-PENITENZIERIA-FORO-INTERNO-19.pdf\" type=\"application\/pdf\" style=\"width:100%;height:600px\" aria-label=\"Incorporamento di ACM-5 NOTA PENITENZIERIA FORO INTERNO-19. g\u00f6m\u00fcs\u00fc.\"><\/object><a href=\"https:\/\/comunitamagnificat.org\/wp-content\/uploads\/2022\/01\/ACM-5-NOTA-PENITENZIERIA-FORO-INTERNO-19.pdf\">ACM-5 NOT CEZAEVI\u0307 I\u0307\u00c7 FORUMU-19<\/a><a href=\"https:\/\/comunitamagnificat.org\/wp-content\/uploads\/2022\/01\/ACM-5-NOTA-PENITENZIERIA-FORO-INTERNO-19.pdf\" class=\"wp-block-file__button\" download=\"\">\u0130ndir<\/a><\/div>\n\n\n\n<div data-wp-interactive=\"core\/file\" class=\"wp-block-file\"><object data-wp-bind--hidden=\"!state.hasPdfPreview\" hidden class=\"wp-block-file__embed\" data=\"https:\/\/comunitamagnificat.org\/wp-content\/uploads\/2022\/01\/ACM-6-ACCOMPAGNATORE.-PROFILO-E-FUNZIONE.pdf\" type=\"application\/pdf\" style=\"width:100%;height:600px\" aria-label=\"Incorporamento di ACM-6-ACCOMPAGNATORE.-PROFILO-E-FUNZIONE. g\u00f6m\u00fcs\u00fc.\"><\/object><a href=\"https:\/\/comunitamagnificat.org\/wp-content\/uploads\/2022\/01\/ACM-6-ACCOMPAGNATORE.-PROFILO-E-FUNZIONE.pdf\">ACM-6-ACCOMPANIER.-PROFILE-AND-FUNCTION<\/a><a href=\"https:\/\/comunitamagnificat.org\/wp-content\/uploads\/2022\/01\/ACM-6-ACCOMPAGNATORE.-PROFILO-E-FUNZIONE.pdf\" class=\"wp-block-file__button\" download=\"\">\u0130ndir<\/a><\/div>\n\n\n\n<div data-wp-interactive=\"core\/file\" class=\"wp-block-file\"><object data-wp-bind--hidden=\"!state.hasPdfPreview\" hidden class=\"wp-block-file__embed\" data=\"https:\/\/comunitamagnificat.org\/wp-content\/uploads\/2022\/01\/ACM-7-INTERVISTA-STRUMENTO-PRIVILEGIATO.pdf\" type=\"application\/pdf\" style=\"width:100%;height:600px\" aria-label=\"Incorporamento di ACM-7-INTERVISTA-STRUMENTO-PRIVILEGIATO. g\u00f6m\u00fcs\u00fc.\"><\/object><a href=\"https:\/\/comunitamagnificat.org\/wp-content\/uploads\/2022\/01\/ACM-7-INTERVISTA-STRUMENTO-PRIVILEGIATO.pdf\">ACM-7-INTERVIEW-PRIVILEGED-INSTRUMENT<\/a><a href=\"https:\/\/comunitamagnificat.org\/wp-content\/uploads\/2022\/01\/ACM-7-INTERVISTA-STRUMENTO-PRIVILEGIATO.pdf\" class=\"wp-block-file__button\" download=\"\">\u0130ndir<\/a><\/div>\n\n\n\n<div data-wp-interactive=\"core\/file\" class=\"wp-block-file\"><object data-wp-bind--hidden=\"!state.hasPdfPreview\" hidden class=\"wp-block-file__embed\" data=\"https:\/\/comunitamagnificat.org\/wp-content\/uploads\/2022\/01\/ACM-7-INTERVISTA-STRUMENTO-PRIVILEGIATO.pdf\" type=\"application\/pdf\" style=\"width:100%;height:600px\" aria-label=\"Incorporamento di ACM-7-INTERVISTA-STRUMENTO-PRIVILEGIATO. g\u00f6m\u00fcs\u00fc.\"><\/object><a href=\"https:\/\/comunitamagnificat.org\/wp-content\/uploads\/2022\/01\/ACM-7-INTERVISTA-STRUMENTO-PRIVILEGIATO.pdf\">ACM-7-INTERVIEW-PRIVILEGED-INSTRUMENT<\/a><a href=\"https:\/\/comunitamagnificat.org\/wp-content\/uploads\/2022\/01\/ACM-7-INTERVISTA-STRUMENTO-PRIVILEGIATO.pdf\" class=\"wp-block-file__button\" download=\"\">\u0130ndir<\/a><\/div>\n\n\n\n<div data-wp-interactive=\"core\/file\" class=\"wp-block-file\"><object data-wp-bind--hidden=\"!state.hasPdfPreview\" hidden class=\"wp-block-file__embed\" data=\"https:\/\/comunitamagnificat.org\/wp-content\/uploads\/2022\/01\/ACM-8-COM-MAGNIFICAT-LINEE-ACCOMP.pdf\" type=\"application\/pdf\" style=\"width:100%;height:600px\" aria-label=\"Incorporamento di ACM-8-COM-MAGNIFICAT-LINEE-ACCOMP. g\u00f6m\u00fcs\u00fc.\"><\/object><a href=\"https:\/\/comunitamagnificat.org\/wp-content\/uploads\/2022\/01\/ACM-8-COM-MAGNIFICAT-LINEE-ACCOMP.pdf\">ACM-8-COM-MAGNIFICAT-LINE-ACCOMP<\/a><a href=\"https:\/\/comunitamagnificat.org\/wp-content\/uploads\/2022\/01\/ACM-8-COM-MAGNIFICAT-LINEE-ACCOMP.pdf\" class=\"wp-block-file__button\" download=\"\">\u0130ndir<\/a><\/div>\n\n\n\n<div data-wp-interactive=\"core\/file\" class=\"wp-block-file\"><object data-wp-bind--hidden=\"!state.hasPdfPreview\" hidden class=\"wp-block-file__embed\" data=\"https:\/\/comunitamagnificat.org\/wp-content\/uploads\/2022\/01\/ACM-9-ACCOMPAGNARE-NELLE-CRISI.pdf\" type=\"application\/pdf\" style=\"width:100%;height:600px\" aria-label=\"Incorporamento di ACM-9-ACCOMPAGNARE-NELLE-CRISI. g\u00f6m\u00fcs\u00fc.\"><\/object><a href=\"https:\/\/comunitamagnificat.org\/wp-content\/uploads\/2022\/01\/ACM-9-ACCOMPAGNARE-NELLE-CRISI.pdf\">ACM-9-KRI\u0307ZDE \u015eI\u0307RKETLE\u015eME<\/a><a href=\"https:\/\/comunitamagnificat.org\/wp-content\/uploads\/2022\/01\/ACM-9-ACCOMPAGNARE-NELLE-CRISI.pdf\" class=\"wp-block-file__button\" download=\"\">\u0130ndir<\/a><\/div>\n\n\n\n<div data-wp-interactive=\"core\/file\" class=\"wp-block-file\"><object data-wp-bind--hidden=\"!state.hasPdfPreview\" hidden class=\"wp-block-file__embed\" data=\"https:\/\/comunitamagnificat.org\/wp-content\/uploads\/2022\/01\/ACM-9-ACCOMPAGNARE-NELLE-CRISI.pdf\" type=\"application\/pdf\" style=\"width:100%;height:600px\" aria-label=\"Incorporamento di ACM-9-ACCOMPAGNARE-NELLE-CRISI. g\u00f6m\u00fcs\u00fc.\"><\/object><a href=\"https:\/\/comunitamagnificat.org\/wp-content\/uploads\/2022\/01\/ACM-9-ACCOMPAGNARE-NELLE-CRISI.pdf\">ACM-9-KRI\u0307ZDE \u015eI\u0307RKETLE\u015eME<\/a><a href=\"https:\/\/comunitamagnificat.org\/wp-content\/uploads\/2022\/01\/ACM-9-ACCOMPAGNARE-NELLE-CRISI.pdf\" class=\"wp-block-file__button\" download=\"\">\u0130ndir<\/a><\/div>\n\n\n\n<div data-wp-interactive=\"core\/file\" class=\"wp-block-file\"><object data-wp-bind--hidden=\"!state.hasPdfPreview\" hidden class=\"wp-block-file__embed\" data=\"https:\/\/comunitamagnificat.org\/wp-content\/uploads\/2022\/01\/EVOLUZIONE-FORO-INTERNO-FABRIS.pdf\" type=\"application\/pdf\" style=\"width:100%;height:600px\" aria-label=\"Incorporamento di EVOLUZIONE-FORO-INTERNO-FABRIS. g\u00f6m\u00fcs\u00fc.\"><\/object><a href=\"https:\/\/comunitamagnificat.org\/wp-content\/uploads\/2022\/01\/EVOLUZIONE-FORO-INTERNO-FABRIS.pdf\">EVRIM-I\u00c7-FABRIS<\/a><a href=\"https:\/\/comunitamagnificat.org\/wp-content\/uploads\/2022\/01\/EVOLUZIONE-FORO-INTERNO-FABRIS.pdf\" class=\"wp-block-file__button\" download=\"\">\u0130ndir<\/a><\/div>\n\n\n\n<div data-wp-interactive=\"core\/file\" class=\"wp-block-file\"><object data-wp-bind--hidden=\"!state.hasPdfPreview\" hidden class=\"wp-block-file__embed\" data=\"https:\/\/comunitamagnificat.org\/wp-content\/uploads\/2022\/01\/PENITENZIERIA-FORO-INTERNO-NYKIEL-16.pdf\" type=\"application\/pdf\" style=\"width:100%;height:600px\" aria-label=\"Incorporamento di PENITENZIERIA-FORO-INTERNO-NYKIEL-16. g\u00f6m\u00fcs\u00fc.\"><\/object><a href=\"https:\/\/comunitamagnificat.org\/wp-content\/uploads\/2022\/01\/PENITENZIERIA-FORO-INTERNO-NYKIEL-16.pdf\">CEZAEVI-I\u00c7-NYKIEL-16<\/a><a href=\"https:\/\/comunitamagnificat.org\/wp-content\/uploads\/2022\/01\/PENITENZIERIA-FORO-INTERNO-NYKIEL-16.pdf\" class=\"wp-block-file__button\" download=\"\">\u0130ndir<\/a><\/div>\n<\/div>\n<\/div>\n\n<div style=\"height:50px\" aria-hidden=\"true\" class=\"wp-block-spacer\"><\/div>\n\n<div style=\"height:30px\" aria-hidden=\"true\" class=\"wp-block-spacer\"><\/div>\n","protected":false},"excerpt":{"rendered":"<p>3-5 Ocak 2022 tarihlerinde San Manno&#8217;da, Salesian Papal\u0131k \u00dcniversitesi Felsefe Fak\u00fcltesi \u00f6\u011fretim g\u00f6revlisi Salesian Don Luis Ros\u00f3n Galache, \u0130talya ve Romanya&#8217;dan gelen ve \u00e7o\u011fu refakat\u00e7i olan 200&#8217;den fazla m\u00fcttefik i\u00e7in \u00f6nemli bir e\u011fitim oturumu d\u00fczenledi. Be\u015f derse b\u00f6l\u00fcnen e\u011fitim, belirli konular\u0131n irdelendi\u011fi soru-cevap anlar\u0131 ile serpi\u015ftirildi. A\u015fa\u011f\u0131da Don Luis taraf\u0131ndan yap\u0131lan t\u00fcm konu\u015fmalar\u0131n videolar\u0131n\u0131 , [&hellip;]<\/p>\n","protected":false},"author":3,"featured_media":16500,"parent":0,"menu_order":0,"comment_status":"closed","ping_status":"closed","template":"","meta":{"om_disable_all_campaigns":false,"_monsterinsights_skip_tracking":false,"_monsterinsights_sitenote_active":false,"_monsterinsights_sitenote_note":"","_monsterinsights_sitenote_category":0,"_uf_show_specific_survey":0,"_uf_disable_surveys":false,"footnotes":""},"class_list":["post-19102","page","type-page","status-publish","has-post-thumbnail","hentry"],"aioseo_notices":[],"_links":{"self":[{"href":"https:\/\/comunitamagnificat.org\/tr\/wp-json\/wp\/v2\/pages\/19102","targetHints":{"allow":["GET"]}}],"collection":[{"href":"https:\/\/comunitamagnificat.org\/tr\/wp-json\/wp\/v2\/pages"}],"about":[{"href":"https:\/\/comunitamagnificat.org\/tr\/wp-json\/wp\/v2\/types\/page"}],"author":[{"embeddable":true,"href":"https:\/\/comunitamagnificat.org\/tr\/wp-json\/wp\/v2\/users\/3"}],"replies":[{"embeddable":true,"href":"https:\/\/comunitamagnificat.org\/tr\/wp-json\/wp\/v2\/comments?post=19102"}],"version-history":[{"count":1,"href":"https:\/\/comunitamagnificat.org\/tr\/wp-json\/wp\/v2\/pages\/19102\/revisions"}],"predecessor-version":[{"id":19104,"href":"https:\/\/comunitamagnificat.org\/tr\/wp-json\/wp\/v2\/pages\/19102\/revisions\/19104"}],"wp:featuredmedia":[{"embeddable":true,"href":"https:\/\/comunitamagnificat.org\/tr\/wp-json\/wp\/v2\/media\/16500"}],"wp:attachment":[{"href":"https:\/\/comunitamagnificat.org\/tr\/wp-json\/wp\/v2\/media?parent=19102"}],"curies":[{"name":"wp","href":"https:\/\/api.w.org\/{rel}","templated":true}]}}