{"id":19126,"date":"2024-08-22T18:36:55","date_gmt":"2024-08-22T16:36:55","guid":{"rendered":"https:\/\/comunitamagnificat.org\/kalbim-seninle\/"},"modified":"2024-08-22T18:39:09","modified_gmt":"2024-08-22T16:39:09","slug":"kalbim-seninle","status":"publish","type":"page","link":"https:\/\/comunitamagnificat.org\/tr\/yayinlar\/sarkilar\/kalbim-seninle\/","title":{"rendered":"Kalbim seninle"},"content":{"rendered":"\n<div style=\"height:30px\" aria-hidden=\"true\" class=\"wp-block-spacer\"><\/div>\n\n<div class=\"wp-block-columns is-layout-flex wp-container-core-columns-is-layout-9d6595d7 wp-block-columns-is-layout-flex\">\n<div class=\"wp-block-column is-layout-flow wp-block-column-is-layout-flow\">\n<div class=\"wp-block-columns is-layout-flex wp-container-core-columns-is-layout-9d6595d7 wp-block-columns-is-layout-flex\">\n<div class=\"wp-block-column is-layout-flow wp-block-column-is-layout-flow\"><\/div>\n\n\n\n<div class=\"wp-block-column is-layout-flow wp-block-column-is-layout-flow\">\n<figure class=\"wp-block-image size-large\"><picture data-lightbox=\"https:\/\/comunitamagnificat.org\/wp-content\/uploads\/2021\/04\/Copertina-4.jpg\"><source type='image\/jpeg' srcset='https:\/\/comunitamagnificat.org\/wp-content\/uploads\/2021\/04\/Copertina-4.jpg 1472w, https:\/\/comunitamagnificat.org\/wp-content\/uploads\/2021\/04\/Copertina-4-298x300.jpg 298w, https:\/\/comunitamagnificat.org\/wp-content\/uploads\/2021\/04\/Copertina-4-1017x1024.jpg 1017w, https:\/\/comunitamagnificat.org\/wp-content\/uploads\/2021\/04\/Copertina-4-150x150.jpg 150w, https:\/\/comunitamagnificat.org\/wp-content\/uploads\/2021\/04\/Copertina-4-768x773.jpg 768w' sizes='(max-width: 1472px) 100vw, 1472px' \/><img loading=\"lazy\" decoding=\"async\" width=\"1017\" height=\"1024\" src=\"https:\/\/comunitamagnificat.org\/wp-content\/uploads\/2021\/04\/Copertina-4-1017x1024.jpg\" alt=\"\" class=\"wp-image-8062\"\/><\/picture><\/figure>\n<\/div>\n\n\n\n<div class=\"wp-block-column is-layout-flow wp-block-column-is-layout-flow\"><\/div>\n<\/div>\n<\/div>\n<\/div>\n\n<div style=\"height:30px\" aria-hidden=\"true\" class=\"wp-block-spacer\"><\/div>\n\n<div class=\"wp-block-columns is-layout-flex wp-container-core-columns-is-layout-9d6595d7 wp-block-columns-is-layout-flex\">\n<div class=\"wp-block-column is-layout-flow wp-block-column-is-layout-flow\">\n<p>\u0130stanbullu gen\u00e7 bir k\u0131z karde\u015f olan Veronica Zeynep, H\u0131ristiyanl\u0131\u011fa ge\u00e7i\u015finin bir meyvesi olarak, 2012 y\u0131l\u0131nda, biri \u0130ngilizce olmak \u00fczere hepsi T\u00fcrk\u00e7e olan dokuz \u015fark\u0131s\u0131ndan olu\u015fan bu derlemeyi yay\u0131nlad\u0131: \n<strong>Kalbim seninle <\/strong>(\n<em>Kalbim seninle<\/em>); \n<strong>Ey Tanr\u0131m, l\u00fctfet bana<\/strong> (\n<em>Tanr\u0131m, bana merhamet et<\/em>); \n<strong>Gel Kutsal Ruh<\/strong> (\n<em>Gel Kutsal Ruh<\/em>); \n<strong>Kurtulu\u015fumsum sen<\/strong> (\n<em>Sen benim kurtulu\u015fumsun<\/em>); \n<strong>\u00d6vg\u00fcler Rabbe<\/strong> (\n<em>Tanr\u0131&#8217;ya \u015f\u00fck\u00fcrler<\/em> olsun); \n<strong>Kyrie eleison<\/strong>; \n<strong>Alleluia<\/strong>; \n<strong>Sadece \u0130sa Mesih<\/strong> (\n<em>Sadece \u0130sa Mesih<\/em>); \n<strong>Y\u00fcceli\u011fini g\u00f6ster ya Rab<\/strong> (         <em>G\u00f6rkemini g\u00f6ster Tanr\u0131m<\/em>)<\/p>\n\n\n\n<div style=\"height:30px\" aria-hidden=\"true\" class=\"wp-block-spacer\"><\/div>\n\n\n\n<p>CD&#8217;nin kayd\u0131nda yer ald\u0131lar:<\/p>\n\n\n\n<p><em>SESLER<\/em>: <em>Veronica Zeynep<\/em>, <em>Andrew Hochstedler<\/em><br\/><strong>ENSTR\u00dcMANLAR<\/strong>: Gitar: <em>Veronica Zeynep<\/em>.\nFl\u00fct: <em>Andrew Hochstedler<\/em>.\nOrg: <em>Fransua Burhan<\/em>  <\/p>\n<\/div>\n<\/div>\n\n<div style=\"height:30px\" aria-hidden=\"true\" class=\"wp-block-spacer\"><\/div>\n\n<div class=\"wp-block-columns is-layout-flex wp-container-core-columns-is-layout-9d6595d7 wp-block-columns-is-layout-flex\">\n<div class=\"wp-block-column is-layout-flow wp-block-column-is-layout-flow\">\n<div class=\"wp-block-columns is-layout-flex wp-container-core-columns-is-layout-9d6595d7 wp-block-columns-is-layout-flex\">\n<div class=\"wp-block-column is-layout-flow wp-block-column-is-layout-flow\" style=\"flex-basis:100%\">\n<p>\u0130\u015fte 9 par\u00e7an\u0131n mp3&#8217;leri:<\/p>\n<\/div>\n<\/div>\n\n\n\n<div class=\"wp-block-columns is-layout-flex wp-container-core-columns-is-layout-9d6595d7 wp-block-columns-is-layout-flex\">\n<div class=\"wp-block-column is-layout-flow wp-block-column-is-layout-flow\">\n<figure class=\"wp-block-audio\"><audio controls=\"\" src=\"https:\/\/comunitamagnificat.org\/wp-content\/uploads\/2021\/04\/01-Veronica-Zeynep-Kalbim-Seninle.mp3\"><\/audio><figcaption><em>Kalbim seninle <\/em><em>(Kalbim<\/em><em>seninle <\/em>)<\/figcaption><\/figure>\n\n\n\n<figure class=\"wp-block-audio\"><audio controls=\"\" src=\"https:\/\/comunitamagnificat.org\/wp-content\/uploads\/2021\/04\/02-Veronica-Zeynep-Ey-tanrim-lutfet-bana.mp3\"><\/audio><figcaption><em>Ey Tanr\u0131m, l\u00fctfet bana <\/em><em>(Rabbim<\/em><em>, bana <\/em><em>merhamet et<\/em>)<\/figcaption><\/figure>\n\n\n\n<figure class=\"wp-block-audio\"><audio controls=\"\" src=\"https:\/\/comunitamagnificat.org\/wp-content\/uploads\/2021\/04\/03-Veronica-Zeynep-Gel-Kutsal-Ruh.mp3\"><\/audio><figcaption><em>Gel Kutsal Ruh (Come Holy Spirit)<\/em><\/figcaption><\/figure>\n\n\n\n<figure class=\"wp-block-audio\"><audio controls=\"\" src=\"https:\/\/comunitamagnificat.org\/wp-content\/uploads\/2021\/04\/04-Veronica-Zeynep-Kurtulusumsun-sen.mp3\"><\/audio><figcaption><em>Kurtulu\u015fumsum sen (Sen benim kurtulu\u015fumsun)<\/em><\/figcaption><\/figure>\n\n\n\n<figure class=\"wp-block-audio\"><audio controls=\"\" src=\"https:\/\/comunitamagnificat.org\/wp-content\/uploads\/2021\/04\/05-Veronica-Zeynep-Ovguler-Rabbe.mp3\"><\/audio><figcaption><em>\u00d6vg\u00fcler Rabbe (Tanr\u0131ya \u015e\u00fck\u00fcrler Olsun)<\/em><\/figcaption><\/figure>\n\n\n\n<figure class=\"wp-block-audio\"><audio controls=\"\" src=\"https:\/\/comunitamagnificat.org\/wp-content\/uploads\/2021\/04\/06-Veronica-Zeynep-Kyrie-eleison.mp3\"><\/audio><figcaption><em>Kyrie eleison<\/em><\/figcaption><\/figure>\n\n\n\n<figure class=\"wp-block-audio\"><audio controls=\"\" src=\"https:\/\/comunitamagnificat.org\/wp-content\/uploads\/2021\/04\/07-Veronica-Zeynep-Alleluia.mp3\"><\/audio><figcaption><em>Hallelujah<\/em><\/figcaption><\/figure>\n\n\n\n<figure class=\"wp-block-audio\"><audio controls=\"\" src=\"https:\/\/comunitamagnificat.org\/wp-content\/uploads\/2021\/04\/08-Veronica-Zeynep-Only-Jesus-Christ.mp3\"><\/audio><figcaption><em>Sadece \u0130sa Mesih<\/em><\/figcaption><\/figure>\n\n\n\n<figure class=\"wp-block-audio\"><audio controls=\"\" src=\"https:\/\/comunitamagnificat.org\/wp-content\/uploads\/2021\/04\/09-Veronica-Zeynep-Yuceligini-goster-ya-Rab.mp3\"><\/audio><figcaption><em>Y\u00fcceli\u011fini g\u00f6ster ya Rab (Y\u00fcceli\u011fini g\u00f6ster ya Rab)<\/em><\/figcaption><\/figure>\n\n\n\n<div style=\"height:30px\" aria-hidden=\"true\" class=\"wp-block-spacer\"><\/div>\n\n\n\n<div class=\"wp-block-columns is-layout-flex wp-container-core-columns-is-layout-9d6595d7 wp-block-columns-is-layout-flex\">\n<div class=\"wp-block-column is-layout-flow wp-block-column-is-layout-flow\">\n<p>Bunlar bu koleksiyondaki \u015fark\u0131lar\u0131n metinleri ve akorlar\u0131d\u0131r:<\/p>\n<\/div>\n<\/div>\n\n\n\n<div class=\"wp-block-columns is-layout-flex wp-container-core-columns-is-layout-9d6595d7 wp-block-columns-is-layout-flex\">\n<div class=\"wp-block-column is-layout-flow wp-block-column-is-layout-flow\">\n<div class=\"wp-block-file\"><a href=\"https:\/\/comunitamagnificat.org\/wp-content\/uploads\/2021\/04\/KALBIM-SENINLE-Testi-e-accordi.pdf\">KALB\u0130M SEN\u0130NLE &#8211; \u015eark\u0131 S\u00f6zleri ve Akorlar<\/a><a href=\"https:\/\/comunitamagnificat.org\/wp-content\/uploads\/2021\/04\/KALBIM-SENINLE-Testi-e-accordi.pdf\" class=\"wp-block-file__button\" download=\"\">\u0130ndir<\/a><\/div>\n\n\n\n<p><\/p>\n<\/div>\n<\/div>\n\n\n\n<div style=\"height:30px\" aria-hidden=\"true\" class=\"wp-block-spacer\"><\/div>\n\n\n\n<p>\u0130\u015fte bu koleksiyondaki bir \u015fark\u0131dan al\u0131nm\u0131\u015f bir video<\/p>\n\n\n\n<div class=\"wp-block-columns is-layout-flex wp-container-core-columns-is-layout-9d6595d7 wp-block-columns-is-layout-flex\">\n<div class=\"wp-block-column is-layout-flow wp-block-column-is-layout-flow\">\n<figure class=\"wp-block-embed is-type-video is-provider-youtube wp-block-embed-youtube wp-embed-aspect-16-9 wp-has-aspect-ratio\"><div class=\"wp-block-embed__wrapper\"> \n<iframe loading=\"lazy\" title=\"Gel Kutsal Ruh\" width=\"500\" height=\"281\" src=\"https:\/\/www.youtube.com\/embed\/3RKSkMzD_qk?list=PLLnp9XgmlaS_rDD7LhN_CBwm-8dcQT3mF\" frameborder=\"0\" allow=\"accelerometer; autoplay; clipboard-write; encrypted-media; gyroscope; picture-in-picture; web-share\" referrerpolicy=\"strict-origin-when-cross-origin\" allowfullscreen><\/iframe>\n <\/div><\/figure>\n<\/div>\n<\/div>\n<\/div>\n\n\n\n<div class=\"wp-block-column is-layout-flow wp-block-column-is-layout-flow\"><\/div>\n<\/div>\n<\/div>\n<\/div>\n","protected":false},"excerpt":{"rendered":"<p>\u0130stanbullu gen\u00e7 bir k\u0131z karde\u015f olan Veronica Zeynep, H\u0131ristiyanl\u0131\u011fa ge\u00e7i\u015finin bir meyvesi olarak, 2012 y\u0131l\u0131nda, biri \u0130ngilizce olmak \u00fczere hepsi T\u00fcrk\u00e7e olan dokuz \u015fark\u0131s\u0131ndan olu\u015fan bu derlemeyi yay\u0131nlad\u0131: Kalbim seninle ( Kalbim seninle); Ey Tanr\u0131m, l\u00fctfet bana ( Tanr\u0131m, bana merhamet et); Gel Kutsal Ruh ( Gel Kutsal Ruh); Kurtulu\u015fumsum sen ( Sen benim kurtulu\u015fumsun); [&hellip;]<\/p>\n","protected":false},"author":3,"featured_media":16056,"parent":19168,"menu_order":0,"comment_status":"closed","ping_status":"closed","template":"","meta":{"om_disable_all_campaigns":false,"_monsterinsights_skip_tracking":false,"_monsterinsights_sitenote_active":false,"_monsterinsights_sitenote_note":"","_monsterinsights_sitenote_category":0,"_uf_show_specific_survey":0,"_uf_disable_surveys":false,"footnotes":""},"class_list":["post-19126","page","type-page","status-publish","has-post-thumbnail","hentry"],"aioseo_notices":[],"_links":{"self":[{"href":"https:\/\/comunitamagnificat.org\/tr\/wp-json\/wp\/v2\/pages\/19126","targetHints":{"allow":["GET"]}}],"collection":[{"href":"https:\/\/comunitamagnificat.org\/tr\/wp-json\/wp\/v2\/pages"}],"about":[{"href":"https:\/\/comunitamagnificat.org\/tr\/wp-json\/wp\/v2\/types\/page"}],"author":[{"embeddable":true,"href":"https:\/\/comunitamagnificat.org\/tr\/wp-json\/wp\/v2\/users\/3"}],"replies":[{"embeddable":true,"href":"https:\/\/comunitamagnificat.org\/tr\/wp-json\/wp\/v2\/comments?post=19126"}],"version-history":[{"count":1,"href":"https:\/\/comunitamagnificat.org\/tr\/wp-json\/wp\/v2\/pages\/19126\/revisions"}],"predecessor-version":[{"id":19128,"href":"https:\/\/comunitamagnificat.org\/tr\/wp-json\/wp\/v2\/pages\/19126\/revisions\/19128"}],"up":[{"embeddable":true,"href":"https:\/\/comunitamagnificat.org\/tr\/wp-json\/wp\/v2\/pages\/19168"}],"wp:featuredmedia":[{"embeddable":true,"href":"https:\/\/comunitamagnificat.org\/tr\/wp-json\/wp\/v2\/media\/16056"}],"wp:attachment":[{"href":"https:\/\/comunitamagnificat.org\/tr\/wp-json\/wp\/v2\/media?parent=19126"}],"curies":[{"name":"wp","href":"https:\/\/api.w.org\/{rel}","templated":true}]}}