{"id":19130,"date":"2024-08-22T18:37:07","date_gmt":"2024-08-22T16:37:07","guid":{"rendered":"https:\/\/comunitamagnificat.org\/tanrinin-ruyasi\/"},"modified":"2024-08-22T18:39:09","modified_gmt":"2024-08-22T16:39:09","slug":"tanrinin-ruyasi","status":"publish","type":"page","link":"https:\/\/comunitamagnificat.org\/tr\/yayinlar\/sarkilar\/tanrinin-ruyasi\/","title":{"rendered":"Tanr\u0131&#8217;n\u0131n R\u00fcyas\u0131"},"content":{"rendered":"\n<div class=\"wp-block-columns is-layout-flex wp-container-core-columns-is-layout-9d6595d7 wp-block-columns-is-layout-flex\">\n<div class=\"wp-block-column is-layout-flow wp-block-column-is-layout-flow\">\n<div style=\"height:30px\" aria-hidden=\"true\" class=\"wp-block-spacer\"><\/div>\n\n\n\n<div class=\"wp-block-columns is-layout-flex wp-container-core-columns-is-layout-9d6595d7 wp-block-columns-is-layout-flex\">\n<div class=\"wp-block-column is-layout-flow wp-block-column-is-layout-flow\"><\/div>\n\n\n\n<div class=\"wp-block-column is-layout-flow wp-block-column-is-layout-flow\">\n<figure class=\"wp-block-image size-large\"><picture data-lightbox=\"https:\/\/comunitamagnificat.org\/wp-content\/uploads\/2021\/04\/Copertina-3.jpg\"><source type='image\/jpeg' srcset='https:\/\/comunitamagnificat.org\/wp-content\/uploads\/2021\/04\/Copertina-3.jpg 1624w, https:\/\/comunitamagnificat.org\/wp-content\/uploads\/2021\/04\/Copertina-3-300x270.jpg 300w, https:\/\/comunitamagnificat.org\/wp-content\/uploads\/2021\/04\/Copertina-3-1024x921.jpg 1024w, https:\/\/comunitamagnificat.org\/wp-content\/uploads\/2021\/04\/Copertina-3-768x690.jpg 768w, https:\/\/comunitamagnificat.org\/wp-content\/uploads\/2021\/04\/Copertina-3-1536x1381.jpg 1536w' sizes='(max-width: 1624px) 100vw, 1624px' \/><img loading=\"lazy\" decoding=\"async\" width=\"1024\" height=\"921\" src=\"https:\/\/comunitamagnificat.org\/wp-content\/uploads\/2021\/04\/Copertina-3-1024x921.jpg\" alt=\"\" class=\"wp-image-8032\"\/><\/picture><\/figure>\n<\/div>\n\n\n\n<div class=\"wp-block-column is-layout-flow wp-block-column-is-layout-flow\"><\/div>\n<\/div>\n\n\n\n<div style=\"height:30px\" aria-hidden=\"true\" class=\"wp-block-spacer\"><\/div>\n\n\n\n<p>Cemaatin 40. do\u011fum g\u00fcn\u00fc vesilesiyle, iki y\u0131l \u00f6nce \u00f6len Tarcisio Mezzetti&#8217;nin \u00fcnl\u00fc ilmihaline <a href=\"https:\/\/comunitamagnificat.org\/sognare-il-sogno-di-dio\/\" data-type=\"page\" data-id=\"572\">at\u0131fta<\/a> bulunan &#8216;Tanr\u0131&#8217;n\u0131n R\u00fcyas\u0131&#8217; ba\u015fl\u0131kl\u0131 bir koleksiyon sunuldu.<\/p>\n\n\n\n<div style=\"height:30px\" aria-hidden=\"true\" class=\"wp-block-spacer\"><\/div>\n\n\n\n<p>Koleksiyonda on biri Topluluk \u00fcyesi yazarlara ait olmak \u00fczere on \u00fc\u00e7 \u015fark\u0131 ve iki \u0130ngilizce \u015fark\u0131 \u00e7evirisi bulunmaktad\u0131r.\nBunlar \u015fark\u0131 isimleri ve yazarlar\u0131d\u0131r: \n<strong>Te\u015fekk\u00fcr<\/strong> Ederim (\n<em>Moen Donald, Baloche Paul<\/em>; \u00e7eviri ve uyarlama \n<em>Gloria Roscini<\/em>); \n<strong>Tanr\u0131&#8217;n\u0131n R\u00fcyas\u0131<\/strong> (\n<em>Giada Tullio<\/em>); \n<strong>Tanr\u0131&#8217;ya \u015f\u00fck\u00fcrler olsun<\/strong> (\n<em>Valter Ferrero<\/em>); \n<strong>Krallar\u0131n Kral\u0131 ve Lordlar\u0131n Efendisi<\/strong> (\n<em>Daniela Saetta<\/em>); \n<strong>Hepsi senin i\u00e7in<\/strong> (\n<em>Federico Luisi<\/em>); \n<strong>Tarladaki Zambak<\/strong> (\n<em><em>Valter Ferrero<\/em><\/em>); \n<strong>Sei venuto a salvarmi<\/strong> (         <em>S. Marty<\/em>, \n<em>D. Joel<\/em>, \n<em>T. Dylan<\/em>; \u00e7eviri ve uyarlama \n<em>Francesca Ragnacci<\/em> ve \n<em>Gloria Roscini<\/em>); \n<strong>Kad\u0131n ve Ejderha <\/strong>(\n<em><em>Daniela Saetta<\/em><\/em>); \n<strong>G\u00f6ksel Kud\u00fcs<\/strong> (\n<em>Giada Tullio<\/em>); \n<strong>Onun kalbiyle konu\u015faca\u011f\u0131m<\/strong> (\n<em><em>Elena Yarrow<\/em><\/em>); \n<strong>Davet Mezmuru<\/strong> (        <em>Gioele Pontani<\/em>); <strong>Kutsal Ruh Geliyor<\/strong> (<em><em>Gloria Roscini<\/em><\/em>); <strong>Cennetin Krali\u00e7esi<\/strong><em>(Monica Bevilacqua<\/em>).<\/p>\n\n\n\n<div style=\"height:30px\" aria-hidden=\"true\" class=\"wp-block-spacer\"><\/div>\n\n\n\n<div class=\"wp-block-columns is-layout-flex wp-container-core-columns-is-layout-9d6595d7 wp-block-columns-is-layout-flex\">\n<div class=\"wp-block-column is-layout-flow wp-block-column-is-layout-flow\">\n<p><em>Michele Rossetti<\/em>&#8216;nin sanat y\u00f6netmenli\u011finde, \u015fark\u0131lar sanat\u00e7\u0131lar taraf\u0131ndan seslendirildi:<\/p>\n\n\n\n<p><strong>\u00c7OCUK VE ERKEK SESLER\u0130:<\/strong> <em>Vittoria<\/em> <em>Morozzi, Tommaso Morozzi<\/em>, <em>Anna Trubbianelli<\/em><br\/><strong>SESLER<\/strong>: \n<em>Alessandro Luigi Appella<\/em>, \n<em>Valentina Bettelli<\/em>, \n<em>Monica Bevilacqua<\/em>, \n<em>Lucio Caseti<\/em>, \n<em>Maria Rosaria Ciccarelli<\/em>, \n<em>Valter Ferrero<\/em>, \n<em>Guglielmo Fumi<\/em>, \n<em>Luca Mondanelli<\/em>, \n<em>Nicola Natalizi<\/em>, \n<em>Francesco Palazzetti<\/em>, \n<em>Andrea Pesare<\/em>, \n<em>Sarah Piccioni<\/em>, \n<em>Gioele Pontani<\/em>, \n<em>Francesca Ragnacci<\/em>,                <em>Daniela Saetta<\/em>, \n<em>Sr Gloria Betel<\/em>, \n<em>Simone Vignini<\/em>, \n<em>Simona Villani<\/em>, \n<em>Gabriele Viola<\/em>,      <em>Anna Chiara Volpi<\/em><br\/><strong>ENSTR\u00dcMANLAR<\/strong>: Keman: <em>Paolo Castellani<\/em>.\nGitar: <em>Valter Ferrero<\/em>.\nPiyano: <em>Michele Rossetti<\/em>  <br\/><strong>ARANJMANLAR VE VOKAL YAZIM<\/strong>: <em>Alberto Brizzi<\/em><\/p>\n\n\n\n<div style=\"height:30px\" aria-hidden=\"true\" class=\"wp-block-spacer\"><\/div>\n\n\n\n<div class=\"wp-block-columns is-layout-flex wp-container-core-columns-is-layout-9d6595d7 wp-block-columns-is-layout-flex\">\n<div class=\"wp-block-column is-layout-flow wp-block-column-is-layout-flow\" style=\"flex-basis:100%\">\n<p>Bunlar \u015fark\u0131lar\u0131n mp3&#8217;leri:<\/p>\n<\/div>\n<\/div>\n\n\n\n<div style=\"height:30px\" aria-hidden=\"true\" class=\"wp-block-spacer\"><\/div>\n\n\n\n<div class=\"wp-block-columns is-layout-flex wp-container-core-columns-is-layout-9d6595d7 wp-block-columns-is-layout-flex\">\n<div class=\"wp-block-column is-layout-flow wp-block-column-is-layout-flow\">\n<figure class=\"wp-block-audio\"><audio controls=\"\" src=\"https:\/\/comunitamagnificat.org\/wp-content\/uploads\/2021\/04\/01-Traccia-1.mp3\"><\/audio><figcaption><em>Senin sayende<\/em><\/figcaption><\/figure>\n\n\n\n<figure class=\"wp-block-audio\"><audio controls=\"\" src=\"https:\/\/comunitamagnificat.org\/wp-content\/uploads\/2021\/04\/02-Traccia-2.mp3\"><\/audio><figcaption><em>Tanr\u0131&#8217;n\u0131n r\u00fcyas\u0131<\/em><\/figcaption><\/figure>\n\n\n\n<figure class=\"wp-block-audio\"><audio controls=\"\" src=\"https:\/\/comunitamagnificat.org\/wp-content\/uploads\/2021\/04\/03-Traccia-3.mp3\"><\/audio><figcaption><em>Tanr\u0131&#8217;ya \u015f\u00fck\u00fcrler olsun<\/em><\/figcaption><\/figure>\n\n\n\n<figure class=\"wp-block-audio\"><audio controls=\"\" src=\"https:\/\/comunitamagnificat.org\/wp-content\/uploads\/2021\/04\/04-Traccia-4.mp3\"><\/audio><figcaption><em>Krallar\u0131n kral\u0131 ve lordlar\u0131n lordu<\/em><\/figcaption><\/figure>\n\n\n\n<figure class=\"wp-block-audio\"><audio controls=\"\" src=\"https:\/\/comunitamagnificat.org\/wp-content\/uploads\/2021\/04\/05-Traccia-5.mp3\"><\/audio><figcaption><em>Her \u015fey senin i\u00e7in<\/em><\/figcaption><\/figure>\n\n\n\n<figure class=\"wp-block-audio\"><audio controls=\"\" src=\"https:\/\/comunitamagnificat.org\/wp-content\/uploads\/2021\/04\/06-Traccia-6.mp3\"><\/audio><figcaption><em>Tarlan\u0131n zamba\u011f\u0131<\/em><\/figcaption><\/figure>\n\n\n\n<figure class=\"wp-block-audio\"><audio controls=\"\" src=\"https:\/\/comunitamagnificat.org\/wp-content\/uploads\/2021\/04\/07-Traccia-7.mp3\"><\/audio><figcaption><em>Beni kurtarmaya geldin<\/em><\/figcaption><\/figure>\n\n\n\n<figure class=\"wp-block-audio\"><audio controls=\"\" src=\"https:\/\/comunitamagnificat.org\/wp-content\/uploads\/2021\/04\/08-Traccia-8.mp3\"><\/audio><figcaption><em>Kad\u0131n ve ejderha<\/em><\/figcaption><\/figure>\n\n\n\n<figure class=\"wp-block-audio\"><audio controls=\"\" src=\"https:\/\/comunitamagnificat.org\/wp-content\/uploads\/2021\/04\/09-Traccia-9.mp3\"><\/audio><figcaption><em>G\u00f6ksel Kud\u00fcs<\/em><\/figcaption><\/figure>\n\n\n\n<figure class=\"wp-block-audio\"><audio controls=\"\" src=\"https:\/\/comunitamagnificat.org\/wp-content\/uploads\/2021\/04\/10-Traccia-10.mp3\"><\/audio><figcaption><em>Onun kalbiyle konu\u015faca\u011f\u0131m.<\/em><\/figcaption><\/figure>\n\n\n\n<figure class=\"wp-block-audio\"><audio controls=\"\" src=\"https:\/\/comunitamagnificat.org\/wp-content\/uploads\/2021\/04\/11-Traccia-11.mp3\"><\/audio><figcaption><em>Davet Edici Mezmur<\/em><\/figcaption><\/figure>\n\n\n\n<figure class=\"wp-block-audio\"><audio controls=\"\" src=\"https:\/\/comunitamagnificat.org\/wp-content\/uploads\/2021\/04\/12-Traccia-12.mp3\"><\/audio><figcaption><em>Kutsal Ruh gelsin<\/em><\/figcaption><\/figure>\n\n\n\n<figure class=\"wp-block-audio\"><audio controls=\"\" src=\"https:\/\/comunitamagnificat.org\/wp-content\/uploads\/2021\/04\/13-Traccia-13.mp3\"><\/audio><figcaption><em>Cennetin Krali\u00e7esi<\/em><\/figcaption><\/figure>\n\n\n\n<figure class=\"wp-block-audio\"><audio controls=\"\" src=\"https:\/\/comunitamagnificat.org\/wp-content\/uploads\/2021\/04\/14-Traccia-14.mp3\"><\/audio><figcaption><em>Te\u015fekk\u00fcrler &#8211; tekrar<\/em><\/figcaption><\/figure>\n<\/div>\n\n\n\n<div class=\"wp-block-column is-layout-flow wp-block-column-is-layout-flow\"><\/div>\n<\/div>\n\n\n\n<div style=\"height:50px\" aria-hidden=\"true\" class=\"wp-block-spacer\"><\/div>\n<\/div>\n<\/div>\n\n\n\n<div style=\"height:30px\" aria-hidden=\"true\" class=\"wp-block-spacer\"><\/div>\n\n\n\n<p><\/p>\n<\/div>\n<\/div>\n","protected":false},"excerpt":{"rendered":"<p>Cemaatin 40. do\u011fum g\u00fcn\u00fc vesilesiyle, iki y\u0131l \u00f6nce \u00f6len Tarcisio Mezzetti&#8217;nin \u00fcnl\u00fc ilmihaline at\u0131fta bulunan &#8216;Tanr\u0131&#8217;n\u0131n R\u00fcyas\u0131&#8217; ba\u015fl\u0131kl\u0131 bir koleksiyon sunuldu. Koleksiyonda on biri Topluluk \u00fcyesi yazarlara ait olmak \u00fczere on \u00fc\u00e7 \u015fark\u0131 ve iki \u0130ngilizce \u015fark\u0131 \u00e7evirisi bulunmaktad\u0131r. Bunlar \u015fark\u0131 isimleri ve yazarlar\u0131d\u0131r: Te\u015fekk\u00fcr Ederim ( Moen Donald, Baloche Paul; \u00e7eviri ve uyarlama Gloria [&hellip;]<\/p>\n","protected":false},"author":3,"featured_media":15992,"parent":19168,"menu_order":0,"comment_status":"closed","ping_status":"closed","template":"","meta":{"om_disable_all_campaigns":false,"_monsterinsights_skip_tracking":false,"_monsterinsights_sitenote_active":false,"_monsterinsights_sitenote_note":"","_monsterinsights_sitenote_category":0,"_uf_show_specific_survey":0,"_uf_disable_surveys":false,"footnotes":""},"class_list":["post-19130","page","type-page","status-publish","has-post-thumbnail","hentry"],"aioseo_notices":[],"_links":{"self":[{"href":"https:\/\/comunitamagnificat.org\/tr\/wp-json\/wp\/v2\/pages\/19130","targetHints":{"allow":["GET"]}}],"collection":[{"href":"https:\/\/comunitamagnificat.org\/tr\/wp-json\/wp\/v2\/pages"}],"about":[{"href":"https:\/\/comunitamagnificat.org\/tr\/wp-json\/wp\/v2\/types\/page"}],"author":[{"embeddable":true,"href":"https:\/\/comunitamagnificat.org\/tr\/wp-json\/wp\/v2\/users\/3"}],"replies":[{"embeddable":true,"href":"https:\/\/comunitamagnificat.org\/tr\/wp-json\/wp\/v2\/comments?post=19130"}],"version-history":[{"count":1,"href":"https:\/\/comunitamagnificat.org\/tr\/wp-json\/wp\/v2\/pages\/19130\/revisions"}],"predecessor-version":[{"id":19131,"href":"https:\/\/comunitamagnificat.org\/tr\/wp-json\/wp\/v2\/pages\/19130\/revisions\/19131"}],"up":[{"embeddable":true,"href":"https:\/\/comunitamagnificat.org\/tr\/wp-json\/wp\/v2\/pages\/19168"}],"wp:featuredmedia":[{"embeddable":true,"href":"https:\/\/comunitamagnificat.org\/tr\/wp-json\/wp\/v2\/media\/15992"}],"wp:attachment":[{"href":"https:\/\/comunitamagnificat.org\/tr\/wp-json\/wp\/v2\/media?parent=19130"}],"curies":[{"name":"wp","href":"https:\/\/api.w.org\/{rel}","templated":true}]}}