{"id":19139,"date":"2024-08-22T18:37:38","date_gmt":"2024-08-22T16:37:38","guid":{"rendered":"https:\/\/comunitamagnificat.org\/sozun-beni-buyuluyor\/"},"modified":"2025-09-10T18:19:12","modified_gmt":"2025-09-10T16:19:12","slug":"sozun-beni-buyuluyor","status":"publish","type":"page","link":"https:\/\/comunitamagnificat.org\/tr\/yayinlar\/sarkilar\/sozun-beni-buyuluyor\/","title":{"rendered":"S\u00f6z\u00fcn beni b\u00fcy\u00fcl\u00fcyor"},"content":{"rendered":"\n<div class=\"wp-block-columns is-layout-flex wp-container-core-columns-is-layout-9d6595d7 wp-block-columns-is-layout-flex\">\n<div class=\"wp-block-column is-layout-flow wp-block-column-is-layout-flow\">\n<div style=\"height:30px\" aria-hidden=\"true\" class=\"wp-block-spacer\"><\/div>\n\n\n\n<div class=\"wp-block-columns is-layout-flex wp-container-core-columns-is-layout-9d6595d7 wp-block-columns-is-layout-flex\">\n<div class=\"wp-block-column is-layout-flow wp-block-column-is-layout-flow\"><\/div>\n\n\n\n<div class=\"wp-block-column is-layout-flow wp-block-column-is-layout-flow\">\n<figure class=\"wp-block-image size-large\"><picture data-lightbox=\"https:\/\/comunitamagnificat.org\/wp-content\/uploads\/2025\/09\/Copertina.jpg\"><source type='image\/jpeg' srcset='https:\/\/comunitamagnificat.org\/wp-content\/uploads\/2025\/09\/Copertina.jpg 1652w, https:\/\/comunitamagnificat.org\/wp-content\/uploads\/2025\/09\/Copertina-300x267.jpg 300w, https:\/\/comunitamagnificat.org\/wp-content\/uploads\/2025\/09\/Copertina-1024x910.jpg 1024w, https:\/\/comunitamagnificat.org\/wp-content\/uploads\/2025\/09\/Copertina-768x682.jpg 768w, https:\/\/comunitamagnificat.org\/wp-content\/uploads\/2025\/09\/Copertina-1536x1365.jpg 1536w' sizes='(max-width: 1652px) 100vw, 1652px' \/><img loading=\"lazy\" decoding=\"async\" width=\"1024\" height=\"910\" src=\"https:\/\/comunitamagnificat.org\/wp-content\/uploads\/2025\/09\/Copertina-1024x910.jpg\" alt=\"\" class=\"wp-image-24921\"\/><\/picture><\/figure>\n<\/div>\n\n\n\n<div class=\"wp-block-column is-layout-flow wp-block-column-is-layout-flow\"><\/div>\n<\/div>\n\n\n\n<div style=\"height:30px\" aria-hidden=\"true\" class=\"wp-block-spacer\"><\/div>\n\n\n\n<p>Bu \u015fark\u0131 koleksiyonu, Toplulu\u011fun kurulu\u015funun 30. y\u0131ld\u00f6n\u00fcm\u00fc m\u00fcnasebetiyle derlenmi\u015f ve Ocak 2008&#8217;deki Genel Kongre&#8217;de sunulmu\u015ftur.<\/p>\n\n\n\n<div style=\"height:30px\" aria-hidden=\"true\" class=\"wp-block-spacer\"><\/div>\n\n\n\n<p>Alt\u0131 farkl\u0131 yazara ait 16 \u015fark\u0131dan olu\u015fuyor ve hepsi bir \u015fekilde Tanr\u0131 S\u00f6z\u00fc temas\u0131yla ba\u011flant\u0131l\u0131.<\/p>\n\n\n\n<div style=\"height:30px\" aria-hidden=\"true\" class=\"wp-block-spacer\"><\/div>\n\n\n\n<p>A\u015fa\u011f\u0131da hepsi Topluluk \u00fcyesi olan \u015fark\u0131lar\u0131n ve yazarlar\u0131n\u0131n bir listesi bulunmaktad\u0131r: <strong>Vieni tu solo<\/strong> ( <em>don Livio Tacchini<\/em>); <strong>Eccomi <\/strong>( <em>Daniela Saetta<\/em>); <strong>Il mio diletto <\/strong>( <em>Valentina Bettelli<\/em>); <strong>Canto di vittoria <\/strong>( <em>Maria Rita Castellani<\/em>); <strong>Io sono tranquillo e sereno <\/strong>( <em>Daniela Saetta<\/em>); <strong>Buon Ges\u00f9<\/strong> ( <em><em>Don Livio Tacchini<\/em><\/em>); <strong>In the room of my soul <\/strong>( <em>Elena Yarrow<\/em>);         <strong>\u0130sa sadece sen <\/strong>( <em><em>Daniela Saetta<\/em><\/em>); <strong>Li illuminer\u00e0 <\/strong>( <em>Daniela Saetta<\/em>); <strong>Trisaghion <\/strong>( <em><em>Don Livio Tacchini<\/em><\/em>); <strong>Ben sana aidim <\/strong>( <em>Lucio Pio Molinaro<\/em>); <strong>E\u011fer halk\u0131m<\/strong> ( <em><em>Daniela Saetta<\/em><\/em>); <strong>Baba&#8217;n\u0131n Ruhu<\/strong> ( <em>Valentina Bettelli<\/em>);       <strong>Hay\u0131rseverlik<\/strong> <em>(Maria Rita Castellani<\/em>); <strong>Bana olan sevgisi<\/strong><em>(Don Livio Tacchini<\/em>); <strong>Bizim i\u00e7in ta\u015f\u0131 kim yuvarlayacak? <\/strong><em>(Daniela Saetta<\/em>).<\/p>\n\n\n\n<div style=\"height:30px\" aria-hidden=\"true\" class=\"wp-block-spacer\"><\/div>\n\n\n\n<p><em>Michele Rossetti<\/em>&#8216;nin sanat y\u00f6netmenli\u011finde, \u015fark\u0131lar sanat\u00e7\u0131lar taraf\u0131ndan seslendirildi:<\/p>\n\n\n\n<p><strong>SOL\u0130SON SESLER<\/strong>: <em>Valentina Bettelli<\/em>, <em>Alberto Carlini<\/em>, <em>Gianluca Franchi<\/em>, <em>Guglielmo Fumi<\/em>, <em>Francesca<\/em> <em>Roscini, Gloria Roscini<\/em>, <em>Daniela Saetta<\/em>, <em>Brunella<\/em> <em>Tacchini, Don Livio Tacchini<\/em>.<br\/><strong>KORO SESLER\u0130:<\/strong> <em>Caterina Bezzecheri<\/em>, <em>Anna Cavalagli<\/em>, <em>Giorgia Fanelli<\/em>, <em>Valentina Franzoni<\/em>, <em>Angela Galli<\/em>, <em>Anna Lince<\/em>, <em>Michele Mandrelli<\/em>, <em>Daniela Mariottini<\/em>, <em>Daniele Ruggeri<\/em>, <em>Alessandro Scarda<\/em>, <em>Davide Tassi<\/em>, <em>Luciana Ugolini<\/em>, <em>Silvia Vinti<\/em><br\/><strong>\u00c7OCUK SESLER\u0130:<\/strong> <em>Veronica Rossetti<\/em>, <em>Ester<\/em> <em>Carloni, Elena Carloni<\/em>, <em>Vittoria Epicoco<\/em>, <em>Francesca Roscini<\/em><br\/><strong>ENSTR\u00dcMANLAR<\/strong>: Keman: <em>Luca Arcese<\/em>, <em>Katia Ghigi<\/em>. Viyola: <em>Luca Arcese<\/em>. \u00c7ello: <em>Marco Becchetti<\/em>. Fl\u00fct: <em>Claudia Giottoli<\/em>. Piyano: <em>Michele Rossetti<\/em>.    <br\/><strong>ARANJMANLAR VE VOKAL YAZIM<\/strong>: <em>Alberto Brizzi<\/em>, <em>Michele Rossetti<\/em><\/p>\n\n\n\n<div style=\"height:30px\" aria-hidden=\"true\" class=\"wp-block-spacer\"><\/div>\n\n\n\n<div class=\"wp-block-columns is-layout-flex wp-container-core-columns-is-layout-9d6595d7 wp-block-columns-is-layout-flex\">\n<div class=\"wp-block-column is-layout-flow wp-block-column-is-layout-flow\" style=\"flex-basis:100%\">\n<p>Bunlar \u015fark\u0131lar\u0131n mp3&#8217;leri:<\/p>\n<\/div>\n<\/div>\n\n\n\n<div class=\"wp-block-columns is-layout-flex wp-container-core-columns-is-layout-9d6595d7 wp-block-columns-is-layout-flex\">\n<div class=\"wp-block-column is-layout-flow wp-block-column-is-layout-flow\">\n<figure class=\"wp-block-audio\"><audio controls=\"\" src=\"https:\/\/comunitamagnificat.org\/wp-content\/uploads\/2021\/04\/01-Vieni-tu-solo.mp3\"><\/audio><figcaption class=\"wp-element-caption\"><em>Yaln\u0131z gel<\/em><\/figcaption><\/figure>\n\n\n\n<figure class=\"wp-block-audio\"><audio controls=\"\" src=\"https:\/\/comunitamagnificat.org\/wp-content\/uploads\/2021\/04\/02-Eccomi.mp3\"><\/audio><figcaption class=\"wp-element-caption\"><em>\u0130\u015fte buraday\u0131m.<\/em><\/figcaption><\/figure>\n\n\n\n<figure class=\"wp-block-audio\"><audio controls=\"\" src=\"https:\/\/comunitamagnificat.org\/wp-content\/uploads\/2021\/04\/03-Il-mio-diletto.mp3\"><\/audio><figcaption class=\"wp-element-caption\"><em>Benim zevkim<\/em><\/figcaption><\/figure>\n\n\n\n<figure class=\"wp-block-audio\"><audio controls=\"\" src=\"https:\/\/comunitamagnificat.org\/wp-content\/uploads\/2021\/04\/04-Canto-di-vittoria.mp3\"><\/audio><figcaption class=\"wp-element-caption\"><em>Zafer \u015eark\u0131s\u0131<\/em><\/figcaption><\/figure>\n\n\n\n<figure class=\"wp-block-audio\"><audio controls=\"\" src=\"https:\/\/comunitamagnificat.org\/wp-content\/uploads\/2021\/04\/05-Io-sono-tranquillo-e-sereno.mp3\"><\/audio><figcaption class=\"wp-element-caption\"><em>Sakin ve dinginim<\/em><\/figcaption><\/figure>\n\n\n\n<figure class=\"wp-block-audio\"><audio controls=\"\" src=\"https:\/\/comunitamagnificat.org\/wp-content\/uploads\/2021\/04\/06-Buon-Gesu.mp3\"><\/audio><figcaption class=\"wp-element-caption\"><em>\u0130yi \u0130sa<\/em><\/figcaption><\/figure>\n\n\n\n<figure class=\"wp-block-audio\"><audio controls=\"\" src=\"https:\/\/comunitamagnificat.org\/wp-content\/uploads\/2021\/04\/07-Nella-stanza-dellanima-mia.mp3\"><\/audio><figcaption class=\"wp-element-caption\"><em>Ruhumun odas\u0131nda<\/em><\/figcaption><\/figure>\n\n\n\n<figure class=\"wp-block-audio\"><audio controls=\"\" src=\"https:\/\/comunitamagnificat.org\/wp-content\/uploads\/2021\/04\/08-Gesu-solo-tu.mp3\"><\/audio><figcaption class=\"wp-element-caption\"><em>\u0130sa sadece sen<\/em><\/figcaption><\/figure>\n\n\n\n<figure class=\"wp-block-audio\"><audio controls=\"\" src=\"https:\/\/comunitamagnificat.org\/wp-content\/uploads\/2021\/04\/09-Li-illuminera.mp3\"><\/audio><figcaption class=\"wp-element-caption\"><em>Onlar\u0131 ayd\u0131nlatacak<\/em><\/figcaption><\/figure>\n\n\n\n<figure class=\"wp-block-audio\"><audio controls=\"\" src=\"https:\/\/comunitamagnificat.org\/wp-content\/uploads\/2021\/04\/10-Trisaghion.mp3\"><\/audio><figcaption class=\"wp-element-caption\"><em>Trisaghion<\/em><\/figcaption><\/figure>\n\n\n\n<figure class=\"wp-block-audio\"><audio controls=\"\" src=\"https:\/\/comunitamagnificat.org\/wp-content\/uploads\/2021\/04\/11-Io-ti-appartengo.mp3\"><\/audio><figcaption class=\"wp-element-caption\"><em>Ben sana aidim.<\/em><\/figcaption><\/figure>\n\n\n\n<figure class=\"wp-block-audio\"><audio controls=\"\" src=\"https:\/\/comunitamagnificat.org\/wp-content\/uploads\/2021\/04\/12-Se-il-mio-popolo.mp3\"><\/audio><figcaption class=\"wp-element-caption\"><em>E\u011fer halk\u0131m<\/em><\/figcaption><\/figure>\n\n\n\n<figure class=\"wp-block-audio\"><audio controls=\"\" src=\"https:\/\/comunitamagnificat.org\/wp-content\/uploads\/2021\/04\/13-Spirito-damore.mp3\"><\/audio><figcaption class=\"wp-element-caption\"><em>Baba&#8217;n\u0131n Ruhu<\/em><\/figcaption><\/figure>\n\n\n\n<figure class=\"wp-block-audio\"><audio controls=\"\" src=\"https:\/\/comunitamagnificat.org\/wp-content\/uploads\/2021\/04\/14-La-carita.mp3\"><\/audio><figcaption class=\"wp-element-caption\"><em>Hay\u0131rseverlik<\/em><\/figcaption><\/figure>\n\n\n\n<figure class=\"wp-block-audio\"><audio controls=\"\" src=\"https:\/\/comunitamagnificat.org\/wp-content\/uploads\/2021\/04\/15-Il-suo-amore-per-me.mp3\"><\/audio><figcaption class=\"wp-element-caption\"><em>Bana olan sevgisi<\/em><\/figcaption><\/figure>\n\n\n\n<figure class=\"wp-block-audio\"><audio controls=\"\" src=\"https:\/\/comunitamagnificat.org\/wp-content\/uploads\/2021\/04\/16-Chi-ci-fara-rotolare-la-pietra.mp3\"><\/audio><figcaption class=\"wp-element-caption\"><em>Bizim i\u00e7in ta\u015f\u0131 kim yuvarlayacak?<\/em><\/figcaption><\/figure>\n<\/div>\n\n\n\n<div class=\"wp-block-column is-layout-flow wp-block-column-is-layout-flow\"><\/div>\n<\/div>\n\n\n\n<div style=\"height:30px\" aria-hidden=\"true\" class=\"wp-block-spacer\"><\/div>\n\n\n\n<div class=\"wp-block-columns is-layout-flex wp-container-core-columns-is-layout-9d6595d7 wp-block-columns-is-layout-flex\">\n<div class=\"wp-block-column is-layout-flow wp-block-column-is-layout-flow\">\n<p>\u0130\u015fte bu koleksiyondaki \u015fark\u0131lardan yap\u0131lm\u0131\u015f baz\u0131 videolar:<\/p>\n<\/div>\n<\/div>\n<\/div>\n<\/div>\n\n<div class=\"wp-block-columns is-layout-flex wp-container-core-columns-is-layout-9d6595d7 wp-block-columns-is-layout-flex\">\n<div class=\"wp-block-column is-layout-flow wp-block-column-is-layout-flow\">\n<figure class=\"wp-block-embed is-type-video is-provider-youtube wp-block-embed-youtube wp-embed-aspect-16-9 wp-has-aspect-ratio\"><div class=\"wp-block-embed__wrapper\">\n<iframe loading=\"lazy\" title=\"Buon Ges\u00f9\" width=\"500\" height=\"281\" src=\"https:\/\/www.youtube.com\/embed\/Dc2zfuAM2DY?list=PLLnp9XgmlaS_rDD7LhN_CBwm-8dcQT3mF\" frameborder=\"0\" allow=\"accelerometer; autoplay; clipboard-write; encrypted-media; gyroscope; picture-in-picture; web-share\" referrerpolicy=\"strict-origin-when-cross-origin\" allowfullscreen><\/iframe>\n<\/div><\/figure>\n<\/div>\n\n\n\n<div class=\"wp-block-column is-layout-flow wp-block-column-is-layout-flow\">\n<figure class=\"wp-block-embed is-type-video is-provider-youtube wp-block-embed-youtube wp-embed-aspect-16-9 wp-has-aspect-ratio\"><div class=\"wp-block-embed__wrapper\">\n<iframe loading=\"lazy\" title=\"Io sono tranquillo e sereno\" width=\"500\" height=\"281\" src=\"https:\/\/www.youtube.com\/embed\/vUmWpBhL3_o?list=PLLnp9XgmlaS_rDD7LhN_CBwm-8dcQT3mF\" frameborder=\"0\" allow=\"accelerometer; autoplay; clipboard-write; encrypted-media; gyroscope; picture-in-picture; web-share\" referrerpolicy=\"strict-origin-when-cross-origin\" allowfullscreen><\/iframe>\n<\/div><\/figure>\n<\/div>\n<\/div>\n\n<div class=\"wp-block-columns is-layout-flex wp-container-core-columns-is-layout-9d6595d7 wp-block-columns-is-layout-flex\">\n<div class=\"wp-block-column is-layout-flow wp-block-column-is-layout-flow\">\n<figure class=\"wp-block-embed is-type-video is-provider-youtube wp-block-embed-youtube wp-embed-aspect-16-9 wp-has-aspect-ratio\"><div class=\"wp-block-embed__wrapper\">\n<iframe loading=\"lazy\" title=\"Se il mio popolo\" width=\"500\" height=\"281\" src=\"https:\/\/www.youtube.com\/embed\/FZjpWRa1X7w?list=PLLnp9XgmlaS_rDD7LhN_CBwm-8dcQT3mF\" frameborder=\"0\" allow=\"accelerometer; autoplay; clipboard-write; encrypted-media; gyroscope; picture-in-picture; web-share\" referrerpolicy=\"strict-origin-when-cross-origin\" allowfullscreen><\/iframe>\n<\/div><\/figure>\n<\/div>\n\n\n\n<div class=\"wp-block-column is-layout-flow wp-block-column-is-layout-flow\">\n<figure class=\"wp-block-embed is-type-video is-provider-youtube wp-block-embed-youtube wp-embed-aspect-16-9 wp-has-aspect-ratio\"><div class=\"wp-block-embed__wrapper\">\n<iframe loading=\"lazy\" title=\"Il Suo amore per me\" width=\"500\" height=\"281\" src=\"https:\/\/www.youtube.com\/embed\/-nkZOZXmhxU?list=PLLnp9XgmlaS_rDD7LhN_CBwm-8dcQT3mF\" frameborder=\"0\" allow=\"accelerometer; autoplay; clipboard-write; encrypted-media; gyroscope; picture-in-picture; web-share\" referrerpolicy=\"strict-origin-when-cross-origin\" allowfullscreen><\/iframe>\n<\/div><\/figure>\n<\/div>\n<\/div>\n\n<div class=\"wp-block-columns is-layout-flex wp-container-core-columns-is-layout-9d6595d7 wp-block-columns-is-layout-flex\">\n<div class=\"wp-block-column is-layout-flow wp-block-column-is-layout-flow\">\n<figure class=\"wp-block-embed is-type-video is-provider-youtube wp-block-embed-youtube wp-embed-aspect-16-9 wp-has-aspect-ratio\"><div class=\"wp-block-embed__wrapper\">\n<iframe loading=\"lazy\" title=\"Chi ci far\u00e0 rotolare la pietra\" width=\"500\" height=\"281\" src=\"https:\/\/www.youtube.com\/embed\/_9X__TNjA_A?list=PLLnp9XgmlaS_rDD7LhN_CBwm-8dcQT3mF\" frameborder=\"0\" allow=\"accelerometer; autoplay; clipboard-write; encrypted-media; gyroscope; picture-in-picture; web-share\" referrerpolicy=\"strict-origin-when-cross-origin\" allowfullscreen><\/iframe>\n<\/div><\/figure>\n<\/div>\n\n\n\n<div class=\"wp-block-column is-layout-flow wp-block-column-is-layout-flow\">\n<p><\/p>\n<\/div>\n<\/div>\n\n<div style=\"height:50px\" aria-hidden=\"true\" class=\"wp-block-spacer\"><\/div>\n","protected":false},"excerpt":{"rendered":"<p>Bu \u015fark\u0131 koleksiyonu, Toplulu\u011fun kurulu\u015funun 30. y\u0131ld\u00f6n\u00fcm\u00fc m\u00fcnasebetiyle derlenmi\u015f ve Ocak 2008&#8217;deki Genel Kongre&#8217;de sunulmu\u015ftur. Alt\u0131 farkl\u0131 yazara ait 16 \u015fark\u0131dan olu\u015fuyor ve hepsi bir \u015fekilde Tanr\u0131 S\u00f6z\u00fc temas\u0131yla ba\u011flant\u0131l\u0131. A\u015fa\u011f\u0131da hepsi Topluluk \u00fcyesi olan \u015fark\u0131lar\u0131n ve yazarlar\u0131n\u0131n bir listesi bulunmaktad\u0131r: Vieni tu solo ( don Livio Tacchini); Eccomi ( Daniela Saetta); Il mio diletto [&hellip;]<\/p>\n","protected":false},"author":3,"featured_media":15856,"parent":19168,"menu_order":0,"comment_status":"closed","ping_status":"closed","template":"","meta":{"om_disable_all_campaigns":false,"_monsterinsights_skip_tracking":false,"_monsterinsights_sitenote_active":false,"_monsterinsights_sitenote_note":"","_monsterinsights_sitenote_category":0,"_uf_show_specific_survey":0,"_uf_disable_surveys":false,"footnotes":""},"class_list":["post-19139","page","type-page","status-publish","has-post-thumbnail","hentry"],"aioseo_notices":[],"_links":{"self":[{"href":"https:\/\/comunitamagnificat.org\/tr\/wp-json\/wp\/v2\/pages\/19139","targetHints":{"allow":["GET"]}}],"collection":[{"href":"https:\/\/comunitamagnificat.org\/tr\/wp-json\/wp\/v2\/pages"}],"about":[{"href":"https:\/\/comunitamagnificat.org\/tr\/wp-json\/wp\/v2\/types\/page"}],"author":[{"embeddable":true,"href":"https:\/\/comunitamagnificat.org\/tr\/wp-json\/wp\/v2\/users\/3"}],"replies":[{"embeddable":true,"href":"https:\/\/comunitamagnificat.org\/tr\/wp-json\/wp\/v2\/comments?post=19139"}],"version-history":[{"count":4,"href":"https:\/\/comunitamagnificat.org\/tr\/wp-json\/wp\/v2\/pages\/19139\/revisions"}],"predecessor-version":[{"id":24955,"href":"https:\/\/comunitamagnificat.org\/tr\/wp-json\/wp\/v2\/pages\/19139\/revisions\/24955"}],"up":[{"embeddable":true,"href":"https:\/\/comunitamagnificat.org\/tr\/wp-json\/wp\/v2\/pages\/19168"}],"wp:featuredmedia":[{"embeddable":true,"href":"https:\/\/comunitamagnificat.org\/tr\/wp-json\/wp\/v2\/media\/15856"}],"wp:attachment":[{"href":"https:\/\/comunitamagnificat.org\/tr\/wp-json\/wp\/v2\/media?parent=19139"}],"curies":[{"name":"wp","href":"https:\/\/api.w.org\/{rel}","templated":true}]}}