{"id":19141,"date":"2024-08-22T18:37:45","date_gmt":"2024-08-22T16:37:45","guid":{"rendered":"https:\/\/comunitamagnificat.org\/gel-yaratici-ruh\/"},"modified":"2024-08-22T18:39:08","modified_gmt":"2024-08-22T16:39:08","slug":"gel-yaratici-ruh","status":"publish","type":"page","link":"https:\/\/comunitamagnificat.org\/tr\/yayinlar\/sarkilar\/gel-yaratici-ruh\/","title":{"rendered":"Gel Yarat\u0131c\u0131 Ruh"},"content":{"rendered":"\n<div class=\"wp-block-columns is-layout-flex wp-container-core-columns-is-layout-9d6595d7 wp-block-columns-is-layout-flex\">\n<div class=\"wp-block-column is-layout-flow wp-block-column-is-layout-flow\">\n<div style=\"height:30px\" aria-hidden=\"true\" class=\"wp-block-spacer\"><\/div>\n\n\n\n<div class=\"wp-block-columns is-layout-flex wp-container-core-columns-is-layout-9d6595d7 wp-block-columns-is-layout-flex\">\n<div class=\"wp-block-column is-layout-flow wp-block-column-is-layout-flow\"><\/div>\n\n\n\n<div class=\"wp-block-column is-layout-flow wp-block-column-is-layout-flow\">\n<figure class=\"wp-block-image size-large\"><picture data-lightbox=\"https:\/\/comunitamagnificat.org\/wp-content\/uploads\/2021\/04\/Copertina-2.jpg\"><source type='image\/jpeg' srcset='https:\/\/comunitamagnificat.org\/wp-content\/uploads\/2021\/04\/Copertina-2.jpg 1641w, https:\/\/comunitamagnificat.org\/wp-content\/uploads\/2021\/04\/Copertina-2-300x269.jpg 300w, https:\/\/comunitamagnificat.org\/wp-content\/uploads\/2021\/04\/Copertina-2-1024x919.jpg 1024w, https:\/\/comunitamagnificat.org\/wp-content\/uploads\/2021\/04\/Copertina-2-768x689.jpg 768w, https:\/\/comunitamagnificat.org\/wp-content\/uploads\/2021\/04\/Copertina-2-1536x1378.jpg 1536w' sizes='(max-width: 1641px) 100vw, 1641px' \/><img loading=\"lazy\" decoding=\"async\" width=\"1024\" height=\"919\" src=\"https:\/\/comunitamagnificat.org\/wp-content\/uploads\/2021\/04\/Copertina-2-1024x919.jpg\" alt=\"\" class=\"wp-image-8011\"\/><\/picture><\/figure>\n<\/div>\n\n\n\n<div class=\"wp-block-column is-layout-flow wp-block-column-is-layout-flow\"><\/div>\n<\/div>\n\n\n\n<div style=\"height:30px\" aria-hidden=\"true\" class=\"wp-block-spacer\"><\/div>\n\n\n\n<p>2011 y\u0131l\u0131nda, a\u011f\u0131rl\u0131kl\u0131 olarak Kutsal Ruh&#8217;a adanm\u0131\u015f \u015fark\u0131lardan olu\u015fan bu koleksiyon 14 par\u00e7a ile g\u00fcn \u0131\u015f\u0131\u011f\u0131na \u00e7\u0131kt\u0131.<\/p>\n\n\n\n<div style=\"height:30px\" aria-hidden=\"true\" class=\"wp-block-spacer\"><\/div>\n\n\n\n<p>A\u015fa\u011f\u0131da, tamam\u0131 Topluluk \u00fcyesi olan \u015fark\u0131lar\u0131n ve yazarlar\u0131n\u0131n bir listesi yer almaktad\u0131r: \n<strong>Plasmami<\/strong> (\n<em>Daniela Saetta<\/em>); \n<strong>Gel Yarat\u0131c\u0131 Ruh<\/strong> (\n<em>Alessandro Di Michele<\/em>); \n<strong>Kutsal, Kutsal Ruh <\/strong>(\n<em>Gloria Roscini<\/em>); \n<strong>Kendimi terk ediyorum <\/strong>(\n<em>Daniela Saetta<\/em>); \n<strong>Sekans <\/strong>(\n<em>Don Livio Tacchini<\/em>); \n<strong>A\u015fa\u011f\u0131 in Kutsal Ruh<\/strong> (\n<em>Lucio Pio Moilnaro<\/em>); \n<strong>Rab&#8217;bin Ruhu \u00fczerimde<\/strong> (\n<em>Valter Ferrero<\/em>); \n<strong>Seni sevmek ve sevdirmek<\/strong> (        <em>Daniela Saetta<\/em>); \n<strong>A\u015fk\u0131n Ruhu <\/strong>(\n<em>Elena Yarrow Mezzetti<\/em>); \n<strong>Seni ar\u0131yorum<\/strong> (\n<em>Daniela Saetta<\/em>); \n<strong>Infante Dio<\/strong> (\n<em>Don Livio Tacchini<\/em>); \n<strong>Magnificat<\/strong> (\n<em>Daniela Saetta<\/em>); <strong>Maranath\u00e0<\/strong> (<em><em>Daniela Saetta<\/em><\/em>); <strong>Call the Spirit<\/strong><em>(Daniela Saetta<\/em>).    <\/p>\n\n\n\n<div style=\"height:30px\" aria-hidden=\"true\" class=\"wp-block-spacer\"><\/div>\n\n\n\n<p>\u015eark\u0131lar \u015fu sanat\u00e7\u0131lar taraf\u0131ndan seslendirildi:<\/p>\n\n\n\n<p><strong>SESLER<\/strong>: <em>Valentina Bettelli<\/em>, <em>Elisa Calderini<\/em>, <em>Fra Diego Entali<\/em>, <em>Valter Ferrero<\/em>, <em>Gioia Fioriti<\/em>, <em>Guglielmo Fumi<\/em>, <em>Luca Mondanelli<\/em>, <em>Sarah Piccioni<\/em>, <em>Francesca<\/em> <em>Roscini, Gloria<\/em> <em>Roscini, Stefano Roscini<\/em>, <em>Daniela Saetta<\/em>, <em>Don Livio Tacchini<\/em>, <em>Silvia Vinti<\/em><br\/><strong>ENSTR\u00dcMANLAR<\/strong>: Piyano: <em>Manuel Magrini<\/em>, <em>Michele Rossetti<\/em>.\nGitar: <em>Valter Ferrero<\/em>.\nBas: <em>Francesco Platoni<\/em>.\nTrompet: <em>Giampiero Magrini<\/em>   <br\/><strong>D\u00dcZENLEMELER<\/strong>: <em>Alberto Brizzi<\/em><\/p>\n\n\n\n<div style=\"height:30px\" aria-hidden=\"true\" class=\"wp-block-spacer\"><\/div>\n\n\n\n<p>Bunlar \u015fark\u0131lar\u0131n mp3&#8217;leri:<\/p>\n\n\n\n<div class=\"wp-block-columns is-layout-flex wp-container-core-columns-is-layout-9d6595d7 wp-block-columns-is-layout-flex\">\n<div class=\"wp-block-column is-layout-flow wp-block-column-is-layout-flow\">\n<figure class=\"wp-block-audio\"><audio controls=\"\" src=\"https:\/\/comunitamagnificat.org\/wp-content\/uploads\/2021\/04\/01-Plasmami.mp3\"><\/audio><figcaption><em>Plasmami<\/em><\/figcaption><\/figure>\n\n\n\n<figure class=\"wp-block-audio\"><audio controls=\"\" src=\"https:\/\/comunitamagnificat.org\/wp-content\/uploads\/2021\/04\/02-Vieni-Spirito-Creatore.mp3\"><\/audio><figcaption><em>Gel Yarat\u0131c\u0131 Ruh<\/em><\/figcaption><\/figure>\n\n\n\n<figure class=\"wp-block-audio\"><audio controls=\"\" src=\"https:\/\/comunitamagnificat.org\/wp-content\/uploads\/2021\/04\/03-Santo-Santo-Spirito.mp3\"><\/audio><figcaption><em>Kutsal, Kutsal Ruh<\/em><\/figcaption><\/figure>\n\n\n\n<figure class=\"wp-block-audio\"><audio controls=\"\" src=\"https:\/\/comunitamagnificat.org\/wp-content\/uploads\/2021\/04\/04-Mi-abbandono.mp3\"><\/audio><figcaption><em>Kendimi terk ediyorum<\/em><\/figcaption><\/figure>\n\n\n\n<figure class=\"wp-block-audio\"><audio controls=\"\" src=\"https:\/\/comunitamagnificat.org\/wp-content\/uploads\/2021\/04\/05-Sequenza.mp3\"><\/audio><figcaption><em>S\u0131ra<\/em><\/figcaption><\/figure>\n\n\n\n<figure class=\"wp-block-audio\"><audio controls=\"\" src=\"https:\/\/comunitamagnificat.org\/wp-content\/uploads\/2021\/04\/06-Scendi-Spirito-Santo.mp3\"><\/audio><figcaption><em>\u0130n Kutsal Ruh<\/em><\/figcaption><\/figure>\n\n\n\n<figure class=\"wp-block-audio\"><audio controls=\"\" src=\"https:\/\/comunitamagnificat.org\/wp-content\/uploads\/2021\/04\/07-Lo-Spirito-del-Signore-e-su-di-me.mp3\"><\/audio><figcaption><em>Tanr\u0131&#8217;n\u0131n Ruhu \u00fczerimde<\/em><\/figcaption><\/figure>\n\n\n\n<figure class=\"wp-block-audio\"><audio controls=\"\" src=\"https:\/\/comunitamagnificat.org\/wp-content\/uploads\/2021\/04\/08-Amarti-e-farti-amare.mp3\"><\/audio><figcaption><em>Seni sevmek ve sevilmek<\/em><\/figcaption><\/figure>\n\n\n\n<figure class=\"wp-block-audio\"><audio controls=\"\" src=\"https:\/\/comunitamagnificat.org\/wp-content\/uploads\/2021\/04\/09-Spirito-damore.mp3\"><\/audio><figcaption><em>Sevgi ruhu<\/em><\/figcaption><\/figure>\n\n\n\n<figure class=\"wp-block-audio\"><audio controls=\"\" src=\"https:\/\/comunitamagnificat.org\/wp-content\/uploads\/2021\/04\/10-Che-io-ti-cerchi.mp3\"><\/audio><figcaption><em>Seni arad\u0131\u011f\u0131m\u0131<\/em><\/figcaption><\/figure>\n\n\n\n<figure class=\"wp-block-audio\"><audio controls=\"\" src=\"https:\/\/comunitamagnificat.org\/wp-content\/uploads\/2021\/04\/11-Infante-Dio.mp3\"><\/audio><figcaption><em>Infante Tanr\u0131<\/em><\/figcaption><\/figure>\n\n\n\n<figure class=\"wp-block-audio\"><audio controls=\"\" src=\"https:\/\/comunitamagnificat.org\/wp-content\/uploads\/2021\/04\/12-Magnificat.mp3\"><\/audio><figcaption><em>Magnificat<\/em><\/figcaption><\/figure>\n\n\n\n<figure class=\"wp-block-audio\"><audio controls=\"\" src=\"https:\/\/comunitamagnificat.org\/wp-content\/uploads\/2021\/04\/13-Maranatha.mp3\"><\/audio><figcaption><em>Maranath\u00e0<\/em><\/figcaption><\/figure>\n\n\n\n<figure class=\"wp-block-audio\"><audio controls=\"\" src=\"https:\/\/comunitamagnificat.org\/wp-content\/uploads\/2021\/04\/14-Chiama-lo-Spirito.mp3\"><\/audio><figcaption><em>Ruhu \u00c7a\u011f\u0131rmak<\/em><\/figcaption><\/figure>\n<\/div>\n\n\n\n<div class=\"wp-block-column is-layout-flow wp-block-column-is-layout-flow\"><\/div>\n<\/div>\n\n\n\n<div style=\"height:30px\" aria-hidden=\"true\" class=\"wp-block-spacer\"><\/div>\n\n\n\n<p>\u0130\u015fte bu koleksiyondan bir video al\u0131nt\u0131s\u0131<\/p>\n\n\n\n<div style=\"height:30px\" aria-hidden=\"true\" class=\"wp-block-spacer\"><\/div>\n\n\n\n<div class=\"wp-block-columns is-layout-flex wp-container-core-columns-is-layout-9d6595d7 wp-block-columns-is-layout-flex\">\n<div class=\"wp-block-column is-layout-flow wp-block-column-is-layout-flow\">\n<figure class=\"wp-block-embed is-type-video is-provider-youtube wp-block-embed-youtube wp-embed-aspect-16-9 wp-has-aspect-ratio\"><div class=\"wp-block-embed__wrapper\"> \n<iframe loading=\"lazy\" title=\"Vieni Spirito Creatore\" width=\"500\" height=\"281\" src=\"https:\/\/www.youtube.com\/embed\/KLwBaiRYjfE?list=PLLnp9XgmlaS_rDD7LhN_CBwm-8dcQT3mF\" frameborder=\"0\" allow=\"accelerometer; autoplay; clipboard-write; encrypted-media; gyroscope; picture-in-picture; web-share\" referrerpolicy=\"strict-origin-when-cross-origin\" allowfullscreen><\/iframe>\n <\/div><\/figure>\n<\/div>\n\n\n\n<div class=\"wp-block-column is-layout-flow wp-block-column-is-layout-flow\"><\/div>\n<\/div>\n\n\n\n<div style=\"height:50px\" aria-hidden=\"true\" class=\"wp-block-spacer\"><\/div>\n\n\n\n<p><\/p>\n<\/div>\n<\/div>\n","protected":false},"excerpt":{"rendered":"<p>2011 y\u0131l\u0131nda, a\u011f\u0131rl\u0131kl\u0131 olarak Kutsal Ruh&#8217;a adanm\u0131\u015f \u015fark\u0131lardan olu\u015fan bu koleksiyon 14 par\u00e7a ile g\u00fcn \u0131\u015f\u0131\u011f\u0131na \u00e7\u0131kt\u0131. A\u015fa\u011f\u0131da, tamam\u0131 Topluluk \u00fcyesi olan \u015fark\u0131lar\u0131n ve yazarlar\u0131n\u0131n bir listesi yer almaktad\u0131r: Plasmami ( Daniela Saetta); Gel Yarat\u0131c\u0131 Ruh ( Alessandro Di Michele); Kutsal, Kutsal Ruh ( Gloria Roscini); Kendimi terk ediyorum ( Daniela Saetta); Sekans ( Don [&hellip;]<\/p>\n","protected":false},"author":3,"featured_media":15928,"parent":19168,"menu_order":0,"comment_status":"closed","ping_status":"closed","template":"","meta":{"om_disable_all_campaigns":false,"_monsterinsights_skip_tracking":false,"_monsterinsights_sitenote_active":false,"_monsterinsights_sitenote_note":"","_monsterinsights_sitenote_category":0,"_uf_show_specific_survey":0,"_uf_disable_surveys":false,"footnotes":""},"class_list":["post-19141","page","type-page","status-publish","has-post-thumbnail","hentry"],"aioseo_notices":[],"_links":{"self":[{"href":"https:\/\/comunitamagnificat.org\/tr\/wp-json\/wp\/v2\/pages\/19141","targetHints":{"allow":["GET"]}}],"collection":[{"href":"https:\/\/comunitamagnificat.org\/tr\/wp-json\/wp\/v2\/pages"}],"about":[{"href":"https:\/\/comunitamagnificat.org\/tr\/wp-json\/wp\/v2\/types\/page"}],"author":[{"embeddable":true,"href":"https:\/\/comunitamagnificat.org\/tr\/wp-json\/wp\/v2\/users\/3"}],"replies":[{"embeddable":true,"href":"https:\/\/comunitamagnificat.org\/tr\/wp-json\/wp\/v2\/comments?post=19141"}],"version-history":[{"count":1,"href":"https:\/\/comunitamagnificat.org\/tr\/wp-json\/wp\/v2\/pages\/19141\/revisions"}],"predecessor-version":[{"id":19144,"href":"https:\/\/comunitamagnificat.org\/tr\/wp-json\/wp\/v2\/pages\/19141\/revisions\/19144"}],"up":[{"embeddable":true,"href":"https:\/\/comunitamagnificat.org\/tr\/wp-json\/wp\/v2\/pages\/19168"}],"wp:featuredmedia":[{"embeddable":true,"href":"https:\/\/comunitamagnificat.org\/tr\/wp-json\/wp\/v2\/media\/15928"}],"wp:attachment":[{"href":"https:\/\/comunitamagnificat.org\/tr\/wp-json\/wp\/v2\/media?parent=19141"}],"curies":[{"name":"wp","href":"https:\/\/api.w.org\/{rel}","templated":true}]}}