{"id":19155,"date":"2024-08-22T18:38:29","date_gmt":"2024-08-22T16:38:29","guid":{"rendered":"https:\/\/comunitamagnificat.org\/hala-yukseliyor\/"},"modified":"2025-09-10T18:16:07","modified_gmt":"2025-09-10T16:16:07","slug":"hala-yukseliyor","status":"publish","type":"page","link":"https:\/\/comunitamagnificat.org\/tr\/yayinlar\/sarkilar\/hala-yukseliyor\/","title":{"rendered":"Hala y\u00fckseliyor"},"content":{"rendered":"\n<div style=\"height:30px\" aria-hidden=\"true\" class=\"wp-block-spacer\"><\/div>\n\n<div class=\"wp-block-columns is-layout-flex wp-container-core-columns-is-layout-9d6595d7 wp-block-columns-is-layout-flex\">\n<div class=\"wp-block-column is-layout-flow wp-block-column-is-layout-flow\"><\/div>\n\n\n\n<div class=\"wp-block-column is-layout-flow wp-block-column-is-layout-flow\"><div class=\"wp-block-image\">\n<figure class=\"aligncenter size-large\"><picture data-lightbox=\"https:\/\/comunitamagnificat.org\/wp-content\/uploads\/2025\/09\/Ancora-risorge-copertina.jpg\"><source type='image\/jpeg' srcset='https:\/\/comunitamagnificat.org\/wp-content\/uploads\/2025\/09\/Ancora-risorge-copertina.jpg 1409w, https:\/\/comunitamagnificat.org\/wp-content\/uploads\/2025\/09\/Ancora-risorge-copertina-300x300.jpg 300w, https:\/\/comunitamagnificat.org\/wp-content\/uploads\/2025\/09\/Ancora-risorge-copertina-1022x1024.jpg 1022w, https:\/\/comunitamagnificat.org\/wp-content\/uploads\/2025\/09\/Ancora-risorge-copertina-150x150.jpg 150w, https:\/\/comunitamagnificat.org\/wp-content\/uploads\/2025\/09\/Ancora-risorge-copertina-768x770.jpg 768w' sizes='(max-width: 1409px) 100vw, 1409px' \/><img loading=\"lazy\" decoding=\"async\" width=\"1022\" height=\"1024\" src=\"https:\/\/comunitamagnificat.org\/wp-content\/uploads\/2025\/09\/Ancora-risorge-copertina-1022x1024.jpg\" alt=\"\" class=\"wp-image-24916\"\/><\/picture><\/figure>\n<\/div><\/div>\n\n\n\n<div class=\"wp-block-column is-layout-flow wp-block-column-is-layout-flow\"><\/div>\n<\/div>\n\n<div style=\"height:30px\" aria-hidden=\"true\" class=\"wp-block-spacer\"><\/div>\n\n<p>Bu koleksiyon ilk olarak 1992 y\u0131l\u0131nda Magnificat Toplulu\u011fu taraf\u0131ndan profesyonel olarak &#8216;\u00fcretilmi\u015f&#8217; ve 2009 y\u0131l\u0131nda CD olarak yeniden bas\u0131lm\u0131\u015ft\u0131r.<\/p>\n\n<div style=\"height:30px\" aria-hidden=\"true\" class=\"wp-block-spacer\"><\/div>\n\n<p>Her biri Kutsal Kitap&#8217;tan ya da Aziz Augustine&#8217;in yaz\u0131lar\u0131ndan bir pasajla ba\u015flayan 11 b\u00f6l\u00fcmden olu\u015fuyor; ilkini Don Giuseppe Gioia, ikincisini Susanna Bettelli okuyor.<\/p>\n\n<div style=\"height:30px\" aria-hidden=\"true\" class=\"wp-block-spacer\"><\/div>\n\n<p>A\u015fa\u011f\u0131da t\u00fcm\u00fc Topluluk \u00fcyesi olan \u015fark\u0131lar\u0131n ve yazarlar\u0131n\u0131n bir listesi yer almaktad\u0131r: <strong>THE GOLD SEARCHER<\/strong> ( <em>Raffaella Lisi<\/em>); <strong>ONLY GOD REMAINS <\/strong>( <em>Claudia Giottoli<\/em>); <strong>RAISE UP ANCIENT DOORS <\/strong>( <em>Raffaella Lisi<\/em>); <strong>THE SICK SERVANT <\/strong>( <em>Claudia Giottoli<\/em>); <strong>PRAISE IN THE LORD <\/strong>( <em>Daniela Saetta<\/em>); <strong>WHY I LOVE YOU <\/strong>( <em>Valter Ferrero<\/em>); <strong>SPLEND <\/strong>( <em>Leandro Boi<\/em>); <strong>COME COME LIVE WATER <\/strong>(        <em>Claudia Giottoli<\/em>); <strong>THE LIVING <\/strong> <em>(Daniela Saetta<\/em>); <strong>CHRIST IS REALLY RISEN <\/strong><em>(Claudia Giottoli<\/em>); <strong>LIVE THE LORD <\/strong><em>(Raffaella Lisi<\/em>). <\/p>\n\n<div style=\"height:30px\" aria-hidden=\"true\" class=\"wp-block-spacer\"><\/div>\n\n<p>Kay\u0131tlarda \u015fark\u0131lar \u015fu ki\u015filer taraf\u0131ndan seslendirilmi\u015ftir:  <\/p>\n\n<p><strong>SESLER:<\/strong> <em>Valentina Bettelli<\/em>, <em>Leandro Boi<\/em>, <em>Paolo Castellani<\/em>, <em>Claudia Giottoli<\/em>, <em>Guglielmo Fumi<\/em>, <em>Andrea Pieroni<\/em>, <em>Daniela Saetta<\/em>, <em>Moreno Tini<\/em>.<br\/><strong>ENSTR\u00dcMANLAR:<\/strong> Gitarlar: <em>Valter Ferrero<\/em>. Fl\u00fct: <em>Claudia Giottoli<\/em>. Piyano ve klavyeler: <em>Raffaella Lisi<\/em>. Keman: <em>Paolo Castellani<\/em>   <br\/><strong>ARANJMANLAR VE VOKAL YAZIM<\/strong>: <em>Magnificat Toplulu\u011fu<\/em><\/p>\n\n<div style=\"height:30px\" aria-hidden=\"true\" class=\"wp-block-spacer\"><\/div>\n\n<p>Bunlar \u015fark\u0131lar\u0131n mp3&#8217;leri:<\/p>\n\n<div class=\"wp-block-columns is-layout-flex wp-container-core-columns-is-layout-9d6595d7 wp-block-columns-is-layout-flex\">\n<div class=\"wp-block-column is-layout-flow wp-block-column-is-layout-flow\" style=\"flex-basis:50%\">\n<figure class=\"wp-block-audio\"><audio controls=\"\" src=\"https:\/\/comunitamagnificat.org\/wp-content\/uploads\/2021\/04\/01-Il-cercatore-doro.mp3\"><\/audio><figcaption class=\"wp-element-caption\"><em>Maden aray\u0131c\u0131s\u0131<\/em><\/figcaption><\/figure>\n\n\n\n<figure class=\"wp-block-audio\"><audio controls=\"\" src=\"https:\/\/comunitamagnificat.org\/wp-content\/uploads\/2021\/04\/02-Solo-Dio-resta.mp3\"><\/audio><figcaption class=\"wp-element-caption\"><em>Sadece Tanr\u0131 kal\u0131r<\/em><\/figcaption><\/figure>\n\n\n\n<figure class=\"wp-block-audio\"><audio controls=\"\" src=\"https:\/\/comunitamagnificat.org\/wp-content\/uploads\/2021\/04\/03-Alzatevi-porte-antiche.mp3\"><\/audio><figcaption class=\"wp-element-caption\"><em>Eski kap\u0131lar\u0131 kald\u0131r\u0131n<\/em><\/figcaption><\/figure>\n\n\n\n<figure class=\"wp-block-audio\"><audio controls=\"\" src=\"https:\/\/comunitamagnificat.org\/wp-content\/uploads\/2021\/04\/04-Il-servo-sofferente.mp3\"><\/audio><figcaption class=\"wp-element-caption\"><em>Ac\u0131 \u00c7eken Hizmetkar<\/em><\/figcaption><\/figure>\n\n\n\n<figure class=\"wp-block-audio\"><audio controls=\"\" src=\"https:\/\/comunitamagnificat.org\/wp-content\/uploads\/2021\/04\/05-Spera-nel-Signore.mp3\"><\/audio><figcaption class=\"wp-element-caption\"><em>Rab&#8217;de Umut<\/em><\/figcaption><\/figure>\n\n\n\n<figure class=\"wp-block-audio\"><audio controls=\"\" src=\"https:\/\/comunitamagnificat.org\/wp-content\/uploads\/2021\/04\/06-Perche-io-tamo.mp3\"><\/audio><figcaption class=\"wp-element-caption\"><em>\u00c7\u00fcnk\u00fc seni seviyorum.<\/em><\/figcaption><\/figure>\n\n\n\n<figure class=\"wp-block-audio\"><audio controls=\"\" src=\"https:\/\/comunitamagnificat.org\/wp-content\/uploads\/2021\/04\/07-Splendi.mp3\"><\/audio><figcaption class=\"wp-element-caption\"><em>Parla<\/em><\/figcaption><\/figure>\n\n\n\n<figure class=\"wp-block-audio\"><audio controls=\"\" src=\"https:\/\/comunitamagnificat.org\/wp-content\/uploads\/2021\/04\/08-Vieni-acqua-viva.mp3\"><\/audio><figcaption class=\"wp-element-caption\"><em>Gel ya\u015fayan su<\/em><\/figcaption><\/figure>\n\n\n\n<figure class=\"wp-block-audio\"><audio controls=\"\" src=\"https:\/\/comunitamagnificat.org\/wp-content\/uploads\/2021\/04\/09-Il-vivente.mp3\"><\/audio><figcaption class=\"wp-element-caption\"><em>Ya\u015fayanlar<\/em><\/figcaption><\/figure>\n\n\n\n<figure class=\"wp-block-audio\"><audio controls=\"\" src=\"https:\/\/comunitamagnificat.org\/wp-content\/uploads\/2021\/04\/10-Cristo-e-risorto-veramente.mp3\"><\/audio><figcaption class=\"wp-element-caption\"><em>\u0130sa ger\u00e7ekten dirildi<\/em><\/figcaption><\/figure>\n\n\n\n<figure class=\"wp-block-audio\"><audio controls=\"\" src=\"https:\/\/comunitamagnificat.org\/wp-content\/uploads\/2021\/04\/11-Viva-il-Singore.mp3\"><\/audio><figcaption class=\"wp-element-caption\"><em>Tanr\u0131 \u00e7ok ya\u015fa<\/em><\/figcaption><\/figure>\n<\/div>\n<\/div>\n\n<div style=\"height:30px\" aria-hidden=\"true\" class=\"wp-block-spacer\"><\/div>\n\n<div class=\"wp-block-columns is-layout-flex wp-container-core-columns-is-layout-9d6595d7 wp-block-columns-is-layout-flex\">\n<div class=\"wp-block-column is-layout-flow wp-block-column-is-layout-flow\" style=\"flex-basis:100%\">\n<p>Koleksiyondaki t\u00fcm \u015fark\u0131lar\u0131n metinleri ve akorlar\u0131 buradan indirilebilir.<\/p>\n<\/div>\n<\/div>\n\n<div class=\"wp-block-columns is-layout-flex wp-container-core-columns-is-layout-9d6595d7 wp-block-columns-is-layout-flex\">\n<div class=\"wp-block-column is-layout-flow wp-block-column-is-layout-flow\" style=\"flex-basis:100%\">\n<div class=\"wp-block-file\"><a href=\"https:\/\/comunitamagnificat.org\/wp-content\/uploads\/2021\/04\/testi-e-accordi-CD-ANCORA-RISORGE.pdf\"><strong><em>Ancora risorge CD&#8217;sinin \u015fark\u0131 s\u00f6zleri ve akorlar\u0131<\/em><\/strong><\/a><a href=\"https:\/\/comunitamagnificat.org\/wp-content\/uploads\/2021\/04\/testi-e-accordi-CD-ANCORA-RISORGE.pdf\" class=\"wp-block-file__button wp-element-button\" download=\"\">\u0130ndir<\/a><\/div>\n<\/div>\n<\/div>\n\n<div style=\"height:30px\" aria-hidden=\"true\" class=\"wp-block-spacer\"><\/div>\n\n<div class=\"wp-block-columns is-layout-flex wp-container-core-columns-is-layout-9d6595d7 wp-block-columns-is-layout-flex\">\n<div class=\"wp-block-column is-layout-flow wp-block-column-is-layout-flow\">\n<p>CD&#8217;nin 2009 y\u0131l\u0131nda yay\u0131nlanan <em>kitap\u00e7\u0131\u011f\u0131n\u0131 <\/em>buradan indirebilirsiniz.<\/p>\n<\/div>\n<\/div>\n\n<div class=\"wp-block-columns is-layout-flex wp-container-core-columns-is-layout-9d6595d7 wp-block-columns-is-layout-flex\">\n<div class=\"wp-block-column is-layout-flow wp-block-column-is-layout-flow\" style=\"flex-basis:100%\">\n<div class=\"wp-block-file\"><a href=\"https:\/\/comunitamagnificat.org\/wp-content\/uploads\/2021\/04\/Booklet-Ancora-risorge.pdf\"><em><strong>Kitap\u00e7\u0131k Hala Y\u00fckseliyor<\/strong><\/em><\/a><a href=\"https:\/\/comunitamagnificat.org\/wp-content\/uploads\/2021\/04\/Booklet-Ancora-risorge.pdf\" class=\"wp-block-file__button wp-element-button\" download=\"\">\u0130ndir<\/a><\/div>\n<\/div>\n<\/div>\n\n<div style=\"height:50px\" aria-hidden=\"true\" class=\"wp-block-spacer\"><\/div>\n","protected":false},"excerpt":{"rendered":"<p>Bu koleksiyon ilk olarak 1992 y\u0131l\u0131nda Magnificat Toplulu\u011fu taraf\u0131ndan profesyonel olarak &#8216;\u00fcretilmi\u015f&#8217; ve 2009 y\u0131l\u0131nda CD olarak yeniden bas\u0131lm\u0131\u015ft\u0131r. Her biri Kutsal Kitap&#8217;tan ya da Aziz Augustine&#8217;in yaz\u0131lar\u0131ndan bir pasajla ba\u015flayan 11 b\u00f6l\u00fcmden olu\u015fuyor; ilkini Don Giuseppe Gioia, ikincisini Susanna Bettelli okuyor. A\u015fa\u011f\u0131da t\u00fcm\u00fc Topluluk \u00fcyesi olan \u015fark\u0131lar\u0131n ve yazarlar\u0131n\u0131n bir listesi yer almaktad\u0131r: THE [&hellip;]<\/p>\n","protected":false},"author":3,"featured_media":15796,"parent":19168,"menu_order":0,"comment_status":"closed","ping_status":"closed","template":"","meta":{"om_disable_all_campaigns":false,"_monsterinsights_skip_tracking":false,"_monsterinsights_sitenote_active":false,"_monsterinsights_sitenote_note":"","_monsterinsights_sitenote_category":0,"_uf_show_specific_survey":0,"_uf_disable_surveys":false,"footnotes":""},"class_list":["post-19155","page","type-page","status-publish","has-post-thumbnail","hentry"],"aioseo_notices":[],"_links":{"self":[{"href":"https:\/\/comunitamagnificat.org\/tr\/wp-json\/wp\/v2\/pages\/19155","targetHints":{"allow":["GET"]}}],"collection":[{"href":"https:\/\/comunitamagnificat.org\/tr\/wp-json\/wp\/v2\/pages"}],"about":[{"href":"https:\/\/comunitamagnificat.org\/tr\/wp-json\/wp\/v2\/types\/page"}],"author":[{"embeddable":true,"href":"https:\/\/comunitamagnificat.org\/tr\/wp-json\/wp\/v2\/users\/3"}],"replies":[{"embeddable":true,"href":"https:\/\/comunitamagnificat.org\/tr\/wp-json\/wp\/v2\/comments?post=19155"}],"version-history":[{"count":4,"href":"https:\/\/comunitamagnificat.org\/tr\/wp-json\/wp\/v2\/pages\/19155\/revisions"}],"predecessor-version":[{"id":24944,"href":"https:\/\/comunitamagnificat.org\/tr\/wp-json\/wp\/v2\/pages\/19155\/revisions\/24944"}],"up":[{"embeddable":true,"href":"https:\/\/comunitamagnificat.org\/tr\/wp-json\/wp\/v2\/pages\/19168"}],"wp:featuredmedia":[{"embeddable":true,"href":"https:\/\/comunitamagnificat.org\/tr\/wp-json\/wp\/v2\/media\/15796"}],"wp:attachment":[{"href":"https:\/\/comunitamagnificat.org\/tr\/wp-json\/wp\/v2\/media?parent=19155"}],"curies":[{"name":"wp","href":"https:\/\/api.w.org\/{rel}","templated":true}]}}