{"id":19168,"date":"2024-08-22T18:39:06","date_gmt":"2024-08-22T16:39:06","guid":{"rendered":"https:\/\/comunitamagnificat.org\/sarkilar\/"},"modified":"2025-09-10T18:14:28","modified_gmt":"2025-09-10T16:14:28","slug":"sarkilar","status":"publish","type":"page","link":"https:\/\/comunitamagnificat.org\/tr\/yayinlar\/sarkilar\/","title":{"rendered":"\u015eark\u0131lar"},"content":{"rendered":"\n<div style=\"height:30px\" aria-hidden=\"true\" class=\"wp-block-spacer\"><\/div>\n\n<p>Cemaatin m\u00fczikal \u00fcretimi ilk y\u0131llar\u0131ndan beri \u00e7ok verimli olmu\u015ftur: \u00f6vg\u00fc \u015fark\u0131lar\u0131, meditasyon \u015fark\u0131lar\u0131, \u0130ncil \u015fark\u0131lar\u0131, y\u0131llar i\u00e7inde birikerek burada \u00f6vg\u00fc, dua ve meditasyon yapmak isteyenlerin kullan\u0131m\u0131na sunulan ger\u00e7ek bir miras olu\u015fturmu\u015ftur.<\/p>\n\n<div style=\"height:30px\" aria-hidden=\"true\" class=\"wp-block-spacer\"><\/div>\n\n<p>Bug\u00fcne kadar be\u015f koleksiyon haz\u0131rland\u0131 (d\u00f6rd\u00fc \u0130talyanca ve biri T\u00fcrk\u00e7e), ba\u015fl\u0131klara t\u0131klad\u0131\u011f\u0131n\u0131zda metinleri, sesleri ve videolar\u0131 bulabilece\u011finiz ilgili sayfaya y\u00f6nlendirileceksiniz:<\/p>\n\n<div style=\"height:30px\" aria-hidden=\"true\" class=\"wp-block-spacer\"><\/div>\n\n<ul class=\"wp-block-list\"><li><strong><em><a href=\"https:\/\/comunitamagnificat.org\/tr\/yayinlar\/sarkilar\/hala-yukseliyor\/\" data-type=\"page\" data-id=\"7914\">Hala y\u00fckseliyor<\/a><\/em><\/strong><\/li><li><strong><em><a href=\"https:\/\/comunitamagnificat.org\/tr\/yayinlar\/sarkilar\/sozun-beni-buyuluyor\/\" data-type=\"page\" data-id=\"7917\">S\u00f6z\u00fcn beni b\u00fcy\u00fcl\u00fcyor<\/a><\/em><\/strong><\/li><li><strong><em><a href=\"https:\/\/comunitamagnificat.org\/tr\/yayinlar\/sarkilar\/gel-yaratici-ruh\/\" data-type=\"page\" data-id=\"7919\">Gel Yarat\u0131c\u0131 Ruh<\/a><\/em><\/strong><\/li><li><strong><em><a href=\"https:\/\/comunitamagnificat.org\/tr\/yayinlar\/sarkilar\/tanrinin-ruyasi\/\" data-type=\"page\" data-id=\"7921\">Tanr\u0131&#8217;n\u0131n R\u00fcyas\u0131<\/a><\/em><\/strong><\/li><li><em><strong><a href=\"https:\/\/comunitamagnificat.org\/tr\/yayinlar\/sarkilar\/kalbim-seninle\/\" data-type=\"page\" data-id=\"7923\">Kalbim seninle<\/a><\/strong><\/em><\/li><\/ul>\n\n<div style=\"height:30px\" aria-hidden=\"true\" class=\"wp-block-spacer\"><\/div>\n\n<p>Ayr\u0131ca Cemaat taraf\u0131ndan \u00fcretilen ve dualarda &#8216;kullan\u0131lan&#8217; ancak hen\u00fcz bir CD&#8217;de ya da ba\u015fka bir bi\u00e7imde yay\u0131nlanmam\u0131\u015f olan bir dizi \u015fark\u0131 da bulunmaktad\u0131r. Bunlar\u0131n metinleri de ayr\u0131 bir sayfada verilmi\u015ftir. <\/p>\n\n<div style=\"height:30px\" aria-hidden=\"true\" class=\"wp-block-spacer\"><\/div>\n\n<ul class=\"wp-block-list\"><li><strong><em><a href=\"https:\/\/comunitamagnificat.org\/tr\/yayinlar\/sarkilar\/cesitli-sarkilar\/\" data-type=\"page\" data-id=\"7927\">\u00c7e\u015fitli \u015fark\u0131lar<\/a><\/em><\/strong><\/li><\/ul>\n\n<div style=\"height:50px\" aria-hidden=\"true\" class=\"wp-block-spacer\"><\/div>\n\n<div style=\"height:30px\" aria-hidden=\"true\" class=\"wp-block-spacer\"><\/div>\n","protected":false},"excerpt":{"rendered":"<p>Cemaatin m\u00fczikal \u00fcretimi ilk y\u0131llar\u0131ndan beri \u00e7ok verimli olmu\u015ftur: \u00f6vg\u00fc \u015fark\u0131lar\u0131, meditasyon \u015fark\u0131lar\u0131, \u0130ncil \u015fark\u0131lar\u0131, y\u0131llar i\u00e7inde birikerek burada \u00f6vg\u00fc, dua ve meditasyon yapmak isteyenlerin kullan\u0131m\u0131na sunulan ger\u00e7ek bir miras olu\u015fturmu\u015ftur. Bug\u00fcne kadar be\u015f koleksiyon haz\u0131rland\u0131 (d\u00f6rd\u00fc \u0130talyanca ve biri T\u00fcrk\u00e7e), ba\u015fl\u0131klara t\u0131klad\u0131\u011f\u0131n\u0131zda metinleri, sesleri ve videolar\u0131 bulabilece\u011finiz ilgili sayfaya y\u00f6nlendirileceksiniz: Hala y\u00fckseliyor S\u00f6z\u00fcn beni [&hellip;]<\/p>\n","protected":false},"author":3,"featured_media":15600,"parent":20586,"menu_order":0,"comment_status":"closed","ping_status":"closed","template":"","meta":{"om_disable_all_campaigns":false,"_monsterinsights_skip_tracking":false,"_monsterinsights_sitenote_active":false,"_monsterinsights_sitenote_note":"","_monsterinsights_sitenote_category":0,"_uf_show_specific_survey":0,"_uf_disable_surveys":false,"footnotes":""},"class_list":["post-19168","page","type-page","status-publish","has-post-thumbnail","hentry"],"aioseo_notices":[],"_links":{"self":[{"href":"https:\/\/comunitamagnificat.org\/tr\/wp-json\/wp\/v2\/pages\/19168","targetHints":{"allow":["GET"]}}],"collection":[{"href":"https:\/\/comunitamagnificat.org\/tr\/wp-json\/wp\/v2\/pages"}],"about":[{"href":"https:\/\/comunitamagnificat.org\/tr\/wp-json\/wp\/v2\/types\/page"}],"author":[{"embeddable":true,"href":"https:\/\/comunitamagnificat.org\/tr\/wp-json\/wp\/v2\/users\/3"}],"replies":[{"embeddable":true,"href":"https:\/\/comunitamagnificat.org\/tr\/wp-json\/wp\/v2\/comments?post=19168"}],"version-history":[{"count":4,"href":"https:\/\/comunitamagnificat.org\/tr\/wp-json\/wp\/v2\/pages\/19168\/revisions"}],"predecessor-version":[{"id":24935,"href":"https:\/\/comunitamagnificat.org\/tr\/wp-json\/wp\/v2\/pages\/19168\/revisions\/24935"}],"up":[{"embeddable":true,"href":"https:\/\/comunitamagnificat.org\/tr\/wp-json\/wp\/v2\/pages\/20586"}],"wp:featuredmedia":[{"embeddable":true,"href":"https:\/\/comunitamagnificat.org\/tr\/wp-json\/wp\/v2\/media\/15600"}],"wp:attachment":[{"href":"https:\/\/comunitamagnificat.org\/tr\/wp-json\/wp\/v2\/media?parent=19168"}],"curies":[{"name":"wp","href":"https:\/\/api.w.org\/{rel}","templated":true}]}}