{"id":19179,"date":"2024-08-23T00:42:17","date_gmt":"2024-08-22T22:42:17","guid":{"rendered":"https:\/\/comunitamagnificat.org\/tefekkur-ve-eylem\/"},"modified":"2024-10-05T19:36:44","modified_gmt":"2024-10-05T17:36:44","slug":"tefekkur-ve-eylem","status":"publish","type":"page","link":"https:\/\/comunitamagnificat.org\/tr\/tefekkur-ve-eylem\/","title":{"rendered":"Tefekk\u00fcr ve eylem"},"content":{"rendered":"\n<div style=\"height:30px\" aria-hidden=\"true\" class=\"wp-block-spacer\"><\/div>\n\n<blockquote class=\"wp-block-quote is-layout-flow wp-block-quote-is-layout-flow\">\n<p><strong><em><br\/>Sonra da\u011fa \u00e7\u0131kt\u0131, istedi\u011fi ki\u015fileri yan\u0131na \u00e7a\u011f\u0131rd\u0131 ve onlar da yan\u0131na geldiler. On iki ki\u015fiyi -ki bunlara el\u00e7i ad\u0131n\u0131 verdi- yan\u0131nda kalmalar\u0131 ve cinleri kovma g\u00fcc\u00fcyle vaaz etmeleri i\u00e7in g\u00f6nderdi.<\/em><\/strong><\/p>\n<cite><em>Markos<\/em> 3, 13-15<\/cite><\/blockquote>\n\n<div style=\"height:30px\" aria-hidden=\"true\" class=\"wp-block-spacer\"><\/div>\n\n<p>T\u00fcz\u00fc\u011f\u00fcn <em>\u00d6ns\u00f6z\u00fcnde<\/em> \u015f\u00f6yle denmektedir:<em>&#8220;Magnificat isminin, Toplulu\u011fun her bir \u00fcyesinin <\/em><em>, \u0130sa&#8217;n\u0131n arma\u011fan\u0131n\u0131 kendi i\u00e7inde al\u0131r almaz onu Elizabeth&#8217;e g\u00f6t\u00fcrmek i\u00e7in acele eden Meryem gibi,<\/em>tefekk\u00fcr<em> ile<\/em>eylemi<em>birle\u015ftirme niyetini g\u00f6sterdi\u011fine inan\u0131yoruz <\/em>.<\/p>\n\n<div style=\"height:30px\" aria-hidden=\"true\" class=\"wp-block-spacer\"><\/div>\n\n<p>Bir kimse \u0130sa&#8217;y\u0131 ba\u015fkalar\u0131na getirmeden onu ger\u00e7ekten kabul edemez!<\/p>\n\n<div style=\"height:30px\" aria-hidden=\"true\" class=\"wp-block-spacer\"><\/div>\n\n<p>Bu nedenle, Cemaat bedeninin ruhani ya\u015fam\u0131 <em>ibadet<\/em> ve <em>hizmet<\/em> aras\u0131nda, <em>\u0130sa ile birlikte olmak<\/em> ve<em>vaaz vermeye gitmek<\/em> aras\u0131nda, <em>Tabor<\/em> ve <em>vadi<\/em> aras\u0131nda s\u00fcrekli olarak gidip gelir.<\/p>\n\n<div style=\"height:30px\" aria-hidden=\"true\" class=\"wp-block-spacer\"><\/div>\n\n<p>Tabor&#8217;da her \u015fey kolay g\u00f6r\u00fcn\u00fcr, Tanr\u0131&#8217;n\u0131n sesi nettir, kalp ne\u015fe doludur: gece tap\u0131nma saati, bitti\u011fi i\u00e7in \u00fcz\u00fclen baz\u0131 cemaat dualar\u0131, Tanr\u0131&#8217;n\u0131n eylemi somut oldu\u011funda ki\u015finin karde\u015fi i\u00e7in etti\u011fi dua&#8230; sonra da\u011fdan inersiniz, M\u00fcjde&#8217;nin yorgunlu\u011fuyla kendi s\u0131n\u0131rlamalar\u0131n\u0131zla ve ba\u015fkalar\u0131n\u0131n s\u0131n\u0131rlamalar\u0131yla kar\u015f\u0131la\u015f\u0131rs\u0131n\u0131z.\nAma biri olmadan di\u011feri olmaz: vadi ve da\u011f birbirine bakar. <\/p>\n\n<div style=\"height:50px\" aria-hidden=\"true\" class=\"wp-block-spacer\"><\/div>\n\n<p><\/p>\n","protected":false},"excerpt":{"rendered":"<p>Sonra da\u011fa \u00e7\u0131kt\u0131, istedi\u011fi ki\u015fileri yan\u0131na \u00e7a\u011f\u0131rd\u0131 ve onlar da yan\u0131na geldiler. On iki ki\u015fiyi -ki bunlara el\u00e7i ad\u0131n\u0131 verdi- yan\u0131nda kalmalar\u0131 ve cinleri kovma g\u00fcc\u00fcyle vaaz etmeleri i\u00e7in g\u00f6nderdi. Markos 3, 13-15 T\u00fcz\u00fc\u011f\u00fcn \u00d6ns\u00f6z\u00fcnde \u015f\u00f6yle denmektedir:&#8220;Magnificat isminin, Toplulu\u011fun her bir \u00fcyesinin , \u0130sa&#8217;n\u0131n arma\u011fan\u0131n\u0131 kendi i\u00e7inde al\u0131r almaz onu Elizabeth&#8217;e g\u00f6t\u00fcrmek i\u00e7in acele eden [&hellip;]<\/p>\n","protected":false},"author":3,"featured_media":10880,"parent":0,"menu_order":0,"comment_status":"closed","ping_status":"closed","template":"","meta":{"om_disable_all_campaigns":false,"_monsterinsights_skip_tracking":false,"_monsterinsights_sitenote_active":false,"_monsterinsights_sitenote_note":"","_monsterinsights_sitenote_category":0,"_uf_show_specific_survey":0,"_uf_disable_surveys":false,"footnotes":""},"class_list":["post-19179","page","type-page","status-publish","has-post-thumbnail","hentry"],"aioseo_notices":[],"_links":{"self":[{"href":"https:\/\/comunitamagnificat.org\/tr\/wp-json\/wp\/v2\/pages\/19179","targetHints":{"allow":["GET"]}}],"collection":[{"href":"https:\/\/comunitamagnificat.org\/tr\/wp-json\/wp\/v2\/pages"}],"about":[{"href":"https:\/\/comunitamagnificat.org\/tr\/wp-json\/wp\/v2\/types\/page"}],"author":[{"embeddable":true,"href":"https:\/\/comunitamagnificat.org\/tr\/wp-json\/wp\/v2\/users\/3"}],"replies":[{"embeddable":true,"href":"https:\/\/comunitamagnificat.org\/tr\/wp-json\/wp\/v2\/comments?post=19179"}],"version-history":[{"count":2,"href":"https:\/\/comunitamagnificat.org\/tr\/wp-json\/wp\/v2\/pages\/19179\/revisions"}],"predecessor-version":[{"id":21383,"href":"https:\/\/comunitamagnificat.org\/tr\/wp-json\/wp\/v2\/pages\/19179\/revisions\/21383"}],"wp:featuredmedia":[{"embeddable":true,"href":"https:\/\/comunitamagnificat.org\/tr\/wp-json\/wp\/v2\/media\/10880"}],"wp:attachment":[{"href":"https:\/\/comunitamagnificat.org\/tr\/wp-json\/wp\/v2\/media?parent=19179"}],"curies":[{"name":"wp","href":"https:\/\/api.w.org\/{rel}","templated":true}]}}