{"id":19181,"date":"2024-08-23T00:42:19","date_gmt":"2024-08-22T22:42:19","guid":{"rendered":"https:\/\/comunitamagnificat.org\/meslek\/"},"modified":"2025-01-22T17:38:20","modified_gmt":"2025-01-22T16:38:20","slug":"meslek","status":"publish","type":"page","link":"https:\/\/comunitamagnificat.org\/tr\/meslek\/","title":{"rendered":"Meslek"},"content":{"rendered":"\n<div style=\"height:30px\" aria-hidden=\"true\" class=\"wp-block-spacer\"><\/div>\n\n<blockquote class=\"wp-block-quote is-layout-flow wp-block-quote-is-layout-flow\">\n<p><em><strong>Beni sen se\u00e7medin,<\/strong><\/em><br\/><em><strong>Ama ben seni se\u00e7tim.<\/strong><\/em><\/p>\n<cite><em>Yuhanna<\/em> 15, 16<\/cite><\/blockquote>\n\n<div style=\"height:30px\" aria-hidden=\"true\" class=\"wp-block-spacer\"><\/div>\n\n<p><em>Cemaat<\/em> \u00fcyeleri i\u00e7in<em>Antla\u015fma<\/em>, ki\u015finin kendini i\u00e7inde buldu\u011fu ya\u015fam durumuna entegre olan ger\u00e7ek bir meslektir: evlilikte, babal\u0131kta ve annelikte, Krall\u0131k i\u00e7in bekarl\u0131kta, kutsanm\u0131\u015f hizmette.<\/p>\n\n<div style=\"height:30px\" aria-hidden=\"true\" class=\"wp-block-spacer\"><\/div>\n\n<p>Ki\u015fi b\u00f6yle bir mesle\u011fin fark\u0131ndal\u0131\u011f\u0131na \u00e7ok uzaklardan ba\u015flayan bir muhakeme yolu arac\u0131l\u0131\u011f\u0131yla ula\u015f\u0131r&#8230;<\/p>\n\n<div style=\"height:30px\" aria-hidden=\"true\" class=\"wp-block-spacer\"><\/div>\n\n<p><em>Kutsal Ruh&#8217;un d\u00f6k\u00fclmesi<\/em> deneyiminden sonra Cemaatle temasa ge\u00e7en karde\u015flere, <em>Ruh&#8217;ta deneyimlenen yeni ya\u015fam\u0131n<\/em> sa\u011flam bir \u015fekilde k\u00f6k salmas\u0131 i\u00e7in bir derinle\u015fme ve b\u00fcy\u00fcme yolu sunulur.<\/p>\n\n<div style=\"height:30px\" aria-hidden=\"true\" class=\"wp-block-spacer\"><\/div>\n\n<p><em>\u00d6\u011frencilik<\/em> olarak adland\u0131r\u0131lan bu yol, insanlar\u0131 H\u0131ristiyan olman\u0131n, kendileriyle birlikte y\u00fcr\u00fcyen ve \u00f6nlerinde ilk H\u0131ristiyan toplulu\u011funun modelini ta\u015f\u0131yan di\u011ferleriyle daha derin bir cemaat ili\u015fkisine girmek anlam\u0131na geldi\u011fini ke\u015ffetmeye y\u00f6nlendirir.<\/p>\n\n<div style=\"height:30px\" aria-hidden=\"true\" class=\"wp-block-spacer\"><\/div>\n\n<p>Bu nedenle, \u00f6\u011frencilik s\u00fcresi boyunca, karde\u015flere Tanr\u0131&#8217;n\u0131n kendileri i\u00e7in plan\u0131n\u0131n ne oldu\u011funu, onlar\u0131 hangi H\u0131ristiyan toplulu\u011funa kat\u0131lmaya \u00e7a\u011f\u0131rd\u0131\u011f\u0131n\u0131 ortaya \u00e7\u0131karmas\u0131 i\u00e7in Ruh&#8217;u dinlemelerine yard\u0131mc\u0131 olunur. Baz\u0131lar\u0131, Rab&#8217;bin onlar\u0131 \u00e7a\u011f\u0131rd\u0131\u011f\u0131 yerin tam olarak Magnificat Toplulu\u011fu oldu\u011funu hissederek, <em>\u00f6\u011frencilikten<\/em> <em>topluluk okuluna<\/em> g\u00f6t\u00fcren ve daha sonra onlar\u0131 <em>Antla\u015fmaya<\/em> girmek amac\u0131yla <em>Kabul Yolu<\/em> deneyimini istemeye g\u00f6t\u00fcrebilecek olan ay\u0131rt etme yolculu\u011funa ba\u015flarlar. <\/p>\n\n<div style=\"height:50px\" aria-hidden=\"true\" class=\"wp-block-spacer\"><\/div>\n","protected":false},"excerpt":{"rendered":"<p>Beni sen se\u00e7medin,Ama ben seni se\u00e7tim. Yuhanna 15, 16 Cemaat \u00fcyeleri i\u00e7inAntla\u015fma, ki\u015finin kendini i\u00e7inde buldu\u011fu ya\u015fam durumuna entegre olan ger\u00e7ek bir meslektir: evlilikte, babal\u0131kta ve annelikte, Krall\u0131k i\u00e7in bekarl\u0131kta, kutsanm\u0131\u015f hizmette. Ki\u015fi b\u00f6yle bir mesle\u011fin fark\u0131ndal\u0131\u011f\u0131na \u00e7ok uzaklardan ba\u015flayan bir muhakeme yolu arac\u0131l\u0131\u011f\u0131yla ula\u015f\u0131r&#8230; Kutsal Ruh&#8217;un d\u00f6k\u00fclmesi deneyiminden sonra Cemaatle temasa ge\u00e7en karde\u015flere, Ruh&#8217;ta [&hellip;]<\/p>\n","protected":false},"author":3,"featured_media":10872,"parent":0,"menu_order":0,"comment_status":"closed","ping_status":"closed","template":"","meta":{"om_disable_all_campaigns":false,"_monsterinsights_skip_tracking":false,"_monsterinsights_sitenote_active":false,"_monsterinsights_sitenote_note":"","_monsterinsights_sitenote_category":0,"_uf_show_specific_survey":0,"_uf_disable_surveys":false,"footnotes":""},"class_list":["post-19181","page","type-page","status-publish","has-post-thumbnail","hentry"],"aioseo_notices":[],"_links":{"self":[{"href":"https:\/\/comunitamagnificat.org\/tr\/wp-json\/wp\/v2\/pages\/19181","targetHints":{"allow":["GET"]}}],"collection":[{"href":"https:\/\/comunitamagnificat.org\/tr\/wp-json\/wp\/v2\/pages"}],"about":[{"href":"https:\/\/comunitamagnificat.org\/tr\/wp-json\/wp\/v2\/types\/page"}],"author":[{"embeddable":true,"href":"https:\/\/comunitamagnificat.org\/tr\/wp-json\/wp\/v2\/users\/3"}],"replies":[{"embeddable":true,"href":"https:\/\/comunitamagnificat.org\/tr\/wp-json\/wp\/v2\/comments?post=19181"}],"version-history":[{"count":2,"href":"https:\/\/comunitamagnificat.org\/tr\/wp-json\/wp\/v2\/pages\/19181\/revisions"}],"predecessor-version":[{"id":22614,"href":"https:\/\/comunitamagnificat.org\/tr\/wp-json\/wp\/v2\/pages\/19181\/revisions\/22614"}],"wp:featuredmedia":[{"embeddable":true,"href":"https:\/\/comunitamagnificat.org\/tr\/wp-json\/wp\/v2\/media\/10872"}],"wp:attachment":[{"href":"https:\/\/comunitamagnificat.org\/tr\/wp-json\/wp\/v2\/media?parent=19181"}],"curies":[{"name":"wp","href":"https:\/\/api.w.org\/{rel}","templated":true}]}}