{"id":19194,"date":"2024-08-23T00:42:35","date_gmt":"2024-08-22T22:42:35","guid":{"rendered":"https:\/\/comunitamagnificat.org\/ittifak\/"},"modified":"2025-01-22T17:29:53","modified_gmt":"2025-01-22T16:29:53","slug":"ittifak","status":"publish","type":"page","link":"https:\/\/comunitamagnificat.org\/tr\/ittifak\/","title":{"rendered":"\u0130ttifak"},"content":{"rendered":"\n<div style=\"height:30px\" aria-hidden=\"true\" class=\"wp-block-spacer\"><\/div>\n\n<blockquote class=\"wp-block-quote is-layout-flow wp-block-quote-is-layout-flow\">\n<p><em><strong>Musa antla\u015fma kitab\u0131n\u0131 ald\u0131.<\/strong><\/em><br\/><em><strong>ve halk\u0131n \u00f6n\u00fcnde okudu.<\/strong><\/em><br\/><em><strong>Dediler ki: &#8220;Rab ne dedi?<\/strong><\/em><br\/><em><strong>Biz bunu ger\u00e7ekle\u015ftirece\u011fiz ve sizi dinleyece\u011fiz&#8221;.<\/strong><\/em><\/p>\n<cite><em>\u00c7\u0131k\u0131\u015f<\/em> 24, 7<\/cite><\/blockquote>\n\n<div style=\"height:30px\" aria-hidden=\"true\" class=\"wp-block-spacer\"><\/div>\n\n<p>L&#8217;<strong><em>Antla\u015fma <\/em><\/strong>Bir erkek ya da k\u0131z karde\u015fi Cemaatin bir \u00fcyesi yapan, ki\u015finin hayat\u0131n\u0131 Rabbe adama konusundaki ciddi taahh\u00fcd\u00fcd\u00fcr.<\/p>\n\n<div style=\"height:30px\" aria-hidden=\"true\" class=\"wp-block-spacer\"><\/div>\n\n<p>\u0130lk olarak bir kabul yolculu\u011funun ard\u0131ndan verilen ve daha sonra her y\u0131l yenilenen bu taahh\u00fct, \u00f6z\u00fcnde Rab&#8217;bin Topluluktan ilk olarak istedi\u011fi <em>D\u00f6rt S\u00f6z\u00fc<\/em> i\u00e7erir: <em><strong>Yoksulluk<\/strong><\/em>, <em><strong>kal\u0131c\u0131 ba\u011f\u0131\u015flanma<\/strong><\/em>, <em><strong>sevgi\u0307 bi\u0307nasi<\/strong><\/em>, <em><strong>hizmet<\/strong><\/em>. Onlar bir <em><strong>kutsall\u0131\u011fa giden yol<\/strong><\/em>. <\/p>\n\n<div style=\"height:30px\" aria-hidden=\"true\" class=\"wp-block-spacer\"><\/div>\n\n<p>Her bir m\u00fcttefikin ya\u015fam\u0131nda \u00e7izdikleri yol arac\u0131l\u0131\u011f\u0131yla, her ili\u015fkide, her zaman ki\u015finin kendi ki\u015fisel <em>yoksullu\u011funun<\/em> derin bir bilgisinden ba\u015flayarak, kom\u015fusunun <em>kal\u0131c\u0131 bir ba\u011f\u0131\u015flay\u0131c\u0131l\u0131\u011f\u0131na<\/em> a\u00e7\u0131k olmak i\u00e7in, <em>hizmet<\/em> perspektifinde herkesle H\u0131ristiyan <em>sevgisinin in\u015fas\u0131<\/em> i\u00e7in ona rehberlik ederler.<\/p>\n\n<div style=\"height:30px\" aria-hidden=\"true\" class=\"wp-block-spacer\"><\/div>\n\n<p>\u0130\u015fte m\u00fcttefiklerin kendi sayfalar\u0131nda imzalad\u0131klar\u0131 Taahh\u00fct metni <em><strong>Antla\u015fma Kitab\u0131<\/strong><\/em>Perugia&#8217;daki<em>Agnus Dei<\/em> rahibeleri taraf\u0131ndan muhafaza ediliyordu:<\/p>\n\n<div style=\"height:50px\" aria-hidden=\"true\" class=\"wp-block-spacer\"><\/div>\n\n<div class=\"wp-block-columns is-layout-flex wp-container-core-columns-is-layout-9d6595d7 wp-block-columns-is-layout-flex\">\n<div class=\"wp-block-column is-layout-flow wp-block-column-is-layout-flow\">\n<figure class=\"wp-block-image size-large\"><picture data-lightbox=\"https:\/\/comunitamagnificat.org\/wp-content\/uploads\/2021\/04\/Impegno-di-Alleanza.jpg\"><source type='image\/jpeg' srcset='https:\/\/comunitamagnificat.org\/wp-content\/uploads\/2021\/04\/Impegno-di-Alleanza.jpg 1552w, https:\/\/comunitamagnificat.org\/wp-content\/uploads\/2021\/04\/Impegno-di-Alleanza-216x300.jpg 216w, https:\/\/comunitamagnificat.org\/wp-content\/uploads\/2021\/04\/Impegno-di-Alleanza-737x1024.jpg 737w, https:\/\/comunitamagnificat.org\/wp-content\/uploads\/2021\/04\/Impegno-di-Alleanza-768x1067.jpg 768w, https:\/\/comunitamagnificat.org\/wp-content\/uploads\/2021\/04\/Impegno-di-Alleanza-1106x1536.jpg 1106w, https:\/\/comunitamagnificat.org\/wp-content\/uploads\/2021\/04\/Impegno-di-Alleanza-1474x2048.jpg 1474w' sizes='(max-width: 1552px) 100vw, 1552px' \/><img loading=\"lazy\" decoding=\"async\" width=\"737\" height=\"1024\" src=\"https:\/\/comunitamagnificat.org\/wp-content\/uploads\/2021\/04\/Impegno-di-Alleanza-737x1024.jpg\" alt=\"\" class=\"wp-image-539\"\/><\/picture><\/figure>\n<\/div>\n\n\n\n<div class=\"wp-block-column is-layout-flow wp-block-column-is-layout-flow\">\n<div style=\"height:30px\" aria-hidden=\"true\" class=\"wp-block-spacer\"><\/div>\n\n\n\n<p class=\"has-text-align-center\">Magnificat Toplulu\u011fu&#8217;nun bir par\u00e7as\u0131 olma, Tanr\u0131&#8217;ya hizmet etme, O&#8217;nu y\u00fcceltme, O&#8217;nu sevme ve karde\u015flerimle tek bir beden olu\u015fturarak onlar\u0131 sevme \u00e7a\u011fr\u0131m\u0131n fark\u0131nda olarak; kendi g\u00fcc\u00fcme de\u011fil, yaln\u0131zca Rab&#8217;be g\u00fcvenerek ve hayat\u0131m\u0131 O&#8217;na adamak isteyerek:<\/p>\n\n\n\n<div style=\"height:10px\" aria-hidden=\"true\" class=\"wp-block-spacer\"><\/div>\n\n\n\n<p class=\"has-text-align-center has-vivid-red-color has-text-color has-link-color wp-elements-2e664e19dbf925beb8e7099b2859f6f2\"><strong>TAAHH\u00dcT ED\u0130YORUM<\/strong><\/p>\n\n\n\n<div style=\"height:10px\" aria-hidden=\"true\" class=\"wp-block-spacer\"><\/div>\n\n\n\n<ul class=\"wp-block-list\">\n<li style=\"line-height:1.8\">Yoksulluk, Kal\u0131c\u0131 Ba\u011f\u0131\u015flama, Sevgi \u0130n\u015fas\u0131 ve Hizmet vaatlerine sad\u0131k kalmak;<\/li>\n\n\n\n<li style=\"line-height:1.8\">\u0130ncil&#8217;i ilan ederek, Toplulu\u011fun ya\u015fam\u0131na ve misyonuna tam olarak kat\u0131larak, karizmalar\u0131ma g\u00f6re Mesih&#8217;in tan\u0131\u011f\u0131 olmak;<\/li>\n\n\n\n<li style=\"line-height:1.8\">Ki\u015fisel duaya g\u00fcnl\u00fck bir zaman ay\u0131rmak, Efkaristiya&#8217;y\u0131 her g\u00fcn kutlamak ve Efkaristiya tap\u0131nmas\u0131 i\u00e7in haftal\u0131k bir zaman ay\u0131rmak;<\/li>\n\n\n\n<li style=\"line-height:1.8\">\u00d6zellikle ya\u015fam\u0131m\u0131 Cemaat&#8217;teki karde\u015flerimle ve Rab&#8217;bin Cemaat&#8217;e kataca\u011f\u0131 herkesle payla\u015farak, herkesle Hristiyan sevgisine dayal\u0131 ili\u015fkiler kurmak;<\/li>\n\n\n\n<li style=\"line-height:1.8\">Toplulukta ruhani refakati ya\u015famak, Toplulu\u011fun ya\u015fam\u0131n\u0131 ve misyonunu ondal\u0131kla desteklemek ve sorumlular\u0131n hizmetini memnuniyetle kar\u015f\u0131lamak.<\/li>\n<\/ul>\n\n\n\n<div style=\"height:10px\" aria-hidden=\"true\" class=\"wp-block-spacer\"><\/div>\n\n\n\n<p class=\"has-text-align-center\">Kural&#8217;da ifade edildi\u011fi \u015fekliyle Cemaat&#8217;in ya\u015fam\u0131n\u0131n ve ama\u00e7lar\u0131n\u0131n bilincinde olarak ve Meryem gibi tefekk\u00fcr\u00fc eylemle birle\u015ftirmek arzusuyla, Tanr\u0131&#8217;n\u0131n ve karde\u015flerin huzurunda Cemaat&#8217;in bir \u00fcyesi olarak ya\u015fama iste\u011fimi beyan ederim.<br\/>Amin.<\/p>\n<\/div>\n<\/div>\n\n<div style=\"height:50px\" aria-hidden=\"true\" class=\"wp-block-spacer\"><\/div>\n\n<p><\/p>\n","protected":false},"excerpt":{"rendered":"<p>Musa antla\u015fma kitab\u0131n\u0131 ald\u0131.ve halk\u0131n \u00f6n\u00fcnde okudu.Dediler ki: &#8220;Rab ne dedi?Biz bunu ger\u00e7ekle\u015ftirece\u011fiz ve sizi dinleyece\u011fiz&#8221;. \u00c7\u0131k\u0131\u015f 24, 7 L&#8217;Antla\u015fma Bir erkek ya da k\u0131z karde\u015fi Cemaatin bir \u00fcyesi yapan, ki\u015finin hayat\u0131n\u0131 Rabbe adama konusundaki ciddi taahh\u00fcd\u00fcd\u00fcr. \u0130lk olarak bir kabul yolculu\u011funun ard\u0131ndan verilen ve daha sonra her y\u0131l yenilenen bu taahh\u00fct, \u00f6z\u00fcnde Rab&#8217;bin Topluluktan [&hellip;]<\/p>\n","protected":false},"author":3,"featured_media":10852,"parent":0,"menu_order":0,"comment_status":"closed","ping_status":"closed","template":"","meta":{"om_disable_all_campaigns":false,"_monsterinsights_skip_tracking":false,"_monsterinsights_sitenote_active":false,"_monsterinsights_sitenote_note":"","_monsterinsights_sitenote_category":0,"_uf_show_specific_survey":0,"_uf_disable_surveys":false,"footnotes":""},"class_list":["post-19194","page","type-page","status-publish","has-post-thumbnail","hentry"],"aioseo_notices":[],"_links":{"self":[{"href":"https:\/\/comunitamagnificat.org\/tr\/wp-json\/wp\/v2\/pages\/19194","targetHints":{"allow":["GET"]}}],"collection":[{"href":"https:\/\/comunitamagnificat.org\/tr\/wp-json\/wp\/v2\/pages"}],"about":[{"href":"https:\/\/comunitamagnificat.org\/tr\/wp-json\/wp\/v2\/types\/page"}],"author":[{"embeddable":true,"href":"https:\/\/comunitamagnificat.org\/tr\/wp-json\/wp\/v2\/users\/3"}],"replies":[{"embeddable":true,"href":"https:\/\/comunitamagnificat.org\/tr\/wp-json\/wp\/v2\/comments?post=19194"}],"version-history":[{"count":7,"href":"https:\/\/comunitamagnificat.org\/tr\/wp-json\/wp\/v2\/pages\/19194\/revisions"}],"predecessor-version":[{"id":22598,"href":"https:\/\/comunitamagnificat.org\/tr\/wp-json\/wp\/v2\/pages\/19194\/revisions\/22598"}],"wp:featuredmedia":[{"embeddable":true,"href":"https:\/\/comunitamagnificat.org\/tr\/wp-json\/wp\/v2\/media\/10852"}],"wp:attachment":[{"href":"https:\/\/comunitamagnificat.org\/tr\/wp-json\/wp\/v2\/media?parent=19194"}],"curies":[{"name":"wp","href":"https:\/\/api.w.org\/{rel}","templated":true}]}}