{"id":19198,"date":"2024-08-23T00:42:40","date_gmt":"2024-08-22T22:42:40","guid":{"rendered":"https:\/\/comunitamagnificat.org\/efkaristiya-ayini\/"},"modified":"2025-01-22T17:33:42","modified_gmt":"2025-01-22T16:33:42","slug":"efkaristiya-ayini","status":"publish","type":"page","link":"https:\/\/comunitamagnificat.org\/tr\/efkaristiya-ayini\/","title":{"rendered":"Efkaristiya Ayini"},"content":{"rendered":"\n<div style=\"height:30px\" aria-hidden=\"true\" class=\"wp-block-spacer\"><\/div>\n\n<blockquote class=\"wp-block-quote is-layout-flow wp-block-quote-is-layout-flow\">\n<p><em><strong><br\/>Rab&#8217;bi ve O&#8217;nun g\u00fcc\u00fcn\u00fc aray\u0131n, her zaman O&#8217;nun y\u00fcz\u00fcn\u00fc aray\u0131n<\/strong><\/em><\/p>\n<cite>[104]Mezmurlar 105, 4<\/cite><\/blockquote>\n\n<div style=\"height:30px\" aria-hidden=\"true\" class=\"wp-block-spacer\"><\/div>\n\n<p>Tarcisio kehaneti ald\u0131\u011f\u0131nda &#8220;<strong><em><a href=\"https:\/\/comunitamagnificat.org\/tr\/isa-ile-isanin-yapisinda\/\" target=\"_blank\" rel=\"noopener\" title=\"\">\u0130sa ile, \u0130sa \u00fczerine, in\u015fa et!<\/a><\/em><\/strong>&#8221; derken, t\u00fcm ba\u011flam a\u00e7\u0131k\u00e7a Efkaristikti: kilise, beyaz mermer sunak, \u015farap kadehi ve ev sahibi&#8230;<\/p>\n\n<div style=\"height:30px\" aria-hidden=\"true\" class=\"wp-block-spacer\"><\/div>\n\n<p>Bu nedenle<em>Efkaristiya tap\u0131nmas\u0131<\/em> Cemaatin susuzlu\u011funu giderdi\u011fi s\u00fcrekli bir kaynakt\u0131r: m\u00fcjdeleme i\u00e7in, her hizmet eylemi i\u00e7in, ruhani e\u015flik i\u00e7in ondan g\u00fc\u00e7 al\u0131r.<\/p>\n\n<div style=\"height:30px\" aria-hidden=\"true\" class=\"wp-block-spacer\"><\/div>\n\n<p>Efkaristiya tap\u0131nmas\u0131 &#8211; her m\u00fcttefik taraf\u0131ndan haftal\u0131k olarak ya\u015fan\u0131r &#8211; her bir karde\u015fin Rab ile her zamankinden daha yak\u0131n ve derin bir ili\u015fkiye girmesine,<em>&#8220;daha iyi<\/em>olan\u0131&#8221;<em>(Luka <\/em>10:42) se\u00e7mesine, Efendinin ayaklar\u0131n\u0131n dibinde durup onu dinlemesine, g\u00f6zlerini onun y\u00fcz\u00fcn\u00fcn g\u00f6r\u00fcnt\u00fcs\u00fcyle doldurmas\u0131na ve sonra y\u00fcz\u00fcnde d\u00fc\u015f\u00fcn\u00fclen ihti\u015famdan bir \u015feyler ta\u015f\u0131d\u0131\u011f\u0131ndan emin olarak <em>da\u011fdan inmesine<\/em> yard\u0131mc\u0131 olur.<\/p>\n\n<div style=\"height:30px\" aria-hidden=\"true\" class=\"wp-block-spacer\"><\/div>\n\n<p>2005 Genel Konvansiyonu s\u0131ras\u0131nda Toplulu\u011fa, su ile dolu olmayan bir kab\u0131n, birisi susuzlu\u011funu gidermek i\u00e7in ona yakla\u015ft\u0131\u011f\u0131nda, sadece kendisini susam\u0131\u015f olana sunabilece\u011fi \u00f6\u011fretildi&#8230;\nYine de bir \u015feyler vermek i\u00e7in, su yerine kendinden par\u00e7alar sunmaya \u00e7al\u0131\u015facakt\u0131r: ya\u015fam yerine yara ve \u00f6l\u00fcm \u00fcreten keskin par\u00e7alar. <\/p>\n\n<div style=\"height:30px\" aria-hidden=\"true\" class=\"wp-block-spacer\"><\/div>\n\n<p>Bu nedenle Topluluk, sadece \u0130sa&#8217;yla birlikte kalarak, sadece onun l\u00fctfuna g\u00fcvenerek, kar\u015f\u0131la\u015ft\u0131\u011f\u0131 herkese<em>&#8220;ya\u015fayan suyu<\/em>&#8221; (Yuhanna 4:10; 7:38) sunabilece\u011finin fark\u0131ndad\u0131r.<\/p>\n\n<div style=\"height:30px\" aria-hidden=\"true\" class=\"wp-block-spacer\"><\/div>\n\n<p>Perugia&#8217;da Efkaristiya tap\u0131nmas\u0131n\u0131n Cemaat taraf\u0131ndan s\u00fcrekli olarak ya\u015fat\u0131ld\u0131\u011f\u0131 iki tarihi mekan bulunmaktad\u0131r: San Manno ve Madonna della Luce.<\/p>\n\n<div style=\"height:30px\" aria-hidden=\"true\" class=\"wp-block-spacer\"><\/div>\n\n<div class=\"wp-block-columns is-layout-flex wp-container-core-columns-is-layout-9d6595d7 wp-block-columns-is-layout-flex\">\n<div class=\"wp-block-column is-layout-flow wp-block-column-is-layout-flow\" style=\"flex-basis:48%\">\n<figure class=\"wp-block-image size-large\"><picture data-lightbox=\"https:\/\/comunitamagnificat.org\/wp-content\/uploads\/2021\/04\/Chiesa-di-San-Manno-scaled.jpg\"><source type='image\/jpeg' srcset='https:\/\/comunitamagnificat.org\/wp-content\/uploads\/2021\/04\/Chiesa-di-San-Manno-scaled.jpg 2560w, https:\/\/comunitamagnificat.org\/wp-content\/uploads\/2021\/04\/Chiesa-di-San-Manno-300x218.jpg 300w, https:\/\/comunitamagnificat.org\/wp-content\/uploads\/2021\/04\/Chiesa-di-San-Manno-1024x745.jpg 1024w, https:\/\/comunitamagnificat.org\/wp-content\/uploads\/2021\/04\/Chiesa-di-San-Manno-768x559.jpg 768w, https:\/\/comunitamagnificat.org\/wp-content\/uploads\/2021\/04\/Chiesa-di-San-Manno-1536x1118.jpg 1536w, https:\/\/comunitamagnificat.org\/wp-content\/uploads\/2021\/04\/Chiesa-di-San-Manno-2048x1490.jpg 2048w' sizes='(max-width: 2560px) 100vw, 2560px' \/><img loading=\"lazy\" decoding=\"async\" width=\"1024\" height=\"745\" src=\"https:\/\/comunitamagnificat.org\/wp-content\/uploads\/2021\/04\/Chiesa-di-San-Manno-1024x745.jpg\" alt=\"\" class=\"wp-image-621\"\/><\/picture><figcaption class=\"wp-element-caption\">San Manno Kilisesi&#8217;nin \u00f6n cephesi<\/figcaption><\/figure>\n<\/div>\n\n\n\n<div class=\"wp-block-column is-layout-flow wp-block-column-is-layout-flow\"><\/div>\n\n\n\n<div class=\"wp-block-column is-layout-flow wp-block-column-is-layout-flow\" style=\"flex-basis:23%\">\n<figure class=\"wp-block-image size-large\"><picture data-lightbox=\"https:\/\/comunitamagnificat.org\/wp-content\/uploads\/2021\/04\/Madonna-della-Luce-2-scaled.jpg\"><source type='image\/jpeg' srcset='https:\/\/comunitamagnificat.org\/wp-content\/uploads\/2021\/04\/Madonna-della-Luce-2-scaled.jpg 1706w, https:\/\/comunitamagnificat.org\/wp-content\/uploads\/2021\/04\/Madonna-della-Luce-2-200x300.jpg 200w, https:\/\/comunitamagnificat.org\/wp-content\/uploads\/2021\/04\/Madonna-della-Luce-2-683x1024.jpg 683w, https:\/\/comunitamagnificat.org\/wp-content\/uploads\/2021\/04\/Madonna-della-Luce-2-768x1152.jpg 768w, https:\/\/comunitamagnificat.org\/wp-content\/uploads\/2021\/04\/Madonna-della-Luce-2-1024x1536.jpg 1024w, https:\/\/comunitamagnificat.org\/wp-content\/uploads\/2021\/04\/Madonna-della-Luce-2-1365x2048.jpg 1365w' sizes='(max-width: 1706px) 100vw, 1706px' \/><img loading=\"lazy\" decoding=\"async\" width=\"683\" height=\"1024\" src=\"https:\/\/comunitamagnificat.org\/wp-content\/uploads\/2021\/04\/Madonna-della-Luce-2-683x1024.jpg\" alt=\"\" class=\"wp-image-546\"\/><\/picture><figcaption class=\"wp-element-caption\"><br\/>Madonna della Luce kilisesi giri\u015f kap\u0131s\u0131n\u0131n d\u0131\u015f\u0131ndan g\u00f6r\u00fcl\u00fcyor<\/figcaption><\/figure>\n<\/div>\n<\/div>\n\n<div style=\"height:50px\" aria-hidden=\"true\" class=\"wp-block-spacer\"><\/div>\n\n<p><\/p>\n","protected":false},"excerpt":{"rendered":"<p>Rab&#8217;bi ve O&#8217;nun g\u00fcc\u00fcn\u00fc aray\u0131n, her zaman O&#8217;nun y\u00fcz\u00fcn\u00fc aray\u0131n [104]Mezmurlar 105, 4 Tarcisio kehaneti ald\u0131\u011f\u0131nda &#8220;\u0130sa ile, \u0130sa \u00fczerine, in\u015fa et!&#8221; derken, t\u00fcm ba\u011flam a\u00e7\u0131k\u00e7a Efkaristikti: kilise, beyaz mermer sunak, \u015farap kadehi ve ev sahibi&#8230; Bu nedenleEfkaristiya tap\u0131nmas\u0131 Cemaatin susuzlu\u011funu giderdi\u011fi s\u00fcrekli bir kaynakt\u0131r: m\u00fcjdeleme i\u00e7in, her hizmet eylemi i\u00e7in, ruhani e\u015flik i\u00e7in ondan [&hellip;]<\/p>\n","protected":false},"author":3,"featured_media":10868,"parent":0,"menu_order":0,"comment_status":"closed","ping_status":"closed","template":"","meta":{"om_disable_all_campaigns":false,"_monsterinsights_skip_tracking":false,"_monsterinsights_sitenote_active":false,"_monsterinsights_sitenote_note":"","_monsterinsights_sitenote_category":0,"_uf_show_specific_survey":0,"_uf_disable_surveys":false,"footnotes":""},"class_list":["post-19198","page","type-page","status-publish","has-post-thumbnail","hentry"],"aioseo_notices":[],"_links":{"self":[{"href":"https:\/\/comunitamagnificat.org\/tr\/wp-json\/wp\/v2\/pages\/19198","targetHints":{"allow":["GET"]}}],"collection":[{"href":"https:\/\/comunitamagnificat.org\/tr\/wp-json\/wp\/v2\/pages"}],"about":[{"href":"https:\/\/comunitamagnificat.org\/tr\/wp-json\/wp\/v2\/types\/page"}],"author":[{"embeddable":true,"href":"https:\/\/comunitamagnificat.org\/tr\/wp-json\/wp\/v2\/users\/3"}],"replies":[{"embeddable":true,"href":"https:\/\/comunitamagnificat.org\/tr\/wp-json\/wp\/v2\/comments?post=19198"}],"version-history":[{"count":2,"href":"https:\/\/comunitamagnificat.org\/tr\/wp-json\/wp\/v2\/pages\/19198\/revisions"}],"predecessor-version":[{"id":22607,"href":"https:\/\/comunitamagnificat.org\/tr\/wp-json\/wp\/v2\/pages\/19198\/revisions\/22607"}],"wp:featuredmedia":[{"embeddable":true,"href":"https:\/\/comunitamagnificat.org\/tr\/wp-json\/wp\/v2\/media\/10868"}],"wp:attachment":[{"href":"https:\/\/comunitamagnificat.org\/tr\/wp-json\/wp\/v2\/media?parent=19198"}],"curies":[{"name":"wp","href":"https:\/\/api.w.org\/{rel}","templated":true}]}}