{"id":19199,"date":"2024-08-23T00:42:40","date_gmt":"2024-08-22T22:42:40","guid":{"rendered":"https:\/\/comunitamagnificat.org\/magnificat-toplulugunun-temelleri\/"},"modified":"2025-01-22T17:21:01","modified_gmt":"2025-01-22T16:21:01","slug":"magnificat-toplulugunun-temelleri","status":"publish","type":"page","link":"https:\/\/comunitamagnificat.org\/tr\/magnificat-toplulugunun-temelleri\/","title":{"rendered":"Magnificat Toplulu\u011funun Temelleri"},"content":{"rendered":"\n<div style=\"height:30px\" aria-hidden=\"true\" class=\"wp-block-spacer\"><\/div>\n\n<blockquote class=\"wp-block-quote is-layout-flow wp-block-quote-is-layout-flow\">\n<p><strong><em>Tek beden ve tek ruh<\/em><\/strong><br\/><strong><em>Bir olarak \u00e7a\u011fr\u0131ld\u0131\u011f\u0131n\u0131z umuttur,<\/em><\/strong><br\/><strong><em>mesle\u011finizin<\/em><\/strong><\/p>\n<cite><em>Efesliler <\/em>4, 4<\/cite><\/blockquote>\n\n<div style=\"height:30px\" aria-hidden=\"true\" class=\"wp-block-spacer\"><\/div>\n<div class=\"wp-block-image is-resized\">\n<figure class=\"aligncenter size-large\"><picture data-lightbox=\"https:\/\/comunitamagnificat.org\/wp-content\/uploads\/2021\/04\/Quattro-promesse.jpg\"><source type='image\/jpeg' srcset='https:\/\/comunitamagnificat.org\/wp-content\/uploads\/2021\/04\/Quattro-promesse.jpg 1744w, https:\/\/comunitamagnificat.org\/wp-content\/uploads\/2021\/04\/Quattro-promesse-288x300.jpg 288w, https:\/\/comunitamagnificat.org\/wp-content\/uploads\/2021\/04\/Quattro-promesse-984x1024.jpg 984w, https:\/\/comunitamagnificat.org\/wp-content\/uploads\/2021\/04\/Quattro-promesse-768x799.jpg 768w, https:\/\/comunitamagnificat.org\/wp-content\/uploads\/2021\/04\/Quattro-promesse-1476x1536.jpg 1476w' sizes='(max-width: 1744px) 100vw, 1744px' \/><img loading=\"lazy\" decoding=\"async\" width=\"984\" height=\"1024\" src=\"https:\/\/comunitamagnificat.org\/wp-content\/uploads\/2021\/04\/Quattro-promesse-984x1024.jpg\" alt=\"\" class=\"wp-image-486\"\/><\/picture><\/figure>\n<\/div>\n<div style=\"height:30px\" aria-hidden=\"true\" class=\"wp-block-spacer\"><\/div>\n\n<p class=\"has-text-align-center\"><strong>Magnificat Toplulu\u011fu <em>T\u00fcz\u00fc\u011f\u00fcne<\/em><em>\u00d6ns\u00f6z <\/em><\/strong> *<\/p>\n\n<div style=\"height:30px\" aria-hidden=\"true\" class=\"wp-block-spacer\"><\/div>\n\n<p class=\"has-text-align-center\"><br\/><br\/><br\/><br\/>Magnificat Toplulu\u011fu, merkezinde tek Rab \u0130sa Mesih&#8217;in bulundu\u011fu bir Antla\u015fma Toplulu\u011fudur. T\u00fcm topluluk ya\u015fam\u0131, ba\u015flang\u0131\u00e7tan beri temel ve peygamberlik s\u00f6z\u00fc olarak kabul edilen bir s\u00f6z temelinde geli\u015ftirilmi\u015ftir: &#8220;\u0130sa ile, \u0130sa \u00fczerine, in\u015fa edin&#8221;.<\/p>\n\n<div style=\"height:30px\" aria-hidden=\"true\" class=\"wp-block-spacer\"><\/div>\n\n<p class=\"has-text-align-center\"><br\/><br\/><br\/><br\/><br\/><br\/>Asl\u0131nda H\u0131ristiyanl\u0131\u011f\u0131n bir doktrin ya da ahlak olmaktan \u00f6nce \u0130sa Mesih&#8217;in \u015fahs\u0131n\u0131n ta kendisi oldu\u011funa inan\u0131yoruz. Onunla tan\u0131\u015fan ve onu tecr\u00fcbe edenler, onu tan\u0131ma arzusuyla yan\u0131p tutu\u015fur ve ya\u015famlar\u0131n\u0131 onun ad\u0131na Kilise&#8217;nin Magisterium&#8217;unun yetkili bir \u015fekilde yeniden \u00f6nerdi\u011fi ve g\u00fcncelledi\u011fi \u00f6\u011fretilerini model almak isterler.<\/p>\n\n<div style=\"height:30px\" aria-hidden=\"true\" class=\"wp-block-spacer\"><\/div>\n\n<p class=\"has-text-align-center\"><br\/><br\/>Topluluk ya\u015fam\u0131m\u0131z\u0131n ba\u015flang\u0131c\u0131nda, bizi seven ve bizi bir araya getirerek karde\u015flerimize de kendisini sevme l\u00fctfunu veren Mesih&#8217;in sevgisi oldu\u011funa inan\u0131yoruz.<\/p>\n\n<div style=\"height:30px\" aria-hidden=\"true\" class=\"wp-block-spacer\"><\/div>\n\n<p class=\"has-text-align-center\"><br\/><br\/>Cemaatin, her g\u00fcn Efendimiz ve \u00dcstad\u0131m\u0131z Mesih&#8217;in okulunda ya\u015famaya \u00e7al\u0131\u015ft\u0131\u011f\u0131m\u0131z,<em>g\u00f6r\u00fcnmez duvarlar\u0131 olan bir manast\u0131r<\/em> oldu\u011funa inan\u0131yoruz.<\/p>\n\n<div style=\"height:30px\" aria-hidden=\"true\" class=\"wp-block-spacer\"><\/div>\n\n<p class=\"has-text-align-center\"><br\/><br\/><br\/><br\/><br\/><br\/><br\/>Cemaatin ya\u015fam\u0131n\u0131 kutlanan, tap\u0131n\u0131lan ve ya\u015fanan Efkaristiya \u00fczerine in\u015fa etmeye \u00e7a\u011fr\u0131ld\u0131\u011f\u0131na inan\u0131yoruz. Tanr\u0131&#8217;n\u0131n plan\u0131n\u0131 ger\u00e7ekle\u015ftirmek i\u00e7in gerekli g\u00fcc\u00fc onda bulur; bu nedenle her Karde\u015fli\u011fin Efkaristiya ruhanili\u011fini tap\u0131nma yoluyla besleyebilece\u011fi bir yeri vard\u0131r.<\/p>\n\n<div style=\"height:30px\" aria-hidden=\"true\" class=\"wp-block-spacer\"><\/div>\n\n<p class=\"has-text-align-center\"><br\/><br\/><br\/><br\/>Tanr\u0131&#8217;y\u0131 ve karde\u015flerimizi \u00f6zverili bir sevgiyle sevebilmemiz ve \u00f6zg\u00fcr olabilmemiz i\u00e7in Rab&#8217;<em>bin<\/em> bizi<em>&#8216;D\u00f6rt Vaat<\/em>&#8216; <em>in<\/em> ruhuna g\u00f6re ya\u015famaya \u00e7a\u011f\u0131rd\u0131\u011f\u0131na inan\u0131yoruz:<em>Yoksulluk<\/em>, <em>Kal\u0131c\u0131 Ba\u011f\u0131\u015flama<\/em>, <em>Sevgi \u0130n\u015fa<\/em> <em>Etme<\/em>, <em>Hizmet<\/em>.<\/p>\n\n<div style=\"height:30px\" aria-hidden=\"true\" class=\"wp-block-spacer\"><\/div>\n\n<p class=\"has-text-align-center\"><br\/><br\/><br\/>Topluluk hayat\u0131 ya\u015faman\u0131n birincil ve gerekli ko\u015fulunun <em>Yoksulluk<\/em> oldu\u011funa inan\u0131yoruz; bununla birlikte d\u00fcnya i\u00e7in bir i\u015faret olan sade ve \u00f6l\u00e7\u00fcl\u00fc bir ya\u015fam tarz\u0131n\u0131 se\u00e7iyoruz.<\/p>\n\n<div style=\"height:30px\" aria-hidden=\"true\" class=\"wp-block-spacer\"><\/div>\n\n<p class=\"has-text-align-center\"><br\/><br\/><br\/>K <em>al\u0131c\u0131 Ba\u011f\u0131\u015flaman\u0131n<\/em> bizi \u0130sa&#8217;n\u0131n bizi ba\u011f\u0131\u015flad\u0131\u011f\u0131 gibi ba\u011f\u0131\u015flamaya ve yarg\u0131lama e\u011filimiyle sava\u015fmaya istekli hale getirdi\u011fine inan\u0131yoruz.<\/p>\n\n<div style=\"height:30px\" aria-hidden=\"true\" class=\"wp-block-spacer\"><\/div>\n\n<p class=\"has-text-align-center\"><br\/><br\/><br\/>S <em>evginin \u0130n\u015fas\u0131&#8217;<\/em>n\u0131n bizi her bir karde\u015fimizde Mesih&#8217;i <em>n<\/em> ki\u015fili\u011fini tan\u0131maya y\u00f6neltti\u011fine ve ger\u00e7ek uzla\u015fmaya do\u011fru ilk ad\u0131m\u0131 atarak hatal\u0131 ili\u015fkileri \u00e7\u00f6zmemizi sa\u011flad\u0131\u011f\u0131na inan\u0131yoruz.<\/p>\n\n<div style=\"height:30px\" aria-hidden=\"true\" class=\"wp-block-spacer\"><\/div>\n\n<p class=\"has-text-align-center\"><br\/><br\/><br\/>Toplulukta<em>ruhani refakatin<\/em> <em>kar\u015f\u0131l\u0131kl\u0131 teslimiyetin<\/em> somut bir bi\u00e7imini ger\u00e7ekle\u015ftirdi\u011fine inan\u0131yoruz (bkz.<em>Efesliler<\/em> 5:21). Bu, bedenin her bir \u00fcyesine duydu\u011fu sevginin bir ifadesidir ve ya\u015fam\u0131n her alan\u0131n\u0131 kucaklar.<\/p>\n\n<div style=\"height:30px\" aria-hidden=\"true\" class=\"wp-block-spacer\"><\/div>\n\n<p class=\"has-text-align-center\"><br\/><br\/>Efkaristiya&#8217;n\u0131n yaratt\u0131\u011f\u0131 hay\u0131rseverli\u011fin bizi Tanr\u0131&#8217;ya, yoksullara, insanl\u0131\u011fa ve Kilise&#8217;ye hizmet ederek ya\u015famak i\u00e7in<em>&#8220;y\u00fcre\u011fi c\u00f6mert<\/em>&#8220;<em>(\u00c7\u0131k\u0131\u015f<\/em> 25:2) k\u0131ld\u0131\u011f\u0131na inan\u0131yoruz.<\/p>\n\n<div style=\"height:30px\" aria-hidden=\"true\" class=\"wp-block-spacer\"><\/div>\n\n<p class=\"has-text-align-center\"><br\/><br\/><br\/><br\/>M <em>agnificat<\/em> isminin, Cemaatin her bir \u00fcyesinin, \u0130sa&#8217;n\u0131n arma\u011fan\u0131n\u0131 al\u0131r almaz onu Elizabet&#8217;e g\u00f6t\u00fcrmek i\u00e7in acele eden Meryem gibi,<em>tefekk\u00fcr\u00fc<\/em><em>eylemle<\/em> birle\u015ftirmeyi ama\u00e7lad\u0131\u011f\u0131n\u0131 g\u00f6sterdi\u011fine inan\u0131yoruz.<\/p>\n\n<div style=\"height:30px\" aria-hidden=\"true\" class=\"wp-block-spacer\"><\/div>\n\n<p class=\"has-text-align-center\"><br\/><br\/><br\/><br\/>Cemaatin <em>yeni m\u00fcjdeleme<\/em> i\u00e7in do\u011fdu\u011funa inan\u0131yoruz. Bu misyonu kendisi i\u00e7in de\u011fil, Kilise i\u00e7in yerine getirir ve bunu kendi ya\u015fam tan\u0131kl\u0131\u011f\u0131 ve M\u00fcjde&#8217;nin ilan\u0131 yoluyla ger\u00e7ekle\u015ftirir.<\/p>\n\n<div style=\"height:30px\" aria-hidden=\"true\" class=\"wp-block-spacer\"><\/div>\n\n<p class=\"has-text-align-center\"><br\/><br\/><br\/><br\/>M <em>esih&#8217;in b\u00f6l\u00fcnemeyece\u011fine<\/em> inan\u0131yoruz (\u00e7apraz<em>ba\u015fvuru<\/em> <em>1 Korintliler<\/em> 1:13), bu nedenle Cemaat t\u00fcm H\u0131ristiyanlarla birlik i\u00e7indedir ve Tanr\u0131&#8217;n\u0131n halk\u0131n\u0131n<em>&#8220;her yerde Rabbimiz \u0130sa Mesih&#8217;in ad\u0131n\u0131 \u00e7a\u011f\u0131ran herkesle birlikte<\/em>&#8220;<em>(1 Korintliler<\/em> 1:2) birli\u011fini arar.<\/p>\n\n<div style=\"height:50px\" aria-hidden=\"true\" class=\"wp-block-spacer\"><\/div>\n\n<hr class=\"wp-block-separator has-css-opacity\"\/>\n\n<p class=\"has-text-align-left\"><em>* Perugia &#8211; Citt\u00e0 della Pieve Ba\u015fpiskoposu Monseny\u00f6r Giuseppe Chiaretti taraf\u0131ndan onaylanan metin,<\/em> <em>ve 4 Ocak 2005 tarihinde Toplulu\u011fa teslim edilmi\u015ftir,<\/em> <em>o d\u00f6nemde Montesilvano&#8217;da (PE) d\u00fczenlenen 5. Genel Kongre vesilesiyle.<\/em><\/p>\n\n<div style=\"height:50px\" aria-hidden=\"true\" class=\"wp-block-spacer\"><\/div>\n","protected":false},"excerpt":{"rendered":"<p>Tek beden ve tek ruhBir olarak \u00e7a\u011fr\u0131ld\u0131\u011f\u0131n\u0131z umuttur,mesle\u011finizin Efesliler 4, 4 Magnificat Toplulu\u011fu T\u00fcz\u00fc\u011f\u00fcne\u00d6ns\u00f6z * Magnificat Toplulu\u011fu, merkezinde tek Rab \u0130sa Mesih&#8217;in bulundu\u011fu bir Antla\u015fma Toplulu\u011fudur. T\u00fcm topluluk ya\u015fam\u0131, ba\u015flang\u0131\u00e7tan beri temel ve peygamberlik s\u00f6z\u00fc olarak kabul edilen bir s\u00f6z temelinde geli\u015ftirilmi\u015ftir: &#8220;\u0130sa ile, \u0130sa \u00fczerine, in\u015fa edin&#8221;. Asl\u0131nda H\u0131ristiyanl\u0131\u011f\u0131n bir doktrin ya da ahlak [&hellip;]<\/p>\n","protected":false},"author":3,"featured_media":10840,"parent":0,"menu_order":0,"comment_status":"closed","ping_status":"closed","template":"","meta":{"om_disable_all_campaigns":false,"_monsterinsights_skip_tracking":false,"_monsterinsights_sitenote_active":false,"_monsterinsights_sitenote_note":"","_monsterinsights_sitenote_category":0,"_uf_show_specific_survey":0,"_uf_disable_surveys":false,"footnotes":""},"class_list":["post-19199","page","type-page","status-publish","has-post-thumbnail","hentry"],"aioseo_notices":[],"_links":{"self":[{"href":"https:\/\/comunitamagnificat.org\/tr\/wp-json\/wp\/v2\/pages\/19199","targetHints":{"allow":["GET"]}}],"collection":[{"href":"https:\/\/comunitamagnificat.org\/tr\/wp-json\/wp\/v2\/pages"}],"about":[{"href":"https:\/\/comunitamagnificat.org\/tr\/wp-json\/wp\/v2\/types\/page"}],"author":[{"embeddable":true,"href":"https:\/\/comunitamagnificat.org\/tr\/wp-json\/wp\/v2\/users\/3"}],"replies":[{"embeddable":true,"href":"https:\/\/comunitamagnificat.org\/tr\/wp-json\/wp\/v2\/comments?post=19199"}],"version-history":[{"count":3,"href":"https:\/\/comunitamagnificat.org\/tr\/wp-json\/wp\/v2\/pages\/19199\/revisions"}],"predecessor-version":[{"id":22587,"href":"https:\/\/comunitamagnificat.org\/tr\/wp-json\/wp\/v2\/pages\/19199\/revisions\/22587"}],"wp:featuredmedia":[{"embeddable":true,"href":"https:\/\/comunitamagnificat.org\/tr\/wp-json\/wp\/v2\/media\/10840"}],"wp:attachment":[{"href":"https:\/\/comunitamagnificat.org\/tr\/wp-json\/wp\/v2\/media?parent=19199"}],"curies":[{"name":"wp","href":"https:\/\/api.w.org\/{rel}","templated":true}]}}