{"id":19209,"date":"2024-08-23T00:43:18","date_gmt":"2024-08-22T22:43:18","guid":{"rendered":"https:\/\/comunitamagnificat.org\/meslektas-hukumeti\/"},"modified":"2025-01-22T18:51:13","modified_gmt":"2025-01-22T17:51:13","slug":"meslektas-hukumeti","status":"publish","type":"page","link":"https:\/\/comunitamagnificat.org\/tr\/meslektas-hukumeti\/","title":{"rendered":"Meslekta\u015f h\u00fck\u00fcmeti"},"content":{"rendered":"\n<div style=\"height:30px\" aria-hidden=\"true\" class=\"wp-block-spacer\"><\/div>\n\n<blockquote class=\"wp-block-quote is-layout-flow wp-block-quote-is-layout-flow\">\n<p><em><strong>El\u00e7iler ve ihtiyarlar topland\u0131<\/strong><\/em><br\/><em><strong>bu sorunu incelemek i\u00e7in<\/strong><\/em><\/p>\n<cite><em>El\u00e7ilerin \u0130\u015fleri<\/em> 15:6<\/cite><\/blockquote>\n\n<div style=\"height:30px\" aria-hidden=\"true\" class=\"wp-block-spacer\"><\/div>\n\n<p>Magnificat Toplulu\u011fu, mesle\u011fini d\u00fczenli ve sad\u0131k bir \u015fekilde somutla\u015ft\u0131rmak i\u00e7in bir dizi hesap verebilirlik hizmeti geli\u015ftirmi\u015ftir. Bunlar\u0131n her biri \u00fc\u00e7 ila be\u015f karde\u015ften olu\u015fur; liderler toplulu\u011funu d\u0131\u015far\u0131da temsil etmek \u00fczere bunlar\u0131n her birinden bir moderat\u00f6r se\u00e7ilir.<\/p>\n\n<div style=\"height:30px\" aria-hidden=\"true\" class=\"wp-block-spacer\"><\/div>\n\n<p>Cemaat, her alanda al\u0131nacak kararlar\u0131n, Tanr\u0131&#8217;n\u0131n iradesini s\u00fcrekli arayarak dua i\u00e7inde ya\u015fanan ortak bir muhakemenin sonucu olmas\u0131 gerekti\u011fine inan\u0131r. Bu nedenle sorumlular, karde\u015flikleri y\u00f6netme ya da genel alandaki pastoral \u00e7al\u0131\u015fmalar\u0131nda, kendilerine emanet edilen karde\u015flere hizmet etmek i\u00e7in gerekli olan karizmalar\u0131 Tanr\u0131&#8217;dan istemek i\u00e7in her zaman ortak duay\u0131 ilk s\u0131raya koyarlar ve yetkileri dahilindeki konular\u0131, \u00f6zellikle de daha b\u00fcy\u00fck \u00f6neme sahip olanlar\u0131 inceledikten sonra, Rab&#8217;den dua ederek kendilerini de s\u00f6z\u00fc arac\u0131l\u0131\u011f\u0131yla ayd\u0131nlatmas\u0131n\u0131 istemeye geri d\u00f6nerler.<\/p>\n\n<div style=\"height:30px\" aria-hidden=\"true\" class=\"wp-block-spacer\"><\/div>\n\n<p>Bu hareket tarz\u0131ndan, Toplulu\u011fun y\u00f6netim organlar\u0131n\u0131n her kararda daima oybirli\u011fi i\u00e7in \u00e7aba g\u00f6sterdikleri sonucu \u00e7\u0131kmaktad\u0131r.<\/p>\n\n<div style=\"height:30px\" aria-hidden=\"true\" class=\"wp-block-spacer\"><\/div>\n\n<p>Bu nedenle, Toplulu\u011fun <em>Tanr\u0131s\u0131yla al\u00e7akg\u00f6n\u00fcll\u00fcl\u00fckle y\u00fcr\u00fcmeye<\/em> \u00e7al\u0131\u015fmak i\u00e7in kulland\u0131\u011f\u0131 bir meslekta\u015f y\u00f6netimi t\u00fcr\u00fcd\u00fcr (bkz. Mika 6:8).<\/p>\n\n<p>A\u015fa\u011f\u0131da, Toplulu\u011fun Karde\u015flik d\u00fczeyinde ve genel d\u00fczeyde nas\u0131l y\u00f6netildi\u011fine dair baz\u0131 ipu\u00e7lar\u0131 veriyoruz.<\/p>\n\n<div style=\"height:30px\" aria-hidden=\"true\" class=\"wp-block-spacer\"><\/div>\n\n<p><strong>Karde\u015flik d\u00fczeyinde<\/strong><\/p>\n\n<p>Her Karde\u015flik &#8211; her \u00fc\u00e7 y\u0131lda bir &#8211; \u00fc\u00e7 ila be\u015f ki\u015fi se\u00e7er <strong><em>liderler<\/em><\/strong> (30&#8217;dan az m\u00fcttefiki olan Karde\u015flikler i\u00e7in \u00fc\u00e7, di\u011ferleri i\u00e7in be\u015f); bir ki\u015fi en fazla iki kez \u00fcst \u00fcste sorumlu makam\u0131nda bulunabilir. Se\u00e7ilebilmeniz i\u00e7in en az \u00fc\u00e7 y\u0131ld\u0131r m\u00fcttefik olman\u0131z gerekir. <\/p>\n\n<div style=\"height:30px\" aria-hidden=\"true\" class=\"wp-block-spacer\"><\/div>\n\n<p>Karde\u015fli\u011fin ya\u015fam\u0131n\u0131 verimli ve d\u00fczenli k\u0131lmakla g\u00f6revlendirilen bu ki\u015filerin \u00e7e\u015fitli g\u00f6revleri vard\u0131r.\nBunlar aras\u0131nda \u015funlar yer al\u0131r: karde\u015flik ya\u015fam\u0131n\u0131n geli\u015ftirilmesi ve m\u00fcttefiklerin olu\u015fturulmas\u0131 i\u00e7in gerekli faaliyetleri te\u015fvik etmek; B\u00fcy\u00fcme Yolunu uygulamak; ruhani refakat\u00e7ilerin olu\u015fumuyla ilgilenmek; Karde\u015flik havarili\u011finin \u00e7al\u0131\u015fmalar\u0131n\u0131 te\u015fvik etmek. <\/p>\n\n<div style=\"height:30px\" aria-hidden=\"true\" class=\"wp-block-spacer\"><\/div>\n\n<p><strong>Genel d\u00fczeyde<\/strong><\/p>\n\n<p>Ana y\u00f6netim organ\u0131<strong><em>Genel Kurul<\/em><\/strong> T\u00fcm Toplulu\u011fu etkileyen konular\u0131 g\u00f6r\u00fc\u015fmek \u00fczere y\u0131lda en az bir kez toplan\u0131r; Karde\u015fliklerin t\u00fcm <em>Moderat\u00f6rlerini <\/em>, <em>Genel M\u00fcd\u00fcrleri<\/em>, <em>Genel Sayman\u0131<\/em> ve <em>Ya\u015fl\u0131lar\u0131<\/em> (toplam \u00fcyeli\u011fin \u00fc\u00e7te birini a\u015fmayacak say\u0131da) i\u00e7erir ve \u00fc\u00e7 y\u0131l s\u00fcreyle g\u00f6rev yapar.<\/p>\n\n<div style=\"height:30px\" aria-hidden=\"true\" class=\"wp-block-spacer\"><\/div>\n\n<p>Genel Kurul&#8217;un g\u00f6revleri \u015funlard\u0131r:<\/p>\n\n<p>(a) Toplulu\u011fun genel ilkelerini belirlemek;<\/p>\n\n<p>b) <em>Genel M\u00fcd\u00fcrleri <\/em>ve bunlar aras\u0131ndan <em>Genel Moderat\u00f6r\u00fc<\/em> se\u00e7mek;<\/p>\n\n<p>c) <em>Genel Sayman\u0131<\/em> se\u00e7mek;<\/p>\n\n<p>d) <em>Karde\u015flik Liderlerinin<\/em> \u00f6nerisi \u00fczerine <em>\u0130htiyar <\/em>Heyetini se\u00e7er ve onlar\u0131 g\u00f6revden al\u0131r;<\/p>\n\n<p>e) <em>Laiklik, Aile ve Ya\u015fam Manast\u0131r\u0131<\/em>&#8216;na, oy kullananlar\u0131n \u00fc\u00e7te iki \u00e7o\u011funlu\u011fuyla onaylanan T\u00fcz\u00fck de\u011fi\u015fiklikleri \u00f6nermek;<\/p>\n\n<p>f) <em>\u0130\u00e7t\u00fcz\u00fc\u011f\u00fc ve bu \u0130\u00e7t\u00fcz\u00fckte <\/em>yap\u0131lacak de\u011fi\u015fiklikleri onaylamak;<\/p>\n\n<p>g) Toplulu\u011fun b\u00fct\u00e7esini ve mali tablolar\u0131n\u0131 y\u0131ll\u0131k olarak onaylamak;<\/p>\n\n<p>(h) ekonomi y\u00f6netimine ili\u015fkin kararlar almak;<\/p>\n\n<p>(i) <em>Genel M\u00fcd\u00fcrl\u00fck <\/em>g\u00f6revinin, bu g\u00f6reve uygun g\u00f6revlerin ciddi \u015fekilde ihmal edilmesi nedeniyle iptal edilmesini m\u00fczakere etmek.<\/p>\n\n<div style=\"height:30px\" aria-hidden=\"true\" class=\"wp-block-spacer\"><\/div>\n\n<p>Genel Kurul taraf\u0131ndan belirlenen y\u00f6nergelerin uygulay\u0131c\u0131lar\u0131 be\u015f kurumdur <strong><em>Genel M\u00fcd\u00fcrler<\/em><\/strong>Bu ki\u015filer \u00fc\u00e7 y\u0131l s\u00fcreyle g\u00f6rev yapar ve \u00fcst \u00fcste bir kez ve toplamda \u00fc\u00e7 d\u00f6nemden fazla olmamak \u00fczere yeniden se\u00e7ilebilirler. Bu <strong><em>Genel Moderat\u00f6r<\/em><\/strong>Genel Kurul taraf\u0131ndan aralar\u0131ndan se\u00e7ilir, Toplulu\u011fu d\u0131\u015far\u0131da temsil eder, Genel <em>M\u00fcd\u00fcrler<\/em>,<em>Genel Kurul<\/em>, <em>\u0130htiyarlar<\/em> Heyeti ve <em>Dan\u0131\u015fmanlar<\/em> Heyeti toplant\u0131lar\u0131n\u0131 d\u00fczenler ve bunlara ba\u015fkanl\u0131k eder. <\/p>\n\n<div style=\"height:30px\" aria-hidden=\"true\" class=\"wp-block-spacer\"><\/div>\n\n<p>Di\u011ferlerinin yan\u0131 s\u0131ra <em>Genel M\u00fcd\u00fcrlerin<\/em> ba\u015fl\u0131ca g\u00f6revleri \u015funlard\u0131r:<\/p>\n\n<p>&#8211; Manevi miras\u0131n\u0131 aktararak Toplulu\u011fun hedeflerini ger\u00e7ekle\u015ftirmeyi ama\u00e7layan giri\u015fimler olu\u015fturmak;<\/p>\n\n<p>&#8211; Y\u0131ll\u0131k B\u00fcy\u00fcme Yolunu haz\u0131rlay\u0131n;<\/p>\n\n<p>&#8211; Toplulu\u011fun ama\u00e7lar\u0131na ula\u015fmak i\u00e7in gerekli t\u00fcm ola\u011fan ve ola\u011fan\u00fcst\u00fc y\u00f6netim eylemlerini ger\u00e7ekle\u015ftirmek.<\/p>\n\n<p>&#8211; Karde\u015fliklerin ve olu\u015fum halindeki karde\u015fliklerin kurulmas\u0131na veya bast\u0131r\u0131lmas\u0131na karar vermek.<\/p>\n\n<div style=\"height:30px\" aria-hidden=\"true\" class=\"wp-block-spacer\"><\/div>\n\n<p><em>Genel M\u00fcd\u00fcrlere<\/em> hizmetlerinde a\u015fa\u011f\u0131daki ki\u015filer yard\u0131mc\u0131 olur <strong><em>Genel Ruhani Dan\u0131\u015fman<\/em><\/strong>Onlar taraf\u0131ndan atanan bir papaz, sakramental ya\u015fam\u0131, teolojik ve \u0130ncil formasyonunu te\u015fvik ederek ve Katolik Kilisesi&#8217;nin Magisterium&#8217;una sadakati sa\u011flayarak onlara ve Genel Kurul&#8217;a yard\u0131mc\u0131 olur. G\u00f6rev s\u00fcresi <em>Genel M\u00fcd\u00fcrlerin<\/em> g\u00f6rev s\u00fcresiyle ayn\u0131 zamana denk gelecek \u015fekilde \u00fc\u00e7 y\u0131l s\u00fcrer ve sadece bir kez yenilenebilir. Genel Ruhani Dan\u0131\u015fman, oy hakk\u0131 olmasa da Genel <em>M\u00fcd\u00fcrler<\/em> ve<em>Genel Kurul<\/em> toplant\u0131lar\u0131na kat\u0131l\u0131r.  <\/p>\n\n<p>Son olarak, genel m\u00fcd\u00fcrlere hizmetlerinde yard\u0131mc\u0131 olan bir ba\u015fka organ daha vard\u0131r: <strong><em>Dan\u0131\u015fmanlar Koleji<\/em><\/strong>. Bunlar, <em>Genel M\u00fcd\u00fcrlerin<\/em> se\u00e7ilmesi vesilesiyle<em>Genel Kurul <\/em>taraf\u0131ndan her \u00fc\u00e7 y\u0131lda bir se\u00e7ilen Toplulu\u011fun yedi k\u0131demli \u00fcyesidir ve g\u00f6revleri art arda sadece iki kez yenilenebilir. Kendilerine dan\u0131\u015f\u0131lan t\u00fcm konularda, ancak \u00f6zellikle de <em>karde\u015fliklerin <\/em>kurulmas\u0131 veya bast\u0131r\u0131lmas\u0131 ya da sorumlu ki\u015finin g\u00f6revinin iptali gibi daha ciddi konularda Genel M\u00fcd\u00fcrlere ba\u011flay\u0131c\u0131 olmayan g\u00f6r\u00fc\u015fler verir.  <\/p>\n\n<div style=\"height:50px\" aria-hidden=\"true\" class=\"wp-block-spacer\"><\/div>\n\n<p><\/p>\n","protected":false},"excerpt":{"rendered":"<p>El\u00e7iler ve ihtiyarlar topland\u0131bu sorunu incelemek i\u00e7in El\u00e7ilerin \u0130\u015fleri 15:6 Magnificat Toplulu\u011fu, mesle\u011fini d\u00fczenli ve sad\u0131k bir \u015fekilde somutla\u015ft\u0131rmak i\u00e7in bir dizi hesap verebilirlik hizmeti geli\u015ftirmi\u015ftir. Bunlar\u0131n her biri \u00fc\u00e7 ila be\u015f karde\u015ften olu\u015fur; liderler toplulu\u011funu d\u0131\u015far\u0131da temsil etmek \u00fczere bunlar\u0131n her birinden bir moderat\u00f6r se\u00e7ilir. Cemaat, her alanda al\u0131nacak kararlar\u0131n, Tanr\u0131&#8217;n\u0131n iradesini s\u00fcrekli arayarak [&hellip;]<\/p>\n","protected":false},"author":3,"featured_media":10952,"parent":0,"menu_order":0,"comment_status":"closed","ping_status":"closed","template":"","meta":{"om_disable_all_campaigns":false,"_monsterinsights_skip_tracking":false,"_monsterinsights_sitenote_active":false,"_monsterinsights_sitenote_note":"","_monsterinsights_sitenote_category":0,"_uf_show_specific_survey":0,"_uf_disable_surveys":false,"footnotes":""},"class_list":["post-19209","page","type-page","status-publish","has-post-thumbnail","hentry"],"aioseo_notices":[],"_links":{"self":[{"href":"https:\/\/comunitamagnificat.org\/tr\/wp-json\/wp\/v2\/pages\/19209","targetHints":{"allow":["GET"]}}],"collection":[{"href":"https:\/\/comunitamagnificat.org\/tr\/wp-json\/wp\/v2\/pages"}],"about":[{"href":"https:\/\/comunitamagnificat.org\/tr\/wp-json\/wp\/v2\/types\/page"}],"author":[{"embeddable":true,"href":"https:\/\/comunitamagnificat.org\/tr\/wp-json\/wp\/v2\/users\/3"}],"replies":[{"embeddable":true,"href":"https:\/\/comunitamagnificat.org\/tr\/wp-json\/wp\/v2\/comments?post=19209"}],"version-history":[{"count":2,"href":"https:\/\/comunitamagnificat.org\/tr\/wp-json\/wp\/v2\/pages\/19209\/revisions"}],"predecessor-version":[{"id":22664,"href":"https:\/\/comunitamagnificat.org\/tr\/wp-json\/wp\/v2\/pages\/19209\/revisions\/22664"}],"wp:featuredmedia":[{"embeddable":true,"href":"https:\/\/comunitamagnificat.org\/tr\/wp-json\/wp\/v2\/media\/10952"}],"wp:attachment":[{"href":"https:\/\/comunitamagnificat.org\/tr\/wp-json\/wp\/v2\/media?parent=19209"}],"curies":[{"name":"wp","href":"https:\/\/api.w.org\/{rel}","templated":true}]}}