{"id":19211,"date":"2024-08-23T00:43:21","date_gmt":"2024-08-22T22:43:21","guid":{"rendered":"https:\/\/comunitamagnificat.org\/genel-bakanliklar\/"},"modified":"2025-01-22T19:09:24","modified_gmt":"2025-01-22T18:09:24","slug":"genel-bakanliklar","status":"publish","type":"page","link":"https:\/\/comunitamagnificat.org\/tr\/genel-bakanliklar\/","title":{"rendered":"Genel Hizmetler"},"content":{"rendered":"\n<div style=\"height:30px\" aria-hidden=\"true\" class=\"wp-block-spacer\"><\/div>\n\n<blockquote class=\"wp-block-quote is-layout-flow wp-block-quote-is-layout-flow\">\n<p><strong><em>A<\/em><\/strong><em><strong> herkese Ruh&#8217;un belirli bir tezah\u00fcr\u00fc verilir<\/strong><\/em><br\/><em><strong>kamu yarar\u0131 i\u00e7in<\/strong><\/em><\/p>\n<cite><em>1 Korintliler<\/em> 12:7<\/cite><\/blockquote>\n\n<div style=\"height:30px\" aria-hidden=\"true\" class=\"wp-block-spacer\"><\/div>\n\n<p>Topluluk b\u00fcy\u00fcd\u00fck\u00e7e &#8211; ve birka\u00e7 k\u0131taya yay\u0131ld\u0131k\u00e7a &#8211; topluluk ya\u015fam\u0131n\u0131n \u00f6nemli y\u00f6nleriyle genel d\u00fczeyde ilgilenecek hizmetlerin kurulmas\u0131 gerekli hale geldi.<\/p>\n\n<div style=\"height:30px\" aria-hidden=\"true\" class=\"wp-block-spacer\"><\/div>\n\n<p>Her biri kendi alan\u0131nda, Karde\u015fliklere formasyon ve &#8216;tavsiye&#8217; sa\u011flama g\u00f6revine sahiptir.<\/p>\n\n<div style=\"height:30px\" aria-hidden=\"true\" class=\"wp-block-spacer\"><\/div>\n\n<p>Bu departmanlar, \u00fcyelerini atayan genel m\u00fcd\u00fcrlere do\u011frudan rapor verirler.<\/p>\n\n<div style=\"height:30px\" aria-hidden=\"true\" class=\"wp-block-spacer\"><\/div>\n\n<p>Bug\u00fcne kadar bu alanlarda genel hizmetler olu\u015fturulmu\u015ftur:<\/p>\n\n<div style=\"height:30px\" aria-hidden=\"true\" class=\"wp-block-spacer\"><\/div>\n\n<ul class=\"wp-block-list\">\n<li><em>Gen\u00e7lik Genel Ekibi<\/em><\/li>\n\n\n\n<li><em>Manevi e\u015flik<\/em><\/li>\n\n\n\n<li><em>Kutsanm\u0131\u015f<\/em><\/li>\n\n\n\n<li><em>\u00d6\u011frencilik<\/em><\/li>\n\n\n\n<li><em>\u0130ttifak E\u011fitimi<\/em><\/li>\n\n\n\n<li><em>Koinonia<\/em><\/li>\n\n\n\n<li><em>G\u00f6revler<\/em><\/li>\n\n\n\n<li><em>M\u00fczik ve \u015fark\u0131 s\u00f6yleme<\/em><\/li>\n<\/ul>\n\n<div style=\"height:50px\" aria-hidden=\"true\" class=\"wp-block-spacer\"><\/div>\n","protected":false},"excerpt":{"rendered":"<p>A herkese Ruh&#8217;un belirli bir tezah\u00fcr\u00fc verilirkamu yarar\u0131 i\u00e7in 1 Korintliler 12:7 Topluluk b\u00fcy\u00fcd\u00fck\u00e7e &#8211; ve birka\u00e7 k\u0131taya yay\u0131ld\u0131k\u00e7a &#8211; topluluk ya\u015fam\u0131n\u0131n \u00f6nemli y\u00f6nleriyle genel d\u00fczeyde ilgilenecek hizmetlerin kurulmas\u0131 gerekli hale geldi. Her biri kendi alan\u0131nda, Karde\u015fliklere formasyon ve &#8216;tavsiye&#8217; sa\u011flama g\u00f6revine sahiptir. Bu departmanlar, \u00fcyelerini atayan genel m\u00fcd\u00fcrlere do\u011frudan rapor verirler. Bug\u00fcne kadar bu [&hellip;]<\/p>\n","protected":false},"author":3,"featured_media":10956,"parent":0,"menu_order":0,"comment_status":"closed","ping_status":"closed","template":"","meta":{"om_disable_all_campaigns":false,"_monsterinsights_skip_tracking":false,"_monsterinsights_sitenote_active":false,"_monsterinsights_sitenote_note":"","_monsterinsights_sitenote_category":0,"_uf_show_specific_survey":0,"_uf_disable_surveys":false,"footnotes":""},"class_list":["post-19211","page","type-page","status-publish","has-post-thumbnail","hentry"],"aioseo_notices":[],"_links":{"self":[{"href":"https:\/\/comunitamagnificat.org\/tr\/wp-json\/wp\/v2\/pages\/19211","targetHints":{"allow":["GET"]}}],"collection":[{"href":"https:\/\/comunitamagnificat.org\/tr\/wp-json\/wp\/v2\/pages"}],"about":[{"href":"https:\/\/comunitamagnificat.org\/tr\/wp-json\/wp\/v2\/types\/page"}],"author":[{"embeddable":true,"href":"https:\/\/comunitamagnificat.org\/tr\/wp-json\/wp\/v2\/users\/3"}],"replies":[{"embeddable":true,"href":"https:\/\/comunitamagnificat.org\/tr\/wp-json\/wp\/v2\/comments?post=19211"}],"version-history":[{"count":3,"href":"https:\/\/comunitamagnificat.org\/tr\/wp-json\/wp\/v2\/pages\/19211\/revisions"}],"predecessor-version":[{"id":22669,"href":"https:\/\/comunitamagnificat.org\/tr\/wp-json\/wp\/v2\/pages\/19211\/revisions\/22669"}],"wp:featuredmedia":[{"embeddable":true,"href":"https:\/\/comunitamagnificat.org\/tr\/wp-json\/wp\/v2\/media\/10956"}],"wp:attachment":[{"href":"https:\/\/comunitamagnificat.org\/tr\/wp-json\/wp\/v2\/media?parent=19211"}],"curies":[{"name":"wp","href":"https:\/\/api.w.org\/{rel}","templated":true}]}}