{"id":19226,"date":"2024-08-23T00:43:50","date_gmt":"2024-08-22T22:43:50","guid":{"rendered":"https:\/\/comunitamagnificat.org\/yaslilar-ve-kehanet\/"},"modified":"2025-01-22T18:25:00","modified_gmt":"2025-01-22T17:25:00","slug":"yaslilar-ve-kehanet","status":"publish","type":"page","link":"https:\/\/comunitamagnificat.org\/tr\/yaslilar-ve-kehanet\/","title":{"rendered":"Ya\u015fl\u0131lar ve kehanet"},"content":{"rendered":"\n<div style=\"height:30px\" aria-hidden=\"true\" class=\"wp-block-spacer\"><\/div>\n\n<blockquote class=\"wp-block-quote is-layout-flow wp-block-quote-is-layout-flow\">\n<p><em><strong>G\u00f6zlerimi a\u00e7<\/strong><\/em><br\/><em><strong>d\u00fc\u015f\u00fcnebilmem i\u00e7in<\/strong><\/em><br\/><em><strong>senin yasalar\u0131n\u0131n harikalar\u0131<\/strong><\/em><\/p>\n<cite><em>Mezmurlar<\/em> 119, 18<\/cite><\/blockquote>\n\n<div style=\"height:30px\" aria-hidden=\"true\" class=\"wp-block-spacer\"><\/div>\n\n<p>1986 y\u0131l\u0131nda, bir cemaat inzivas\u0131 s\u0131ras\u0131nda, o toplant\u0131da bulunmamas\u0131na ra\u011fmen ayn\u0131 sezgiye sahip olan bir ki\u015fi taraf\u0131ndan da do\u011frulanan bir kehanet ortaya \u00e7\u0131kt\u0131: Rab, Toplulu\u011fun merkezinde &#8216;bir kalbin atmas\u0131n\u0131&#8217;, t\u00fcm Toplulu\u011fa kehanette bulunmak \u00fczere Tanr\u0131&#8217;n\u0131n huzurunda duracak bir karde\u015fler toplulu\u011funun olmas\u0131n\u0131 istiyordu.\nTarcisio Mezzetti bir keresinde, Perugia&#8217;n\u0131n ana meydan\u0131ndaki <em>B\u00fcy\u00fck \u00c7e\u015fme<\/em> &#8216;yi \u00e7a\u011fr\u0131\u015ft\u0131ran bir imge kullanm\u0131\u015ft\u0131: merkezi bir \u00e7e\u015fmeden \u00e7\u0131kan su, bir\u00e7ok musluk arac\u0131l\u0131\u011f\u0131yla \u00e7e\u015fmenin her taraf\u0131na ula\u015f\u0131r: bir ya\u015fam ve birlik \u00e7e\u015fmesi. <\/p>\n\n<div style=\"height:30px\" aria-hidden=\"true\" class=\"wp-block-spacer\"><\/div>\n\n<p>\u0130nzivada bulunmayan ki\u015finin &#8211; bu ki\u015fi Agnese Mezzetti&#8217;ydi &#8211; kehanet niteli\u011findeki onay\u0131na g\u00f6re, bu karde\u015fler toplulu\u011funa &#8216;ihtiyarlar heyeti&#8217; denmeliydi.<\/p>\n\n<div style=\"height:30px\" aria-hidden=\"true\" class=\"wp-block-spacer\"><\/div>\n\n<p>O zamandan beri, Cemaat&#8217;in tarihi boyunca, bu kehanetin s\u0131k\u0131nt\u0131l\u0131 bir geli\u015fimi olmu\u015ftur; y\u00f6netim rollerinde Cemaat&#8217;e liderlik etmeleri gerekti\u011fi fikrinden, <em>Laiklik, Aile ve Ya\u015fam Manast\u0131r\u0131<\/em> taraf\u0131ndan onaylanan T\u00fcz\u00fck&#8217;te tan\u0131mland\u0131\u011f\u0131 gibi orijinal sezgiye geri d\u00f6n\u00fclm\u00fc\u015ft\u00fcr.<\/p>\n\n<div style=\"height:30px\" aria-hidden=\"true\" class=\"wp-block-spacer\"><\/div>\n\n<p>M\u00fcttefik \u00fcyeler aras\u0131nda baz\u0131lar\u0131, Toplulu\u011fun ruhani miras\u0131n\u0131 korumak ve geli\u015ftirmek i\u00e7in belirli bir peygamberlik karizmas\u0131 i\u00e7in Ya\u015fl\u0131lar olarak tan\u0131nmaktad\u0131r. Karde\u015flik Liderlerinin \u00f6nerisi \u00fczerine Genel Kurul taraf\u0131ndan alt\u0131 y\u0131lda bir se\u00e7ilirler. \u0130htiyar Heyeti y\u0131lda en az bir kez dua etmek ve Toplulu\u011fun ya\u015fam\u0131 ve misyonu \u00fczerine d\u00fc\u015f\u00fcnmek i\u00e7in toplan\u0131r. Ayr\u0131ca &#8211; toplam \u00fcye say\u0131s\u0131n\u0131n \u00fc\u00e7te birinden fazlas\u0131n\u0131 temsil etmemek kayd\u0131yla &#8211; Genel Kurul toplant\u0131lar\u0131na da kat\u0131l\u0131rlar.<\/p>\n\n<div style=\"height:50px\" aria-hidden=\"true\" class=\"wp-block-spacer\"><\/div>\n\n<p><\/p>\n","protected":false},"excerpt":{"rendered":"<p>G\u00f6zlerimi a\u00e7d\u00fc\u015f\u00fcnebilmem i\u00e7insenin yasalar\u0131n\u0131n harikalar\u0131 Mezmurlar 119, 18 1986 y\u0131l\u0131nda, bir cemaat inzivas\u0131 s\u0131ras\u0131nda, o toplant\u0131da bulunmamas\u0131na ra\u011fmen ayn\u0131 sezgiye sahip olan bir ki\u015fi taraf\u0131ndan da do\u011frulanan bir kehanet ortaya \u00e7\u0131kt\u0131: Rab, Toplulu\u011fun merkezinde &#8216;bir kalbin atmas\u0131n\u0131&#8217;, t\u00fcm Toplulu\u011fa kehanette bulunmak \u00fczere Tanr\u0131&#8217;n\u0131n huzurunda duracak bir karde\u015fler toplulu\u011funun olmas\u0131n\u0131 istiyordu. Tarcisio Mezzetti bir keresinde, Perugia&#8217;n\u0131n [&hellip;]<\/p>\n","protected":false},"author":3,"featured_media":11296,"parent":0,"menu_order":0,"comment_status":"closed","ping_status":"closed","template":"","meta":{"om_disable_all_campaigns":false,"_monsterinsights_skip_tracking":false,"_monsterinsights_sitenote_active":false,"_monsterinsights_sitenote_note":"","_monsterinsights_sitenote_category":0,"_uf_show_specific_survey":0,"_uf_disable_surveys":false,"footnotes":""},"class_list":["post-19226","page","type-page","status-publish","has-post-thumbnail","hentry"],"aioseo_notices":[],"_links":{"self":[{"href":"https:\/\/comunitamagnificat.org\/tr\/wp-json\/wp\/v2\/pages\/19226","targetHints":{"allow":["GET"]}}],"collection":[{"href":"https:\/\/comunitamagnificat.org\/tr\/wp-json\/wp\/v2\/pages"}],"about":[{"href":"https:\/\/comunitamagnificat.org\/tr\/wp-json\/wp\/v2\/types\/page"}],"author":[{"embeddable":true,"href":"https:\/\/comunitamagnificat.org\/tr\/wp-json\/wp\/v2\/users\/3"}],"replies":[{"embeddable":true,"href":"https:\/\/comunitamagnificat.org\/tr\/wp-json\/wp\/v2\/comments?post=19226"}],"version-history":[{"count":2,"href":"https:\/\/comunitamagnificat.org\/tr\/wp-json\/wp\/v2\/pages\/19226\/revisions"}],"predecessor-version":[{"id":22656,"href":"https:\/\/comunitamagnificat.org\/tr\/wp-json\/wp\/v2\/pages\/19226\/revisions\/22656"}],"wp:featuredmedia":[{"embeddable":true,"href":"https:\/\/comunitamagnificat.org\/tr\/wp-json\/wp\/v2\/media\/11296"}],"wp:attachment":[{"href":"https:\/\/comunitamagnificat.org\/tr\/wp-json\/wp\/v2\/media?parent=19226"}],"curies":[{"name":"wp","href":"https:\/\/api.w.org\/{rel}","templated":true}]}}