{"id":19229,"date":"2024-08-23T00:44:05","date_gmt":"2024-08-22T22:44:05","guid":{"rendered":"https:\/\/comunitamagnificat.org\/biz-ne-yapiyoruz\/"},"modified":"2025-01-23T09:52:58","modified_gmt":"2025-01-23T08:52:58","slug":"biz-ne-yapiyoruz","status":"publish","type":"page","link":"https:\/\/comunitamagnificat.org\/tr\/biz-ne-yapiyoruz\/","title":{"rendered":"Biz ne yap\u0131yoruz"},"content":{"rendered":"\n<div style=\"height:30px\" aria-hidden=\"true\" class=\"wp-block-spacer\"><\/div>\n\n<p>Tanr\u0131&#8217;n\u0131n Krall\u0131\u011f\u0131&#8217;n\u0131n in\u015fas\u0131 i\u00e7in Kilise&#8217;nin hizmetinde ya\u015famak isteyen Magnificat Toplulu\u011fu, tarihi boyunca \u00e7e\u015fitli dua, m\u00fcjdeleme faaliyetleri ve Hristiyan formasyonu deneyimleri geli\u015ftirmi\u015f ve ya\u015fam\u0131\u015ft\u0131r.<\/p>\n\n<div style=\"height:30px\" aria-hidden=\"true\" class=\"wp-block-spacer\"><\/div>\n\n<p>\u0130ki y\u00f6ne bakarlar: <em><strong>d\u0131\u015fa do\u011fru <\/strong><\/em>(Evangelizasyon ve Hristiyan formasyonu i\u00e7in)<em><strong> <\/strong><\/em>ve <em><strong>i\u00e7e<\/strong><\/em>do\u011fru <em>(<\/em>topluluk mesle\u011finin derinle\u015ftirilmesi ve hizmette formasyon i\u00e7in)<em>.<\/em><\/p>\n\n<div style=\"height:50px\" aria-hidden=\"true\" class=\"wp-block-spacer\"><\/div>\n\n<section id=\"magnificat-link-multipli-pagina-block_6067b2a02f111\" class=\"wp-block-magnificat-link-multipli-pagina \">\n\n            \n        <picture><source type='image\/jpeg' srcset='https:\/\/comunitamagnificat.org\/wp-content\/uploads\/2021\/04\/scan0028.jpg 1735w, https:\/\/comunitamagnificat.org\/wp-content\/uploads\/2021\/04\/scan0028-300x205.jpg 300w, https:\/\/comunitamagnificat.org\/wp-content\/uploads\/2021\/04\/scan0028-1024x699.jpg 1024w, https:\/\/comunitamagnificat.org\/wp-content\/uploads\/2021\/04\/scan0028-768x525.jpg 768w, https:\/\/comunitamagnificat.org\/wp-content\/uploads\/2021\/04\/scan0028-1536x1049.jpg 1536w' sizes='(max-width: 1735px) 100vw, 1735px' \/><img loading=\"lazy\" decoding=\"async\" width=\"1735\" height=\"1185\" src=\"https:\/\/comunitamagnificat.org\/wp-content\/uploads\/2021\/04\/scan0028.jpg\" class=\"attachment-cover-parallax-background size-cover-parallax-background\" alt=\"\" tcimage-skip=\"true\"  sizes=\"auto, (max-width: 1735px) 100vw, 1735px\" \/><\/picture>        \n        \n            <div class=\"accordion-link-page\">\n                        \n            <div class=\"tab\">\n\n                    <input type=\"radio\" id=\"chck-1\"   name=\"rd\">\n                    <label class=\"tab-label\" for=\"chck-1\">D\u0131\u015fa do\u011fru<\/label>\n\n                <div class=\"content\">\n                                            <a href=\"https:\/\/comunitamagnificat.org\/tr\/karizmatik-topluluk-duasi\/\">\n                            Karizmatik Topluluk Duas\u0131                            <br \/>\n                            <span class=\"text\">sayfaya git<\/span>\n                        <\/a>\n                                            <a href=\"https:\/\/comunitamagnificat.org\/tr\/kutsal-ruhta-yeni-yasam-semineri\/\">\n                            Kutsal Ruh&#8217;ta Yeni Ya\u015fam Semineri                            <br \/>\n                            <span class=\"text\">sayfaya git<\/span>\n                        <\/a>\n                                            <a href=\"https:\/\/comunitamagnificat.org\/tr\/hayal-kirikligi-sonrasi-ve-ogrencilik\/\">\n                            Hayal K\u0131r\u0131kl\u0131\u011f\u0131 Sonras\u0131 ve \u00d6\u011frencilik                            <br \/>\n                            <span class=\"text\">sayfaya git<\/span>\n                        <\/a>\n                                            <a href=\"https:\/\/comunitamagnificat.org\/tr\/icsel-sifa-seminerleri\/\">\n                            \u0130\u00e7sel \u015fifa seminerleri                            <br \/>\n                            <span class=\"text\">sayfaya git<\/span>\n                        <\/a>\n                                            <a href=\"https:\/\/comunitamagnificat.org\/tr\/evli-ciftler-icin-seminerler\/\">\n                            Evli \u00e7iftler i\u00e7in seminerler                            <br \/>\n                            <span class=\"text\">sayfaya git<\/span>\n                        <\/a>\n                                            <a href=\"https:\/\/comunitamagnificat.org\/tr\/gencler-icin-evangelizasyon\/\">\n                            Gen\u00e7ler i\u00e7in Evangelizasyon                            <br \/>\n                            <span class=\"text\">sayfaya git<\/span>\n                        <\/a>\n                                            <a href=\"https:\/\/comunitamagnificat.org\/tr\/cemaat-gorevleri\/\">\n                            Cemaat G\u00f6revleri                            <br \/>\n                            <span class=\"text\">sayfaya git<\/span>\n                        <\/a>\n                                            <a href=\"https:\/\/comunitamagnificat.org\/tr\/evangelizasyon-gosterileri\/\">\n                            Evangelizasyon g\u00f6sterileri                            <br \/>\n                            <span class=\"text\">sayfaya git<\/span>\n                        <\/a>\n                                    <\/div>\n\n            <\/div>\n\n                        \n            <div class=\"tab\">\n\n                    <input type=\"radio\" id=\"chck-2\"   name=\"rd\">\n                    <label class=\"tab-label\" for=\"chck-2\">\u0130\u00e7e do\u011fru<\/label>\n\n                <div class=\"content\">\n                                            <a href=\"https:\/\/comunitamagnificat.org\/tr\/topluluk-okulu\/\">\n                            Topluluk Okulu                            <br \/>\n                            <span class=\"text\">sayfaya git<\/span>\n                        <\/a>\n                                            <a href=\"https:\/\/comunitamagnificat.org\/tr\/novitiate\/\">\n                            \u0130ttifak&#8217;a kabul i\u00e7in yol                            <br \/>\n                            <span class=\"text\">sayfaya git<\/span>\n                        <\/a>\n                                            <a href=\"https:\/\/comunitamagnificat.org\/tr\/egitim\/\">\n                            E\u011fitim                            <br \/>\n                            <span class=\"text\">sayfaya git<\/span>\n                        <\/a>\n                                    <\/div>\n\n            <\/div>\n\n                    <\/div>\n    \n<\/section>\n<div style=\"height:50px\" aria-hidden=\"true\" class=\"wp-block-spacer\"><\/div>\n","protected":false},"excerpt":{"rendered":"<p>Tanr\u0131&#8217;n\u0131n Krall\u0131\u011f\u0131&#8217;n\u0131n in\u015fas\u0131 i\u00e7in Kilise&#8217;nin hizmetinde ya\u015famak isteyen Magnificat Toplulu\u011fu, tarihi boyunca \u00e7e\u015fitli dua, m\u00fcjdeleme faaliyetleri ve Hristiyan formasyonu deneyimleri geli\u015ftirmi\u015f ve ya\u015fam\u0131\u015ft\u0131r. \u0130ki y\u00f6ne bakarlar: d\u0131\u015fa do\u011fru (Evangelizasyon ve Hristiyan formasyonu i\u00e7in) ve i\u00e7edo\u011fru (topluluk mesle\u011finin derinle\u015ftirilmesi ve hizmette formasyon i\u00e7in).<\/p>\n","protected":false},"author":3,"featured_media":11012,"parent":0,"menu_order":0,"comment_status":"closed","ping_status":"closed","template":"","meta":{"om_disable_all_campaigns":false,"_monsterinsights_skip_tracking":false,"_monsterinsights_sitenote_active":false,"_monsterinsights_sitenote_note":"","_monsterinsights_sitenote_category":0,"_uf_show_specific_survey":0,"_uf_disable_surveys":false,"footnotes":""},"class_list":["post-19229","page","type-page","status-publish","has-post-thumbnail","hentry"],"aioseo_notices":[],"_links":{"self":[{"href":"https:\/\/comunitamagnificat.org\/tr\/wp-json\/wp\/v2\/pages\/19229","targetHints":{"allow":["GET"]}}],"collection":[{"href":"https:\/\/comunitamagnificat.org\/tr\/wp-json\/wp\/v2\/pages"}],"about":[{"href":"https:\/\/comunitamagnificat.org\/tr\/wp-json\/wp\/v2\/types\/page"}],"author":[{"embeddable":true,"href":"https:\/\/comunitamagnificat.org\/tr\/wp-json\/wp\/v2\/users\/3"}],"replies":[{"embeddable":true,"href":"https:\/\/comunitamagnificat.org\/tr\/wp-json\/wp\/v2\/comments?post=19229"}],"version-history":[{"count":2,"href":"https:\/\/comunitamagnificat.org\/tr\/wp-json\/wp\/v2\/pages\/19229\/revisions"}],"predecessor-version":[{"id":22712,"href":"https:\/\/comunitamagnificat.org\/tr\/wp-json\/wp\/v2\/pages\/19229\/revisions\/22712"}],"wp:featuredmedia":[{"embeddable":true,"href":"https:\/\/comunitamagnificat.org\/tr\/wp-json\/wp\/v2\/media\/11012"}],"wp:attachment":[{"href":"https:\/\/comunitamagnificat.org\/tr\/wp-json\/wp\/v2\/media?parent=19229"}],"curies":[{"name":"wp","href":"https:\/\/api.w.org\/{rel}","templated":true}]}}